{"id":131,"date":"2025-01-14T14:40:18","date_gmt":"2025-01-14T14:40:18","guid":{"rendered":"https:\/\/dummy.xtemos.com\/woodmart2\/marketplace2-elementor\/?post_type=product&#038;p=131"},"modified":"2026-01-13T10:51:56","modified_gmt":"2026-01-13T10:51:56","slug":"samsung-dw60a8060fs","status":"publish","type":"product","link":"https:\/\/yallafid.com\/?product=samsung-dw60a8060fs","title":{"rendered":"Appareil d&rsquo;entra\u00eenement r\u00e9glable 5 \u00e0 60 KG"},"content":{"rendered":"<div class=\"elementor-element elementor-element-ebb12f3 wd-single-title text-left elementor-widget elementor-widget-wd_single_product_title\" data-id=\"ebb12f3\" data-element_type=\"widget\" data-widget_type=\"wd_single_product_title.default\">\n<div class=\"elementor-widget-container\">\n<h1 class=\"product_title entry-title wd-entities-title\" style=\"text-align: center;\">Poign\u00e9e \u00e0 ressort r\u00e9glable 5 \u00e0 60 KG<\/h1>\n<\/div>\n<\/div>\n<div class=\"elementor-element elementor-element-4b871bf wd-single-short-desc text-left elementor-widget elementor-widget-wd_single_product_short_description\" data-id=\"4b871bf\" data-element_type=\"widget\" data-widget_type=\"wd_single_product_short_description.default\">\n<div class=\"elementor-widget-container\">\n<div class=\"woocommerce-product-details__short-description\"><\/div>\n<\/div>\n<\/div>\n<p><strong>Mat\u00e9riau de qualit\u00e9 sup\u00e9rieure<\/strong> : l&rsquo;entra\u00eeneur \u00e0 mains est fabriqu\u00e9 en acier \u00e0 ressort et en caoutchouc d&rsquo;excellente qualit\u00e9, durable et incassable. La poign\u00e9e est recouverte de TPR, qui est relativement souple et ne blesse pas les doigts.<br \/>\n<strong>Design ergonomique<\/strong> : poign\u00e9e ergonomique et douce du renfort de la poign\u00e9e rev\u00eatue de TPR, qui est doux et rend la prise en main confortable. Cet appareil de musculation convient \u00e9galement aux hommes, aux femmes, aux personnes \u00e2g\u00e9es et aux enfants.<br \/>\n<strong>R\u00e9sistance r\u00e9glable<\/strong> : la poign\u00e9e r\u00e9glable est dot\u00e9e d&rsquo;une r\u00e9sistance ajustable de 5 kg \u00e0 60 kg, ce qui vous permet d&rsquo;augmenter progressivement la force de la main en faisant des exercices et d&rsquo;augmenter ou de diminuer la force, selon vos besoins.<\/p>\n<p><img loading=\"lazy\" decoding=\"async\" class=\"aligncenter wp-image-2494 size-full\" src=\"https:\/\/yallafid.com\/wp-content\/uploads\/2025\/01\/Hand-Grip-Poignee-reglable-60kg-exercices-fitness-sport-musculation-yallafid-tunisie-facebook-sousse-tunnipromo-vente-achat-1-1.jpg\" alt=\"\" width=\"908\" height=\"908\" srcset=\"https:\/\/yallafid.com\/wp-content\/uploads\/2025\/01\/Hand-Grip-Poignee-reglable-60kg-exercices-fitness-sport-musculation-yallafid-tunisie-facebook-sousse-tunnipromo-vente-achat-1-1.jpg 908w, https:\/\/yallafid.com\/wp-content\/uploads\/2025\/01\/Hand-Grip-Poignee-reglable-60kg-exercices-fitness-sport-musculation-yallafid-tunisie-facebook-sousse-tunnipromo-vente-achat-1-1-300x300.jpg 300w, https:\/\/yallafid.com\/wp-content\/uploads\/2025\/01\/Hand-Grip-Poignee-reglable-60kg-exercices-fitness-sport-musculation-yallafid-tunisie-facebook-sousse-tunnipromo-vente-achat-1-1-150x150.jpg 150w, https:\/\/yallafid.com\/wp-content\/uploads\/2025\/01\/Hand-Grip-Poignee-reglable-60kg-exercices-fitness-sport-musculation-yallafid-tunisie-facebook-sousse-tunnipromo-vente-achat-1-1-768x768.jpg 768w, https:\/\/yallafid.com\/wp-content\/uploads\/2025\/01\/Hand-Grip-Poignee-reglable-60kg-exercices-fitness-sport-musculation-yallafid-tunisie-facebook-sousse-tunnipromo-vente-achat-1-1-600x600.jpg 600w\" sizes=\"auto, (max-width: 908px) 100vw, 908px\" \/><br \/>\n<strong>Faciles \u00e0 ranger<\/strong> : cet entra\u00eeneur \u00e0 mains est petit et portable, ce qui signifie que vous pouvez entra\u00eener la force de pr\u00e9hension de vos deux mains en toute occasion, par exemple \u00e0 la maison, au bureau, \u00e0 la salle de sport, etc.<br \/>\n<strong>Nombreuses utilisations possibles<\/strong> : L&rsquo;entra\u00eeneur de muscles de la main est efficace pour d\u00e9velopper la flexibilit\u00e9 des doigts, des mains, du poignet et de l&rsquo;avant-bras. Pratique pour les athl\u00e8tes, les guitaristes, les musiciens et autres personnes qui travaillent physiquement au quotidien pour renforcer la force des mains, des doigts, des poignets, des avant-bras.<\/p>\n<p>&nbsp;<\/p>\n<p><img loading=\"lazy\" decoding=\"async\" class=\"aligncenter wp-image-2492 size-full\" src=\"https:\/\/yallafid.com\/wp-content\/uploads\/2025\/01\/Hand-Grip-Poignee-reglable-60kg-exercices-fitness-sport-musculation-yallafid-tunisie-facebook-sousse-tunnipromo-vente-achat-3.jpg\" alt=\"\" width=\"882\" height=\"882\" srcset=\"https:\/\/yallafid.com\/wp-content\/uploads\/2025\/01\/Hand-Grip-Poignee-reglable-60kg-exercices-fitness-sport-musculation-yallafid-tunisie-facebook-sousse-tunnipromo-vente-achat-3.jpg 882w, https:\/\/yallafid.com\/wp-content\/uploads\/2025\/01\/Hand-Grip-Poignee-reglable-60kg-exercices-fitness-sport-musculation-yallafid-tunisie-facebook-sousse-tunnipromo-vente-achat-3-300x300.jpg 300w, https:\/\/yallafid.com\/wp-content\/uploads\/2025\/01\/Hand-Grip-Poignee-reglable-60kg-exercices-fitness-sport-musculation-yallafid-tunisie-facebook-sousse-tunnipromo-vente-achat-3-150x150.jpg 150w, https:\/\/yallafid.com\/wp-content\/uploads\/2025\/01\/Hand-Grip-Poignee-reglable-60kg-exercices-fitness-sport-musculation-yallafid-tunisie-facebook-sousse-tunnipromo-vente-achat-3-768x768.jpg 768w, https:\/\/yallafid.com\/wp-content\/uploads\/2025\/01\/Hand-Grip-Poignee-reglable-60kg-exercices-fitness-sport-musculation-yallafid-tunisie-facebook-sousse-tunnipromo-vente-achat-3-600x600.jpg 600w\" sizes=\"auto, (max-width: 882px) 100vw, 882px\" \/><\/p>\n<p>&nbsp;<\/p>\n<h4><\/h4>\n<p>&nbsp;<\/p>\n<p>&nbsp;<\/p>\n<p>&nbsp;<\/p>\n<p>&nbsp;<\/p>\n<h4><\/h4>\n<p>&nbsp;<\/p>\n<p>&nbsp;<\/p>\n<h4><\/h4>\n<p>&nbsp;<\/p>\n<p>&nbsp;<\/p>\n<h4><\/h4>\n<p>&nbsp;<\/p>\n","protected":false},"excerpt":{"rendered":"<p><strong>Nom du produit<\/strong> : Entra\u00eeneur \u00e0 mains avec poign\u00e9e allong\u00e9e.<br \/>\n<strong>Mat\u00e9riau :<\/strong> acier \u00e0 ressort, caoutchouc.<br \/>\n<strong>Couleur<\/strong> : noir.<br \/>\n<strong>Plage de r\u00e9sistance<\/strong> : 5-60 kg.<\/p>\n","protected":false},"featured_media":2496,"comment_status":"open","ping_status":"closed","template":"","meta":[],"product_brand":[],"product_cat":[101,86],"product_tag":[],"class_list":{"0":"post-131","1":"product","2":"type-product","3":"status-publish","4":"has-post-thumbnail","6":"product_cat-renforcement-musculaire","7":"product_cat-sport","8":"product_shipping_class-livraison-7-tnd-fix","10":"first","11":"instock","12":"sale","13":"taxable","14":"shipping-taxable","15":"purchasable","16":"product-type-simple"},"jetpack_sharing_enabled":true,"_links":{"self":[{"href":"https:\/\/yallafid.com\/index.php?rest_route=\/wp\/v2\/product\/131","targetHints":{"allow":["GET"]}}],"collection":[{"href":"https:\/\/yallafid.com\/index.php?rest_route=\/wp\/v2\/product"}],"about":[{"href":"https:\/\/yallafid.com\/index.php?rest_route=\/wp\/v2\/types\/product"}],"replies":[{"embeddable":true,"href":"https:\/\/yallafid.com\/index.php?rest_route=%2Fwp%2Fv2%2Fcomments&post=131"}],"version-history":[{"count":3,"href":"https:\/\/yallafid.com\/index.php?rest_route=\/wp\/v2\/product\/131\/revisions"}],"predecessor-version":[{"id":2480,"href":"https:\/\/yallafid.com\/index.php?rest_route=\/wp\/v2\/product\/131\/revisions\/2480"}],"wp:featuredmedia":[{"embeddable":true,"href":"https:\/\/yallafid.com\/index.php?rest_route=\/wp\/v2\/media\/2496"}],"wp:attachment":[{"href":"https:\/\/yallafid.com\/index.php?rest_route=%2Fwp%2Fv2%2Fmedia&parent=131"}],"wp:term":[{"taxonomy":"product_brand","embeddable":true,"href":"https:\/\/yallafid.com\/index.php?rest_route=%2Fwp%2Fv2%2Fproduct_brand&post=131"},{"taxonomy":"product_cat","embeddable":true,"href":"https:\/\/yallafid.com\/index.php?rest_route=%2Fwp%2Fv2%2Fproduct_cat&post=131"},{"taxonomy":"product_tag","embeddable":true,"href":"https:\/\/yallafid.com\/index.php?rest_route=%2Fwp%2Fv2%2Fproduct_tag&post=131"}],"curies":[{"name":"wp","href":"https:\/\/api.w.org\/{rel}","templated":true}]}}