{"id":132,"date":"2025-01-14T14:40:18","date_gmt":"2025-01-14T14:40:18","guid":{"rendered":"https:\/\/dummy.xtemos.com\/woodmart2\/marketplace2-elementor\/?post_type=product&#038;p=132"},"modified":"2026-01-16T14:35:54","modified_gmt":"2026-01-16T14:35:54","slug":"samsung-dw60a8060bb","status":"publish","type":"product","link":"https:\/\/yallafid.com\/?product=samsung-dw60a8060bb","title":{"rendered":"Mini scelleur de sac  portable"},"content":{"rendered":"<h2 style=\"text-align: center;\"><strong>Mini machine \u00e0 sceller portable, 2 en 1 rechargeable par USB, scellage \u00e0 chaud magn\u00e9tique et coupe, scellant de sacs, machine \u00e0 sceller les sacs en plastique<\/strong><\/h2>\n<p><img loading=\"lazy\" decoding=\"async\" class=\"aligncenter wp-image-3158 size-full\" src=\"https:\/\/yallafid.com\/wp-content\/uploads\/2025\/01\/machine-scelle-plastique-cutter-cuisine-promotion-tunisie-aliments-fraiche-nabeul-kef-tabarka-1.jpg\" alt=\"\" width=\"859\" height=\"859\" srcset=\"https:\/\/yallafid.com\/wp-content\/uploads\/2025\/01\/machine-scelle-plastique-cutter-cuisine-promotion-tunisie-aliments-fraiche-nabeul-kef-tabarka-1.jpg 859w, https:\/\/yallafid.com\/wp-content\/uploads\/2025\/01\/machine-scelle-plastique-cutter-cuisine-promotion-tunisie-aliments-fraiche-nabeul-kef-tabarka-1-300x300.jpg 300w, https:\/\/yallafid.com\/wp-content\/uploads\/2025\/01\/machine-scelle-plastique-cutter-cuisine-promotion-tunisie-aliments-fraiche-nabeul-kef-tabarka-1-150x150.jpg 150w, https:\/\/yallafid.com\/wp-content\/uploads\/2025\/01\/machine-scelle-plastique-cutter-cuisine-promotion-tunisie-aliments-fraiche-nabeul-kef-tabarka-1-768x768.jpg 768w, https:\/\/yallafid.com\/wp-content\/uploads\/2025\/01\/machine-scelle-plastique-cutter-cuisine-promotion-tunisie-aliments-fraiche-nabeul-kef-tabarka-1-600x600.jpg 600w\" sizes=\"auto, (max-width: 859px) 100vw, 859px\" \/><\/p>\n<p>&nbsp;<\/p>\n<p><img loading=\"lazy\" decoding=\"async\" class=\"aligncenter wp-image-3159 size-full\" src=\"https:\/\/yallafid.com\/wp-content\/uploads\/2025\/01\/machine-scelle-plastique-cutter-cuisine-promotion-tunisie-aliments-fraiche-nabeul-kef-tabarka.jpg\" alt=\"\" width=\"859\" height=\"859\" srcset=\"https:\/\/yallafid.com\/wp-content\/uploads\/2025\/01\/machine-scelle-plastique-cutter-cuisine-promotion-tunisie-aliments-fraiche-nabeul-kef-tabarka.jpg 859w, https:\/\/yallafid.com\/wp-content\/uploads\/2025\/01\/machine-scelle-plastique-cutter-cuisine-promotion-tunisie-aliments-fraiche-nabeul-kef-tabarka-300x300.jpg 300w, https:\/\/yallafid.com\/wp-content\/uploads\/2025\/01\/machine-scelle-plastique-cutter-cuisine-promotion-tunisie-aliments-fraiche-nabeul-kef-tabarka-150x150.jpg 150w, https:\/\/yallafid.com\/wp-content\/uploads\/2025\/01\/machine-scelle-plastique-cutter-cuisine-promotion-tunisie-aliments-fraiche-nabeul-kef-tabarka-768x768.jpg 768w, https:\/\/yallafid.com\/wp-content\/uploads\/2025\/01\/machine-scelle-plastique-cutter-cuisine-promotion-tunisie-aliments-fraiche-nabeul-kef-tabarka-600x600.jpg 600w\" sizes=\"auto, (max-width: 859px) 100vw, 859px\" \/><\/p>\n<p><img loading=\"lazy\" decoding=\"async\" class=\"aligncenter wp-image-3160 size-full\" src=\"https:\/\/yallafid.com\/wp-content\/uploads\/2025\/01\/machine-scelle-plastique-cutter-cuisine-promotion-tunisie-aliments-fraiche-nabeul-kef.jpg\" alt=\"\" width=\"859\" height=\"859\" srcset=\"https:\/\/yallafid.com\/wp-content\/uploads\/2025\/01\/machine-scelle-plastique-cutter-cuisine-promotion-tunisie-aliments-fraiche-nabeul-kef.jpg 859w, https:\/\/yallafid.com\/wp-content\/uploads\/2025\/01\/machine-scelle-plastique-cutter-cuisine-promotion-tunisie-aliments-fraiche-nabeul-kef-300x300.jpg 300w, https:\/\/yallafid.com\/wp-content\/uploads\/2025\/01\/machine-scelle-plastique-cutter-cuisine-promotion-tunisie-aliments-fraiche-nabeul-kef-150x150.jpg 150w, https:\/\/yallafid.com\/wp-content\/uploads\/2025\/01\/machine-scelle-plastique-cutter-cuisine-promotion-tunisie-aliments-fraiche-nabeul-kef-768x768.jpg 768w, https:\/\/yallafid.com\/wp-content\/uploads\/2025\/01\/machine-scelle-plastique-cutter-cuisine-promotion-tunisie-aliments-fraiche-nabeul-kef-600x600.jpg 600w\" sizes=\"auto, (max-width: 859px) 100vw, 859px\" \/><\/p>\n<p>&nbsp;<\/p>\n","protected":false},"excerpt":{"rendered":"<ul>\n<li><strong>Type de produit<\/strong> : machine \u00e0 sceller en plastique avec cutter<\/li>\n<li><strong>Couleur<\/strong> : al\u00e9atoires<\/li>\n<li>Rechargeable<\/li>\n<li><strong>Multifonction 2 en 1<\/strong> :soudeuse \u00e0 film combine la fonction de soudage et de coupe en un seul<\/li>\n<li>Id\u00e9ale pour stocker des aliments, des collations, des \u00e9pices, des aliments, des biscuits, des aliments pour animaux, des fruits, etc.<\/li>\n<li>Pour assurer fra\u00eecheur et durabilit\u00e9.<\/li>\n<li>La machine \u00e0 sceller les sacs est une bonne aide dans la cuisine, la p\u00eache, le camping, les voyages et d\u2019autres occasions.<\/li>\n<\/ul>\n","protected":false},"featured_media":3156,"comment_status":"open","ping_status":"closed","template":"","meta":[],"product_brand":[73],"product_cat":[24],"product_tag":[],"class_list":{"0":"post-132","1":"product","2":"type-product","3":"status-publish","4":"has-post-thumbnail","6":"product_brand-samsung","7":"product_cat-ustensiles-cuisine","8":"product_shipping_class-livraison-7-tnd-fix","10":"first","11":"instock","12":"sale","13":"taxable","14":"shipping-taxable","15":"purchasable","16":"product-type-simple"},"jetpack_sharing_enabled":true,"_links":{"self":[{"href":"https:\/\/yallafid.com\/index.php?rest_route=\/wp\/v2\/product\/132","targetHints":{"allow":["GET"]}}],"collection":[{"href":"https:\/\/yallafid.com\/index.php?rest_route=\/wp\/v2\/product"}],"about":[{"href":"https:\/\/yallafid.com\/index.php?rest_route=\/wp\/v2\/types\/product"}],"replies":[{"embeddable":true,"href":"https:\/\/yallafid.com\/index.php?rest_route=%2Fwp%2Fv2%2Fcomments&post=132"}],"version-history":[{"count":2,"href":"https:\/\/yallafid.com\/index.php?rest_route=\/wp\/v2\/product\/132\/revisions"}],"predecessor-version":[{"id":3165,"href":"https:\/\/yallafid.com\/index.php?rest_route=\/wp\/v2\/product\/132\/revisions\/3165"}],"wp:featuredmedia":[{"embeddable":true,"href":"https:\/\/yallafid.com\/index.php?rest_route=\/wp\/v2\/media\/3156"}],"wp:attachment":[{"href":"https:\/\/yallafid.com\/index.php?rest_route=%2Fwp%2Fv2%2Fmedia&parent=132"}],"wp:term":[{"taxonomy":"product_brand","embeddable":true,"href":"https:\/\/yallafid.com\/index.php?rest_route=%2Fwp%2Fv2%2Fproduct_brand&post=132"},{"taxonomy":"product_cat","embeddable":true,"href":"https:\/\/yallafid.com\/index.php?rest_route=%2Fwp%2Fv2%2Fproduct_cat&post=132"},{"taxonomy":"product_tag","embeddable":true,"href":"https:\/\/yallafid.com\/index.php?rest_route=%2Fwp%2Fv2%2Fproduct_tag&post=132"}],"curies":[{"name":"wp","href":"https:\/\/api.w.org\/{rel}","templated":true}]}}