{"id":133,"date":"2025-01-14T14:40:18","date_gmt":"2025-01-14T14:40:18","guid":{"rendered":"https:\/\/dummy.xtemos.com\/woodmart2\/marketplace2-elementor\/?post_type=product&#038;p=133"},"modified":"2025-10-23T19:07:41","modified_gmt":"2025-10-23T19:07:41","slug":"bosch-serie-2-smv2itx18g","status":"publish","type":"product","link":"https:\/\/yallafid.com\/?product=bosch-serie-2-smv2itx18g","title":{"rendered":"Cuill\u00e8re Balance \u00e9lectronique"},"content":{"rendered":"<p>&nbsp;<\/p>\n<h4><span dir=\"auto\" style=\"vertical-align: inherit;\"><span dir=\"auto\" style=\"vertical-align: inherit;\">Une mesure pr\u00e9cise pour vos ingr\u00e9dients<\/span><\/span><\/h4>\n<ul>\n<li><span dir=\"auto\" style=\"vertical-align: inherit;\"><span dir=\"auto\" style=\"vertical-align: inherit;\">La Cuill\u00e8re Balance \u00c9lectronique est l&rsquo;outil id\u00e9al pour des mesures pr\u00e9cises de vos ingr\u00e9dients. Avec une capacit\u00e9 maximale de 500 g et une pr\u00e9cision de 0,1 g, cette cuill\u00e8re vous permet de mesurer facilement vos doses. Son affichage LCD et sa couleur blanche \u00e9l\u00e9gante apportent une touche de modernit\u00e9 \u00e0 votre cuisine.<\/span><\/span><\/li>\n<\/ul>\n<p>&nbsp;<\/p>\n<p><img loading=\"lazy\" decoding=\"async\" class=\"aligncenter wp-image-2059 size-full\" src=\"https:\/\/yallafid.com\/wp-content\/uploads\/2025\/01\/Cuillere-Balance-electronique-tunisie-vente-en-ligne-yallafid-tabarka-tunnis-sousse-sfax-3.jpg\" alt=\"\" width=\"748\" height=\"748\" srcset=\"https:\/\/yallafid.com\/wp-content\/uploads\/2025\/01\/Cuillere-Balance-electronique-tunisie-vente-en-ligne-yallafid-tabarka-tunnis-sousse-sfax-3.jpg 748w, https:\/\/yallafid.com\/wp-content\/uploads\/2025\/01\/Cuillere-Balance-electronique-tunisie-vente-en-ligne-yallafid-tabarka-tunnis-sousse-sfax-3-300x300.jpg 300w, https:\/\/yallafid.com\/wp-content\/uploads\/2025\/01\/Cuillere-Balance-electronique-tunisie-vente-en-ligne-yallafid-tabarka-tunnis-sousse-sfax-3-150x150.jpg 150w, https:\/\/yallafid.com\/wp-content\/uploads\/2025\/01\/Cuillere-Balance-electronique-tunisie-vente-en-ligne-yallafid-tabarka-tunnis-sousse-sfax-3-600x600.jpg 600w\" sizes=\"auto, (max-width: 748px) 100vw, 748px\" \/><\/p>\n<ul>\n<li><strong><span dir=\"auto\" style=\"vertical-align: inherit;\"><span dir=\"auto\" style=\"vertical-align: inherit;\">Ultra pr\u00e9cis<\/span><\/span><\/strong><span dir=\"auto\" style=\"vertical-align: inherit;\"><span dir=\"auto\" style=\"vertical-align: inherit;\"> : Mesures de 0,1 g pour une pr\u00e9cision maximale.<\/span><\/span><\/li>\n<li><strong><span dir=\"auto\" style=\"vertical-align: inherit;\"><span dir=\"auto\" style=\"vertical-align: inherit;\">Design pratique<\/span><\/span><\/strong><span dir=\"auto\" style=\"vertical-align: inherit;\"><span dir=\"auto\" style=\"vertical-align: inherit;\"> : Facile \u00e0 utiliser et \u00e0 nettoyer gr\u00e2ce \u00e0 son \u00e9cran LCD.<\/span><\/span><\/li>\n<li><strong><span dir=\"auto\" style=\"vertical-align: inherit;\"><span dir=\"auto\" style=\"vertical-align: inherit;\">Compacte :<\/span><\/span><\/strong><span dir=\"auto\" style=\"vertical-align: inherit;\"><span dir=\"auto\" style=\"vertical-align: inherit;\"> Parfaite pour les petites quantit\u00e9s d&rsquo;ingr\u00e9dients.<\/span><\/span><\/li>\n<li><strong><span dir=\"auto\" style=\"vertical-align: inherit;\"><span dir=\"auto\" style=\"vertical-align: inherit;\">Accessoire moderne<\/span><\/span><\/strong><span dir=\"auto\" style=\"vertical-align: inherit;\"><span dir=\"auto\" style=\"vertical-align: inherit;\"> : Ajoute une touche professionnelle \u00e0 votre cuisine.<\/span><\/span><\/li>\n<\/ul>\n<p><img loading=\"lazy\" decoding=\"async\" class=\"aligncenter wp-image-2060 size-full\" src=\"https:\/\/yallafid.com\/wp-content\/uploads\/2025\/01\/Cuillere-Balance-electronique-tunisie-vente-en-ligne-yallafid-tabarka-tunnis-sousse-sfax-2.jpg\" alt=\"\" width=\"629\" height=\"629\" srcset=\"https:\/\/yallafid.com\/wp-content\/uploads\/2025\/01\/Cuillere-Balance-electronique-tunisie-vente-en-ligne-yallafid-tabarka-tunnis-sousse-sfax-2.jpg 629w, https:\/\/yallafid.com\/wp-content\/uploads\/2025\/01\/Cuillere-Balance-electronique-tunisie-vente-en-ligne-yallafid-tabarka-tunnis-sousse-sfax-2-300x300.jpg 300w, https:\/\/yallafid.com\/wp-content\/uploads\/2025\/01\/Cuillere-Balance-electronique-tunisie-vente-en-ligne-yallafid-tabarka-tunnis-sousse-sfax-2-150x150.jpg 150w, https:\/\/yallafid.com\/wp-content\/uploads\/2025\/01\/Cuillere-Balance-electronique-tunisie-vente-en-ligne-yallafid-tabarka-tunnis-sousse-sfax-2-600x600.jpg 600w\" sizes=\"auto, (max-width: 629px) 100vw, 629px\" \/><\/p>\n<p>&nbsp;<\/p>\n<p>&nbsp;<\/p>\n<h4><\/h4>\n<p>&nbsp;<\/p>\n<p>&nbsp;<\/p>\n<p>&nbsp;<\/p>\n","protected":false},"excerpt":{"rendered":"<ul>\n<li><span dir=\"auto\" style=\"vertical-align: inherit;\"><span dir=\"auto\" style=\"vertical-align: inherit;\">Cuill\u00e8re balance \u00e9lectronique de pr\u00e9cision digitale<\/span><\/span><\/li>\n<li><span dir=\"auto\" style=\"vertical-align: inherit;\"><span dir=\"auto\" style=\"vertical-align: inherit;\">Avec pile<\/span><\/span><\/li>\n<li><span dir=\"auto\" style=\"vertical-align: inherit;\"><span dir=\"auto\" style=\"vertical-align: inherit;\">M <\/span><\/span><strong><span dir=\"auto\" style=\"vertical-align: inherit;\"><span dir=\"auto\" style=\"vertical-align: inherit;\">at\u00e9riel<\/span><\/span><\/strong><span dir=\"auto\" style=\"vertical-align: inherit;\"><span dir=\"auto\" style=\"vertical-align: inherit;\"> : Plastique<\/span><\/span><\/li>\n<li><span dir=\"auto\" style=\"vertical-align: inherit;\"><span dir=\"auto\" style=\"vertical-align: inherit;\">Affichage LCD<\/span><\/span><\/li>\n<li><strong><span dir=\"auto\" style=\"vertical-align: inherit;\"><span dir=\"auto\" style=\"vertical-align: inherit;\">Capacit\u00e9<\/span><\/span><\/strong><span dir=\"auto\" style=\"vertical-align: inherit;\"><span dir=\"auto\" style=\"vertical-align: inherit;\"> : 500g<\/span><\/span><\/li>\n<li><strong><span dir=\"auto\" style=\"vertical-align: inherit;\"><span dir=\"auto\" style=\"vertical-align: inherit;\">Pr\u00e9cision<\/span><\/span><\/strong><span dir=\"auto\" style=\"vertical-align: inherit;\"><span dir=\"auto\" style=\"vertical-align: inherit;\"> : 0,1g<\/span><\/span><\/li>\n<li><strong><span dir=\"auto\" style=\"vertical-align: inherit;\"><span dir=\"auto\" style=\"vertical-align: inherit;\">Alimentation :<\/span><\/span><\/strong><span dir=\"auto\" style=\"vertical-align: inherit;\"><span dir=\"auto\" style=\"vertical-align: inherit;\"> pile CR2032 (incluse)<\/span><\/span><\/li>\n<li><strong><span dir=\"auto\" style=\"vertical-align: inherit;\"><span dir=\"auto\" style=\"vertical-align: inherit;\">Couleur<\/span><\/span><\/strong><span dir=\"auto\" style=\"vertical-align: inherit;\"><span dir=\"auto\" style=\"vertical-align: inherit;\"> : blanc.<\/span><\/span><\/li>\n<\/ul>\n<p>&nbsp;<\/p>\n","protected":false},"featured_media":2059,"comment_status":"open","ping_status":"closed","template":"","meta":[],"product_brand":[],"product_cat":[20,24],"product_tag":[],"class_list":{"0":"post-133","1":"product","2":"type-product","3":"status-publish","4":"has-post-thumbnail","6":"product_cat-cuisine","7":"product_cat-ustensiles-cuisine","8":"product_shipping_class-livraison-7-tnd-fix","10":"first","11":"instock","12":"sale","13":"taxable","14":"shipping-taxable","15":"purchasable","16":"product-type-simple"},"jetpack_sharing_enabled":true,"_links":{"self":[{"href":"https:\/\/yallafid.com\/index.php?rest_route=\/wp\/v2\/product\/133","targetHints":{"allow":["GET"]}}],"collection":[{"href":"https:\/\/yallafid.com\/index.php?rest_route=\/wp\/v2\/product"}],"about":[{"href":"https:\/\/yallafid.com\/index.php?rest_route=\/wp\/v2\/types\/product"}],"replies":[{"embeddable":true,"href":"https:\/\/yallafid.com\/index.php?rest_route=%2Fwp%2Fv2%2Fcomments&post=133"}],"version-history":[{"count":3,"href":"https:\/\/yallafid.com\/index.php?rest_route=\/wp\/v2\/product\/133\/revisions"}],"predecessor-version":[{"id":2064,"href":"https:\/\/yallafid.com\/index.php?rest_route=\/wp\/v2\/product\/133\/revisions\/2064"}],"wp:featuredmedia":[{"embeddable":true,"href":"https:\/\/yallafid.com\/index.php?rest_route=\/wp\/v2\/media\/2059"}],"wp:attachment":[{"href":"https:\/\/yallafid.com\/index.php?rest_route=%2Fwp%2Fv2%2Fmedia&parent=133"}],"wp:term":[{"taxonomy":"product_brand","embeddable":true,"href":"https:\/\/yallafid.com\/index.php?rest_route=%2Fwp%2Fv2%2Fproduct_brand&post=133"},{"taxonomy":"product_cat","embeddable":true,"href":"https:\/\/yallafid.com\/index.php?rest_route=%2Fwp%2Fv2%2Fproduct_cat&post=133"},{"taxonomy":"product_tag","embeddable":true,"href":"https:\/\/yallafid.com\/index.php?rest_route=%2Fwp%2Fv2%2Fproduct_tag&post=133"}],"curies":[{"name":"wp","href":"https:\/\/api.w.org\/{rel}","templated":true}]}}