{"id":136,"date":"2025-01-14T14:40:18","date_gmt":"2025-01-14T14:40:18","guid":{"rendered":"https:\/\/dummy.xtemos.com\/woodmart2\/marketplace2-elementor\/?post_type=product&#038;p=136"},"modified":"2025-10-23T19:34:10","modified_gmt":"2025-10-23T19:34:10","slug":"bosch-serie-4-ksv36vlep","status":"publish","type":"product","link":"https:\/\/yallafid.com\/?product=bosch-serie-4-ksv36vlep","title":{"rendered":"Balance de cuisine num\u00e9rique 10 Kg Kitchen Scale"},"content":{"rendered":"<h1 style=\"text-align: center;\"><strong>Balance de cuisine num\u00e9rique\u00a0 &#8211; Capacit\u00e9 jusqu&rsquo;\u00e0 10 kg, balance alimentaire de haute pr\u00e9cision avec \u00e9cran LCD, fonction tare et design compact pour la cuisine et la p\u00e2tisserie (noir)<\/strong><\/h1>\n<p><strong>Pr\u00e9cision de haute pr\u00e9cision <\/strong>: mesure de 1 g \u00e0 5 kg avec des lectures exactes pour des r\u00e9sultats fiables.<br \/>\n<strong>Construction durable :<\/strong> fabriqu\u00e9 avec une base en plastique ABS solide et un dessus en acier inoxydable de qualit\u00e9 201.<br \/>\n<strong>\u00c9cran LCD clair : <\/strong>\u00e9cran num\u00e9rique facile \u00e0 lire avec r\u00e9tro\u00e9clairage pour une meilleure visibilit\u00e9.<br \/>\n<strong>Plusieurs unit\u00e9s prises en charge <\/strong>: basculez entre les grammes, les onces, les livres et les millilitres selon vos besoins.<br \/>\n<strong>Fonction Tare : <\/strong>Soustrait facilement le poids du contenant pour mesurer uniquement vos ingr\u00e9dients.<br \/>\n<strong>Fonction d&rsquo;arr\u00eat automatique :<\/strong> \u00e9conomise la batterie en s&rsquo;\u00e9teignant automatiquement lorsqu&rsquo;elle n&rsquo;est pas utilis\u00e9e.<br \/>\n<strong>Compact et l\u00e9ger :<\/strong> id\u00e9al pour les petites cuisines ou les entreprises alimentaires mobiles.<br \/>\n<strong>Base antid\u00e9rapante : <\/strong>des pieds en caoutchouc stables maintiennent la balance en place pendant l&rsquo;utilisation.<br \/>\n<strong>Fonctionnement sur batterie : <\/strong>aliment\u00e9 par des piles AAA standard pour plus de commodit\u00e9 et de portabilit\u00e9.<br \/>\n<strong>Id\u00e9al pour diverses utilisations : <\/strong>convient \u00e0 la cuisine, \u00e0 la p\u00e2tisserie, aux r\u00e9gimes, au contr\u00f4le des portions et aux besoins de vente en gros.<\/p>\n<p>&nbsp;<\/p>\n<p>&nbsp;<\/p>\n<h4><\/h4>\n<p>&nbsp;<\/p>\n","protected":false},"excerpt":{"rendered":"<ul>\n<li><strong>Type<\/strong> : \u00e9chelle<\/li>\n<li><strong>Capacit\u00e9<\/strong> : 5 kg<\/li>\n<li><strong>\u00c9cran<\/strong> : LCD<\/li>\n<li><strong>Arr\u00ea<\/strong>t automatique<\/li>\n<li>Fonction Mode (g\/oz)<\/li>\n<li>Signal de surcharge<\/li>\n<li>Indicateur de batterie faible<\/li>\n<li>Alimentation : 2x Piles AAA.(Inclus)<\/li>\n<li><strong>Contenu de la bo\u00eete :<\/strong><br \/>\n1\u00d7 Balance<br \/>\n2\u00d7 Piles<\/li>\n<\/ul>\n","protected":false},"featured_media":2066,"comment_status":"open","ping_status":"closed","template":"","meta":[],"product_brand":[],"product_cat":[20,24],"product_tag":[],"class_list":{"0":"post-136","1":"product","2":"type-product","3":"status-publish","4":"has-post-thumbnail","6":"product_cat-cuisine","7":"product_cat-ustensiles-cuisine","8":"product_shipping_class-livraison-7-tnd-fix","10":"first","11":"instock","12":"sale","13":"taxable","14":"shipping-taxable","15":"purchasable","16":"product-type-simple"},"jetpack_sharing_enabled":true,"_links":{"self":[{"href":"https:\/\/yallafid.com\/index.php?rest_route=\/wp\/v2\/product\/136","targetHints":{"allow":["GET"]}}],"collection":[{"href":"https:\/\/yallafid.com\/index.php?rest_route=\/wp\/v2\/product"}],"about":[{"href":"https:\/\/yallafid.com\/index.php?rest_route=\/wp\/v2\/types\/product"}],"replies":[{"embeddable":true,"href":"https:\/\/yallafid.com\/index.php?rest_route=%2Fwp%2Fv2%2Fcomments&post=136"}],"version-history":[{"count":3,"href":"https:\/\/yallafid.com\/index.php?rest_route=\/wp\/v2\/product\/136\/revisions"}],"predecessor-version":[{"id":2068,"href":"https:\/\/yallafid.com\/index.php?rest_route=\/wp\/v2\/product\/136\/revisions\/2068"}],"wp:featuredmedia":[{"embeddable":true,"href":"https:\/\/yallafid.com\/index.php?rest_route=\/wp\/v2\/media\/2066"}],"wp:attachment":[{"href":"https:\/\/yallafid.com\/index.php?rest_route=%2Fwp%2Fv2%2Fmedia&parent=136"}],"wp:term":[{"taxonomy":"product_brand","embeddable":true,"href":"https:\/\/yallafid.com\/index.php?rest_route=%2Fwp%2Fv2%2Fproduct_brand&post=136"},{"taxonomy":"product_cat","embeddable":true,"href":"https:\/\/yallafid.com\/index.php?rest_route=%2Fwp%2Fv2%2Fproduct_cat&post=136"},{"taxonomy":"product_tag","embeddable":true,"href":"https:\/\/yallafid.com\/index.php?rest_route=%2Fwp%2Fv2%2Fproduct_tag&post=136"}],"curies":[{"name":"wp","href":"https:\/\/api.w.org\/{rel}","templated":true}]}}