{"id":1367,"date":"2025-10-11T10:31:24","date_gmt":"2025-10-11T10:31:24","guid":{"rendered":"https:\/\/yallafid.com\/?post_type=product&#038;p=1367"},"modified":"2025-10-11T10:52:15","modified_gmt":"2025-10-11T10:52:15","slug":"barbecue-avec-couvercle","status":"publish","type":"product","link":"https:\/\/yallafid.com\/?product=barbecue-avec-couvercle","title":{"rendered":"Barbecue avec Couvercle"},"content":{"rendered":"<p><span id=\"output-sentence-box~2\" class=\"output-sentence\" contenteditable=\"true\"><span class=\"MuiBox-root extn-css-avfhld\"><span id=\"output-sentence~2\"><span data-testid=\"output-sentence-2\"><span id=\"output-phrase~2~0\" class=\"extn-css-i3ygs8\"><span class=\"extn-css-0\"><span dir=\"auto\" style=\"vertical-align: inherit;\">Ce\u00a0 <\/span><\/span><\/span><span id=\"output-phrase~2~1\" class=\"extn-css-i3ygs8\"><span class=\"extn-css-0\"><span dir=\"auto\" style=\"vertical-align: inherit;\">barbecue\u00a0 <\/span><\/span><\/span><span id=\"output-phrase~2~2\" class=\"extn-css-i3ygs8\"><span class=\"extn-css-10o52y0\"><span dir=\"auto\" style=\"vertical-align: inherit;\">de\u00a0 <\/span><\/span><\/span><span id=\"output-phrase~2~3\" class=\"extn-css-i3ygs8\"><span class=\"extn-css-h5d7i9\"><span dir=\"auto\" style=\"vertical-align: inherit;\">forme\u00a0 <\/span><\/span><\/span><span id=\"output-phrase~2~4\" class=\"extn-css-i3ygs8\"><span class=\"extn-css-10o52y0\"><span dir=\"auto\" style=\"vertical-align: inherit;\">cylindrique,\u00a0 <\/span><\/span><\/span><span id=\"output-phrase~2~5\" class=\"extn-css-i3ygs8\"><span class=\"extn-css-h5d7i9\"><span dir=\"auto\" style=\"vertical-align: inherit;\">vendu\u00a0 <\/span><\/span><\/span><span id=\"output-phrase~2~6\" class=\"extn-css-i3ygs8\"><span class=\"extn-css-10o52y0\"><span dir=\"auto\" style=\"vertical-align: inherit;\">\u00e0\u00a0 <\/span><\/span><\/span><span id=\"output-phrase~2~7\" class=\"extn-css-i3ygs8\"><span class=\"extn-css-10o52y0\"><span dir=\"auto\" style=\"vertical-align: inherit;\">un\u00a0 <\/span><\/span><\/span><span id=\"output-phrase~2~8\" class=\"extn-css-i3ygs8\"><span class=\"extn-css-10o52y0\"><span dir=\"auto\" style=\"vertical-align: inherit;\">prix\u00a0 <\/span><\/span><\/span><span id=\"output-phrase~2~9\" class=\"extn-css-i3ygs8\"><span class=\"extn-css-h5d7i9\"><span dir=\"auto\" style=\"vertical-align: inherit;\">abordable,\u00a0 <\/span><\/span><\/span><span id=\"output-phrase~2~10\" class=\"extn-css-i3ygs8\"><span class=\"extn-css-h5d7i9\"><span dir=\"auto\" style=\"vertical-align: inherit;\">dispose\u00a0 <\/span><\/span><\/span><span id=\"output-phrase~2~11\" class=\"extn-css-i3ygs8\"><span class=\"extn-css-h5d7i9\"><span dir=\"auto\" style=\"vertical-align: inherit;\">d&rsquo;une\u00a0 <\/span><\/span><\/span><span id=\"output-phrase~2~12\" class=\"extn-css-i3ygs8\"><span class=\"extn-css-h5d7i9\"><span dir=\"auto\" style=\"vertical-align: inherit;\">vaste\u00a0 <\/span><\/span><\/span><span id=\"output-phrase~2~13\" class=\"extn-css-i3ygs8\"><span class=\"extn-css-10o52y0\"><span dir=\"auto\" style=\"vertical-align: inherit;\">grille\u00a0 <\/span><\/span><\/span><span id=\"output-phrase~2~14\" class=\"extn-css-i3ygs8\"><span class=\"extn-css-10o52y0\"><span dir=\"auto\" style=\"vertical-align: inherit;\">de\u00a0 <\/span><\/span><\/span><span id=\"output-phrase~2~15\" class=\"extn-css-i3ygs8\"><span class=\"extn-css-0\"><span dir=\"auto\" style=\"vertical-align: inherit;\">cuisson. <\/span><\/span><\/span><\/span><\/span><\/span><\/span><span id=\"output-sentence-box~3\" class=\"output-sentence\" contenteditable=\"true\"><span class=\"MuiBox-root extn-css-avfhld\"><span id=\"output-sentence~3\"><span data-testid=\"output-sentence-3\"><span id=\"output-phrase~3~0\" class=\"extn-css-i3ygs8\"><span class=\"extn-css-0\"><span dir=\"auto\" style=\"vertical-align: inherit;\">Par\u00a0 <\/span><\/span><\/span><span id=\"output-phrase~3~1\" class=\"extn-css-i3ygs8\"><span class=\"extn-css-1tmeul0\"><span dir=\"auto\" style=\"vertical-align: inherit;\">cons\u00e9quent,\u00a0 <\/span><\/span><\/span><span id=\"output-phrase~3~2\" class=\"extn-css-i3ygs8\"><span class=\"extn-css-0\"><span dir=\"auto\" style=\"vertical-align: inherit;\">en\u00a0 <\/span><\/span><\/span><span id=\"output-phrase~3~3\" class=\"extn-css-i3ygs8\"><span class=\"extn-css-0\"><span dir=\"auto\" style=\"vertical-align: inherit;\">\u00e0\u00a0 <\/span><\/span><\/span><span id=\"output-phrase~3~4\" class=\"extn-css-i3ygs8\"><span class=\"extn-css-1tmeul0\"><span dir=\"auto\" style=\"vertical-align: inherit;\">peine\u00a0 <\/span><\/span><\/span><span id=\"output-phrase~3~5\" class=\"extn-css-i3ygs8\"><span class=\"extn-css-0\"><span dir=\"auto\" style=\"vertical-align: inherit;\">quelques\u00a0 <\/span><\/span><\/span><span id=\"output-phrase~3~6\" class=\"extn-css-i3ygs8\"><span class=\"extn-css-0\"><span dir=\"auto\" style=\"vertical-align: inherit;\">minutes,\u00a0 <\/span><\/span><\/span><span id=\"output-phrase~3~7\" class=\"extn-css-i3ygs8\"><span class=\"extn-css-1tmeul0\"><span dir=\"auto\" style=\"vertical-align: inherit;\">chacun\u00a0 <\/span><\/span><\/span><span id=\"output-phrase~3~8\" class=\"extn-css-i3ygs8\"><span class=\"extn-css-1tmeul0\"><span dir=\"auto\" style=\"vertical-align: inherit;\">aura\u00a0 <\/span><\/span><\/span><span id=\"output-phrase~3~9\" class=\"extn-css-i3ygs8\"><span class=\"extn-css-1tmeul0\"><span dir=\"auto\" style=\"vertical-align: inherit;\">la\u00a0 <\/span><\/span><\/span><span id=\"output-phrase~3~10\" class=\"extn-css-i3ygs8\"><span class=\"extn-css-1tmeul0\"><span dir=\"auto\" style=\"vertical-align: inherit;\">possibilit\u00e9\u00a0 <\/span><\/span><\/span><span id=\"output-phrase~3~11\" class=\"extn-css-i3ygs8\"><span class=\"extn-css-0\"><span dir=\"auto\" style=\"vertical-align: inherit;\">de\u00a0 <\/span><\/span><\/span><span id=\"output-phrase~3~12\" class=\"extn-css-i3ygs8\"><span class=\"extn-css-1tmeul0\"><span dir=\"auto\" style=\"vertical-align: inherit;\">d\u00e9guster\u00a0 <\/span><\/span><\/span><span id=\"output-phrase~3~13\" class=\"extn-css-i3ygs8\"><span class=\"extn-css-1tmeul0\"><span dir=\"auto\" style=\"vertical-align: inherit;\">des\u00a0 <\/span><\/span><\/span><span id=\"output-phrase~3~14\" class=\"extn-css-i3ygs8\"><span class=\"extn-css-1tmeul0\"><span dir=\"auto\" style=\"vertical-align: inherit;\">plats\u00a0 <\/span><\/span><\/span><span id=\"output-phrase~3~15\" class=\"extn-css-i3ygs8\"><span class=\"extn-css-1tmeul0\"><span dir=\"auto\" style=\"vertical-align: inherit;\">sains\u00a0 <\/span><\/span><\/span><span id=\"output-phrase~3~16\" class=\"extn-css-i3ygs8\"><span class=\"extn-css-0\"><span dir=\"auto\" style=\"vertical-align: inherit;\">et\u00a0 <\/span><\/span><\/span><span id=\"output-phrase~3~17\" class=\"extn-css-i3ygs8\"><span class=\"extn-css-0\"><span dir=\"auto\" style=\"vertical-align: inherit;\">fra\u00eechement\u00a0 <\/span><\/span><\/span><span id=\"output-phrase~3~18\" class=\"extn-css-i3ygs8\"><span class=\"extn-css-1tmeul0\"><span dir=\"auto\" style=\"vertical-align: inherit;\">cuisin\u00e9s. <\/span><\/span><\/span><\/span> <\/span><\/span><\/span><span id=\"output-sentence-box~4\" class=\"output-sentence\" contenteditable=\"true\"><span class=\"MuiBox-root extn-css-avfhld\"><span id=\"output-sentence~4\"><span data-testid=\"output-sentence-4\"><span id=\"output-phrase~4~0\" class=\"extn-css-i3ygs8\"><span class=\"extn-css-1tmeul0\"><span dir=\"auto\" style=\"vertical-align: inherit;\">Non\u00a0 <\/span><\/span><\/span><span id=\"output-phrase~4~1\" class=\"extn-css-i3ygs8\"><span class=\"extn-css-1tmeul0\"><span dir=\"auto\" style=\"vertical-align: inherit;\">seulement\u00a0 <\/span><\/span><\/span><span id=\"output-phrase~4~2\" class=\"extn-css-i3ygs8\"><span class=\"extn-css-0\"><span dir=\"auto\" style=\"vertical-align: inherit;\">il\u00a0 <\/span><\/span><\/span><span id=\"output-phrase~4~3\" class=\"extn-css-i3ygs8\"><span class=\"extn-css-1tmeul0\"><span dir=\"auto\" style=\"vertical-align: inherit;\">permet\u00a0 <\/span><\/span><\/span><span id=\"output-phrase~4~4\" class=\"extn-css-i3ygs8\"><span class=\"extn-css-0\"><span dir=\"auto\" style=\"vertical-align: inherit;\">de\u00a0 <\/span><\/span><\/span><span id=\"output-phrase~4~5\" class=\"extn-css-i3ygs8\"><span class=\"extn-css-10o52y0\"><span dir=\"auto\" style=\"vertical-align: inherit;\">cuire\u00a0 <\/span><\/span><\/span><span id=\"output-phrase~4~6\" class=\"extn-css-i3ygs8\"><span class=\"extn-css-h5d7i9\"><span dir=\"auto\" style=\"vertical-align: inherit;\">du\u00a0 <\/span><\/span><\/span><span id=\"output-phrase~4~7\" class=\"extn-css-i3ygs8\"><span class=\"extn-css-10o52y0\"><span dir=\"auto\" style=\"vertical-align: inherit;\">poisson,\u00a0 <\/span><\/span><\/span><span id=\"output-phrase~4~8\" class=\"extn-css-i3ygs8\"><span class=\"extn-css-10o52y0\"><span dir=\"auto\" style=\"vertical-align: inherit;\">de\u00a0 <\/span><\/span><\/span><span id=\"output-phrase~4~9\" class=\"extn-css-i3ygs8\"><span class=\"extn-css-10o52y0\"><span dir=\"auto\" style=\"vertical-align: inherit;\">la\u00a0 <\/span><\/span><\/span><span id=\"output-phrase~4~10\" class=\"extn-css-i3ygs8\"><span class=\"extn-css-10o52y0\"><span dir=\"auto\" style=\"vertical-align: inherit;\">viande\u00a0 <\/span><\/span><\/span><span id=\"output-phrase~4~11\" class=\"extn-css-i3ygs8\"><span class=\"extn-css-10o52y0\"><span dir=\"auto\" style=\"vertical-align: inherit;\">ou\u00a0 <\/span><\/span><\/span><span id=\"output-phrase~4~12\" class=\"extn-css-i3ygs8\"><span class=\"extn-css-h5d7i9\"><span dir=\"auto\" style=\"vertical-align: inherit;\">des\u00a0 <\/span><\/span><\/span><span id=\"output-phrase~4~13\" class=\"extn-css-i3ygs8\"><span class=\"extn-css-10o52y0\"><span dir=\"auto\" style=\"vertical-align: inherit;\">l\u00e9gumes,\u00a0 <\/span><\/span><\/span><span id=\"output-phrase~4~14\" class=\"extn-css-i3ygs8\"><span class=\"extn-css-h5d7i9\"><span dir=\"auto\" style=\"vertical-align: inherit;\">mais\u00a0 <\/span><\/span><\/span><span id=\"output-phrase~4~15\" class=\"extn-css-i3ygs8\"><span class=\"extn-css-10o52y0\"><span dir=\"auto\" style=\"vertical-align: inherit;\">il\u00a0 <\/span><\/span><\/span><span id=\"output-phrase~4~16\" class=\"extn-css-i3ygs8\"><span class=\"extn-css-h5d7i9\"><span dir=\"auto\" style=\"vertical-align: inherit;\">peut\u00a0 <\/span><\/span><\/span><span id=\"output-phrase~4~17\" class=\"extn-css-i3ygs8\"><span class=\"extn-css-h5d7i9\"><span dir=\"auto\" style=\"vertical-align: inherit;\">\u00e9galement\u00a0 <\/span><\/span><\/span><span id=\"output-phrase~4~18\" class=\"extn-css-i3ygs8\"><span class=\"extn-css-h5d7i9\"><span dir=\"auto\" style=\"vertical-align: inherit;\">\u00eatre\u00a0 <\/span><\/span><\/span><span id=\"output-phrase~4~19\" class=\"extn-css-i3ygs8\"><span class=\"extn-css-h5d7i9\"><span dir=\"auto\" style=\"vertical-align: inherit;\">utilis\u00e9\u00a0 <\/span><\/span><\/span><span id=\"output-phrase~4~20\" class=\"extn-css-i3ygs8\"><span class=\"extn-css-lq4jk2\"><span dir=\"auto\" style=\"vertical-align: inherit;\">comme\u00a0 <\/span><\/span><\/span><span id=\"output-phrase~4~21\" class=\"extn-css-i3ygs8\"><span class=\"extn-css-lq4jk2\"><span dir=\"auto\" style=\"vertical-align: inherit;\">un\u00a0 <\/span><\/span><\/span><span id=\"output-phrase~4~22\" class=\"extn-css-i3ygs8\"><span class=\"extn-css-lq4jk2\"><span dir=\"auto\" style=\"vertical-align: inherit;\">four\u00a0 <\/span><\/span><\/span><span id=\"output-phrase~4~23\" class=\"extn-css-i3ygs8\"><span class=\"extn-css-lq4jk2\"><span dir=\"auto\" style=\"vertical-align: inherit;\">gr\u00e2ce\u00a0 <\/span><\/span><\/span><span id=\"output-phrase~4~24\" class=\"extn-css-i3ygs8\"><span class=\"extn-css-lq4jk2\"><span dir=\"auto\" style=\"vertical-align: inherit;\">\u00e0\u00a0 <\/span><\/span><\/span><span id=\"output-phrase~4~25\" class=\"extn-css-i3ygs8\"><span class=\"extn-css-lq4jk2\"><span dir=\"auto\" style=\"vertical-align: inherit;\">son\u00a0 <\/span><\/span><\/span><span id=\"output-phrase~4~26\" class=\"extn-css-i3ygs8\"><span class=\"extn-css-10o52y0\"><span dir=\"auto\" style=\"vertical-align: inherit;\">couvercle,\u00a0 <\/span><\/span><\/span><span id=\"output-phrase~4~27\" class=\"extn-css-i3ygs8\"><span class=\"extn-css-h5d7i9\"><span dir=\"auto\" style=\"vertical-align: inherit;\">id\u00e9al\u00a0 <\/span><\/span><\/span><span id=\"output-phrase~4~28\" class=\"extn-css-i3ygs8\"><span class=\"extn-css-10o52y0\"><span dir=\"auto\" style=\"vertical-align: inherit;\">pour\u00a0 <\/span><\/span><\/span><span id=\"output-phrase~4~29\" class=\"extn-css-i3ygs8\"><span class=\"extn-css-1tmeul0\"><span dir=\"auto\" style=\"vertical-align: inherit;\">pr\u00e9parer\u00a0 <\/span><\/span><\/span><span id=\"output-phrase~4~30\" class=\"extn-css-i3ygs8\"><span class=\"extn-css-10o52y0\"><span dir=\"auto\" style=\"vertical-align: inherit;\">une\u00a0 <\/span><\/span><\/span><span id=\"output-phrase~4~31\" class=\"extn-css-i3ygs8\"><span class=\"extn-css-h5d7i9\"><span dir=\"auto\" style=\"vertical-align: inherit;\">excellente\u00a0 <\/span><\/span><\/span><span id=\"output-phrase~4~32\" class=\"extn-css-i3ygs8\"><span class=\"extn-css-10o52y0\"><span dir=\"auto\" style=\"vertical-align: inherit;\">viande\u00a0 <\/span><\/span><\/span><span id=\"output-phrase~4~33\" class=\"extn-css-i3ygs8\"><span class=\"extn-css-10o52y0\"><span dir=\"auto\" style=\"vertical-align: inherit;\">ou\u00a0 <\/span><\/span><\/span><span id=\"output-phrase~4~34\" class=\"extn-css-i3ygs8\"><span class=\"extn-css-10o52y0\"><span dir=\"auto\" style=\"vertical-align: inherit;\">une\u00a0 <\/span><\/span><\/span><span id=\"output-phrase~4~35\" class=\"extn-css-i3ygs8\"><span class=\"extn-css-10o52y0\"><span dir=\"auto\" style=\"vertical-align: inherit;\">pizza\u00a0 <\/span><\/span><\/span><span id=\"output-phrase~4~36\" class=\"extn-css-i3ygs8\"><span class=\"extn-css-10o52y0\"><span dir=\"auto\" style=\"vertical-align: inherit;\">au\u00a0 <\/span><\/span><\/span><span id=\"output-phrase~4~37\" class=\"extn-css-i3ygs8\"><span class=\"extn-css-10o52y0\"><span dir=\"auto\" style=\"vertical-align: inherit;\">feu\u00a0 <\/span><\/span><\/span><span id=\"output-phrase~4~38\" class=\"extn-css-i3ygs8\"><span class=\"extn-css-10o52y0\"><span dir=\"auto\" style=\"vertical-align: inherit;\">de\u00a0 <\/span><\/span><\/span><span id=\"output-phrase~4~39\" class=\"extn-css-i3ygs8\"><span class=\"extn-css-0\"><span dir=\"auto\" style=\"vertical-align: inherit;\">bois.<\/span><\/span><\/span><\/span><\/span><\/span><\/span><\/p>\n<p><span id=\"output-sentence-box~5\" class=\"output-sentence\" contenteditable=\"true\"><span class=\"MuiBox-root extn-css-avfhld\"><span id=\"output-sentence~5\"><span data-testid=\"output-sentence-5\"><span id=\"output-phrase~5~0\" class=\"extn-css-i3ygs8\"><span class=\"extn-css-10o52y0\"><span dir=\"auto\" style=\"vertical-align: inherit;\">Ce\u00a0 <\/span><\/span><\/span><span id=\"output-phrase~5~1\" class=\"extn-css-i3ygs8\"><span class=\"extn-css-10o52y0\"><span dir=\"auto\" style=\"vertical-align: inherit;\">barbecue\u00a0 <\/span><\/span><\/span><span id=\"output-phrase~5~2\" class=\"extn-css-i3ygs8\"><span class=\"extn-css-10o52y0\"><span dir=\"auto\" style=\"vertical-align: inherit;\">pratique\u00a0 <\/span><\/span><\/span><span id=\"output-phrase~5~3\" class=\"extn-css-i3ygs8\"><span class=\"extn-css-1tmeul0\"><span dir=\"auto\" style=\"vertical-align: inherit;\">est\u00a0 <\/span><\/span><\/span><span id=\"output-phrase~5~4\" class=\"extn-css-i3ygs8\"><span class=\"extn-css-1tmeul0\"><span dir=\"auto\" style=\"vertical-align: inherit;\">\u00e9quip\u00e9\u00a0 <\/span><\/span><\/span><span id=\"output-phrase~5~5\" class=\"extn-css-i3ygs8\"><span class=\"extn-css-0\"><span dir=\"auto\" style=\"vertical-align: inherit;\">d&rsquo;un\u00a0 <\/span><\/span><\/span><span id=\"output-phrase~5~6\" class=\"extn-css-i3ygs8\"><span class=\"extn-css-1tmeul0\"><span dir=\"auto\" style=\"vertical-align: inherit;\">collecteur\u00a0 <\/span><\/span><\/span><span id=\"output-phrase~5~7\" class=\"extn-css-i3ygs8\"><span class=\"extn-css-0\"><span dir=\"auto\" style=\"vertical-align: inherit;\">de\u00a0 <\/span><\/span><\/span><span id=\"output-phrase~5~8\" class=\"extn-css-i3ygs8\"><span class=\"extn-css-0\"><span dir=\"auto\" style=\"vertical-align: inherit;\">cendres\u00a0 <\/span><\/span><\/span><span id=\"output-phrase~5~9\" class=\"extn-css-i3ygs8\"><span class=\"extn-css-0\"><span dir=\"auto\" style=\"vertical-align: inherit;\">et\u00a0 <\/span><\/span><\/span><span id=\"output-phrase~5~10\" class=\"extn-css-i3ygs8\"><span class=\"extn-css-0\"><span dir=\"auto\" style=\"vertical-align: inherit;\">d&rsquo;un\u00a0 <\/span><\/span><\/span><span id=\"output-phrase~5~11\" class=\"extn-css-i3ygs8\"><span class=\"extn-css-1tmeul0\"><span dir=\"auto\" style=\"vertical-align: inherit;\">dispositif\u00a0 <\/span><\/span><\/span><span id=\"output-phrase~5~12\" class=\"extn-css-i3ygs8\"><span class=\"extn-css-0\"><span dir=\"auto\" style=\"vertical-align: inherit;\">de\u00a0 <\/span><\/span><\/span><span id=\"output-phrase~5~13\" class=\"extn-css-i3ygs8\"><span class=\"extn-css-1tmeul0\"><span dir=\"auto\" style=\"vertical-align: inherit;\">ventilation. <\/span><\/span><\/span><\/span><\/span><\/span><\/span><span id=\"output-sentence-box~6\" class=\"output-sentence\" contenteditable=\"true\"><span class=\"MuiBox-root extn-css-avfhld\"><span id=\"output-sentence~6\"><span data-testid=\"output-sentence-6\"><span id=\"output-phrase~6~0\" class=\"extn-css-i3ygs8\"><span class=\"extn-css-0\"><span dir=\"auto\" style=\"vertical-align: inherit;\">Il\u00a0 <\/span><\/span><\/span><span id=\"output-phrase~6~1\" class=\"extn-css-i3ygs8\"><span class=\"extn-css-0\"><span dir=\"auto\" style=\"vertical-align: inherit;\">est\u00a0 <\/span><\/span><\/span><span id=\"output-phrase~6~2\" class=\"extn-css-i3ygs8\"><span class=\"extn-css-1tmeul0\"><span dir=\"auto\" style=\"vertical-align: inherit;\">\u00e9galement\u00a0 <\/span><\/span><\/span><span id=\"output-phrase~6~3\" class=\"extn-css-i3ygs8\"><span class=\"extn-css-1tmeul0\"><span dir=\"auto\" style=\"vertical-align: inherit;\">muni\u00a0 <\/span><\/span><\/span><span id=\"output-phrase~6~4\" class=\"extn-css-i3ygs8\"><span class=\"extn-css-0\"><span dir=\"auto\" style=\"vertical-align: inherit;\">de\u00a0 <\/span><\/span><\/span><span id=\"output-phrase~6~5\" class=\"extn-css-i3ygs8\"><span class=\"extn-css-0\"><span dir=\"auto\" style=\"vertical-align: inherit;\">deux\u00a0 <\/span><\/span><\/span><span id=\"output-phrase~6~6\" class=\"extn-css-i3ygs8\"><span class=\"extn-css-0\"><span dir=\"auto\" style=\"vertical-align: inherit;\">poign\u00e9es\u00a0 <\/span><\/span><\/span><span id=\"output-phrase~6~7\" class=\"extn-css-i3ygs8\"><span class=\"extn-css-1tmeul0\"><span dir=\"auto\" style=\"vertical-align: inherit;\">amovibles\u00a0 <\/span><\/span><\/span><span id=\"output-phrase~6~8\" class=\"extn-css-i3ygs8\"><span class=\"extn-css-1tmeul0\"><span dir=\"auto\" style=\"vertical-align: inherit;\">pour\u00a0 <\/span><\/span><\/span><span id=\"output-phrase~6~9\" class=\"extn-css-i3ygs8\"><span class=\"extn-css-1tmeul0\"><span dir=\"auto\" style=\"vertical-align: inherit;\">un\u00a0 <\/span><\/span><\/span><span id=\"output-phrase~6~10\" class=\"extn-css-i3ygs8\"><span class=\"extn-css-1tmeul0\"><span dir=\"auto\" style=\"vertical-align: inherit;\">d\u00e9placement\u00a0 <\/span><\/span><\/span><span id=\"output-phrase~6~11\" class=\"extn-css-i3ygs8\"><span class=\"extn-css-1tmeul0\"><span dir=\"auto\" style=\"vertical-align: inherit;\">ais\u00e9\u00a0 <\/span><\/span><\/span><span id=\"output-phrase~6~12\" class=\"extn-css-i3ygs8\"><span class=\"extn-css-0\"><span dir=\"auto\" style=\"vertical-align: inherit;\">et\u00a0 <\/span><\/span><\/span><span id=\"output-phrase~6~13\" class=\"extn-css-i3ygs8\"><span class=\"extn-css-1tmeul0\"><span dir=\"auto\" style=\"vertical-align: inherit;\">sans\u00a0 <\/span><\/span><\/span><span id=\"output-phrase~6~14\" class=\"extn-css-i3ygs8\"><span class=\"extn-css-1tmeul0\"><span dir=\"auto\" style=\"vertical-align: inherit;\">risque.<\/span><\/span><\/span><\/span><\/span><\/span><\/span><\/p>\n<div class=\"NPrrbc\" data-cid=\"bc65fda0-3300-4c2c-bbf3-eb983dcf7723\" data-uuids=\"15662006323443414529\">\n<div class=\"BMebGe btku5b LwdV0e FR7ZSc OJeuxf\" tabindex=\"0\" role=\"button\" aria-label=\"Afficher les liens associ\u00e9s\" data-hveid=\"CAQQAQ\" data-ved=\"2ahUKEwi38qXI65uQAxX0Q6QEHbV9BqEQ3fYKegQIBBAB\">\n<div class=\"niO4u\"><\/div>\n<\/div>\n<\/div>\n<ul data-hveid=\"CBIQAQ\" data-ved=\"2ahUKEwi38qXI65uQAxX0Q6QEHbV9BqEQm_YKegQIEhAB\">\n<li><span data-huuid=\"15662006323443413043\"><span dir=\"auto\" style=\"vertical-align: inherit;\">Il est souvent utilis\u00e9 pour des grillades en plein air.<\/span><span class=\"pjBG2e\" data-cid=\"bd6d5811-8462-4288-ae69-ae8224f5ada5\"><span class=\"UV3uM\">\u00a0<\/span><\/span><\/span>\n<div class=\"NPrrbc\" data-cid=\"bd6d5811-8462-4288-ae69-ae8224f5ada5\" data-uuids=\"15662006323443413043\"><\/div>\n<div class=\"NPrrbc\" data-cid=\"558da41e-f3b0-44eb-8353-617ed5d201a5\" data-uuids=\"15662006323443415653\">\n<div class=\"BMebGe btku5b LwdV0e FR7ZSc OJeuxf\" tabindex=\"0\" role=\"button\" aria-label=\"Afficher les liens associ\u00e9s\" data-hveid=\"CA4QAQ\" data-ved=\"2ahUKEwi38qXI65uQAxX0Q6QEHbV9BqEQ3fYKegQIDhAB\">\n<div class=\"niO4u\"><\/div>\n<\/div>\n<\/div>\n<\/li>\n<li><span data-huuid=\"15662006323443414167\"><span dir=\"auto\" style=\"vertical-align: inherit;\">Ce type de barbecue, avec un couvercle, peut \u00eatre utilis\u00e9 pour griller, r\u00f4tir ou fumer des aliments.<\/span><span class=\"pjBG2e\" data-cid=\"a75d80bb-1ecc-43e5-bb3d-ed81e5631e73\"><span class=\"UV3uM\">\u00a0<\/span><\/span><\/span><\/li>\n<\/ul>\n","protected":false},"excerpt":{"rendered":"<p>&nbsp;<\/p>\n<ul>\n<li><span dir=\"auto\" style=\"vertical-align: inherit;\">Barbecue au charbon de bois<\/span><\/li>\n<li><span dir=\"auto\" style=\"vertical-align: inherit;\">Cuve et couvercle en fer<\/span><\/li>\n<li><span dir=\"auto\" style=\"vertical-align: inherit;\">\u00c9quip\u00e9 d&rsquo;un couvercle pour une cuisson au four parfaite et s\u00e9curis\u00e9e<\/span><\/li>\n<li><span dir=\"auto\" style=\"vertical-align: inherit;\">Longueur : 52 cm \u2013 Largeur : 32 cm<\/span><\/li>\n<li><span dir=\"auto\" style=\"vertical-align: inherit;\">r\u00e9glable en hauteur \/ hauteur globale : 105 cm \/ hauteur pied 77 cm<\/span><\/li>\n<\/ul>\n","protected":false},"featured_media":1368,"comment_status":"open","ping_status":"closed","template":"","meta":[],"product_brand":[],"product_cat":[111],"product_tag":[],"class_list":{"0":"post-1367","1":"product","2":"type-product","3":"status-publish","4":"has-post-thumbnail","6":"product_cat-barbecue","7":"product_shipping_class-livraison-7-tnd-qte","9":"first","10":"instock","11":"sale","12":"taxable","13":"shipping-taxable","14":"purchasable","15":"product-type-simple"},"jetpack_sharing_enabled":true,"_links":{"self":[{"href":"https:\/\/yallafid.com\/index.php?rest_route=\/wp\/v2\/product\/1367","targetHints":{"allow":["GET"]}}],"collection":[{"href":"https:\/\/yallafid.com\/index.php?rest_route=\/wp\/v2\/product"}],"about":[{"href":"https:\/\/yallafid.com\/index.php?rest_route=\/wp\/v2\/types\/product"}],"replies":[{"embeddable":true,"href":"https:\/\/yallafid.com\/index.php?rest_route=%2Fwp%2Fv2%2Fcomments&post=1367"}],"version-history":[{"count":6,"href":"https:\/\/yallafid.com\/index.php?rest_route=\/wp\/v2\/product\/1367\/revisions"}],"predecessor-version":[{"id":1375,"href":"https:\/\/yallafid.com\/index.php?rest_route=\/wp\/v2\/product\/1367\/revisions\/1375"}],"wp:featuredmedia":[{"embeddable":true,"href":"https:\/\/yallafid.com\/index.php?rest_route=\/wp\/v2\/media\/1368"}],"wp:attachment":[{"href":"https:\/\/yallafid.com\/index.php?rest_route=%2Fwp%2Fv2%2Fmedia&parent=1367"}],"wp:term":[{"taxonomy":"product_brand","embeddable":true,"href":"https:\/\/yallafid.com\/index.php?rest_route=%2Fwp%2Fv2%2Fproduct_brand&post=1367"},{"taxonomy":"product_cat","embeddable":true,"href":"https:\/\/yallafid.com\/index.php?rest_route=%2Fwp%2Fv2%2Fproduct_cat&post=1367"},{"taxonomy":"product_tag","embeddable":true,"href":"https:\/\/yallafid.com\/index.php?rest_route=%2Fwp%2Fv2%2Fproduct_tag&post=1367"}],"curies":[{"name":"wp","href":"https:\/\/api.w.org\/{rel}","templated":true}]}}