{"id":137,"date":"2025-01-14T14:40:18","date_gmt":"2025-01-14T14:40:18","guid":{"rendered":"https:\/\/dummy.xtemos.com\/woodmart2\/marketplace2-elementor\/?post_type=product&#038;p=137"},"modified":"2026-01-16T13:14:50","modified_gmt":"2026-01-16T13:14:50","slug":"siemens-hb514fbr0t","status":"publish","type":"product","link":"https:\/\/yallafid.com\/?product=siemens-hb514fbr0t","title":{"rendered":"Douchette flexible"},"content":{"rendered":"<p><img loading=\"lazy\" decoding=\"async\" class=\"aligncenter wp-image-3110 size-full\" src=\"https:\/\/yallafid.com\/wp-content\/uploads\/2025\/01\/douchette-flexible-promotion-cuisine-robinet-yallafid-tunnipromo-tunisie.jpg\" alt=\"\" width=\"800\" height=\"800\" srcset=\"https:\/\/yallafid.com\/wp-content\/uploads\/2025\/01\/douchette-flexible-promotion-cuisine-robinet-yallafid-tunnipromo-tunisie.jpg 800w, https:\/\/yallafid.com\/wp-content\/uploads\/2025\/01\/douchette-flexible-promotion-cuisine-robinet-yallafid-tunnipromo-tunisie-300x300.jpg 300w, https:\/\/yallafid.com\/wp-content\/uploads\/2025\/01\/douchette-flexible-promotion-cuisine-robinet-yallafid-tunnipromo-tunisie-150x150.jpg 150w, https:\/\/yallafid.com\/wp-content\/uploads\/2025\/01\/douchette-flexible-promotion-cuisine-robinet-yallafid-tunnipromo-tunisie-768x768.jpg 768w, https:\/\/yallafid.com\/wp-content\/uploads\/2025\/01\/douchette-flexible-promotion-cuisine-robinet-yallafid-tunnipromo-tunisie-600x600.jpg 600w\" sizes=\"auto, (max-width: 800px) 100vw, 800px\" \/><\/p>\n","protected":false},"excerpt":{"rendered":"<h2><strong>Douchette flexible pour robinet de cuisine<\/strong><\/h2>\n<ul>\n<li>Convient pour robinet de cuisine domestique ou professionnelle.<\/li>\n<li>En effet, avec ses mat\u00e9riaux de qualit\u00e9, elle poss\u00e8de une longue dur\u00e9e de vie.<\/li>\n<li>De plus, avec son raccord standard, cette douchette flexible se fixe rapidement sur la majorit\u00e9 des mitigeurs de cuisine.<\/li>\n<\/ul>\n","protected":false},"featured_media":3110,"comment_status":"open","ping_status":"closed","template":"","meta":[],"product_brand":[75],"product_cat":[20,24],"product_tag":[],"class_list":{"0":"post-137","1":"product","2":"type-product","3":"status-publish","4":"has-post-thumbnail","6":"product_brand-viewsonic","7":"product_cat-cuisine","8":"product_cat-ustensiles-cuisine","9":"product_shipping_class-livraison-7-tnd-fix","11":"first","12":"instock","13":"sale","14":"taxable","15":"shipping-taxable","16":"purchasable","17":"product-type-simple"},"jetpack_sharing_enabled":true,"_links":{"self":[{"href":"https:\/\/yallafid.com\/index.php?rest_route=\/wp\/v2\/product\/137","targetHints":{"allow":["GET"]}}],"collection":[{"href":"https:\/\/yallafid.com\/index.php?rest_route=\/wp\/v2\/product"}],"about":[{"href":"https:\/\/yallafid.com\/index.php?rest_route=\/wp\/v2\/types\/product"}],"replies":[{"embeddable":true,"href":"https:\/\/yallafid.com\/index.php?rest_route=%2Fwp%2Fv2%2Fcomments&post=137"}],"version-history":[{"count":2,"href":"https:\/\/yallafid.com\/index.php?rest_route=\/wp\/v2\/product\/137\/revisions"}],"predecessor-version":[{"id":3107,"href":"https:\/\/yallafid.com\/index.php?rest_route=\/wp\/v2\/product\/137\/revisions\/3107"}],"wp:featuredmedia":[{"embeddable":true,"href":"https:\/\/yallafid.com\/index.php?rest_route=\/wp\/v2\/media\/3110"}],"wp:attachment":[{"href":"https:\/\/yallafid.com\/index.php?rest_route=%2Fwp%2Fv2%2Fmedia&parent=137"}],"wp:term":[{"taxonomy":"product_brand","embeddable":true,"href":"https:\/\/yallafid.com\/index.php?rest_route=%2Fwp%2Fv2%2Fproduct_brand&post=137"},{"taxonomy":"product_cat","embeddable":true,"href":"https:\/\/yallafid.com\/index.php?rest_route=%2Fwp%2Fv2%2Fproduct_cat&post=137"},{"taxonomy":"product_tag","embeddable":true,"href":"https:\/\/yallafid.com\/index.php?rest_route=%2Fwp%2Fv2%2Fproduct_tag&post=137"}],"curies":[{"name":"wp","href":"https:\/\/api.w.org\/{rel}","templated":true}]}}