{"id":1376,"date":"2025-10-11T10:45:53","date_gmt":"2025-10-11T10:45:53","guid":{"rendered":"https:\/\/yallafid.com\/?post_type=product&#038;p=1376"},"modified":"2025-10-11T10:45:53","modified_gmt":"2025-10-11T10:45:53","slug":"lampes-de-poche-rechargeables-haute-luminosite","status":"publish","type":"product","link":"https:\/\/yallafid.com\/?product=lampes-de-poche-rechargeables-haute-luminosite","title":{"rendered":"Lampes de poche rechargeables haute luminosit\u00e9"},"content":{"rendered":"<h3><strong>Lampes de poche rechargeables haute luminosit\u00e9, 5 modes, zoomable, \u00e9tanche IPX6, puissante lampe de poche tactique pour les urgences, le camping, la randonn\u00e9e<\/strong><\/h3>\n<ul>\n<li><strong>Super lumineuse<\/strong>\u00a0: avec une incroyable luminosit\u00e9 , cette lampe de poche est l\u2019une des plus lumineuses sur le march\u00e9.<\/li>\n<\/ul>\n<p><img loading=\"lazy\" decoding=\"async\" class=\"aligncenter wp-image-84968 size-large\" src=\"https:\/\/promodeal.com.tn\/wp-content\/uploads\/2025\/10\/torche-lampe-poche-ultra-lumineuse-promodeal-tunisie-haut-lum-1-800x800.jpg\" sizes=\"auto, (max-width: 800px) 100vw, 800px\" srcset=\"https:\/\/promodeal.com.tn\/wp-content\/uploads\/2025\/10\/torche-lampe-poche-ultra-lumineuse-promodeal-tunisie-haut-lum-1-800x800.jpg 800w, https:\/\/promodeal.com.tn\/wp-content\/uploads\/2025\/10\/torche-lampe-poche-ultra-lumineuse-promodeal-tunisie-haut-lum-1-300x300.jpg 300w, https:\/\/promodeal.com.tn\/wp-content\/uploads\/2025\/10\/torche-lampe-poche-ultra-lumineuse-promodeal-tunisie-haut-lum-1-150x150.jpg 150w, https:\/\/promodeal.com.tn\/wp-content\/uploads\/2025\/10\/torche-lampe-poche-ultra-lumineuse-promodeal-tunisie-haut-lum-1-768x768.jpg 768w, https:\/\/promodeal.com.tn\/wp-content\/uploads\/2025\/10\/torche-lampe-poche-ultra-lumineuse-promodeal-tunisie-haut-lum-1-600x600.jpg 600w, https:\/\/promodeal.com.tn\/wp-content\/uploads\/2025\/10\/torche-lampe-poche-ultra-lumineuse-promodeal-tunisie-haut-lum-1-32x32.jpg 32w, https:\/\/promodeal.com.tn\/wp-content\/uploads\/2025\/10\/torche-lampe-poche-ultra-lumineuse-promodeal-tunisie-haut-lum-1.jpg 1000w\" alt=\"\" width=\"800\" height=\"800\" \/><\/p>\n<ul>\n<li><strong>Modes polyvalents :<\/strong>\u00a0\u00e9quip\u00e9 de 5 modes d\u2019\u00e9clairage, y compris fort, moyen, faible, stroboscopique et SOS pour diff\u00e9rents besoins.<\/li>\n<li><strong>Faisceau zoomable<\/strong>\u00a0: le zoom r\u00e9glable vous permet de concentrer le faisceau pour une visibilit\u00e9 \u00e0 longue port\u00e9e ou de l\u2019\u00e9largir pour un \u00e9clairage de zone.<\/li>\n<\/ul>\n<p>&nbsp;<\/p>\n<p><img loading=\"lazy\" decoding=\"async\" class=\"aligncenter wp-image-84966 size-large\" src=\"https:\/\/promodeal.com.tn\/wp-content\/uploads\/2025\/10\/torche-lampe-poche-ultra-lumineuse-promodeal-tunisie-haut-lum-3-800x800.jpg\" sizes=\"auto, (max-width: 800px) 100vw, 800px\" srcset=\"https:\/\/promodeal.com.tn\/wp-content\/uploads\/2025\/10\/torche-lampe-poche-ultra-lumineuse-promodeal-tunisie-haut-lum-3-800x800.jpg 800w, https:\/\/promodeal.com.tn\/wp-content\/uploads\/2025\/10\/torche-lampe-poche-ultra-lumineuse-promodeal-tunisie-haut-lum-3-300x300.jpg 300w, https:\/\/promodeal.com.tn\/wp-content\/uploads\/2025\/10\/torche-lampe-poche-ultra-lumineuse-promodeal-tunisie-haut-lum-3-150x150.jpg 150w, https:\/\/promodeal.com.tn\/wp-content\/uploads\/2025\/10\/torche-lampe-poche-ultra-lumineuse-promodeal-tunisie-haut-lum-3-768x768.jpg 768w, https:\/\/promodeal.com.tn\/wp-content\/uploads\/2025\/10\/torche-lampe-poche-ultra-lumineuse-promodeal-tunisie-haut-lum-3-600x600.jpg 600w, https:\/\/promodeal.com.tn\/wp-content\/uploads\/2025\/10\/torche-lampe-poche-ultra-lumineuse-promodeal-tunisie-haut-lum-3-32x32.jpg 32w, https:\/\/promodeal.com.tn\/wp-content\/uploads\/2025\/10\/torche-lampe-poche-ultra-lumineuse-promodeal-tunisie-haut-lum-3.jpg 1000w\" alt=\"\" width=\"800\" height=\"800\" \/><\/p>\n<ul>\n<li><strong>Construction durable<\/strong>\u00a0: l\u2019indice d\u2019\u00e9tanch\u00e9it\u00e9 IPX6 assure une protection contre l\u2019eau et la poussi\u00e8re pour une utilisation en ext\u00e9rieur.<\/li>\n<li><strong>Design rechargeable<\/strong>\u00a0: la batterie rechargeable \u00e9limine le besoin de piles jetables, ce qui la rend respectueuse de l\u2019environnement.<\/li>\n<\/ul>\n<p><img loading=\"lazy\" decoding=\"async\" class=\"aligncenter wp-image-84964 size-large\" src=\"https:\/\/promodeal.com.tn\/wp-content\/uploads\/2025\/10\/torche-lampe-poche-ultra-lumineuse-promodeal-tunisie-haut-lum-5-800x800.jpg\" sizes=\"auto, (max-width: 800px) 100vw, 800px\" srcset=\"https:\/\/promodeal.com.tn\/wp-content\/uploads\/2025\/10\/torche-lampe-poche-ultra-lumineuse-promodeal-tunisie-haut-lum-5-800x800.jpg 800w, https:\/\/promodeal.com.tn\/wp-content\/uploads\/2025\/10\/torche-lampe-poche-ultra-lumineuse-promodeal-tunisie-haut-lum-5-300x300.jpg 300w, https:\/\/promodeal.com.tn\/wp-content\/uploads\/2025\/10\/torche-lampe-poche-ultra-lumineuse-promodeal-tunisie-haut-lum-5-150x150.jpg 150w, https:\/\/promodeal.com.tn\/wp-content\/uploads\/2025\/10\/torche-lampe-poche-ultra-lumineuse-promodeal-tunisie-haut-lum-5-768x768.jpg 768w, https:\/\/promodeal.com.tn\/wp-content\/uploads\/2025\/10\/torche-lampe-poche-ultra-lumineuse-promodeal-tunisie-haut-lum-5-600x600.jpg 600w, https:\/\/promodeal.com.tn\/wp-content\/uploads\/2025\/10\/torche-lampe-poche-ultra-lumineuse-promodeal-tunisie-haut-lum-5-32x32.jpg 32w, https:\/\/promodeal.com.tn\/wp-content\/uploads\/2025\/10\/torche-lampe-poche-ultra-lumineuse-promodeal-tunisie-haut-lum-5.jpg 1000w\" alt=\"\" width=\"800\" height=\"800\" \/><\/p>\n","protected":false},"excerpt":{"rendered":"<ul>\n<li><strong>Type de produit:\u00a0<\/strong>lampe de poche tactique puissante pour les urgences<\/li>\n<li><strong>Batterie rechargeable\u00a0<\/strong>\u00a0:Lithium-ion<\/li>\n<li>5 modes, zoomable<\/li>\n<li>40 fois plus lumineuses qu\u2019une lampe torche LED classique.<\/li>\n<li><strong>Etanche :<\/strong>IPX6<\/li>\n<li><strong>Mati\u00e8re<\/strong>\u00a0: Aluminium Plastique Fibre de carbone<\/li>\n<li><strong>Utilisation<\/strong>\u00a0: Camping, sp\u00e9l\u00e9ologie, cyclisme, plong\u00e9e, p\u00eache, randonn\u00e9e, jogging, m\u00e9decine, lecture, tactique<\/li>\n<\/ul>\n","protected":false},"featured_media":1377,"comment_status":"open","ping_status":"closed","template":"","meta":[],"product_brand":[],"product_cat":[114],"product_tag":[],"class_list":{"0":"post-1376","1":"product","2":"type-product","3":"status-publish","4":"has-post-thumbnail","6":"product_cat-lampes-torche","7":"product_shipping_class-livraison-7-tnd-fix","9":"first","10":"instock","11":"sale","12":"taxable","13":"shipping-taxable","14":"purchasable","15":"product-type-simple"},"jetpack_sharing_enabled":true,"_links":{"self":[{"href":"https:\/\/yallafid.com\/index.php?rest_route=\/wp\/v2\/product\/1376","targetHints":{"allow":["GET"]}}],"collection":[{"href":"https:\/\/yallafid.com\/index.php?rest_route=\/wp\/v2\/product"}],"about":[{"href":"https:\/\/yallafid.com\/index.php?rest_route=\/wp\/v2\/types\/product"}],"replies":[{"embeddable":true,"href":"https:\/\/yallafid.com\/index.php?rest_route=%2Fwp%2Fv2%2Fcomments&post=1376"}],"version-history":[{"count":3,"href":"https:\/\/yallafid.com\/index.php?rest_route=\/wp\/v2\/product\/1376\/revisions"}],"predecessor-version":[{"id":1387,"href":"https:\/\/yallafid.com\/index.php?rest_route=\/wp\/v2\/product\/1376\/revisions\/1387"}],"wp:featuredmedia":[{"embeddable":true,"href":"https:\/\/yallafid.com\/index.php?rest_route=\/wp\/v2\/media\/1377"}],"wp:attachment":[{"href":"https:\/\/yallafid.com\/index.php?rest_route=%2Fwp%2Fv2%2Fmedia&parent=1376"}],"wp:term":[{"taxonomy":"product_brand","embeddable":true,"href":"https:\/\/yallafid.com\/index.php?rest_route=%2Fwp%2Fv2%2Fproduct_brand&post=1376"},{"taxonomy":"product_cat","embeddable":true,"href":"https:\/\/yallafid.com\/index.php?rest_route=%2Fwp%2Fv2%2Fproduct_cat&post=1376"},{"taxonomy":"product_tag","embeddable":true,"href":"https:\/\/yallafid.com\/index.php?rest_route=%2Fwp%2Fv2%2Fproduct_tag&post=1376"}],"curies":[{"name":"wp","href":"https:\/\/api.w.org\/{rel}","templated":true}]}}