{"id":138,"date":"2025-01-14T14:40:18","date_gmt":"2025-01-14T14:40:18","guid":{"rendered":"https:\/\/dummy.xtemos.com\/woodmart2\/marketplace2-elementor\/?post_type=product&#038;p=138"},"modified":"2025-10-23T20:16:32","modified_gmt":"2025-10-23T20:16:32","slug":"gorenje-bsa6737e15x","status":"publish","type":"product","link":"https:\/\/yallafid.com\/?product=gorenje-bsa6737e15x","title":{"rendered":"\u00c9gouttoir \u00e0 Vaisselle Extensible en acier inoxydable"},"content":{"rendered":"<h1 style=\"text-align: center;\"><strong>\u00c9gouttoir \u00e0 vaisselle r\u00e9tractable en acier inoxydable, \u00e9gouttoir \u00e0 vaisselle r\u00e9glable, \u00e9tag\u00e8res de s\u00e9chage d&rsquo;\u00e9vier, accessoires de cuisine<\/strong><\/h1>\n<p>&nbsp;<\/p>\n<p>&nbsp;<\/p>\n<p><img loading=\"lazy\" decoding=\"async\" class=\"aligncenter wp-image-2092 size-full\" src=\"https:\/\/yallafid.com\/wp-content\/uploads\/2025\/01\/Evier-cuisine-acier-inoxydable-vente-en-ligne-tunisie-yallafid-promotion-tabarka-sfax-gabes-jerba.jpg\" alt=\"\" width=\"680\" height=\"680\" srcset=\"https:\/\/yallafid.com\/wp-content\/uploads\/2025\/01\/Evier-cuisine-acier-inoxydable-vente-en-ligne-tunisie-yallafid-promotion-tabarka-sfax-gabes-jerba.jpg 680w, https:\/\/yallafid.com\/wp-content\/uploads\/2025\/01\/Evier-cuisine-acier-inoxydable-vente-en-ligne-tunisie-yallafid-promotion-tabarka-sfax-gabes-jerba-300x300.jpg 300w, https:\/\/yallafid.com\/wp-content\/uploads\/2025\/01\/Evier-cuisine-acier-inoxydable-vente-en-ligne-tunisie-yallafid-promotion-tabarka-sfax-gabes-jerba-150x150.jpg 150w, https:\/\/yallafid.com\/wp-content\/uploads\/2025\/01\/Evier-cuisine-acier-inoxydable-vente-en-ligne-tunisie-yallafid-promotion-tabarka-sfax-gabes-jerba-600x600.jpg 600w\" sizes=\"auto, (max-width: 680px) 100vw, 680px\" \/><\/p>\n<ul>\n<li>Organisateur d&rsquo;\u00e9vier offre un espace de rangement pratique pour les ustensiles de cuisine sans prendre de place sur le plan de travail<\/li>\n<li>Conception t\u00e9lescopique en acier inoxydable<\/li>\n<li>Robuste et extensible jusqu&rsquo;\u00e0 28 cm &#8211; 47 cm<\/li>\n<\/ul>\n<p>&nbsp;<\/p>\n<p><img loading=\"lazy\" decoding=\"async\" class=\"aligncenter wp-image-2090 size-full\" src=\"https:\/\/yallafid.com\/wp-content\/uploads\/2025\/01\/Evier-cuisine-acier-inoxydable-vente-en-ligne-tunisie-yallafid-promotion-tabarka-sfax-gabes-jerba-sousse-maison.jpg\" alt=\"\" width=\"800\" height=\"800\" srcset=\"https:\/\/yallafid.com\/wp-content\/uploads\/2025\/01\/Evier-cuisine-acier-inoxydable-vente-en-ligne-tunisie-yallafid-promotion-tabarka-sfax-gabes-jerba-sousse-maison.jpg 800w, https:\/\/yallafid.com\/wp-content\/uploads\/2025\/01\/Evier-cuisine-acier-inoxydable-vente-en-ligne-tunisie-yallafid-promotion-tabarka-sfax-gabes-jerba-sousse-maison-300x300.jpg 300w, https:\/\/yallafid.com\/wp-content\/uploads\/2025\/01\/Evier-cuisine-acier-inoxydable-vente-en-ligne-tunisie-yallafid-promotion-tabarka-sfax-gabes-jerba-sousse-maison-150x150.jpg 150w, https:\/\/yallafid.com\/wp-content\/uploads\/2025\/01\/Evier-cuisine-acier-inoxydable-vente-en-ligne-tunisie-yallafid-promotion-tabarka-sfax-gabes-jerba-sousse-maison-768x768.jpg 768w, https:\/\/yallafid.com\/wp-content\/uploads\/2025\/01\/Evier-cuisine-acier-inoxydable-vente-en-ligne-tunisie-yallafid-promotion-tabarka-sfax-gabes-jerba-sousse-maison-600x600.jpg 600w\" sizes=\"auto, (max-width: 800px) 100vw, 800px\" \/><\/p>\n<ul>\n<li>Adapt\u00e9 aux \u00e9viers de diff\u00e9rentes tailles; Le panier de drainage a de larges oreilles qui sont bien plac\u00e9es et faciles \u00e0 retenir lorsqu&rsquo;elles sont utilis\u00e9es.<\/li>\n<li><strong>Mat\u00e9riau de Haute Qualit\u00e9<\/strong> :L&rsquo;acier inoxydable, \u00e9paissi et \u00e9paissi, n&rsquo;est pas facilement pli\u00e9 et d\u00e9form\u00e9, et est solide et durable.<\/li>\n<li><strong>Facile \u00e0 installer<\/strong>:Pas de per\u00e7age, pas de trous, pas de colle. Le plateau d&rsquo;\u00e9gouttage s&rsquo;enclenche directement sur votre \u00e9vier. Conception de tube multi-crois\u00e9 pour emp\u00eacher les articles de tomber pendant le nettoyage.<br \/>\n<img loading=\"lazy\" decoding=\"async\" class=\"aligncenter wp-image-2089 size-full\" src=\"https:\/\/yallafid.com\/wp-content\/uploads\/2025\/01\/Evier-cuisine-acier-inoxydable-vente-en-ligne-tunisie-yallafid-promotion-tabarka-sfax-gabes-jerba-sousse-maison-1.jpg\" alt=\"\" width=\"708\" height=\"708\" srcset=\"https:\/\/yallafid.com\/wp-content\/uploads\/2025\/01\/Evier-cuisine-acier-inoxydable-vente-en-ligne-tunisie-yallafid-promotion-tabarka-sfax-gabes-jerba-sousse-maison-1.jpg 708w, https:\/\/yallafid.com\/wp-content\/uploads\/2025\/01\/Evier-cuisine-acier-inoxydable-vente-en-ligne-tunisie-yallafid-promotion-tabarka-sfax-gabes-jerba-sousse-maison-1-300x300.jpg 300w, https:\/\/yallafid.com\/wp-content\/uploads\/2025\/01\/Evier-cuisine-acier-inoxydable-vente-en-ligne-tunisie-yallafid-promotion-tabarka-sfax-gabes-jerba-sousse-maison-1-150x150.jpg 150w, https:\/\/yallafid.com\/wp-content\/uploads\/2025\/01\/Evier-cuisine-acier-inoxydable-vente-en-ligne-tunisie-yallafid-promotion-tabarka-sfax-gabes-jerba-sousse-maison-1-600x600.jpg 600w\" sizes=\"auto, (max-width: 708px) 100vw, 708px\" \/><\/li>\n<\/ul>\n<p>&nbsp;<\/p>\n<h4><\/h4>\n<p>&nbsp;<\/p>\n<p>&nbsp;<\/p>\n<p>&nbsp;<\/p>\n","protected":false},"excerpt":{"rendered":"<ul>\n<li><strong>Type de produit<\/strong> :\u00c9vier de cuisine en acier inoxydable<\/li>\n<li><strong>Mati\u00e8re :<\/strong> acier inoxydable et plastique<\/li>\n<li>R\u00e9glable<\/li>\n<li>Optimiser l\u2019espace sur le plan de travail<\/li>\n<li>Convient: la vaisselle \u2013 les l\u00e9gumes- les fruits<\/li>\n<\/ul>\n","protected":false},"featured_media":2093,"comment_status":"open","ping_status":"closed","template":"","meta":[],"product_brand":[],"product_cat":[20,25],"product_tag":[],"class_list":{"0":"post-138","1":"product","2":"type-product","3":"status-publish","4":"has-post-thumbnail","6":"product_cat-cuisine","7":"product_cat-rangement-cuisine","8":"product_shipping_class-livraison-7-tnd-fix","10":"first","11":"instock","12":"sale","13":"taxable","14":"shipping-taxable","15":"purchasable","16":"product-type-simple"},"jetpack_sharing_enabled":true,"_links":{"self":[{"href":"https:\/\/yallafid.com\/index.php?rest_route=\/wp\/v2\/product\/138","targetHints":{"allow":["GET"]}}],"collection":[{"href":"https:\/\/yallafid.com\/index.php?rest_route=\/wp\/v2\/product"}],"about":[{"href":"https:\/\/yallafid.com\/index.php?rest_route=\/wp\/v2\/types\/product"}],"replies":[{"embeddable":true,"href":"https:\/\/yallafid.com\/index.php?rest_route=%2Fwp%2Fv2%2Fcomments&post=138"}],"version-history":[{"count":2,"href":"https:\/\/yallafid.com\/index.php?rest_route=\/wp\/v2\/product\/138\/revisions"}],"predecessor-version":[{"id":2086,"href":"https:\/\/yallafid.com\/index.php?rest_route=\/wp\/v2\/product\/138\/revisions\/2086"}],"wp:featuredmedia":[{"embeddable":true,"href":"https:\/\/yallafid.com\/index.php?rest_route=\/wp\/v2\/media\/2093"}],"wp:attachment":[{"href":"https:\/\/yallafid.com\/index.php?rest_route=%2Fwp%2Fv2%2Fmedia&parent=138"}],"wp:term":[{"taxonomy":"product_brand","embeddable":true,"href":"https:\/\/yallafid.com\/index.php?rest_route=%2Fwp%2Fv2%2Fproduct_brand&post=138"},{"taxonomy":"product_cat","embeddable":true,"href":"https:\/\/yallafid.com\/index.php?rest_route=%2Fwp%2Fv2%2Fproduct_cat&post=138"},{"taxonomy":"product_tag","embeddable":true,"href":"https:\/\/yallafid.com\/index.php?rest_route=%2Fwp%2Fv2%2Fproduct_tag&post=138"}],"curies":[{"name":"wp","href":"https:\/\/api.w.org\/{rel}","templated":true}]}}