{"id":1391,"date":"2025-10-11T10:56:33","date_gmt":"2025-10-11T10:56:33","guid":{"rendered":"https:\/\/yallafid.com\/?post_type=product&#038;p=1391"},"modified":"2025-10-11T10:59:14","modified_gmt":"2025-10-11T10:59:14","slug":"cric-en-bouteille-hydraulique-2-tonnes-dingqi","status":"publish","type":"product","link":"https:\/\/yallafid.com\/?product=cric-en-bouteille-hydraulique-2-tonnes-dingqi","title":{"rendered":"Cric en bouteille hydraulique 2 tonnes-DINGQI"},"content":{"rendered":"<ul>\n<li><span dir=\"auto\" style=\"vertical-align: inherit;\"><span dir=\"auto\" style=\"vertical-align: inherit;\">Le Cric bouteille DINGQI est robuste et compact en acier. Il est \u00e9quip\u00e9 d&rsquo;un dispositif de levage hydraulique, d&rsquo;un clapet de s\u00e9curit\u00e9 \u00e0 la descente et d&rsquo;une vis de r\u00e9glage.<\/span><\/span><img loading=\"lazy\" decoding=\"async\" class=\"alignundefined wp-image-1392 size-large\" src=\"https:\/\/yallafid.com\/wp-content\/uploads\/2025\/10\/DINGQI-CRIC-BOUTEILLE-HYDRAULIQUE-2TONNES-YALLAFID-promo-enligne-tunisie-4-1024x1024.jpg\" alt=\"\" width=\"1024\" height=\"1024\" srcset=\"https:\/\/yallafid.com\/wp-content\/uploads\/2025\/10\/DINGQI-CRIC-BOUTEILLE-HYDRAULIQUE-2TONNES-YALLAFID-promo-enligne-tunisie-4-1024x1024.jpg 1024w, https:\/\/yallafid.com\/wp-content\/uploads\/2025\/10\/DINGQI-CRIC-BOUTEILLE-HYDRAULIQUE-2TONNES-YALLAFID-promo-enligne-tunisie-4-300x300.jpg 300w, https:\/\/yallafid.com\/wp-content\/uploads\/2025\/10\/DINGQI-CRIC-BOUTEILLE-HYDRAULIQUE-2TONNES-YALLAFID-promo-enligne-tunisie-4-150x150.jpg 150w, https:\/\/yallafid.com\/wp-content\/uploads\/2025\/10\/DINGQI-CRIC-BOUTEILLE-HYDRAULIQUE-2TONNES-YALLAFID-promo-enligne-tunisie-4-768x768.jpg 768w, https:\/\/yallafid.com\/wp-content\/uploads\/2025\/10\/DINGQI-CRIC-BOUTEILLE-HYDRAULIQUE-2TONNES-YALLAFID-promo-enligne-tunisie-4-600x600.jpg 600w, https:\/\/yallafid.com\/wp-content\/uploads\/2025\/10\/DINGQI-CRIC-BOUTEILLE-HYDRAULIQUE-2TONNES-YALLAFID-promo-enligne-tunisie-4.jpg 1140w\" sizes=\"auto, (max-width: 1024px) 100vw, 1024px\" \/><\/li>\n<\/ul>\n","protected":false},"excerpt":{"rendered":"<ul>\n<li><strong>Type de cric<\/strong>\u00a0:\u00a0 cric bouteille hydraulique.<\/li>\n<li><strong>Capacit\u00e9<\/strong>\u00a0: 2 tonnes.<\/li>\n<li><strong>Hauteur de levage<\/strong>\u00a0: La hauteur minimale est de 200 mm et la hauteur maximale est de 385 mm.<\/li>\n<li><strong>Caract\u00e9ristiques<\/strong>\u00a0:\u00a0 compact, fiable et portable, facilitant le levage des charges lourdes avec un effort r\u00e9duit gr\u00e2ce \u00e0 son syst\u00e8me hydraulique.<\/li>\n<\/ul>\n","protected":false},"featured_media":1393,"comment_status":"open","ping_status":"closed","template":"","meta":[],"product_brand":[],"product_cat":[85],"product_tag":[],"class_list":{"0":"post-1391","1":"product","2":"type-product","3":"status-publish","4":"has-post-thumbnail","6":"product_cat-auto-moto","7":"product_shipping_class-livraison-7-tnd-fix","9":"first","10":"instock","11":"sale","12":"taxable","13":"shipping-taxable","14":"purchasable","15":"product-type-simple"},"jetpack_sharing_enabled":true,"_links":{"self":[{"href":"https:\/\/yallafid.com\/index.php?rest_route=\/wp\/v2\/product\/1391","targetHints":{"allow":["GET"]}}],"collection":[{"href":"https:\/\/yallafid.com\/index.php?rest_route=\/wp\/v2\/product"}],"about":[{"href":"https:\/\/yallafid.com\/index.php?rest_route=\/wp\/v2\/types\/product"}],"replies":[{"embeddable":true,"href":"https:\/\/yallafid.com\/index.php?rest_route=%2Fwp%2Fv2%2Fcomments&post=1391"}],"version-history":[{"count":2,"href":"https:\/\/yallafid.com\/index.php?rest_route=\/wp\/v2\/product\/1391\/revisions"}],"predecessor-version":[{"id":1396,"href":"https:\/\/yallafid.com\/index.php?rest_route=\/wp\/v2\/product\/1391\/revisions\/1396"}],"wp:featuredmedia":[{"embeddable":true,"href":"https:\/\/yallafid.com\/index.php?rest_route=\/wp\/v2\/media\/1393"}],"wp:attachment":[{"href":"https:\/\/yallafid.com\/index.php?rest_route=%2Fwp%2Fv2%2Fmedia&parent=1391"}],"wp:term":[{"taxonomy":"product_brand","embeddable":true,"href":"https:\/\/yallafid.com\/index.php?rest_route=%2Fwp%2Fv2%2Fproduct_brand&post=1391"},{"taxonomy":"product_cat","embeddable":true,"href":"https:\/\/yallafid.com\/index.php?rest_route=%2Fwp%2Fv2%2Fproduct_cat&post=1391"},{"taxonomy":"product_tag","embeddable":true,"href":"https:\/\/yallafid.com\/index.php?rest_route=%2Fwp%2Fv2%2Fproduct_tag&post=1391"}],"curies":[{"name":"wp","href":"https:\/\/api.w.org\/{rel}","templated":true}]}}