{"id":141,"date":"2025-01-14T14:40:18","date_gmt":"2025-01-14T14:40:18","guid":{"rendered":"https:\/\/dummy.xtemos.com\/woodmart2\/marketplace2-elementor\/?post_type=product&#038;p=141"},"modified":"2025-10-23T15:43:20","modified_gmt":"2025-10-23T15:43:20","slug":"bamix-luxurylin-m200","status":"publish","type":"product","link":"https:\/\/yallafid.com\/?product=bamix-luxurylin-m200","title":{"rendered":"Moulin \u00e0 caf\u00e9 et \u00e9pices  IRONIX  950 W"},"content":{"rendered":"<h1 style=\"text-align: center;\"><strong>Moulin \u00e0 \u00c9pices et Caf\u00e9 IRONIX 100g 950W \u2013 Moulin \u00e0 \u00c9pices \u00c9lectrique IRONIX 950W Inox<\/strong><\/h1>\n<ul>\n<li><strong>Type et\u00a0 Mod\u00e8le de machine\u00a0<\/strong> <strong>: <\/strong>Moulin \u00e9lectrique pour \u00e9pices et caf\u00e9 \u2013 950 W<\/li>\n<li><strong>Mat\u00e9riau :<\/strong> m\u00e9tal robustes<\/li>\n<li><strong>Dimensions<\/strong> : Capacit\u00e9 du r\u00e9servoir 100 g<\/li>\n<\/ul>\n<p>&nbsp;<\/p>\n<p><img loading=\"lazy\" decoding=\"async\" class=\"aligncenter wp-image-2032 size-full\" src=\"https:\/\/yallafid.com\/wp-content\/uploads\/2025\/01\/MOULIN-cafe-cuisne-pratique-epices-zrir-vente-en-ligne-tuniie-yallafid-nabel-gabes-hammamet.jpg\" alt=\"\" width=\"913\" height=\"913\" srcset=\"https:\/\/yallafid.com\/wp-content\/uploads\/2025\/01\/MOULIN-cafe-cuisne-pratique-epices-zrir-vente-en-ligne-tuniie-yallafid-nabel-gabes-hammamet.jpg 913w, https:\/\/yallafid.com\/wp-content\/uploads\/2025\/01\/MOULIN-cafe-cuisne-pratique-epices-zrir-vente-en-ligne-tuniie-yallafid-nabel-gabes-hammamet-300x300.jpg 300w, https:\/\/yallafid.com\/wp-content\/uploads\/2025\/01\/MOULIN-cafe-cuisne-pratique-epices-zrir-vente-en-ligne-tuniie-yallafid-nabel-gabes-hammamet-150x150.jpg 150w, https:\/\/yallafid.com\/wp-content\/uploads\/2025\/01\/MOULIN-cafe-cuisne-pratique-epices-zrir-vente-en-ligne-tuniie-yallafid-nabel-gabes-hammamet-768x768.jpg 768w, https:\/\/yallafid.com\/wp-content\/uploads\/2025\/01\/MOULIN-cafe-cuisne-pratique-epices-zrir-vente-en-ligne-tuniie-yallafid-nabel-gabes-hammamet-600x600.jpg 600w\" sizes=\"auto, (max-width: 913px) 100vw, 913px\" \/><\/p>\n<p>&nbsp;<\/p>\n<p><strong>Caract\u00e9ristiques principales :<\/strong><\/p>\n<ul>\n<li><strong>Capacit\u00e9 :<\/strong> 100 grammes pour moudre une quantit\u00e9 suffisante en une seule fois<\/li>\n<li>\u00a0<strong>Puissance :<\/strong> de 950 W<\/li>\n<li>Design moderne et robuste, durable et facile \u00e0 int\u00e9grer dans toutes les cuisines<\/li>\n<li><strong>Simple \u00e0 utiliser<\/strong> : ajoutez les ingr\u00e9dients, fermez le couvercle et appuyez sur<\/li>\n<li>Facile \u00e0 nettoyer et \u00e0 entretenir pour un usage quotidien<\/li>\n<li>Convient pour le caf\u00e9, poivre noir, cumin, cannelle, curcuma, grains secs et autres \u00e9pices<\/li>\n<\/ul>\n<p>&nbsp;<\/p>\n<p><img loading=\"lazy\" decoding=\"async\" class=\"aligncenter wp-image-2035 size-full\" src=\"https:\/\/yallafid.com\/wp-content\/uploads\/2025\/01\/MOULIN-cafe-cuisne-pratique-epices-zrir-vente-en-ligne-tuniie-yallafid.jpg\" alt=\"\" width=\"788\" height=\"788\" srcset=\"https:\/\/yallafid.com\/wp-content\/uploads\/2025\/01\/MOULIN-cafe-cuisne-pratique-epices-zrir-vente-en-ligne-tuniie-yallafid.jpg 788w, https:\/\/yallafid.com\/wp-content\/uploads\/2025\/01\/MOULIN-cafe-cuisne-pratique-epices-zrir-vente-en-ligne-tuniie-yallafid-300x300.jpg 300w, https:\/\/yallafid.com\/wp-content\/uploads\/2025\/01\/MOULIN-cafe-cuisne-pratique-epices-zrir-vente-en-ligne-tuniie-yallafid-150x150.jpg 150w, https:\/\/yallafid.com\/wp-content\/uploads\/2025\/01\/MOULIN-cafe-cuisne-pratique-epices-zrir-vente-en-ligne-tuniie-yallafid-768x768.jpg 768w, https:\/\/yallafid.com\/wp-content\/uploads\/2025\/01\/MOULIN-cafe-cuisne-pratique-epices-zrir-vente-en-ligne-tuniie-yallafid-600x600.jpg 600w\" sizes=\"auto, (max-width: 788px) 100vw, 788px\" \/><\/p>\n<p>&nbsp;<\/p>\n<h1><strong>Avantages :<\/strong><\/h1>\n<ul>\n<li><strong>\u00a0<\/strong>Pr\u00e9server les saveurs et ar\u00f4mes frais des \u00e9pices et du caf\u00e9<\/li>\n<li>\u00a0Gain de temps gr\u00e2ce \u00e0 un broyage rapide et efficace<\/li>\n<li>\u00a0Design \u00e9l\u00e9gant et robuste pour une cuisine moderne<\/li>\n<li>Id\u00e9al pour les amateurs de caf\u00e9 et de cuisine saine<\/li>\n<\/ul>\n<p>&nbsp;<\/p>\n<p>&nbsp;<\/p>\n<p><img loading=\"lazy\" decoding=\"async\" class=\"aligncenter wp-image-2031 size-full\" src=\"https:\/\/yallafid.com\/wp-content\/uploads\/2025\/01\/MOULIN-cafe-cuisne-pratique-epices-zrir-vente-en-ligne-tuniie-yallafid-nabel-gabes-hammamet-sousse.jpg\" alt=\"\" width=\"717\" height=\"717\" srcset=\"https:\/\/yallafid.com\/wp-content\/uploads\/2025\/01\/MOULIN-cafe-cuisne-pratique-epices-zrir-vente-en-ligne-tuniie-yallafid-nabel-gabes-hammamet-sousse.jpg 717w, https:\/\/yallafid.com\/wp-content\/uploads\/2025\/01\/MOULIN-cafe-cuisne-pratique-epices-zrir-vente-en-ligne-tuniie-yallafid-nabel-gabes-hammamet-sousse-300x300.jpg 300w, https:\/\/yallafid.com\/wp-content\/uploads\/2025\/01\/MOULIN-cafe-cuisne-pratique-epices-zrir-vente-en-ligne-tuniie-yallafid-nabel-gabes-hammamet-sousse-150x150.jpg 150w, https:\/\/yallafid.com\/wp-content\/uploads\/2025\/01\/MOULIN-cafe-cuisne-pratique-epices-zrir-vente-en-ligne-tuniie-yallafid-nabel-gabes-hammamet-sousse-600x600.jpg 600w\" sizes=\"auto, (max-width: 717px) 100vw, 717px\" \/><\/p>\n<p>&nbsp;<\/p>\n<p>&nbsp;<\/p>\n<p>&nbsp;<\/p>\n<p>&nbsp;<\/p>\n","protected":false},"excerpt":{"rendered":"<ul>\n<li><strong>Type de machine<\/strong> :moulin \u00e9lectrique<\/li>\n<li><strong>Mati\u00e8re<\/strong> :en acier inoxydable<\/li>\n<li>P<strong>uissance :<\/strong> 950 W.<\/li>\n<li><strong>Capacit\u00e9 :<\/strong> 100 gramme<\/li>\n<li>\u00a0Con\u00e7u pour moudre rapidement et efficacement le caf\u00e9, les \u00e9pices, les graines et les herbes.<\/li>\n<li>Equip\u00e9 de lames en acier inoxydable et d&rsquo;un couvercle verrouillable pour une utilisation s\u00e9curis\u00e9e.<\/li>\n<\/ul>\n","protected":false},"featured_media":2032,"comment_status":"open","ping_status":"closed","template":"","meta":[],"product_brand":[],"product_cat":[126,26],"product_tag":[],"class_list":{"0":"post-141","1":"product","2":"type-product","3":"status-publish","4":"has-post-thumbnail","6":"product_cat-cafetieres-moulin-cafe","7":"product_cat-petit-electro","8":"product_shipping_class-livraison-7-tnd-fix","10":"first","11":"instock","12":"sale","13":"taxable","14":"shipping-taxable","15":"purchasable","16":"product-type-simple"},"jetpack_sharing_enabled":true,"_links":{"self":[{"href":"https:\/\/yallafid.com\/index.php?rest_route=\/wp\/v2\/product\/141","targetHints":{"allow":["GET"]}}],"collection":[{"href":"https:\/\/yallafid.com\/index.php?rest_route=\/wp\/v2\/product"}],"about":[{"href":"https:\/\/yallafid.com\/index.php?rest_route=\/wp\/v2\/types\/product"}],"replies":[{"embeddable":true,"href":"https:\/\/yallafid.com\/index.php?rest_route=%2Fwp%2Fv2%2Fcomments&post=141"}],"version-history":[{"count":2,"href":"https:\/\/yallafid.com\/index.php?rest_route=\/wp\/v2\/product\/141\/revisions"}],"predecessor-version":[{"id":2030,"href":"https:\/\/yallafid.com\/index.php?rest_route=\/wp\/v2\/product\/141\/revisions\/2030"}],"wp:featuredmedia":[{"embeddable":true,"href":"https:\/\/yallafid.com\/index.php?rest_route=\/wp\/v2\/media\/2032"}],"wp:attachment":[{"href":"https:\/\/yallafid.com\/index.php?rest_route=%2Fwp%2Fv2%2Fmedia&parent=141"}],"wp:term":[{"taxonomy":"product_brand","embeddable":true,"href":"https:\/\/yallafid.com\/index.php?rest_route=%2Fwp%2Fv2%2Fproduct_brand&post=141"},{"taxonomy":"product_cat","embeddable":true,"href":"https:\/\/yallafid.com\/index.php?rest_route=%2Fwp%2Fv2%2Fproduct_cat&post=141"},{"taxonomy":"product_tag","embeddable":true,"href":"https:\/\/yallafid.com\/index.php?rest_route=%2Fwp%2Fv2%2Fproduct_tag&post=141"}],"curies":[{"name":"wp","href":"https:\/\/api.w.org\/{rel}","templated":true}]}}