{"id":1417,"date":"2025-10-11T11:36:08","date_gmt":"2025-10-11T11:36:08","guid":{"rendered":"https:\/\/yallafid.com\/?post_type=product&#038;p=1417"},"modified":"2025-10-11T12:20:28","modified_gmt":"2025-10-11T12:20:28","slug":"1417","status":"publish","type":"product","link":"https:\/\/yallafid.com\/?product=1417","title":{"rendered":"Robot \u00e9lectrique automatique"},"content":{"rendered":"<div dir=\"auto\"><\/div>\n<div dir=\"auto\">\n<div class=\"WaaZC\">\n<div class=\"RJPOee EIJn2\">\n<h2><strong><span dir=\"auto\" style=\"vertical-align: inherit;\"><span dir=\"auto\" style=\"vertical-align: inherit;\"><span dir=\"auto\" style=\"vertical-align: inherit;\"><span dir=\"auto\" style=\"vertical-align: inherit;\">Robot \u00e9lectrique automatique avec 2 microfibres pour parquets, marbres et carrelages Compact (XM-10)<\/span><\/span><\/span><\/span><\/strong><\/h2>\n<ul>\n<li><span dir=\"auto\" style=\"vertical-align: inherit;\"><span dir=\"auto\" style=\"vertical-align: inherit;\"><span dir=\"auto\" style=\"vertical-align: inherit;\"><span dir=\"auto\" style=\"vertical-align: inherit;\">Le robot laveur X10 est con\u00e7u pour s&rsquo;int\u00e9grer \u00e0 votre style de vie, sans le perturber. Il suffit d&rsquo;appuyer sur un bouton et de laisser faire. Il pulv\u00e9rise juste assez d&rsquo;eau pour nettoyer sans trop mouiller, glisse en douceur sur tous les types de sols et ne laisse aucun recoin intouch\u00e9. Que vous viviez dans un appartement douillet ou une maison spacieuse, ce robot laveur vous offre un nettoyage professionnel, sans effort.<\/span><\/span><\/span><\/span><\/li>\n<\/ul>\n<p><img loading=\"lazy\" decoding=\"async\" class=\"aligncenter wp-image-83338 size-large\" src=\"https:\/\/promodeal.com.tn\/wp-content\/uploads\/2025\/09\/robot-automatique-nettoyage-maison-chiffon-rechargeable-promodeal-tunisie-3-Copie-800x800.jpg\" sizes=\"auto, (max-width: 800px) 100vw, 800px\" srcset=\"https:\/\/promodeal.com.tn\/wp-content\/uploads\/2025\/09\/robot-automatique-nettoyage-maison-chiffon-rechargeable-promodeal-tunisie-3-Copie-800x800.jpg 800w, https:\/\/promodeal.com.tn\/wp-content\/uploads\/2025\/09\/robot-automatique-nettoyage-maison-chiffon-rechargeable-promodeal-tunisie-3-Copie-300x300.jpg 300w, https:\/\/promodeal.com.tn\/wp-content\/uploads\/2025\/09\/robot-automatique-nettoyage-maison-chiffon-rechargeable-promodeal-tunisie-3-Copie-150x150.jpg 150w, https:\/\/promodeal.com.tn\/wp-content\/uploads\/2025\/09\/robot-automatique-nettoyage-maison-chiffon-rechargeable-promodeal-tunisie-3-Copie-768x768.jpg 768w, https:\/\/promodeal.com.tn\/wp-content\/uploads\/2025\/09\/robot-automatique-nettoyage-maison-chiffon-rechargeable-promodeal-tunisie-3-Copie-600x600.jpg 600w, https:\/\/promodeal.com.tn\/wp-content\/uploads\/2025\/09\/robot-automatique-nettoyage-maison-chiffon-rechargeable-promodeal-tunisie-3-Copie-32x32.jpg 32w, https:\/\/promodeal.com.tn\/wp-content\/uploads\/2025\/09\/robot-automatique-nettoyage-maison-chiffon-rechargeable-promodeal-tunisie-3-Copie.jpg 1080w\" alt=\"ROBOT-aspirateur-yallafid\" width=\"800\" height=\"800\" \/><\/p>\n<ul>\n<li><strong><span dir=\"auto\" style=\"vertical-align: inherit;\"><span dir=\"auto\" style=\"vertical-align: inherit;\"><span dir=\"auto\" style=\"vertical-align: inherit;\"><span dir=\"auto\" style=\"vertical-align: inherit;\">Nettoyage intelligent et mains libres :<\/span><\/span><\/span><\/span><\/strong><span dir=\"auto\" style=\"vertical-align: inherit;\"><span dir=\"auto\" style=\"vertical-align: inherit;\"><span dir=\"auto\" style=\"vertical-align: inherit;\"><span dir=\"auto\" style=\"vertical-align: inherit;\"> \u00a0le XM-10 simplifie le nettoyage quotidien des sols en glissant automatiquement sur votre espace, collectant facilement la poussi\u00e8re, la salet\u00e9 et les cheveux, parfait pour les m\u00e9nages et les bureaux tr\u00e8s fr\u00e9quents.<\/span><\/span><\/span><\/span><\/li>\n<li><strong><span dir=\"auto\" style=\"vertical-align: inherit;\"><span dir=\"auto\" style=\"vertical-align: inherit;\"><span dir=\"auto\" style=\"vertical-align: inherit;\"><span dir=\"auto\" style=\"vertical-align: inherit;\">Efficace sur plusieurs surfaces<\/span><\/span><\/span><\/span><\/strong><span dir=\"auto\" style=\"vertical-align: inherit;\"><span dir=\"auto\" style=\"vertical-align: inherit;\"><span dir=\"auto\" style=\"vertical-align: inherit;\"><span dir=\"auto\" style=\"vertical-align: inherit;\"> \u00a0: sp\u00e9cialement con\u00e7u pour nettoyer les sols en bois, les surfaces en marbre et les carreaux de c\u00e9ramique sans rayer ni laisser de traces, offrant des performances fiables sur une vari\u00e9t\u00e9 de types de sols.<\/span><\/span><\/span><\/span><\/li>\n<li><strong><span dir=\"auto\" style=\"vertical-align: inherit;\"><span dir=\"auto\" style=\"vertical-align: inherit;\"><span dir=\"auto\" style=\"vertical-align: inherit;\"><span dir=\"auto\" style=\"vertical-align: inherit;\">Lingettes en microfibre durables pour un nettoyage en profondeur<\/span><\/span><\/span><\/span><\/strong><span dir=\"auto\" style=\"vertical-align: inherit;\"><span dir=\"auto\" style=\"vertical-align: inherit;\"><span dir=\"auto\" style=\"vertical-align: inherit;\"><span dir=\"auto\" style=\"vertical-align: inherit;\"> \u00a0: \u00c9quip\u00e9es de lingettes en microfibre de qualit\u00e9 sup\u00e9rieure qui absorbent les poussi\u00e8res fines et les \u00e9claboussures l\u00e9g\u00e8res, pour une finition impeccable \u00e0 chaque fois. Lavables et r\u00e9utilisables, ils constituent une solution \u00e9cologique.<\/span><\/span><\/span><\/span><\/li>\n<li><strong><span dir=\"auto\" style=\"vertical-align: inherit;\"><span dir=\"auto\" style=\"vertical-align: inherit;\"><span dir=\"auto\" style=\"vertical-align: inherit;\"><span dir=\"auto\" style=\"vertical-align: inherit;\">Conception compacte et discr\u00e8te<\/span><\/span><\/span><\/span><\/strong><span dir=\"auto\" style=\"vertical-align: inherit;\"><span dir=\"auto\" style=\"vertical-align: inherit;\"><span dir=\"auto\" style=\"vertical-align: inherit;\"><span dir=\"auto\" style=\"vertical-align: inherit;\"> \u00a0: Con\u00e7u pour atteindre sous les meubles, les armoires et les zones difficiles d&rsquo;acc\u00e8s, le corps \u00e9l\u00e9gant et compact assure une couverture compl\u00e8te, m\u00eame dans les pi\u00e8ces \u00e9troites et sous les canap\u00e9s et les lits.<\/span><\/span><\/span><\/span><\/li>\n<li><strong><span dir=\"auto\" style=\"vertical-align: inherit;\"><span dir=\"auto\" style=\"vertical-align: inherit;\"><span dir=\"auto\" style=\"vertical-align: inherit;\"><span dir=\"auto\" style=\"vertical-align: inherit;\">Autonomie de la batterie prolong\u00e9e pour les grands espaces<\/span><\/span><\/span><\/span><\/strong><span dir=\"auto\" style=\"vertical-align: inherit;\"><span dir=\"auto\" style=\"vertical-align: inherit;\"><span dir=\"auto\" style=\"vertical-align: inherit;\"><span dir=\"auto\" style=\"vertical-align: inherit;\"> \u00a0: aliment\u00e9 par une batterie haute capacit\u00e9, le XM-10 offre de longues heures de nettoyage ininterrompu, ce qui le rend id\u00e9al pour les grandes pi\u00e8ces et les s\u00e9ances de nettoyage continues.<\/span><\/span><\/span><\/span><\/li>\n<li><strong><span dir=\"auto\" style=\"vertical-align: inherit;\"><span dir=\"auto\" style=\"vertical-align: inherit;\"><span dir=\"auto\" style=\"vertical-align: inherit;\"><span dir=\"auto\" style=\"vertical-align: inherit;\">Silencieux, efficace et facile \u00e0 utiliser<\/span><\/span><\/span><\/span><\/strong><span dir=\"auto\" style=\"vertical-align: inherit;\"><span dir=\"auto\" style=\"vertical-align: inherit;\"><span dir=\"auto\" style=\"vertical-align: inherit;\"><span dir=\"auto\" style=\"vertical-align: inherit;\"> \u00a0: fonctionne avec un minimum de bruit et ne n\u00e9cessite aucune configuration compliqu\u00e9e, vous permettant de profiter d&rsquo;un sol propre sans distractions ni interruptions de votre routine quotidienne<\/span><\/span><\/span><\/span><\/li>\n<\/ul>\n<p>&nbsp;<\/p>\n<p>&nbsp;<\/p>\n<p><img loading=\"lazy\" decoding=\"async\" class=\"aligncenter wp-image-83335 size-large\" src=\"https:\/\/promodeal.com.tn\/wp-content\/uploads\/2025\/09\/robot-automatique-nettoyage-maison-chiffon-rechargeable-promodeal-tunisie-6-Copie-800x800.jpg\" sizes=\"auto, (max-width: 800px) 100vw, 800px\" srcset=\"https:\/\/promodeal.com.tn\/wp-content\/uploads\/2025\/09\/robot-automatique-nettoyage-maison-chiffon-rechargeable-promodeal-tunisie-6-Copie-800x800.jpg 800w, https:\/\/promodeal.com.tn\/wp-content\/uploads\/2025\/09\/robot-automatique-nettoyage-maison-chiffon-rechargeable-promodeal-tunisie-6-Copie-300x300.jpg 300w, https:\/\/promodeal.com.tn\/wp-content\/uploads\/2025\/09\/robot-automatique-nettoyage-maison-chiffon-rechargeable-promodeal-tunisie-6-Copie-150x150.jpg 150w, https:\/\/promodeal.com.tn\/wp-content\/uploads\/2025\/09\/robot-automatique-nettoyage-maison-chiffon-rechargeable-promodeal-tunisie-6-Copie-768x768.jpg 768w, https:\/\/promodeal.com.tn\/wp-content\/uploads\/2025\/09\/robot-automatique-nettoyage-maison-chiffon-rechargeable-promodeal-tunisie-6-Copie-600x600.jpg 600w, https:\/\/promodeal.com.tn\/wp-content\/uploads\/2025\/09\/robot-automatique-nettoyage-maison-chiffon-rechargeable-promodeal-tunisie-6-Copie-32x32.jpg 32w, https:\/\/promodeal.com.tn\/wp-content\/uploads\/2025\/09\/robot-automatique-nettoyage-maison-chiffon-rechargeable-promodeal-tunisie-6-Copie.jpg 884w\" alt=\"ROBOT-aspirateur-yallafid\" width=\"800\" height=\"800\" \/><\/p>\n<div dir=\"auto\"><span class=\"html-span xexx8yu xyri2b x18d9i69 x1c1uobl x1hl2dhg x16tdsg8 x1vvkbs x3nfvp2 x1j61x8r x1fcty0u xdj266r xat24cr xm2jcoa x1mpyi22 xxymvpz xlup9mm x1kky2od\"><img loading=\"lazy\" decoding=\"async\" class=\"xz74otr x15mokao x1ga7v0g x16uus16 xbiv7yw\" src=\"https:\/\/static.xx.fbcdn.net\/images\/emoji.php\/v9\/t33\/1\/16\/2705.png\" alt=\"\u2705\" width=\"16\" height=\"16\" \/><\/span><span dir=\"auto\" style=\"vertical-align: inherit;\"><span dir=\"auto\" style=\"vertical-align: inherit;\"><span dir=\"auto\" style=\"vertical-align: inherit;\"><span dir=\"auto\" style=\"vertical-align: inherit;\">\u064a\u0634\u062f \u0627\u0644\u063a\u0628\u0631\u0629 \u0648 \u0627\u0644\u0648\u0633\u062e \u0645\u0646 \u0643\u0644 \u0628\u0644\u0627\u0635\u0629<\/span><\/span><\/span><\/span><\/div>\n<div dir=\"auto\"><span class=\"html-span xexx8yu xyri2b x18d9i69 x1c1uobl x1hl2dhg x16tdsg8 x1vvkbs x3nfvp2 x1j61x8r x1fcty0u xdj266r xat24cr xm2jcoa x1mpyi22 xxymvpz xlup9mm x1kky2od\"><img loading=\"lazy\" decoding=\"async\" class=\"xz74otr x15mokao x1ga7v0g x16uus16 xbiv7yw\" src=\"https:\/\/static.xx.fbcdn.net\/images\/emoji.php\/v9\/t33\/1\/16\/2705.png\" alt=\"\u2705\" width=\"16\" height=\"16\" \/><\/span><span dir=\"auto\" style=\"vertical-align: inherit;\"><span dir=\"auto\" style=\"vertical-align: inherit;\"><span dir=\"auto\" style=\"vertical-align: inherit;\"><span dir=\"auto\" style=\"vertical-align: inherit;\">\u064a\u0648\u0635\u0644 \u062d\u062a\u0649 \u0644\u0644\u0632\u0648\u0627\u064a\u0627 \u0648\u064a\u0646 \u0645\u0627 \u062a\u0648\u0635\u0644\u0634 \u0627\u0644\u0645\u0633\u0644\u062d\u0629<\/span><\/span><\/span><\/span><\/div>\n<div dir=\"auto\"><span class=\"html-span xexx8yu xyri2b x18d9i69 x1c1uobl x1hl2dhg x16tdsg8 x1vvkbs x3nfvp2 x1j61x8r x1fcty0u xdj266r xat24cr xm2jcoa x1mpyi22 xxymvpz xlup9mm x1kky2od\"><img loading=\"lazy\" decoding=\"async\" class=\"xz74otr x15mokao x1ga7v0g x16uus16 xbiv7yw\" src=\"https:\/\/static.xx.fbcdn.net\/images\/emoji.php\/v9\/t33\/1\/16\/2705.png\" alt=\"\u2705\" width=\"16\" height=\"16\" \/><\/span><span dir=\"auto\" style=\"vertical-align: inherit;\"><span dir=\"auto\" style=\"vertical-align: inherit;\"><span dir=\"auto\" style=\"vertical-align: inherit;\"><span dir=\"auto\" style=\"vertical-align: inherit;\">\u064a\u062a\u0634\u0631\u062c\u0649 \u0648\u064a\u0645\u0634\u064a \u0645\u0639\u0627\u0643 \u0628\u0627\u0644\u0633\u0627\u0647\u0644<\/span><\/span><\/span><\/span><\/div>\n<\/div>\n<\/div>\n<\/div>\n","protected":false},"excerpt":{"rendered":"<ul>\n<li><strong><span dir=\"auto\" style=\"vertical-align: inherit;\"><span dir=\"auto\" style=\"vertical-align: inherit;\"><span dir=\"auto\" style=\"vertical-align: inherit;\"><span dir=\"auto\" style=\"vertical-align: inherit;\">Type de produit<\/span><\/span><\/span><\/span><\/strong><span dir=\"auto\" style=\"vertical-align: inherit;\"><span dir=\"auto\" style=\"vertical-align: inherit;\"><span dir=\"auto\" style=\"vertical-align: inherit;\"><span dir=\"auto\" style=\"vertical-align: inherit;\"> \u00a0: Robot de nettoyage<\/span><\/span><\/span><\/span><\/li>\n<li><span dir=\"auto\" style=\"vertical-align: inherit;\"><span dir=\"auto\" style=\"vertical-align: inherit;\"><span dir=\"auto\" style=\"vertical-align: inherit;\"><span dir=\"auto\" style=\"vertical-align: inherit;\">Lavage automatique \u00e0 la vadrouille<\/span><\/span><\/span><\/span><\/li>\n<li><strong><span dir=\"auto\" style=\"vertical-align: inherit;\"><span dir=\"auto\" style=\"vertical-align: inherit;\"><span dir=\"auto\" style=\"vertical-align: inherit;\"><span dir=\"auto\" style=\"vertical-align: inherit;\">Utilisation sur<\/span><\/span><\/span><\/span><\/strong><span dir=\"auto\" style=\"vertical-align: inherit;\"><span dir=\"auto\" style=\"vertical-align: inherit;\"><span dir=\"auto\" style=\"vertical-align: inherit;\"><span dir=\"auto\" style=\"vertical-align: inherit;\"> \u00a0: marbre, bois, carrelage, parquet, etc.<\/span><\/span><\/span><\/span><\/li>\n<li><span dir=\"auto\" style=\"vertical-align: inherit;\"><span dir=\"auto\" style=\"vertical-align: inherit;\"><span dir=\"auto\" style=\"vertical-align: inherit;\"><span dir=\"auto\" style=\"vertical-align: inherit;\">Il permet le nettoyage de diverses impuret\u00e9s (principalement poussi\u00e8res, cheveux, miettes, etc.).<\/span><\/span><\/span><\/span><\/li>\n<li><strong><span dir=\"auto\" style=\"vertical-align: inherit;\"><span dir=\"auto\" style=\"vertical-align: inherit;\"><span dir=\"auto\" style=\"vertical-align: inherit;\"><span dir=\"auto\" style=\"vertical-align: inherit;\">Batterie rechargeable<\/span><\/span><\/span><\/span><\/strong><span dir=\"auto\" style=\"vertical-align: inherit;\"><span dir=\"auto\" style=\"vertical-align: inherit;\"><span dir=\"auto\" style=\"vertical-align: inherit;\"><span dir=\"auto\" style=\"vertical-align: inherit;\"> \u00a0\u2013 2400 mAh.<\/span><\/span><\/span><\/span><\/li>\n<li><span dir=\"auto\" style=\"vertical-align: inherit;\"><span dir=\"auto\" style=\"vertical-align: inherit;\"><span dir=\"auto\" style=\"vertical-align: inherit;\"><span dir=\"auto\" style=\"vertical-align: inherit;\">Pleine puissance pendant environ 4 heures.<\/span><\/span><\/span><\/span><\/li>\n<li><span dir=\"auto\" style=\"vertical-align: inherit;\"><span dir=\"auto\" style=\"vertical-align: inherit;\"><span dir=\"auto\" style=\"vertical-align: inherit;\"><span dir=\"auto\" style=\"vertical-align: inherit;\">Fournit de l&rsquo;\u00e9nergie pendant environ 90 minutes.<\/span><\/span><\/span><\/span><\/li>\n<li><span dir=\"auto\" style=\"vertical-align: inherit;\"><span dir=\"auto\" style=\"vertical-align: inherit;\"><span dir=\"auto\" style=\"vertical-align: inherit;\"><span dir=\"auto\" style=\"vertical-align: inherit;\">Chiffon \u2013 facile \u00e0 nettoyer.<\/span><\/span><\/span><\/span><\/li>\n<li><span dir=\"auto\" style=\"vertical-align: inherit;\"><span dir=\"auto\" style=\"vertical-align: inherit;\"><span dir=\"auto\" style=\"vertical-align: inherit;\"><span dir=\"auto\" style=\"vertical-align: inherit;\">Equip\u00e9 d&rsquo;une poign\u00e9e pour un transport pratique.<\/span><\/span><\/span><\/span><\/li>\n<\/ul>\n","protected":false},"featured_media":1418,"comment_status":"open","ping_status":"closed","template":"","meta":[],"product_brand":[],"product_cat":[120],"product_tag":[],"class_list":{"0":"post-1417","1":"product","2":"type-product","3":"status-publish","4":"has-post-thumbnail","6":"product_cat-aspirateur","7":"product_shipping_class-livraison-7-tnd-fix","9":"first","10":"instock","11":"sale","12":"taxable","13":"shipping-taxable","14":"purchasable","15":"product-type-simple"},"jetpack_sharing_enabled":true,"_links":{"self":[{"href":"https:\/\/yallafid.com\/index.php?rest_route=\/wp\/v2\/product\/1417","targetHints":{"allow":["GET"]}}],"collection":[{"href":"https:\/\/yallafid.com\/index.php?rest_route=\/wp\/v2\/product"}],"about":[{"href":"https:\/\/yallafid.com\/index.php?rest_route=\/wp\/v2\/types\/product"}],"replies":[{"embeddable":true,"href":"https:\/\/yallafid.com\/index.php?rest_route=%2Fwp%2Fv2%2Fcomments&post=1417"}],"version-history":[{"count":5,"href":"https:\/\/yallafid.com\/index.php?rest_route=\/wp\/v2\/product\/1417\/revisions"}],"predecessor-version":[{"id":1426,"href":"https:\/\/yallafid.com\/index.php?rest_route=\/wp\/v2\/product\/1417\/revisions\/1426"}],"wp:featuredmedia":[{"embeddable":true,"href":"https:\/\/yallafid.com\/index.php?rest_route=\/wp\/v2\/media\/1418"}],"wp:attachment":[{"href":"https:\/\/yallafid.com\/index.php?rest_route=%2Fwp%2Fv2%2Fmedia&parent=1417"}],"wp:term":[{"taxonomy":"product_brand","embeddable":true,"href":"https:\/\/yallafid.com\/index.php?rest_route=%2Fwp%2Fv2%2Fproduct_brand&post=1417"},{"taxonomy":"product_cat","embeddable":true,"href":"https:\/\/yallafid.com\/index.php?rest_route=%2Fwp%2Fv2%2Fproduct_cat&post=1417"},{"taxonomy":"product_tag","embeddable":true,"href":"https:\/\/yallafid.com\/index.php?rest_route=%2Fwp%2Fv2%2Fproduct_tag&post=1417"}],"curies":[{"name":"wp","href":"https:\/\/api.w.org\/{rel}","templated":true}]}}