{"id":143,"date":"2025-01-14T14:40:18","date_gmt":"2025-01-14T14:40:18","guid":{"rendered":"https:\/\/dummy.xtemos.com\/woodmart2\/marketplace2-elementor\/?post_type=product&#038;p=143"},"modified":"2025-10-23T16:12:56","modified_gmt":"2025-10-23T16:12:56","slug":"braun-mq3135bk-sauce","status":"publish","type":"product","link":"https:\/\/yallafid.com\/?product=braun-mq3135bk-sauce","title":{"rendered":"Moulin \u00e0 caf\u00e9 manuel vintage en bois"},"content":{"rendered":"<h1 style=\"text-align: center;\"><strong><span dir=\"auto\" style=\"vertical-align: inherit;\"><span dir=\"auto\" style=\"vertical-align: inherit;\">Moulin \u00e0 caf\u00e9 manuel vintage en bois &#8211; R\u00e9glage de grossi\u00e8ret\u00e9 &#8211; Pour la maison, la cuisine, le bureau, le camping et les voyages<\/span><\/span><\/strong><\/h1>\n<ul>\n<li><strong><span dir=\"auto\" style=\"vertical-align: inherit;\"><span dir=\"auto\" style=\"vertical-align: inherit;\">3 \u00e9paisseurs r\u00e9glables<\/span><\/span><\/strong><span dir=\"auto\" style=\"vertical-align: inherit;\"><span dir=\"auto\" style=\"vertical-align: inherit;\"> : la poudre de caf\u00e9 est divis\u00e9e en trois types : grossier, moyen et fin. Vous pouvez faire pivoter la pi\u00e8ce de r\u00e9glage vers le haut ou vers le bas. Apr\u00e8s avoir r\u00e9gl\u00e9 la pi\u00e8ce de r\u00e9glage, installez la boucle et d&rsquo;autres accessoires pour fonctionner.<\/span><\/span><\/li>\n<\/ul>\n<p>&nbsp;<\/p>\n<p><img loading=\"lazy\" decoding=\"async\" class=\"aligncenter wp-image-2046 size-full\" src=\"https:\/\/yallafid.com\/wp-content\/uploads\/2025\/01\/moulin-manuelle-bois-cafe-cuisne-tunisie-yallafid-tabarka-nabel-monastir-gabes-hammamet-sfax-meginne.jpg\" alt=\"\" width=\"679\" height=\"679\" srcset=\"https:\/\/yallafid.com\/wp-content\/uploads\/2025\/01\/moulin-manuelle-bois-cafe-cuisne-tunisie-yallafid-tabarka-nabel-monastir-gabes-hammamet-sfax-meginne.jpg 679w, https:\/\/yallafid.com\/wp-content\/uploads\/2025\/01\/moulin-manuelle-bois-cafe-cuisne-tunisie-yallafid-tabarka-nabel-monastir-gabes-hammamet-sfax-meginne-300x300.jpg 300w, https:\/\/yallafid.com\/wp-content\/uploads\/2025\/01\/moulin-manuelle-bois-cafe-cuisne-tunisie-yallafid-tabarka-nabel-monastir-gabes-hammamet-sfax-meginne-150x150.jpg 150w, https:\/\/yallafid.com\/wp-content\/uploads\/2025\/01\/moulin-manuelle-bois-cafe-cuisne-tunisie-yallafid-tabarka-nabel-monastir-gabes-hammamet-sfax-meginne-600x600.jpg 600w\" sizes=\"auto, (max-width: 679px) 100vw, 679px\" \/><\/p>\n<ul>\n<li><strong><span dir=\"auto\" style=\"vertical-align: inherit;\"><span dir=\"auto\" style=\"vertical-align: inherit;\">Fonctionnement manuel simple<\/span><\/span><\/strong><span dir=\"auto\" style=\"vertical-align: inherit;\"><span dir=\"auto\" style=\"vertical-align: inherit;\"> : il suffit de verser vos grains dans le moulin, de configurer votre mouture souhait\u00e9e, de tourner la poign\u00e9e pour moudre, la poign\u00e9e ergonomique est facile \u00e0 utiliser, plus stable et plus d&rsquo;effort, avec des autocollants antid\u00e9rapants sur le fond pour la stabilit\u00e9 lors de l&rsquo;utilisation. Un accessoire indispensable pour vous aider \u00e0 pr\u00e9parer facilement un caf\u00e9 fra\u00eechement moulu savoureux, rapide et sans aucun d\u00e9sordre.<\/span><\/span><\/li>\n<\/ul>\n<p>&nbsp;<\/p>\n<p><img loading=\"lazy\" decoding=\"async\" class=\"aligncenter wp-image-2048 size-full\" src=\"https:\/\/yallafid.com\/wp-content\/uploads\/2025\/01\/moulin-manuelle-bois-cafe-cuisne-tunisie-yallafid-tabarka-nabel-monastir-gabes-hammamet.jpg\" alt=\"\" width=\"679\" height=\"679\" srcset=\"https:\/\/yallafid.com\/wp-content\/uploads\/2025\/01\/moulin-manuelle-bois-cafe-cuisne-tunisie-yallafid-tabarka-nabel-monastir-gabes-hammamet.jpg 679w, https:\/\/yallafid.com\/wp-content\/uploads\/2025\/01\/moulin-manuelle-bois-cafe-cuisne-tunisie-yallafid-tabarka-nabel-monastir-gabes-hammamet-300x300.jpg 300w, https:\/\/yallafid.com\/wp-content\/uploads\/2025\/01\/moulin-manuelle-bois-cafe-cuisne-tunisie-yallafid-tabarka-nabel-monastir-gabes-hammamet-150x150.jpg 150w, https:\/\/yallafid.com\/wp-content\/uploads\/2025\/01\/moulin-manuelle-bois-cafe-cuisne-tunisie-yallafid-tabarka-nabel-monastir-gabes-hammamet-600x600.jpg 600w\" sizes=\"auto, (max-width: 679px) 100vw, 679px\" \/><\/p>\n<ul>\n<li><strong><span dir=\"auto\" style=\"vertical-align: inherit;\"><span dir=\"auto\" style=\"vertical-align: inherit;\">D\u00e9coration \u00e9l\u00e9gante et cadeau parfai<\/span><\/span><\/strong><span dir=\"auto\" style=\"vertical-align: inherit;\"><span dir=\"auto\" style=\"vertical-align: inherit;\"> t : le moulin \u00e0 caf\u00e9 vintage d\u00e9gage un charme antique avec son travail artisanal, non seulement peut moudre le caf\u00e9, mais aussi servir de d\u00e9coration \u00e9l\u00e9gante pour ajouter une touche de couleur et d&rsquo;identit\u00e9 \u00e0 votre cuisine. En outre, cette machine unique est tr\u00e8s appropri\u00e9e comme cadeau pour des amis ou tout simplement pour pr\u00e9senter des grains de caf\u00e9 moulus dans un caf\u00e9.<\/span><\/span><\/li>\n<li><strong><span dir=\"auto\" style=\"vertical-align: inherit;\"><span dir=\"auto\" style=\"vertical-align: inherit;\">Moulin \u00e0 caf\u00e9 manuel r\u00e9tro :<\/span><\/span><\/strong><span dir=\"auto\" style=\"vertical-align: inherit;\"><span dir=\"auto\" style=\"vertical-align: inherit;\"> ce moulin \u00e0 caf\u00e9 de style r\u00e9tro est habilement construit, con\u00e7u avec une bavure conique en c\u00e9ramique, un bol \u00e0 grains en m\u00e9tal \u00e9pais, un tiroir en bois, une manivelle manuelle, peut facilement g\u00e9rer divers travaux de broyage de votre expresso et caf\u00e9s \u00e0 goutte faits maison, vous permettant de profiter d&rsquo;un caf\u00e9 frais moulu de saveur \u00e0 tout moment.<\/span><\/span><\/li>\n<\/ul>\n<p><img loading=\"lazy\" decoding=\"async\" class=\"aligncenter wp-image-2050 size-full\" src=\"https:\/\/yallafid.com\/wp-content\/uploads\/2025\/01\/moulin-manuelle-bois-cafe-cuisne-tunisie-yallafid-tabarka-nabel-monastir.jpg\" alt=\"\" width=\"600\" height=\"600\" srcset=\"https:\/\/yallafid.com\/wp-content\/uploads\/2025\/01\/moulin-manuelle-bois-cafe-cuisne-tunisie-yallafid-tabarka-nabel-monastir.jpg 600w, https:\/\/yallafid.com\/wp-content\/uploads\/2025\/01\/moulin-manuelle-bois-cafe-cuisne-tunisie-yallafid-tabarka-nabel-monastir-300x300.jpg 300w, https:\/\/yallafid.com\/wp-content\/uploads\/2025\/01\/moulin-manuelle-bois-cafe-cuisne-tunisie-yallafid-tabarka-nabel-monastir-150x150.jpg 150w\" sizes=\"auto, (max-width: 600px) 100vw, 600px\" \/><\/p>\n<ul>\n<li><strong><span dir=\"auto\" style=\"vertical-align: inherit;\"><span dir=\"auto\" style=\"vertical-align: inherit;\">Moulin \u00e0 caf\u00e9 de fabrication exquise :<\/span><\/span><\/strong><span dir=\"auto\" style=\"vertical-align: inherit;\"><span dir=\"auto\" style=\"vertical-align: inherit;\"> fabriqu\u00e9 en bois de pin de haute qualit\u00e9 et en fonte solide, ce moulin \u00e0 caf\u00e9 \u00e0 manivelle a une structure robuste. Il ne g\u00e9n\u00e8re pas de chaleur et d&rsquo;odeur de m\u00e9tal lors du broyage, peut conserver pleinement la saveur originale du grain de caf\u00e9, vous appr\u00e9cierez un caf\u00e9 doux parfum\u00e9 tous les jours.<\/span><\/span><\/li>\n<\/ul>\n<p>&nbsp;<\/p>\n<h4><\/h4>\n<p>&nbsp;<\/p>\n","protected":false},"excerpt":{"rendered":"<ul>\n<li><strong>Type de machine\u00a0<\/strong> :moulin \u00e0 caf\u00e9.<\/li>\n<li><strong>Mati\u00e8re<\/strong> : bois -c\u00e9ramique<\/li>\n<li><strong>Couleur<\/strong>: marron<\/li>\n<li>L\u00e9g\u00e8re et portable<\/li>\n<li><strong>Noyau de meulage<\/strong> : noyau interne en c\u00e9ramique.<\/li>\n<li><strong>Bonnet<\/strong> : environ 2 \u00e0 3 tasses<\/li>\n<\/ul>\n","protected":false},"featured_media":2049,"comment_status":"open","ping_status":"closed","template":"","meta":[],"product_brand":[],"product_cat":[132,26],"product_tag":[],"class_list":{"0":"post-143","1":"product","2":"type-product","3":"status-publish","4":"has-post-thumbnail","6":"product_cat-mini-machine-cafe","7":"product_cat-petit-electro","8":"product_shipping_class-livraison-7-tnd-fix","10":"first","11":"instock","12":"sale","13":"taxable","14":"shipping-taxable","15":"purchasable","16":"product-type-simple"},"jetpack_sharing_enabled":true,"_links":{"self":[{"href":"https:\/\/yallafid.com\/index.php?rest_route=\/wp\/v2\/product\/143","targetHints":{"allow":["GET"]}}],"collection":[{"href":"https:\/\/yallafid.com\/index.php?rest_route=\/wp\/v2\/product"}],"about":[{"href":"https:\/\/yallafid.com\/index.php?rest_route=\/wp\/v2\/types\/product"}],"replies":[{"embeddable":true,"href":"https:\/\/yallafid.com\/index.php?rest_route=%2Fwp%2Fv2%2Fcomments&post=143"}],"version-history":[{"count":3,"href":"https:\/\/yallafid.com\/index.php?rest_route=\/wp\/v2\/product\/143\/revisions"}],"predecessor-version":[{"id":2044,"href":"https:\/\/yallafid.com\/index.php?rest_route=\/wp\/v2\/product\/143\/revisions\/2044"}],"wp:featuredmedia":[{"embeddable":true,"href":"https:\/\/yallafid.com\/index.php?rest_route=\/wp\/v2\/media\/2049"}],"wp:attachment":[{"href":"https:\/\/yallafid.com\/index.php?rest_route=%2Fwp%2Fv2%2Fmedia&parent=143"}],"wp:term":[{"taxonomy":"product_brand","embeddable":true,"href":"https:\/\/yallafid.com\/index.php?rest_route=%2Fwp%2Fv2%2Fproduct_brand&post=143"},{"taxonomy":"product_cat","embeddable":true,"href":"https:\/\/yallafid.com\/index.php?rest_route=%2Fwp%2Fv2%2Fproduct_cat&post=143"},{"taxonomy":"product_tag","embeddable":true,"href":"https:\/\/yallafid.com\/index.php?rest_route=%2Fwp%2Fv2%2Fproduct_tag&post=143"}],"curies":[{"name":"wp","href":"https:\/\/api.w.org\/{rel}","templated":true}]}}