{"id":1449,"date":"2025-10-11T14:19:19","date_gmt":"2025-10-11T14:19:19","guid":{"rendered":"https:\/\/yallafid.com\/?post_type=product&#038;p=1449"},"modified":"2025-10-11T14:19:19","modified_gmt":"2025-10-11T14:19:19","slug":"hub-usb-4-ports-avec-interrupteur","status":"publish","type":"product","link":"https:\/\/yallafid.com\/?product=hub-usb-4-ports-avec-interrupteur","title":{"rendered":"Hub USB 4 Ports avec Interrupteur"},"content":{"rendered":"<ul>\n<li><strong>Type de hub<\/strong>\u00a0: Il s\u2019agit d\u2019un hub USB 2.0, ce qui indique la vitesse de transfert de donn\u00e9es.<\/li>\n<li><strong>Fonctionnalit\u00e9<\/strong>\u00a0: Il permet de connecter plusieurs p\u00e9riph\u00e9riques USB (souris, clavier, cl\u00e9s USB, etc.) \u00e0 un seul port de votre ordinateur.<\/li>\n<li><strong>Caract\u00e9ristiques<\/strong>\u00a0: Le hub sur l\u2019image est dot\u00e9 de plusieurs ports USB et d\u2019interrupteurs individuels pour chaque port, ce qui permet de contr\u00f4ler l\u2019alimentation de chaque p\u00e9riph\u00e9rique connect\u00e9.<\/li>\n<li>Alimentation : L\u2019image montre un port pour une alimentation externe, ce qui sugg\u00e8re qu\u2019il peut \u00eatre un hub actif, capable de fournir plus de puissance aux p\u00e9riph\u00e9riques connect\u00e9s.<\/li>\n<\/ul>\n","protected":false},"excerpt":{"rendered":"<ul>\n<li><strong>Nombre de port<\/strong>\u00a0: 4 ports USB\u00a0 int\u00e9gr\u00e9 marche et arr\u00eat,<\/li>\n<li><strong>Longueur de C\u00e2ble:<\/strong>\u00a00.5 M<\/li>\n<li><strong>Couleur:<\/strong>\u00a0Noir<\/li>\n<li>Ce petit hub USB \u00e9conomise de la place, facile \u00e0 transporter dans les bagages<\/li>\n<li>Contr\u00f4le facile des appareils connect\u00e9s.<\/li>\n<li><strong>Fonctionnalit\u00e9<\/strong>\u00a0: Il permet de connecter plusieurs p\u00e9riph\u00e9riques USB (souris, clavier, cl\u00e9s USB, etc.) \u00e0 un seul port de votre ordinateur.<\/li>\n<\/ul>\n","protected":false},"featured_media":1450,"comment_status":"open","ping_status":"closed","template":"","meta":[],"product_brand":[],"product_cat":[35],"product_tag":[],"class_list":{"0":"post-1449","1":"product","2":"type-product","3":"status-publish","4":"has-post-thumbnail","6":"product_cat-informatique","7":"product_shipping_class-livraison-7-tnd-fix","9":"first","10":"instock","11":"sale","12":"taxable","13":"shipping-taxable","14":"purchasable","15":"product-type-simple"},"jetpack_sharing_enabled":true,"_links":{"self":[{"href":"https:\/\/yallafid.com\/index.php?rest_route=\/wp\/v2\/product\/1449","targetHints":{"allow":["GET"]}}],"collection":[{"href":"https:\/\/yallafid.com\/index.php?rest_route=\/wp\/v2\/product"}],"about":[{"href":"https:\/\/yallafid.com\/index.php?rest_route=\/wp\/v2\/types\/product"}],"replies":[{"embeddable":true,"href":"https:\/\/yallafid.com\/index.php?rest_route=%2Fwp%2Fv2%2Fcomments&post=1449"}],"version-history":[{"count":1,"href":"https:\/\/yallafid.com\/index.php?rest_route=\/wp\/v2\/product\/1449\/revisions"}],"predecessor-version":[{"id":1453,"href":"https:\/\/yallafid.com\/index.php?rest_route=\/wp\/v2\/product\/1449\/revisions\/1453"}],"wp:featuredmedia":[{"embeddable":true,"href":"https:\/\/yallafid.com\/index.php?rest_route=\/wp\/v2\/media\/1450"}],"wp:attachment":[{"href":"https:\/\/yallafid.com\/index.php?rest_route=%2Fwp%2Fv2%2Fmedia&parent=1449"}],"wp:term":[{"taxonomy":"product_brand","embeddable":true,"href":"https:\/\/yallafid.com\/index.php?rest_route=%2Fwp%2Fv2%2Fproduct_brand&post=1449"},{"taxonomy":"product_cat","embeddable":true,"href":"https:\/\/yallafid.com\/index.php?rest_route=%2Fwp%2Fv2%2Fproduct_cat&post=1449"},{"taxonomy":"product_tag","embeddable":true,"href":"https:\/\/yallafid.com\/index.php?rest_route=%2Fwp%2Fv2%2Fproduct_tag&post=1449"}],"curies":[{"name":"wp","href":"https:\/\/api.w.org\/{rel}","templated":true}]}}