{"id":146,"date":"2025-01-14T14:40:18","date_gmt":"2025-01-14T14:40:18","guid":{"rendered":"https:\/\/dummy.xtemos.com\/woodmart2\/marketplace2-elementor\/?post_type=product&#038;p=146"},"modified":"2025-10-29T10:47:45","modified_gmt":"2025-10-29T10:47:45","slug":"electrolux-ew8w261bu","status":"publish","type":"product","link":"https:\/\/yallafid.com\/?product=electrolux-ew8w261bu","title":{"rendered":"Tondeuse \u00e0 cheveux professionnelle sans fil VGR V-945"},"content":{"rendered":"<h2 style=\"text-align: center;\"><strong>Tondeuse \u00e0 cheveux- homme- barbe-moustache et cheveux- cadeau\u00a0<\/strong><\/h2>\n<p>&nbsp;<\/p>\n<ul>\n<li>Dot\u00e9e d&rsquo;un moteur de 7000 tr\/min et de lames en c\u00e9ramique et en poudre m\u00e9tallurgique pour une coupe pr\u00e9cise.<\/li>\n<li>Poss\u00e8de un \u00e9cran LED qui affiche la dur\u00e9e de vie de la batterie.<\/li>\n<li>La batterie au lithium de 1400 mAh offre jusqu&rsquo;\u00e0 180 minutes d&rsquo;autonomie apr\u00e8s une charge de 2,5 heures via USB.<\/li>\n<li>Le kit comprend 4 sabots de guidage de 1 mm \u00e0 7 mm, une brosse de nettoyage, de l&rsquo;huile et un c\u00e2ble de charge USB.<\/li>\n<\/ul>\n<p>&nbsp;<\/p>\n<h4><\/h4>\n<p>&nbsp;<\/p>\n","protected":false},"excerpt":{"rendered":"<ul>\n<li><strong>Mod\u00e8le<\/strong>: V-945<\/li>\n<li><strong>Temps de charge:<\/strong> 8 heures<\/li>\n<li><strong>Mati\u00e8re<\/strong> : ABS + Lame en acier inoxydable<\/li>\n<li><strong>Utilisation:<\/strong> Corps, Visage<\/li>\n<li>4 r\u00e9glages de longueur<\/li>\n<li>Affichage LED<\/li>\n<li>Rechargeable<\/li>\n<li>Inclus :Avec tondeuse \u00e0 cheveux, peigne, huile, brosse, adaptateur de charge, livret d\u2019instructions complet<\/li>\n<\/ul>\n","protected":false},"featured_media":2388,"comment_status":"open","ping_status":"closed","template":"","meta":[],"product_brand":[65],"product_cat":[34,44,191],"product_tag":[],"class_list":{"0":"post-146","1":"product","2":"type-product","3":"status-publish","4":"has-post-thumbnail","6":"product_brand-benq","7":"product_cat-beaute-soins","8":"product_cat-soins-beaute-homme","9":"product_cat-tondeuses-rasoirs","10":"product_shipping_class-livraison-7-tnd-fix","12":"first","13":"instock","14":"sale","15":"taxable","16":"shipping-taxable","17":"purchasable","18":"product-type-simple"},"jetpack_sharing_enabled":true,"_links":{"self":[{"href":"https:\/\/yallafid.com\/index.php?rest_route=\/wp\/v2\/product\/146","targetHints":{"allow":["GET"]}}],"collection":[{"href":"https:\/\/yallafid.com\/index.php?rest_route=\/wp\/v2\/product"}],"about":[{"href":"https:\/\/yallafid.com\/index.php?rest_route=\/wp\/v2\/types\/product"}],"replies":[{"embeddable":true,"href":"https:\/\/yallafid.com\/index.php?rest_route=%2Fwp%2Fv2%2Fcomments&post=146"}],"version-history":[{"count":2,"href":"https:\/\/yallafid.com\/index.php?rest_route=\/wp\/v2\/product\/146\/revisions"}],"predecessor-version":[{"id":2384,"href":"https:\/\/yallafid.com\/index.php?rest_route=\/wp\/v2\/product\/146\/revisions\/2384"}],"wp:featuredmedia":[{"embeddable":true,"href":"https:\/\/yallafid.com\/index.php?rest_route=\/wp\/v2\/media\/2388"}],"wp:attachment":[{"href":"https:\/\/yallafid.com\/index.php?rest_route=%2Fwp%2Fv2%2Fmedia&parent=146"}],"wp:term":[{"taxonomy":"product_brand","embeddable":true,"href":"https:\/\/yallafid.com\/index.php?rest_route=%2Fwp%2Fv2%2Fproduct_brand&post=146"},{"taxonomy":"product_cat","embeddable":true,"href":"https:\/\/yallafid.com\/index.php?rest_route=%2Fwp%2Fv2%2Fproduct_cat&post=146"},{"taxonomy":"product_tag","embeddable":true,"href":"https:\/\/yallafid.com\/index.php?rest_route=%2Fwp%2Fv2%2Fproduct_tag&post=146"}],"curies":[{"name":"wp","href":"https:\/\/api.w.org\/{rel}","templated":true}]}}