{"id":1465,"date":"2025-10-11T19:11:39","date_gmt":"2025-10-11T19:11:39","guid":{"rendered":"https:\/\/yallafid.com\/?post_type=product&#038;p=1465"},"modified":"2025-10-11T19:11:39","modified_gmt":"2025-10-11T19:11:39","slug":"chargeur-universal-pour-pc-portable-96w-12-24v","status":"publish","type":"product","link":"https:\/\/yallafid.com\/?product=chargeur-universal-pour-pc-portable-96w-12-24v","title":{"rendered":"Chargeur Universal Pour PC Portable  96w 12-24v"},"content":{"rendered":"<p style=\"text-align: center;\"><strong>Adaptateur secteur universel pour ordinateur portable.<\/strong><\/p>\n<ul>\n<li>Convient pour\u00a0 les ordinateurs portables.<\/li>\n<li>Equip\u00e9 de plusieurs connecteurs pour assurer la compatibilit\u00e9 avec la plupart des mod\u00e8les d\u2019ordinateurs portables.<\/li>\n<li>Nombres de connecteurs : 8 connecteurs interchangeables.<\/li>\n<li><strong>Plage de tension:<\/strong> 12 \u00e0 24V<\/li>\n<li><strong>Puissance :<\/strong> 100 Watts.<\/li>\n<\/ul>\n","protected":false},"excerpt":{"rendered":"<ul>\n<li><strong>Type de produit<\/strong>: chargeur Universal<\/li>\n<li>Sortie interchangeable Pour PC Portable et divers \u00e9quipements<\/li>\n<li>Multiple PC portables Laptop gr\u00e2ce \u00e0 l\u2019embout interchangeable.<\/li>\n<li><strong>Chargeur<\/strong> : de PDA, MP3, MP4 et autres \u00e9quipements.<\/li>\n<li><strong>Nombres de connecteurs<\/strong> : 8 connecteurs interchangeables.<\/li>\n<li><strong>Alimentation<\/strong> :96-120 W &#8211; 12-24V<\/li>\n<li>Avec Indicateur LED<\/li>\n<\/ul>\n","protected":false},"featured_media":1468,"comment_status":"open","ping_status":"closed","template":"","meta":[],"product_brand":[],"product_cat":[35],"product_tag":[],"class_list":{"0":"post-1465","1":"product","2":"type-product","3":"status-publish","4":"has-post-thumbnail","6":"product_cat-informatique","7":"product_shipping_class-livraison-7-tnd-fix","9":"first","10":"instock","11":"sale","12":"taxable","13":"shipping-taxable","14":"purchasable","15":"product-type-simple"},"jetpack_sharing_enabled":true,"_links":{"self":[{"href":"https:\/\/yallafid.com\/index.php?rest_route=\/wp\/v2\/product\/1465","targetHints":{"allow":["GET"]}}],"collection":[{"href":"https:\/\/yallafid.com\/index.php?rest_route=\/wp\/v2\/product"}],"about":[{"href":"https:\/\/yallafid.com\/index.php?rest_route=\/wp\/v2\/types\/product"}],"replies":[{"embeddable":true,"href":"https:\/\/yallafid.com\/index.php?rest_route=%2Fwp%2Fv2%2Fcomments&post=1465"}],"version-history":[{"count":1,"href":"https:\/\/yallafid.com\/index.php?rest_route=\/wp\/v2\/product\/1465\/revisions"}],"predecessor-version":[{"id":1469,"href":"https:\/\/yallafid.com\/index.php?rest_route=\/wp\/v2\/product\/1465\/revisions\/1469"}],"wp:featuredmedia":[{"embeddable":true,"href":"https:\/\/yallafid.com\/index.php?rest_route=\/wp\/v2\/media\/1468"}],"wp:attachment":[{"href":"https:\/\/yallafid.com\/index.php?rest_route=%2Fwp%2Fv2%2Fmedia&parent=1465"}],"wp:term":[{"taxonomy":"product_brand","embeddable":true,"href":"https:\/\/yallafid.com\/index.php?rest_route=%2Fwp%2Fv2%2Fproduct_brand&post=1465"},{"taxonomy":"product_cat","embeddable":true,"href":"https:\/\/yallafid.com\/index.php?rest_route=%2Fwp%2Fv2%2Fproduct_cat&post=1465"},{"taxonomy":"product_tag","embeddable":true,"href":"https:\/\/yallafid.com\/index.php?rest_route=%2Fwp%2Fv2%2Fproduct_tag&post=1465"}],"curies":[{"name":"wp","href":"https:\/\/api.w.org\/{rel}","templated":true}]}}