{"id":147,"date":"2025-01-14T14:40:18","date_gmt":"2025-01-14T14:40:18","guid":{"rendered":"https:\/\/dummy.xtemos.com\/woodmart2\/marketplace2-elementor\/?post_type=product&#038;p=147"},"modified":"2026-01-13T10:31:11","modified_gmt":"2026-01-13T10:31:11","slug":"premium-vcc","status":"publish","type":"product","link":"https:\/\/yallafid.com\/?product=premium-vcc","title":{"rendered":"Hand Grip Poign\u00e9e r\u00e9glable de 100 kg"},"content":{"rendered":"<h2 style=\"text-align: center;\"><strong>Hand Grip Poign\u00e9e r\u00e9glable de 100 kg pour\u00a0 exercices de fitness, entra\u00eenement du poignet for augmenter la force, extenseur \u00e0 ressort Grip Musculation<\/strong><\/h2>\n<p>&nbsp;<\/p>\n<ul>\n<li>Un appareil de musculation compact con\u00e7u pour renforcer les muscles des mains, des poignets et des avant-bras.<\/li>\n<li>La r\u00e9sistance est r\u00e9glable, entre 10 et 100 kg , ce qui le rend polyvalent pour diff\u00e9rents niveaux de force.<\/li>\n<li>Equip\u00e9 d&rsquo;un compteur intelligent int\u00e9gr\u00e9 pour suivre les progr\u00e8s et le nombre de r\u00e9p\u00e9titions.<\/li>\n<li>Le design ergonomique et les poign\u00e9es antid\u00e9rapantes assurent un bon confort et une bonne prise en main pendant l&rsquo;utilisation<\/li>\n<\/ul>\n<p><img loading=\"lazy\" decoding=\"async\" class=\"aligncenter wp-image-2487 size-full\" src=\"https:\/\/yallafid.com\/wp-content\/uploads\/2025\/01\/Hand-Grip-Poignee-reglable-100kg-exercices-fitness-sport-musculation-yallafid-tunisie-facebook-.jpg\" alt=\"\" width=\"889\" height=\"890\" srcset=\"https:\/\/yallafid.com\/wp-content\/uploads\/2025\/01\/Hand-Grip-Poignee-reglable-100kg-exercices-fitness-sport-musculation-yallafid-tunisie-facebook-.jpg 889w, https:\/\/yallafid.com\/wp-content\/uploads\/2025\/01\/Hand-Grip-Poignee-reglable-100kg-exercices-fitness-sport-musculation-yallafid-tunisie-facebook--300x300.jpg 300w, https:\/\/yallafid.com\/wp-content\/uploads\/2025\/01\/Hand-Grip-Poignee-reglable-100kg-exercices-fitness-sport-musculation-yallafid-tunisie-facebook--150x150.jpg 150w, https:\/\/yallafid.com\/wp-content\/uploads\/2025\/01\/Hand-Grip-Poignee-reglable-100kg-exercices-fitness-sport-musculation-yallafid-tunisie-facebook--768x769.jpg 768w, https:\/\/yallafid.com\/wp-content\/uploads\/2025\/01\/Hand-Grip-Poignee-reglable-100kg-exercices-fitness-sport-musculation-yallafid-tunisie-facebook--600x600.jpg 600w\" sizes=\"auto, (max-width: 889px) 100vw, 889px\" \/><\/p>\n<h4><\/h4>\n<p>&nbsp;<\/p>\n<h4><\/h4>\n<p>&nbsp;<\/p>\n<h4><\/h4>\n<p>&nbsp;<\/p>\n<p>&nbsp;<\/p>\n<h4><\/h4>\n<p>&nbsp;<\/p>\n<h4><\/h4>\n<p>&nbsp;<\/p>\n<p>&nbsp;<\/p>\n<h4><\/h4>\n<p>&nbsp;<\/p>\n<p>&nbsp;<\/p>\n<p>.<\/p>\n","protected":false},"excerpt":{"rendered":"<ul>\n<li><strong>Force de pr\u00e9hension :<\/strong>\u00a010-100 kg.<\/li>\n<li>Id\u00e9al pour renforcer les mains, les avant &#8211; bras, les poignets et les doigts.<\/li>\n<li>Simple et efficace, l&rsquo;appareil aide \u00e0 renforcer les poign\u00e9es, \u00e0 soulager le stress et \u00e0 augmenter l&rsquo;endurance.<\/li>\n<li>Id\u00e9al pour tous ceux qui veulent d\u00e9velopper et maintenir des mains fortes et saines.<\/li>\n<li>Id\u00e9al pour les athl\u00e8tes, les musiciens, les alpinistes, les joueurs de tennis, etc.<\/li>\n<\/ul>\n","protected":false},"featured_media":2485,"comment_status":"open","ping_status":"closed","template":"","meta":[],"product_brand":[],"product_cat":[101,86],"product_tag":[],"class_list":{"0":"post-147","1":"product","2":"type-product","3":"status-publish","4":"has-post-thumbnail","6":"product_cat-renforcement-musculaire","7":"product_cat-sport","8":"product_shipping_class-livraison-7-tnd-fix","10":"first","11":"instock","12":"sale","13":"taxable","14":"shipping-taxable","15":"purchasable","16":"product-type-simple"},"jetpack_sharing_enabled":true,"_links":{"self":[{"href":"https:\/\/yallafid.com\/index.php?rest_route=\/wp\/v2\/product\/147","targetHints":{"allow":["GET"]}}],"collection":[{"href":"https:\/\/yallafid.com\/index.php?rest_route=\/wp\/v2\/product"}],"about":[{"href":"https:\/\/yallafid.com\/index.php?rest_route=\/wp\/v2\/types\/product"}],"replies":[{"embeddable":true,"href":"https:\/\/yallafid.com\/index.php?rest_route=%2Fwp%2Fv2%2Fcomments&post=147"}],"version-history":[{"count":2,"href":"https:\/\/yallafid.com\/index.php?rest_route=\/wp\/v2\/product\/147\/revisions"}],"predecessor-version":[{"id":2479,"href":"https:\/\/yallafid.com\/index.php?rest_route=\/wp\/v2\/product\/147\/revisions\/2479"}],"wp:featuredmedia":[{"embeddable":true,"href":"https:\/\/yallafid.com\/index.php?rest_route=\/wp\/v2\/media\/2485"}],"wp:attachment":[{"href":"https:\/\/yallafid.com\/index.php?rest_route=%2Fwp%2Fv2%2Fmedia&parent=147"}],"wp:term":[{"taxonomy":"product_brand","embeddable":true,"href":"https:\/\/yallafid.com\/index.php?rest_route=%2Fwp%2Fv2%2Fproduct_brand&post=147"},{"taxonomy":"product_cat","embeddable":true,"href":"https:\/\/yallafid.com\/index.php?rest_route=%2Fwp%2Fv2%2Fproduct_cat&post=147"},{"taxonomy":"product_tag","embeddable":true,"href":"https:\/\/yallafid.com\/index.php?rest_route=%2Fwp%2Fv2%2Fproduct_tag&post=147"}],"curies":[{"name":"wp","href":"https:\/\/api.w.org\/{rel}","templated":true}]}}