{"id":1480,"date":"2025-10-16T10:14:49","date_gmt":"2025-10-16T10:14:49","guid":{"rendered":"https:\/\/yallafid.com\/?post_type=product&#038;p=1480"},"modified":"2025-10-16T10:14:49","modified_gmt":"2025-10-16T10:14:49","slug":"tricycle-scooter-ej010-rouge-bleu","status":"publish","type":"product","link":"https:\/\/yallafid.com\/?product=tricycle-scooter-ej010-rouge-bleu","title":{"rendered":"TRICYCLE SCOOTER EJ010 ROUGE &#038; BLEU"},"content":{"rendered":"<p style=\"text-align: center;\"><strong>TRICYCLE SCOOTER EJ010 ROUGE &amp; BLEU<\/strong><\/p>\n<p><span class=\"styles_wordWithSynonyms__8M9z7\">Si<\/span>\u00a0<span class=\"styles_wordWithSynonyms__8M9z7\">vous<\/span>\u00a0cherchez\u00a0<span class=\"styles_wordWithSynonyms__8M9z7\">un<\/span>\u00a0<span class=\"styles_wordWithSynonyms__8M9z7\">jouet<\/span>\u00a0<span class=\"styles_wordWithSynonyms__8M9z7\">amusant<\/span>\u00a0<span class=\"styles_wordWithSynonyms__8M9z7\">et<\/span>\u00a0<span class=\"styles_wordWithSynonyms__8M9z7\">\u00e9cologique<\/span>\u00a0<span class=\"styles_wordWithSynonyms__8M9z7\">pour<\/span>\u00a0votre\u00a0<span class=\"styles_wordWithSynonyms__8M9z7\">enfant<\/span>\u00a0<span class=\"styles_wordWithSynonyms__8M9z7\">de<\/span>\u00a03\u00a0<span class=\"styles_wordWithSynonyms__8M9z7\">ans<\/span>, cette\u00a0<span class=\"styles_wordWithSynonyms__8M9z7\">trottinette<\/span>\u00a0<span class=\"styles_wordWithSynonyms__8M9z7\">rouge<\/span>\u00a0<span class=\"styles_wordWithSynonyms__8M9z7\">et<\/span>\u00a0<span class=\"styles_wordWithSynonyms__8M9z7\">bleue<\/span>\u00a0<span class=\"styles_wordWithSynonyms__8M9z7\">pour<\/span>\u00a0<span class=\"styles_wordWithSynonyms__8M9z7\">les<\/span>\u00a03\u00a0<span class=\"styles_wordWithSynonyms__8M9z7\">ans<\/span>\u00a0<span class=\"styles_wordWithSynonyms__8M9z7\">et<\/span>\u00a0<span class=\"styles_wordWithSynonyms__8M9z7\">plus<\/span>\u00a0<span class=\"styles_wordWithSynonyms__8M9z7\">est<\/span>\u00a0<span class=\"styles_wordWithSynonyms__8M9z7\">parfaite<\/span>.\u00a0<span class=\"styles_wordWithSynonyms__8M9z7\">Il<\/span>\u00a0<span class=\"styles_wordWithSynonyms__8M9z7\">est<\/span>\u00a0<span class=\"styles_wordWithSynonyms__8M9z7\">fabriqu\u00e9<\/span>\u00a0<span class=\"styles_wordWithSynonyms__8M9z7\">en<\/span>\u00a0<span class=\"styles_wordWithSynonyms__8M9z7\">plastique<\/span>\u00a0<span class=\"styles_wordWithSynonyms__8M9z7\">respectueux<\/span>\u00a0<span class=\"styles_wordWithSynonyms__8M9z7\">de<\/span>\u00a0l\u2019environnement\u00a0<span class=\"styles_wordWithSynonyms__8M9z7\">et<\/span>\u00a0<span class=\"styles_wordWithSynonyms__8M9z7\">est<\/span>\u00a0<span class=\"styles_wordWithSynonyms__8M9z7\">livr\u00e9<\/span>\u00a0<span class=\"styles_wordWithSynonyms__8M9z7\">avec<\/span>\u00a003\u00a0<span class=\"styles_wordWithSynonyms__8M9z7\">roues<\/span>,\u00a0<span class=\"styles_wordWithSynonyms__8M9z7\">un<\/span>\u00a0<span class=\"styles_wordWithSynonyms__8M9z7\">volant<\/span>, 02 p\u00e9dales\u00a0<span class=\"styles_wordWithSynonyms__8M9z7\">et<\/span>\u00a0<span class=\"styles_wordWithSynonyms__8M9z7\">un<\/span>\u00a0<span class=\"styles_wordWithSynonyms__8M9z7\">si\u00e8ge<\/span>,\u00a0<span class=\"styles_wordWithSynonyms__8M9z7\">pour<\/span>\u00a0<span class=\"styles_wordWithSynonyms__8M9z7\">que<\/span>\u00a0vos\u00a0<span class=\"styles_wordWithSynonyms__8M9z7\">enfants<\/span>\u00a0puissent s\u2019asseoir\u00a0<span class=\"styles_wordWithSynonyms__8M9z7\">confortablement<\/span>.\u00a0<span class=\"styles_wordWithSynonyms__8M9z7\">Ce<\/span>\u00a0<span class=\"styles_wordWithSynonyms__8M9z7\">scooter<\/span>\u00a0tricycle\u00a0<span class=\"styles_wordWithSynonyms__8M9z7\">est<\/span>\u00a0<span class=\"styles_wordWithSynonyms__8M9z7\">parfait<\/span>\u00a0<span class=\"styles_wordWithSynonyms__8M9z7\">pour<\/span>\u00a0<span class=\"styles_wordWithSynonyms__8M9z7\">garder<\/span>\u00a0<span class=\"styles_wordWithSynonyms__8M9z7\">les<\/span>\u00a0<span class=\"styles_wordWithSynonyms__8M9z7\">enfants<\/span>\u00a0divertis\u00a0<span class=\"styles_wordWithSynonyms__8M9z7\">et<\/span>\u00a0<span class=\"styles_wordWithSynonyms__8M9z7\">actifs<\/span>. C\u2019est\u00a0<span class=\"styles_wordWithSynonyms__8M9z7\">aussi<\/span>\u00a0<span class=\"styles_wordWithSynonyms__8M9z7\">un<\/span>\u00a0<span class=\"styles_wordWithSynonyms__8M9z7\">excellent<\/span>\u00a0<span class=\"styles_wordWithSynonyms__8M9z7\">moyen<\/span>\u00a0<span class=\"styles_wordWithSynonyms__8M9z7\">de<\/span>\u00a0<span class=\"styles_wordWithSynonyms__8M9z7\">leur<\/span>\u00a0<span class=\"styles_wordWithSynonyms__8M9z7\">apprendre<\/span>\u00a0<span class=\"styles_wordWithSynonyms__8M9z7\">\u00e0<\/span>\u00a0<span class=\"styles_wordWithSynonyms__8M9z7\">faire<\/span>\u00a0<span class=\"styles_wordWithSynonyms__8M9z7\">du<\/span>\u00a0<span class=\"styles_wordWithSynonyms__8M9z7\">v\u00e9lo<\/span>.\u00a0<span class=\"styles_wordWithSynonyms__8M9z7\">Ce<\/span>\u00a0<span class=\"styles_wordWithSynonyms__8M9z7\">produit<\/span>\u00a0<span class=\"styles_wordWithSynonyms__8M9z7\">mesure<\/span>\u00a080 x 44 x 62 cm\u00a0<span class=\"styles_wordWithSynonyms__8M9z7\">et<\/span>\u00a0<span class=\"styles_wordWithSynonyms__8M9z7\">est<\/span>\u00a0disponible\u00a0<span class=\"styles_wordWithSynonyms__8M9z7\">en<\/span>\u00a0<span class=\"styles_wordWithSynonyms__8M9z7\">rouge<\/span>\u00a0<span class=\"styles_wordWithSynonyms__8M9z7\">et<\/span>\u00a0bleu.<\/p>\n<p><span class=\"styles_wordWithSynonyms__8M9z7\">Fabriqu\u00e9<\/span>\u00a0<span class=\"styles_wordWithSynonyms__8M9z7\">en<\/span>\u00a0<span class=\"styles_wordWithSynonyms__8M9z7\">plastique<\/span>\u00a0<span class=\"styles_wordWithSynonyms__8M9z7\">durable<\/span>\u00a0<span class=\"styles_wordWithSynonyms__8M9z7\">et<\/span>\u00a0<span class=\"styles_wordWithSynonyms__8M9z7\">respectueux<\/span>\u00a0<span class=\"styles_wordWithSynonyms__8M9z7\">de<\/span>\u00a0l\u2019environnement,\u00a0<span class=\"styles_wordWithSynonyms__8M9z7\">ce<\/span>\u00a0<span class=\"styles_wordWithSynonyms__8M9z7\">scooter<\/span>\u00a0<span class=\"styles_wordWithSynonyms__8M9z7\">\u00e0<\/span>\u00a0<span class=\"styles_wordWithSynonyms__8M9z7\">trois<\/span>\u00a0<span class=\"styles_wordWithSynonyms__8M9z7\">roues<\/span>\u00a0<span class=\"styles_wordWithSynonyms__8M9z7\">est<\/span>\u00a0<span class=\"styles_wordWithSynonyms__8M9z7\">\u00e9quip\u00e9<\/span>\u00a0<span class=\"styles_wordWithSynonyms__8M9z7\">de<\/span>\u00a003\u00a0<span class=\"styles_wordWithSynonyms__8M9z7\">roues<\/span>, d\u2019un\u00a0<span class=\"styles_wordWithSynonyms__8M9z7\">guidon<\/span>,\u00a0<span class=\"styles_wordWithSynonyms__8M9z7\">de<\/span>\u00a002 p\u00e9dales\u00a0<span class=\"styles_wordWithSynonyms__8M9z7\">et<\/span>\u00a0d\u2019un\u00a0<span class=\"styles_wordWithSynonyms__8M9z7\">si\u00e8ge<\/span>\u00a0<span class=\"styles_wordWithSynonyms__8M9z7\">o\u00f9<\/span>\u00a0vos\u00a0<span class=\"styles_wordWithSynonyms__8M9z7\">enfants<\/span>\u00a0<span class=\"styles_wordWithSynonyms__8M9z7\">pourront<\/span>\u00a0s\u2019asseoir\u00a0<span class=\"styles_wordWithSynonyms__8M9z7\">confortablement<\/span>. C\u2019est\u00a0<span class=\"styles_wordWithSynonyms__8M9z7\">le<\/span>\u00a0<span class=\"styles_wordWithSynonyms__8M9z7\">jouet<\/span>\u00a0<span class=\"styles_wordWithSynonyms__8M9z7\">parfait<\/span>\u00a0<span class=\"styles_wordWithSynonyms__8M9z7\">pour<\/span>\u00a0<span class=\"styles_wordWithSynonyms__8M9z7\">garder<\/span>\u00a0vos\u00a0<span class=\"styles_wordWithSynonyms__8M9z7\">enfants<\/span>\u00a0ennuy\u00e9s\u00a0<span class=\"styles_wordWithSynonyms__8M9z7\">et<\/span>\u00a0<span class=\"styles_wordWithSynonyms__8M9z7\">les<\/span>\u00a0<span class=\"styles_wordWithSynonyms__8M9z7\">aider<\/span>\u00a0<span class=\"styles_wordWithSynonyms__8M9z7\">\u00e0<\/span>\u00a0<span class=\"styles_wordWithSynonyms__8M9z7\">sortir<\/span>\u00a0<span class=\"styles_wordWithSynonyms__8M9z7\">et<\/span>\u00a0<span class=\"styles_wordWithSynonyms__8M9z7\">\u00e0<\/span>\u00a0<span class=\"styles_wordWithSynonyms__8M9z7\">\u00eatre<\/span>\u00a0<span class=\"styles_wordWithSynonyms__8M9z7\">actifs<\/span>.\u00a0<span class=\"styles_wordWithSynonyms__8M9z7\">Ce<\/span>\u00a0<span class=\"styles_wordWithSynonyms__8M9z7\">scooter<\/span>\u00a0<span class=\"styles_wordWithSynonyms__8M9z7\">\u00e0<\/span>\u00a0<span class=\"styles_wordWithSynonyms__8M9z7\">trois<\/span>\u00a0<span class=\"styles_wordWithSynonyms__8M9z7\">roues<\/span>\u00a0<span class=\"styles_wordWithSynonyms__8M9z7\">mesure<\/span>\u00a080 x 44 x 62 cm\u00a0<span class=\"styles_wordWithSynonyms__8M9z7\">et<\/span>\u00a0<span class=\"styles_wordWithSynonyms__8M9z7\">est<\/span>\u00a0disponible\u00a0<span class=\"styles_wordWithSynonyms__8M9z7\">en<\/span>\u00a0<span class=\"styles_wordWithSynonyms__8M9z7\">rouge<\/span>\u00a0<span class=\"styles_wordWithSynonyms__8M9z7\">et<\/span>\u00a0<span class=\"styles_wordWithSynonyms__8M9z7\">bleu<\/span>.<\/p>\n","protected":false},"excerpt":{"rendered":"<ul>\n<li><strong>Dimensions :\u00a0<\/strong>15x35x34 cm<\/li>\n<li><strong>Mat\u00e9riaux:\u00a0<\/strong>polypropyl\u00e8ne et en caoutchouc souple<\/li>\n<li><strong>Age:<\/strong>\u00a03 \u00e0 6 ans<\/li>\n<li>Dot\u00e9 d\u2019une conception \u00e0 double h\u00e9lice<\/li>\n<li>Ce jouet d\u2019avion \u00e0 tirer vers l\u2019arri\u00e8re a une conception qui encourage le jeu actif et aide \u00e0 d\u00e9velopper la motricit\u00e9 gr\u00e2ce \u00e0 une interaction pratique.<\/li>\n<\/ul>\n","protected":false},"featured_media":1481,"comment_status":"open","ping_status":"closed","template":"","meta":[],"product_brand":[],"product_cat":[93,108],"product_tag":[],"class_list":{"0":"post-1480","1":"product","2":"type-product","3":"status-publish","4":"has-post-thumbnail","6":"product_cat-idees-cadeaux-enfants","7":"product_cat-jouets","8":"product_shipping_class-livraison-7-tnd-qte","10":"first","11":"instock","12":"taxable","13":"shipping-taxable","14":"purchasable","15":"product-type-simple"},"jetpack_sharing_enabled":true,"_links":{"self":[{"href":"https:\/\/yallafid.com\/index.php?rest_route=\/wp\/v2\/product\/1480","targetHints":{"allow":["GET"]}}],"collection":[{"href":"https:\/\/yallafid.com\/index.php?rest_route=\/wp\/v2\/product"}],"about":[{"href":"https:\/\/yallafid.com\/index.php?rest_route=\/wp\/v2\/types\/product"}],"replies":[{"embeddable":true,"href":"https:\/\/yallafid.com\/index.php?rest_route=%2Fwp%2Fv2%2Fcomments&post=1480"}],"version-history":[{"count":1,"href":"https:\/\/yallafid.com\/index.php?rest_route=\/wp\/v2\/product\/1480\/revisions"}],"predecessor-version":[{"id":1482,"href":"https:\/\/yallafid.com\/index.php?rest_route=\/wp\/v2\/product\/1480\/revisions\/1482"}],"wp:featuredmedia":[{"embeddable":true,"href":"https:\/\/yallafid.com\/index.php?rest_route=\/wp\/v2\/media\/1481"}],"wp:attachment":[{"href":"https:\/\/yallafid.com\/index.php?rest_route=%2Fwp%2Fv2%2Fmedia&parent=1480"}],"wp:term":[{"taxonomy":"product_brand","embeddable":true,"href":"https:\/\/yallafid.com\/index.php?rest_route=%2Fwp%2Fv2%2Fproduct_brand&post=1480"},{"taxonomy":"product_cat","embeddable":true,"href":"https:\/\/yallafid.com\/index.php?rest_route=%2Fwp%2Fv2%2Fproduct_cat&post=1480"},{"taxonomy":"product_tag","embeddable":true,"href":"https:\/\/yallafid.com\/index.php?rest_route=%2Fwp%2Fv2%2Fproduct_tag&post=1480"}],"curies":[{"name":"wp","href":"https:\/\/api.w.org\/{rel}","templated":true}]}}