{"id":1484,"date":"2025-10-16T10:19:17","date_gmt":"2025-10-16T10:19:17","guid":{"rendered":"https:\/\/yallafid.com\/?post_type=product&#038;p=1484"},"modified":"2025-10-16T10:19:17","modified_gmt":"2025-10-16T10:19:17","slug":"avion-jouet-a-manivelle-pour-enfant","status":"publish","type":"product","link":"https:\/\/yallafid.com\/?product=avion-jouet-a-manivelle-pour-enfant","title":{"rendered":"Avion jouet \u00e0 manivelle pour enfant"},"content":{"rendered":"<p style=\"text-align: center;\"><strong>Avion jouet \u00e0 manivelle pour l\u2019ext\u00e9rieur<\/strong><\/p>\n<ul>\n<li><strong>Mat\u00e9riaux<\/strong>\u00a0: Fabriqu\u00e9 en polypropyl\u00e8ne et en caoutchouc souple, cet avion jouet est con\u00e7u pour r\u00e9sister aux jeux difficiles. Sa surface lisse et sans bavures offre une couche de protection suppl\u00e9mentaire pendant le jeu.<\/li>\n<li><strong>Conception r\u00e9aliste:<\/strong>\u00a0Dot\u00e9 d\u2019une conception \u00e0 double h\u00e9lice, ce mod\u00e8le d\u2019avion \u00e0 grande \u00e9chelle offre une apparence r\u00e9aliste qui captivera les jeunes passionn\u00e9s d\u2019aviation.<\/li>\n<li><strong>Tirer vers l\u2019arri\u00e8re<\/strong>\u00a0: Ce jouet d\u2019avion \u00e0 tirer vers l\u2019arri\u00e8re a une conception qui encourage le jeu actif et aide \u00e0 d\u00e9velopper la motricit\u00e9 gr\u00e2ce \u00e0 une interaction pratique.<\/li>\n<li><strong>Exp\u00e9rience de jeu interactive:<\/strong>\u00a0Adapt\u00e9 aux parents et aux enfants, ce jouet volant d\u2019ext\u00e9rieur favorise le jeu interactif en permettant aux enfants de s\u2019engager dans des sc\u00e9narios imaginatifs tout en explorant l\u2019aviation avec leurs parents ou amis.<\/li>\n<li><strong>Pour les petites mains<\/strong>\u00a0: Ce jouet avion pesant seulement 400 g convient aux petits enfants de 3 \u00e0 6 ans, leur permettant de le manipuler et de le man\u0153uvrer facilement lors d\u2019aventures de jeu.<\/li>\n<\/ul>\n","protected":false},"excerpt":{"rendered":"<ul>\n<li><strong>Dimensions :\u00a0<\/strong>15x35x34 cm<\/li>\n<li><strong>Mat\u00e9riaux:\u00a0<\/strong>polypropyl\u00e8ne et en caoutchouc souple<\/li>\n<li><strong>Age:<\/strong>\u00a03 \u00e0 6 ans<\/li>\n<li>Dot\u00e9 d\u2019une conception \u00e0 double h\u00e9lice<\/li>\n<li>Ce jouet d\u2019avion \u00e0 tirer vers l\u2019arri\u00e8re a une conception qui encourage le jeu actif et aide \u00e0 d\u00e9velopper la motricit\u00e9 gr\u00e2ce \u00e0 une interaction pratique.<\/li>\n<\/ul>\n","protected":false},"featured_media":1488,"comment_status":"open","ping_status":"closed","template":"","meta":[],"product_brand":[],"product_cat":[93,108],"product_tag":[],"class_list":{"0":"post-1484","1":"product","2":"type-product","3":"status-publish","4":"has-post-thumbnail","6":"product_cat-idees-cadeaux-enfants","7":"product_cat-jouets","8":"product_shipping_class-livraison-7-tnd-fix","10":"first","11":"instock","12":"sale","13":"taxable","14":"shipping-taxable","15":"purchasable","16":"product-type-simple"},"jetpack_sharing_enabled":true,"_links":{"self":[{"href":"https:\/\/yallafid.com\/index.php?rest_route=\/wp\/v2\/product\/1484","targetHints":{"allow":["GET"]}}],"collection":[{"href":"https:\/\/yallafid.com\/index.php?rest_route=\/wp\/v2\/product"}],"about":[{"href":"https:\/\/yallafid.com\/index.php?rest_route=\/wp\/v2\/types\/product"}],"replies":[{"embeddable":true,"href":"https:\/\/yallafid.com\/index.php?rest_route=%2Fwp%2Fv2%2Fcomments&post=1484"}],"version-history":[{"count":1,"href":"https:\/\/yallafid.com\/index.php?rest_route=\/wp\/v2\/product\/1484\/revisions"}],"predecessor-version":[{"id":1490,"href":"https:\/\/yallafid.com\/index.php?rest_route=\/wp\/v2\/product\/1484\/revisions\/1490"}],"wp:featuredmedia":[{"embeddable":true,"href":"https:\/\/yallafid.com\/index.php?rest_route=\/wp\/v2\/media\/1488"}],"wp:attachment":[{"href":"https:\/\/yallafid.com\/index.php?rest_route=%2Fwp%2Fv2%2Fmedia&parent=1484"}],"wp:term":[{"taxonomy":"product_brand","embeddable":true,"href":"https:\/\/yallafid.com\/index.php?rest_route=%2Fwp%2Fv2%2Fproduct_brand&post=1484"},{"taxonomy":"product_cat","embeddable":true,"href":"https:\/\/yallafid.com\/index.php?rest_route=%2Fwp%2Fv2%2Fproduct_cat&post=1484"},{"taxonomy":"product_tag","embeddable":true,"href":"https:\/\/yallafid.com\/index.php?rest_route=%2Fwp%2Fv2%2Fproduct_tag&post=1484"}],"curies":[{"name":"wp","href":"https:\/\/api.w.org\/{rel}","templated":true}]}}