{"id":149,"date":"2025-01-14T14:40:18","date_gmt":"2025-01-14T14:40:18","guid":{"rendered":"https:\/\/dummy.xtemos.com\/woodmart2\/marketplace2-elementor\/?post_type=product&#038;p=149"},"modified":"2025-11-24T10:47:49","modified_gmt":"2025-11-24T10:47:49","slug":"karcher-vc-5-premium","status":"publish","type":"product","link":"https:\/\/yallafid.com\/?product=karcher-vc-5-premium","title":{"rendered":"Rouleau \u00e0 p\u00e2tisserie en bois avec 4 anneaux d&rsquo;\u00e9paisseur"},"content":{"rendered":"<p>&nbsp;<\/p>\n<ul>\n<li>Rouleau \u00e0 p\u00e2tisserie en bois\u00a0 avec 4 anneaux d&rsquo;\u00e9paisseur r\u00e9glables<\/li>\n<li>Antiadh\u00e9sif, pour la p\u00e2te \u00e0 pizza, id\u00e9al pour la p\u00e2tisserie, la p\u00e2te \u00e0 sucre, les pizzas, les p\u00e2tes \u00e0 tarte et les biscuits.<\/li>\n<li>Poign\u00e9e ergonomique<\/li>\n<\/ul>\n<p><img loading=\"lazy\" decoding=\"async\" class=\"aligncenter wp-image-2470 size-full\" src=\"https:\/\/yallafid.com\/wp-content\/uploads\/2025\/01\/Rouleau-patisserie-bois-4-anneaux-cuisine-yallafidtunisie-1.jpg\" alt=\"\" width=\"679\" height=\"687\" srcset=\"https:\/\/yallafid.com\/wp-content\/uploads\/2025\/01\/Rouleau-patisserie-bois-4-anneaux-cuisine-yallafidtunisie-1.jpg 679w, https:\/\/yallafid.com\/wp-content\/uploads\/2025\/01\/Rouleau-patisserie-bois-4-anneaux-cuisine-yallafidtunisie-1-297x300.jpg 297w, https:\/\/yallafid.com\/wp-content\/uploads\/2025\/01\/Rouleau-patisserie-bois-4-anneaux-cuisine-yallafidtunisie-1-150x152.jpg 150w\" sizes=\"auto, (max-width: 679px) 100vw, 679px\" \/><\/p>\n<h4><\/h4>\n<h4><img loading=\"lazy\" decoding=\"async\" class=\"aligncenter wp-image-2472 size-full\" src=\"https:\/\/yallafid.com\/wp-content\/uploads\/2025\/01\/Rouleau-patisserie-bois-4-anneaux-cuisine-yallfaid-tunisie-a.jpg\" alt=\"\" width=\"746\" height=\"746\" srcset=\"https:\/\/yallafid.com\/wp-content\/uploads\/2025\/01\/Rouleau-patisserie-bois-4-anneaux-cuisine-yallfaid-tunisie-a.jpg 746w, https:\/\/yallafid.com\/wp-content\/uploads\/2025\/01\/Rouleau-patisserie-bois-4-anneaux-cuisine-yallfaid-tunisie-a-300x300.jpg 300w, https:\/\/yallafid.com\/wp-content\/uploads\/2025\/01\/Rouleau-patisserie-bois-4-anneaux-cuisine-yallfaid-tunisie-a-150x150.jpg 150w, https:\/\/yallafid.com\/wp-content\/uploads\/2025\/01\/Rouleau-patisserie-bois-4-anneaux-cuisine-yallfaid-tunisie-a-600x600.jpg 600w\" sizes=\"auto, (max-width: 746px) 100vw, 746px\" \/><\/h4>\n<p>&nbsp;<\/p>\n<p><img loading=\"lazy\" decoding=\"async\" class=\"aligncenter wp-image-2475 size-full\" src=\"https:\/\/yallafid.com\/wp-content\/uploads\/2025\/01\/Rouleau-patisserie-bois-4-anneaux-cuisine-yallfaid-tunisie-3.jpg\" alt=\"\" width=\"887\" height=\"888\" srcset=\"https:\/\/yallafid.com\/wp-content\/uploads\/2025\/01\/Rouleau-patisserie-bois-4-anneaux-cuisine-yallfaid-tunisie-3.jpg 887w, https:\/\/yallafid.com\/wp-content\/uploads\/2025\/01\/Rouleau-patisserie-bois-4-anneaux-cuisine-yallfaid-tunisie-3-300x300.jpg 300w, https:\/\/yallafid.com\/wp-content\/uploads\/2025\/01\/Rouleau-patisserie-bois-4-anneaux-cuisine-yallfaid-tunisie-3-150x150.jpg 150w, https:\/\/yallafid.com\/wp-content\/uploads\/2025\/01\/Rouleau-patisserie-bois-4-anneaux-cuisine-yallfaid-tunisie-3-768x769.jpg 768w, https:\/\/yallafid.com\/wp-content\/uploads\/2025\/01\/Rouleau-patisserie-bois-4-anneaux-cuisine-yallfaid-tunisie-3-600x600.jpg 600w\" sizes=\"auto, (max-width: 887px) 100vw, 887px\" \/><\/p>\n<p>&nbsp;<\/p>\n<p>&nbsp;<\/p>\n<p>&nbsp;<\/p>\n<h4><\/h4>\n<p>&nbsp;<\/p>\n","protected":false},"excerpt":{"rendered":"<ul>\n<li><strong>Type de l&rsquo;article<\/strong> : rouleau \u00e0 p\u00e2tisserie<\/li>\n<li><strong>Largeur : <\/strong>37 cm<\/li>\n<li><strong>Dimensions des anneaux : <\/strong>10 mm &#8211; 6mm- 3mm-2mm<\/li>\n<li>Largement utilis\u00e9 dans la pr\u00e9paration de p\u00e2tisseries, de nouilles artisanales, de pizzas, de pain<\/li>\n<li>Outil parfait pour le fondant fran\u00e7ais, la p\u00e2te et autres p\u00e2tes, notamment dans la cuisine familiale<\/li>\n<li>Ces ustensiles de cuisine apporteront plus de commodit\u00e9 et de plaisir \u00e0 votre vie \u00e0 la maison.<\/li>\n<\/ul>\n","protected":false},"featured_media":2469,"comment_status":"open","ping_status":"closed","template":"","meta":[],"product_brand":[],"product_cat":[20,24],"product_tag":[],"class_list":{"0":"post-149","1":"product","2":"type-product","3":"status-publish","4":"has-post-thumbnail","6":"product_cat-cuisine","7":"product_cat-ustensiles-cuisine","8":"product_shipping_class-livraison-7-tnd-fix","10":"first","11":"instock","12":"sale","13":"taxable","14":"shipping-taxable","15":"purchasable","16":"product-type-simple"},"jetpack_sharing_enabled":true,"_links":{"self":[{"href":"https:\/\/yallafid.com\/index.php?rest_route=\/wp\/v2\/product\/149","targetHints":{"allow":["GET"]}}],"collection":[{"href":"https:\/\/yallafid.com\/index.php?rest_route=\/wp\/v2\/product"}],"about":[{"href":"https:\/\/yallafid.com\/index.php?rest_route=\/wp\/v2\/types\/product"}],"replies":[{"embeddable":true,"href":"https:\/\/yallafid.com\/index.php?rest_route=%2Fwp%2Fv2%2Fcomments&post=149"}],"version-history":[{"count":3,"href":"https:\/\/yallafid.com\/index.php?rest_route=\/wp\/v2\/product\/149\/revisions"}],"predecessor-version":[{"id":2463,"href":"https:\/\/yallafid.com\/index.php?rest_route=\/wp\/v2\/product\/149\/revisions\/2463"}],"wp:featuredmedia":[{"embeddable":true,"href":"https:\/\/yallafid.com\/index.php?rest_route=\/wp\/v2\/media\/2469"}],"wp:attachment":[{"href":"https:\/\/yallafid.com\/index.php?rest_route=%2Fwp%2Fv2%2Fmedia&parent=149"}],"wp:term":[{"taxonomy":"product_brand","embeddable":true,"href":"https:\/\/yallafid.com\/index.php?rest_route=%2Fwp%2Fv2%2Fproduct_brand&post=149"},{"taxonomy":"product_cat","embeddable":true,"href":"https:\/\/yallafid.com\/index.php?rest_route=%2Fwp%2Fv2%2Fproduct_cat&post=149"},{"taxonomy":"product_tag","embeddable":true,"href":"https:\/\/yallafid.com\/index.php?rest_route=%2Fwp%2Fv2%2Fproduct_tag&post=149"}],"curies":[{"name":"wp","href":"https:\/\/api.w.org\/{rel}","templated":true}]}}