{"id":1491,"date":"2025-10-16T10:24:16","date_gmt":"2025-10-16T10:24:16","guid":{"rendered":"https:\/\/yallafid.com\/?post_type=product&#038;p=1491"},"modified":"2025-10-16T10:24:16","modified_gmt":"2025-10-16T10:24:16","slug":"pistolet-a-bulles-automatique-kuromi-avec-reservoir","status":"publish","type":"product","link":"https:\/\/yallafid.com\/?product=pistolet-a-bulles-automatique-kuromi-avec-reservoir","title":{"rendered":"Pistolet \u00e0 bulles automatique kuromi avec R\u00e9servoir"},"content":{"rendered":"<ul>\n<li>\n<h2><strong>Pistolet \u00e0 bulles pour enfants, jouet \u00e0 bulles de savon<\/strong><\/h2>\n<ul>\n<li><strong>12 trous de bulles<\/strong>\u00a0: le fabricant de bulles int\u00e8gre un moteur puissant, une conception \u00e0 12 trous, peut produire plus de 5 000 bulles color\u00e9es par minute, une large gamme de bulles.<\/li>\n<li>Appuyez simplement sur la g\u00e2chette pour produire d\u2019innombrables bulles color\u00e9es, l\u2019effet est plus cool \u00e0 utiliser la nuit.<\/li>\n<li><strong>Conception \u00e9tanche<\/strong>\u00a0: la machine \u00e0 bulles automatique pr\u00e9sente une conception strictement \u00e9tanche qui garantit aucune fuite de liquide p\u00e9tillant, qu\u2019elle soit tourn\u00e9e sur le c\u00f4t\u00e9 ou \u00e0 l\u2019envers.<\/li>\n<li><strong>Amusement sans fin<\/strong>\u00a0: de superbes bulles de savon pour les enfants peuvent \u00eatre utilis\u00e9es dans le jardin. Il est id\u00e9al pour les f\u00eates, les barbecues, les mariages, les f\u00eates au bord de la piscine ou pour divertir les enfants \u00e0 la maison.<\/li>\n<li><strong>Mat\u00e9riau s\u00fbr:<\/strong>\u00a0fabriqu\u00e9 en excellent ABS, robuste et durable. Un superbe savoir-faire rend la surface et sans bavures, prot\u00e9geant les mains sensibles des utilisateurs des rayures ou des blessures.<\/li>\n<li><strong>Sp\u00e9cification :<\/strong>\u00a0Produit : Machine \u00e0 bulles Mat\u00e9riel : ABS Batterie : 4 piles AA (non incluses) Fonction : Lumi\u00e8re LED, une touche pour produire des bulles Trou \u00e0 bulles : 10 trous Comment<\/li>\n<li><strong>utiliser<\/strong>\u00a0: Installez la batterie et pr\u00eat \u00e0 l\u2019emploi. Liste de colisage : 1 x machine \u00e0 bulles 1 x liquide \u00e0 bulles<\/li>\n<\/ul>\n<\/li>\n<\/ul>\n","protected":false},"excerpt":{"rendered":"<ul>\n<li><strong>Mat\u00e9riel<\/strong>\u00a0: ABS<\/li>\n<li><strong>Batterie<\/strong>\u00a0: 4 piles AA (non incluses)<\/li>\n<li><strong>Fonction<\/strong>\u00a0: Une touche pour produire des bulles<\/li>\n<li><strong>Couleur<\/strong>\u00a0:mauve avec motif kuromi<\/li>\n<li><strong>Trou \u00e0 bulles<\/strong>\u00a0: 12 trous<\/li>\n<li><strong>Comment utiliser<\/strong>\u00a0: Installez la batterie et pr\u00eat \u00e0 l\u2019emploi.<\/li>\n<li><strong>Liste de colisage<\/strong>\u00a0: 1 x machine \u00e0 bulles 1 x liquide \u00e0 bulles<\/li>\n<\/ul>\n","protected":false},"featured_media":1494,"comment_status":"open","ping_status":"closed","template":"","meta":[],"product_brand":[],"product_cat":[93,108],"product_tag":[],"class_list":{"0":"post-1491","1":"product","2":"type-product","3":"status-publish","4":"has-post-thumbnail","6":"product_cat-idees-cadeaux-enfants","7":"product_cat-jouets","8":"product_shipping_class-livraison-7-tnd-fix","10":"first","11":"instock","12":"sale","13":"taxable","14":"shipping-taxable","15":"purchasable","16":"product-type-simple"},"jetpack_sharing_enabled":true,"_links":{"self":[{"href":"https:\/\/yallafid.com\/index.php?rest_route=\/wp\/v2\/product\/1491","targetHints":{"allow":["GET"]}}],"collection":[{"href":"https:\/\/yallafid.com\/index.php?rest_route=\/wp\/v2\/product"}],"about":[{"href":"https:\/\/yallafid.com\/index.php?rest_route=\/wp\/v2\/types\/product"}],"replies":[{"embeddable":true,"href":"https:\/\/yallafid.com\/index.php?rest_route=%2Fwp%2Fv2%2Fcomments&post=1491"}],"version-history":[{"count":1,"href":"https:\/\/yallafid.com\/index.php?rest_route=\/wp\/v2\/product\/1491\/revisions"}],"predecessor-version":[{"id":1495,"href":"https:\/\/yallafid.com\/index.php?rest_route=\/wp\/v2\/product\/1491\/revisions\/1495"}],"wp:featuredmedia":[{"embeddable":true,"href":"https:\/\/yallafid.com\/index.php?rest_route=\/wp\/v2\/media\/1494"}],"wp:attachment":[{"href":"https:\/\/yallafid.com\/index.php?rest_route=%2Fwp%2Fv2%2Fmedia&parent=1491"}],"wp:term":[{"taxonomy":"product_brand","embeddable":true,"href":"https:\/\/yallafid.com\/index.php?rest_route=%2Fwp%2Fv2%2Fproduct_brand&post=1491"},{"taxonomy":"product_cat","embeddable":true,"href":"https:\/\/yallafid.com\/index.php?rest_route=%2Fwp%2Fv2%2Fproduct_cat&post=1491"},{"taxonomy":"product_tag","embeddable":true,"href":"https:\/\/yallafid.com\/index.php?rest_route=%2Fwp%2Fv2%2Fproduct_tag&post=1491"}],"curies":[{"name":"wp","href":"https:\/\/api.w.org\/{rel}","templated":true}]}}