{"id":152,"date":"2025-01-14T14:40:18","date_gmt":"2025-01-14T14:40:18","guid":{"rendered":"https:\/\/dummy.xtemos.com\/woodmart2\/marketplace2-elementor\/?post_type=product&#038;p=152"},"modified":"2026-01-13T19:32:00","modified_gmt":"2026-01-13T19:32:00","slug":"tefal-sv8055e0","status":"publish","type":"product","link":"https:\/\/yallafid.com\/?product=tefal-sv8055e0","title":{"rendered":"Corde \u00e0 sauter avec compteur"},"content":{"rendered":"<h1 style=\"text-align: center;\"><strong>Cordes \u00e0 sauter avec compteur \u2013 Sports Fitness<\/strong><\/h1>\n<p>&nbsp;<\/p>\n<p><img loading=\"lazy\" decoding=\"async\" class=\"aligncenter wp-image-2592 size-full\" src=\"https:\/\/yallafid.com\/wp-content\/uploads\/2025\/01\/Corde-avec-compteur-tunnipromo-cosmos-femme-jouet-homme-tunnisie.jpg\" alt=\"\" width=\"800\" height=\"800\" srcset=\"https:\/\/yallafid.com\/wp-content\/uploads\/2025\/01\/Corde-avec-compteur-tunnipromo-cosmos-femme-jouet-homme-tunnisie.jpg 800w, https:\/\/yallafid.com\/wp-content\/uploads\/2025\/01\/Corde-avec-compteur-tunnipromo-cosmos-femme-jouet-homme-tunnisie-300x300.jpg 300w, https:\/\/yallafid.com\/wp-content\/uploads\/2025\/01\/Corde-avec-compteur-tunnipromo-cosmos-femme-jouet-homme-tunnisie-150x150.jpg 150w, https:\/\/yallafid.com\/wp-content\/uploads\/2025\/01\/Corde-avec-compteur-tunnipromo-cosmos-femme-jouet-homme-tunnisie-768x768.jpg 768w, https:\/\/yallafid.com\/wp-content\/uploads\/2025\/01\/Corde-avec-compteur-tunnipromo-cosmos-femme-jouet-homme-tunnisie-600x600.jpg 600w\" sizes=\"auto, (max-width: 800px) 100vw, 800px\" \/><\/p>\n<h4><\/h4>\n<p>&nbsp;<\/p>\n","protected":false},"excerpt":{"rendered":"<ul>\n<li><strong>Mati\u00e8re:<\/strong> Plastique<\/li>\n<li><strong>Taille<\/strong>: Longueur Totale 287 cm<\/li>\n<li>Poign\u00e9es: Longueur 17 cm<\/li>\n<li>Con\u00e7ue pour le fitness et l&rsquo;exercice, elles sont adapt\u00e9es aux enfants et aux adultes.<\/li>\n<li>Les poign\u00e9es sont en mousse \u00e9paisse, offrant une prise confortable et antid\u00e9rapante.<\/li>\n<li>\u00e9quip\u00e9e d&rsquo;un compteur m\u00e9canique pour suivre le nombre de sauts.<\/li>\n<\/ul>\n<p>&nbsp;<\/p>\n","protected":false},"featured_media":2591,"comment_status":"open","ping_status":"closed","template":"","meta":[],"product_brand":[],"product_cat":[97,167,86],"product_tag":[],"class_list":{"0":"post-152","1":"product","2":"type-product","3":"status-publish","4":"has-post-thumbnail","6":"product_cat-cardio","7":"product_cat-cordes-sauter","8":"product_cat-sport","9":"product_shipping_class-livraison-7-tnd-fix","11":"first","12":"instock","13":"sale","14":"taxable","15":"shipping-taxable","16":"purchasable","17":"product-type-simple"},"jetpack_sharing_enabled":true,"_links":{"self":[{"href":"https:\/\/yallafid.com\/index.php?rest_route=\/wp\/v2\/product\/152","targetHints":{"allow":["GET"]}}],"collection":[{"href":"https:\/\/yallafid.com\/index.php?rest_route=\/wp\/v2\/product"}],"about":[{"href":"https:\/\/yallafid.com\/index.php?rest_route=\/wp\/v2\/types\/product"}],"replies":[{"embeddable":true,"href":"https:\/\/yallafid.com\/index.php?rest_route=%2Fwp%2Fv2%2Fcomments&post=152"}],"version-history":[{"count":2,"href":"https:\/\/yallafid.com\/index.php?rest_route=\/wp\/v2\/product\/152\/revisions"}],"predecessor-version":[{"id":2589,"href":"https:\/\/yallafid.com\/index.php?rest_route=\/wp\/v2\/product\/152\/revisions\/2589"}],"wp:featuredmedia":[{"embeddable":true,"href":"https:\/\/yallafid.com\/index.php?rest_route=\/wp\/v2\/media\/2591"}],"wp:attachment":[{"href":"https:\/\/yallafid.com\/index.php?rest_route=%2Fwp%2Fv2%2Fmedia&parent=152"}],"wp:term":[{"taxonomy":"product_brand","embeddable":true,"href":"https:\/\/yallafid.com\/index.php?rest_route=%2Fwp%2Fv2%2Fproduct_brand&post=152"},{"taxonomy":"product_cat","embeddable":true,"href":"https:\/\/yallafid.com\/index.php?rest_route=%2Fwp%2Fv2%2Fproduct_cat&post=152"},{"taxonomy":"product_tag","embeddable":true,"href":"https:\/\/yallafid.com\/index.php?rest_route=%2Fwp%2Fv2%2Fproduct_tag&post=152"}],"curies":[{"name":"wp","href":"https:\/\/api.w.org\/{rel}","templated":true}]}}