{"id":153,"date":"2025-01-14T14:40:18","date_gmt":"2025-01-14T14:40:18","guid":{"rendered":"https:\/\/dummy.xtemos.com\/woodmart2\/marketplace2-elementor\/?post_type=product&#038;p=153"},"modified":"2026-01-13T11:25:51","modified_gmt":"2026-01-13T11:25:51","slug":"lg-standard-plus-pc12sq","status":"publish","type":"product","link":"https:\/\/yallafid.com\/?product=lg-standard-plus-pc12sq","title":{"rendered":"Extenseur de Poitrine avec 5 Ressorts Amovibles"},"content":{"rendered":"<p style=\"text-align: center;\"><strong>Extenseur de Poitrine,\u00a0 Ajustable, Extenseur Force de Traction, Fitness C\u00e2ble Exorciseur Multifonction, avec 5 Ressorts Amovibles, pour Muscles Training<\/strong><\/p>\n<ul>\n<li><strong>Mat\u00e9riaux de haute qualit\u00e9 :<\/strong>\u00a0 fait d&rsquo;acier \u00e0 ressort de haute qualit\u00e9 et poss\u00e8de une excellente force de ressort. La surface du ressort est chrom\u00e9e et se caract\u00e9rise par une r\u00e9sistance \u00e0 la corrosion, une protection contre la rouille ainsi qu&rsquo;une r\u00e9sistance \u00e0 l&rsquo;oxydation, ce qui rend l&rsquo;expanseur tr\u00e8s joli et \u00e9galement facile \u00e0 nettoyer. La poign\u00e9e est fabriqu\u00e9e en mat\u00e9riaux PP respectueux de l&rsquo;environnement, durable, antid\u00e9rapante et r\u00e9sistante \u00e0 l&rsquo;usure<\/li>\n<\/ul>\n<p>&nbsp;<\/p>\n<p><img loading=\"lazy\" decoding=\"async\" class=\"aligncenter wp-image-2503 size-full\" src=\"https:\/\/yallafid.com\/wp-content\/uploads\/2025\/01\/Extenseur-Poitrine-5-Ressort-Amovibles-promotion-yallafid-sport-homme-vente-en-ligne-tunisie-4.jpg\" alt=\"\" width=\"906\" height=\"906\" srcset=\"https:\/\/yallafid.com\/wp-content\/uploads\/2025\/01\/Extenseur-Poitrine-5-Ressort-Amovibles-promotion-yallafid-sport-homme-vente-en-ligne-tunisie-4.jpg 906w, https:\/\/yallafid.com\/wp-content\/uploads\/2025\/01\/Extenseur-Poitrine-5-Ressort-Amovibles-promotion-yallafid-sport-homme-vente-en-ligne-tunisie-4-300x300.jpg 300w, https:\/\/yallafid.com\/wp-content\/uploads\/2025\/01\/Extenseur-Poitrine-5-Ressort-Amovibles-promotion-yallafid-sport-homme-vente-en-ligne-tunisie-4-150x150.jpg 150w, https:\/\/yallafid.com\/wp-content\/uploads\/2025\/01\/Extenseur-Poitrine-5-Ressort-Amovibles-promotion-yallafid-sport-homme-vente-en-ligne-tunisie-4-768x768.jpg 768w, https:\/\/yallafid.com\/wp-content\/uploads\/2025\/01\/Extenseur-Poitrine-5-Ressort-Amovibles-promotion-yallafid-sport-homme-vente-en-ligne-tunisie-4-600x600.jpg 600w\" sizes=\"auto, (max-width: 906px) 100vw, 906px\" \/><\/p>\n<ul>\n<li><strong>Cinq vitesses r\u00e9glables :<\/strong> muni de 5 ressorts d\u00e9tachables et la force de tension de chaque ressort est de 5kg. Lorsque vous faites de l&rsquo;exercice, vous pouvez r\u00e9duire ou augmenter le nombre de ressorts selon vos besoins pour ajuster la r\u00e9sistance<\/li>\n<\/ul>\n<p><img loading=\"lazy\" decoding=\"async\" class=\"aligncenter wp-image-2506 size-full\" src=\"https:\/\/yallafid.com\/wp-content\/uploads\/2025\/01\/Extenseur-Poitrine-5-Ressort-Amovibles-promotion-yallafid-sport-homme-vente-en-ligne-tunisie-.jpg\" alt=\"\" width=\"904\" height=\"904\" srcset=\"https:\/\/yallafid.com\/wp-content\/uploads\/2025\/01\/Extenseur-Poitrine-5-Ressort-Amovibles-promotion-yallafid-sport-homme-vente-en-ligne-tunisie-.jpg 904w, https:\/\/yallafid.com\/wp-content\/uploads\/2025\/01\/Extenseur-Poitrine-5-Ressort-Amovibles-promotion-yallafid-sport-homme-vente-en-ligne-tunisie--300x300.jpg 300w, https:\/\/yallafid.com\/wp-content\/uploads\/2025\/01\/Extenseur-Poitrine-5-Ressort-Amovibles-promotion-yallafid-sport-homme-vente-en-ligne-tunisie--150x150.jpg 150w, https:\/\/yallafid.com\/wp-content\/uploads\/2025\/01\/Extenseur-Poitrine-5-Ressort-Amovibles-promotion-yallafid-sport-homme-vente-en-ligne-tunisie--768x768.jpg 768w, https:\/\/yallafid.com\/wp-content\/uploads\/2025\/01\/Extenseur-Poitrine-5-Ressort-Amovibles-promotion-yallafid-sport-homme-vente-en-ligne-tunisie--600x600.jpg 600w\" sizes=\"auto, (max-width: 904px) 100vw, 904px\" \/><\/p>\n<ul>\n<li><strong>Multifonctionnel<\/strong> : L&rsquo;extenseur est une aide parfaite pour l&rsquo;entra\u00eenement du corps entier, qui peut non seulement entra\u00eener vos bras, vos jambes, vos \u00e9paules, votre poitrine ainsi que votre dos, mais aussi renforcer votre prise et votre force musculaire ainsi qu&rsquo;am\u00e9liorer votre silhouette. En outre, l&rsquo;extenseur est petit et l\u00e9ger, facile \u00e0 transporter et \u00e0 stocker<\/li>\n<\/ul>\n<p><img loading=\"lazy\" decoding=\"async\" class=\"aligncenter wp-image-2500 size-full\" src=\"https:\/\/yallafid.com\/wp-content\/uploads\/2025\/01\/Extenseur-Poitrine-5-Ressort-Amovibles-promotion-yallafid-sport-homme-vente-en-ligne-tunisie-7.jpg\" alt=\"\" width=\"885\" height=\"885\" srcset=\"https:\/\/yallafid.com\/wp-content\/uploads\/2025\/01\/Extenseur-Poitrine-5-Ressort-Amovibles-promotion-yallafid-sport-homme-vente-en-ligne-tunisie-7.jpg 885w, https:\/\/yallafid.com\/wp-content\/uploads\/2025\/01\/Extenseur-Poitrine-5-Ressort-Amovibles-promotion-yallafid-sport-homme-vente-en-ligne-tunisie-7-300x300.jpg 300w, https:\/\/yallafid.com\/wp-content\/uploads\/2025\/01\/Extenseur-Poitrine-5-Ressort-Amovibles-promotion-yallafid-sport-homme-vente-en-ligne-tunisie-7-150x150.jpg 150w, https:\/\/yallafid.com\/wp-content\/uploads\/2025\/01\/Extenseur-Poitrine-5-Ressort-Amovibles-promotion-yallafid-sport-homme-vente-en-ligne-tunisie-7-768x768.jpg 768w, https:\/\/yallafid.com\/wp-content\/uploads\/2025\/01\/Extenseur-Poitrine-5-Ressort-Amovibles-promotion-yallafid-sport-homme-vente-en-ligne-tunisie-7-600x600.jpg 600w\" sizes=\"auto, (max-width: 885px) 100vw, 885px\" \/><\/p>\n<p>&nbsp;<\/p>\n<p>&nbsp;<\/p>\n<p>&nbsp;<\/p>\n<h4><\/h4>\n<p>&nbsp;<\/p>\n<p>&nbsp;<\/p>\n<h4><\/h4>\n<p>&nbsp;<\/p>\n<p>&nbsp;<\/p>\n<h4><\/h4>\n<p>&nbsp;<\/p>\n<p>&nbsp;<\/p>\n<h4><\/h4>\n","protected":false},"excerpt":{"rendered":"<ul>\n<li>Exerciseur de traction de qualit\u00e9 sup\u00e9rieure.<\/li>\n<li><strong>Mat\u00e9riau des c\u00e2bles<\/strong> : fil \u00e0 ressort en carbone inoxydable.<\/li>\n<li><strong>Mat\u00e9riau du manche<\/strong> : plastique.<\/li>\n<li><strong>Charge maximale :<\/strong> 5 x 15 kg.<\/li>\n<li><strong>Longueur maximale<\/strong> : 150 cm.<\/li>\n<li><strong>Contenu :<\/strong><br \/>\n1 extenseur de poitrine multifonction.<\/li>\n<li>Renforce les mains, les doigts, les poignets, les avant-bras, d\u00e9veloppe les muscles de la poitrine et des \u00e9paules.<\/li>\n<li>Facile \u00e0 transporter et \u00e0 ranger, faites de l&rsquo;exercice \u00e0 la maison ou au bureau n&rsquo;importe o\u00f9 pour garder la forme.<\/li>\n<\/ul>\n","protected":false},"featured_media":2499,"comment_status":"open","ping_status":"closed","template":"","meta":[],"product_brand":[],"product_cat":[178,86],"product_tag":[],"class_list":{"0":"post-153","1":"product","2":"type-product","3":"status-publish","4":"has-post-thumbnail","6":"product_cat-extenseurs-poitrine","7":"product_cat-sport","8":"product_shipping_class-livraison-7-tnd-fix","10":"first","11":"instock","12":"sale","13":"taxable","14":"shipping-taxable","15":"purchasable","16":"product-type-simple"},"jetpack_sharing_enabled":true,"_links":{"self":[{"href":"https:\/\/yallafid.com\/index.php?rest_route=\/wp\/v2\/product\/153","targetHints":{"allow":["GET"]}}],"collection":[{"href":"https:\/\/yallafid.com\/index.php?rest_route=\/wp\/v2\/product"}],"about":[{"href":"https:\/\/yallafid.com\/index.php?rest_route=\/wp\/v2\/types\/product"}],"replies":[{"embeddable":true,"href":"https:\/\/yallafid.com\/index.php?rest_route=%2Fwp%2Fv2%2Fcomments&post=153"}],"version-history":[{"count":2,"href":"https:\/\/yallafid.com\/index.php?rest_route=\/wp\/v2\/product\/153\/revisions"}],"predecessor-version":[{"id":2498,"href":"https:\/\/yallafid.com\/index.php?rest_route=\/wp\/v2\/product\/153\/revisions\/2498"}],"wp:featuredmedia":[{"embeddable":true,"href":"https:\/\/yallafid.com\/index.php?rest_route=\/wp\/v2\/media\/2499"}],"wp:attachment":[{"href":"https:\/\/yallafid.com\/index.php?rest_route=%2Fwp%2Fv2%2Fmedia&parent=153"}],"wp:term":[{"taxonomy":"product_brand","embeddable":true,"href":"https:\/\/yallafid.com\/index.php?rest_route=%2Fwp%2Fv2%2Fproduct_brand&post=153"},{"taxonomy":"product_cat","embeddable":true,"href":"https:\/\/yallafid.com\/index.php?rest_route=%2Fwp%2Fv2%2Fproduct_cat&post=153"},{"taxonomy":"product_tag","embeddable":true,"href":"https:\/\/yallafid.com\/index.php?rest_route=%2Fwp%2Fv2%2Fproduct_tag&post=153"}],"curies":[{"name":"wp","href":"https:\/\/api.w.org\/{rel}","templated":true}]}}