{"id":1552,"date":"2025-10-13T11:57:44","date_gmt":"2025-10-13T11:57:44","guid":{"rendered":"https:\/\/yallafid.com\/?post_type=product&#038;p=1552"},"modified":"2025-10-16T12:13:29","modified_gmt":"2025-10-16T12:13:29","slug":"rideau-velours-beige-3m28m","status":"publish","type":"product","link":"https:\/\/yallafid.com\/?product=rideau-velours-beige-3m28m","title":{"rendered":"Rideau Velours Beige 3m*2,8m"},"content":{"rendered":"<p>Simple, naturel et chic, on parle du rideau en Velours propos\u00e9 sur notre site de vente en ligne. Le fameux velours remis au go\u00fbt du jour en mode par les professionnels des tendances. Le velours est actuel! Et du coup, en d\u00e9co, on peut miser sans crainte sur de beaux rideaux velours pour notre int\u00e9rieurs.<\/p>\n<p>Les plus fans compl\u00e9teront avec du mobilier en velours (chaises, fauteuils, poufs, coffres, t\u00eates de lits\u2026). En principe, les rideaux en velours sont lourds, ce qui leur assure un tomb\u00e9 majestueux.\u00a0 Grace \u00e0 l\u2019innovation en la mati\u00e8re, on trouve aussi maintenant des velours fins et souples, qui tombent diff\u00e9remment mais tout aussi joliment, comme de l\u2019eau, ou comme un drap\u00e9 fluide.<\/p>\n<p>&nbsp;<\/p>\n","protected":false},"excerpt":{"rendered":"<ul>\n<li><strong>Dimensions<\/strong>\u00a0:\u00a0<strong>H2,80 x L3,0 m.<\/strong><\/li>\n<li><strong>Composition:<\/strong>\u00a02 tranches\u00a0<strong>1,5 m<\/strong>\u00a0chacune.<\/li>\n<li><strong>Composition\u00a0<\/strong>:velours en 100% polyester.<\/li>\n<li><strong>Finition<\/strong>\u00a0: 8 \u0153illets ronds en coloris argent avec une bande de renfort.<\/li>\n<\/ul>\n","protected":false},"featured_media":1553,"comment_status":"open","ping_status":"closed","template":"","meta":[],"product_brand":[],"product_cat":[206],"product_tag":[],"class_list":{"0":"post-1552","1":"product","2":"type-product","3":"status-publish","4":"has-post-thumbnail","6":"product_cat-rideaux-velours","7":"product_shipping_class-livraison-7-tnd-fix","9":"first","10":"instock","11":"sale","12":"taxable","13":"shipping-taxable","14":"purchasable","15":"product-type-simple"},"jetpack_sharing_enabled":true,"_links":{"self":[{"href":"https:\/\/yallafid.com\/index.php?rest_route=\/wp\/v2\/product\/1552","targetHints":{"allow":["GET"]}}],"collection":[{"href":"https:\/\/yallafid.com\/index.php?rest_route=\/wp\/v2\/product"}],"about":[{"href":"https:\/\/yallafid.com\/index.php?rest_route=\/wp\/v2\/types\/product"}],"replies":[{"embeddable":true,"href":"https:\/\/yallafid.com\/index.php?rest_route=%2Fwp%2Fv2%2Fcomments&post=1552"}],"version-history":[{"count":1,"href":"https:\/\/yallafid.com\/index.php?rest_route=\/wp\/v2\/product\/1552\/revisions"}],"predecessor-version":[{"id":1554,"href":"https:\/\/yallafid.com\/index.php?rest_route=\/wp\/v2\/product\/1552\/revisions\/1554"}],"wp:featuredmedia":[{"embeddable":true,"href":"https:\/\/yallafid.com\/index.php?rest_route=\/wp\/v2\/media\/1553"}],"wp:attachment":[{"href":"https:\/\/yallafid.com\/index.php?rest_route=%2Fwp%2Fv2%2Fmedia&parent=1552"}],"wp:term":[{"taxonomy":"product_brand","embeddable":true,"href":"https:\/\/yallafid.com\/index.php?rest_route=%2Fwp%2Fv2%2Fproduct_brand&post=1552"},{"taxonomy":"product_cat","embeddable":true,"href":"https:\/\/yallafid.com\/index.php?rest_route=%2Fwp%2Fv2%2Fproduct_cat&post=1552"},{"taxonomy":"product_tag","embeddable":true,"href":"https:\/\/yallafid.com\/index.php?rest_route=%2Fwp%2Fv2%2Fproduct_tag&post=1552"}],"curies":[{"name":"wp","href":"https:\/\/api.w.org\/{rel}","templated":true}]}}