{"id":159,"date":"2025-01-14T14:40:19","date_gmt":"2025-01-14T14:40:19","guid":{"rendered":"https:\/\/dummy.xtemos.com\/woodmart2\/marketplace2-elementor\/?post_type=product&#038;p=159"},"modified":"2025-10-28T10:53:17","modified_gmt":"2025-10-28T10:53:17","slug":"apple-macbook-air-13-m1","status":"publish","type":"product","link":"https:\/\/yallafid.com\/?product=apple-macbook-air-13-m1","title":{"rendered":"Tondeuse \u00e0 cheveux professionnelle VGR V-290"},"content":{"rendered":"<h2 style=\"text-align: center;\"><strong>Tondeuse \u00e0 cheveux professionnelle VGR V-290 avec \u00e9cran LED pour homme (dor\u00e9)<\/strong><\/h2>\n<ul>\n<li><strong>Mod\u00e8le :<\/strong> VGR V-290, \u00e9galement connue sous le nom de VGR V-290 Gold.<\/li>\n<li><strong>Caract\u00e9ristiques<\/strong> :\u00a0 dot\u00e9e d&rsquo;un affichage LED, d&rsquo;une lame en acier inoxydable et d&rsquo;un corps en plastique (ABS).<\/li>\n<\/ul>\n<p><img loading=\"lazy\" decoding=\"async\" class=\"aligncenter wp-image-2293 size-full\" src=\"https:\/\/yallafid.com\/wp-content\/uploads\/2025\/01\/tondeuse-vgr-gold-vente-en-ligne-yallafid-tunisie-gabes-tabarka-sfax-monastir.jpg\" alt=\"\" width=\"866\" height=\"866\" srcset=\"https:\/\/yallafid.com\/wp-content\/uploads\/2025\/01\/tondeuse-vgr-gold-vente-en-ligne-yallafid-tunisie-gabes-tabarka-sfax-monastir.jpg 866w, https:\/\/yallafid.com\/wp-content\/uploads\/2025\/01\/tondeuse-vgr-gold-vente-en-ligne-yallafid-tunisie-gabes-tabarka-sfax-monastir-300x300.jpg 300w, https:\/\/yallafid.com\/wp-content\/uploads\/2025\/01\/tondeuse-vgr-gold-vente-en-ligne-yallafid-tunisie-gabes-tabarka-sfax-monastir-150x150.jpg 150w, https:\/\/yallafid.com\/wp-content\/uploads\/2025\/01\/tondeuse-vgr-gold-vente-en-ligne-yallafid-tunisie-gabes-tabarka-sfax-monastir-768x768.jpg 768w, https:\/\/yallafid.com\/wp-content\/uploads\/2025\/01\/tondeuse-vgr-gold-vente-en-ligne-yallafid-tunisie-gabes-tabarka-sfax-monastir-600x600.jpg 600w\" sizes=\"auto, (max-width: 866px) 100vw, 866px\" \/><\/p>\n<ul>\n<li><strong>Alimentation<\/strong> : Elle fonctionne avec une batterie Li-ion de 600 mAh et se recharge via un port USB.<\/li>\n<li><strong>Autonomie<\/strong> : Une charge compl\u00e8te permet une utilisation d&rsquo;environ 120 minutes, avec un temps de charge de 1,5 heure.<\/li>\n<\/ul>\n<p><img loading=\"lazy\" decoding=\"async\" class=\"aligncenter wp-image-2291 size-full\" src=\"https:\/\/yallafid.com\/wp-content\/uploads\/2025\/01\/tondeuse-vgr-gold-vente-en-ligne-yallafid-tunisie-gabes-tabarka-sfax-monastir-jerba-hamamat.jpg\" alt=\"\" width=\"797\" height=\"797\" srcset=\"https:\/\/yallafid.com\/wp-content\/uploads\/2025\/01\/tondeuse-vgr-gold-vente-en-ligne-yallafid-tunisie-gabes-tabarka-sfax-monastir-jerba-hamamat.jpg 797w, https:\/\/yallafid.com\/wp-content\/uploads\/2025\/01\/tondeuse-vgr-gold-vente-en-ligne-yallafid-tunisie-gabes-tabarka-sfax-monastir-jerba-hamamat-300x300.jpg 300w, https:\/\/yallafid.com\/wp-content\/uploads\/2025\/01\/tondeuse-vgr-gold-vente-en-ligne-yallafid-tunisie-gabes-tabarka-sfax-monastir-jerba-hamamat-150x150.jpg 150w, https:\/\/yallafid.com\/wp-content\/uploads\/2025\/01\/tondeuse-vgr-gold-vente-en-ligne-yallafid-tunisie-gabes-tabarka-sfax-monastir-jerba-hamamat-768x768.jpg 768w, https:\/\/yallafid.com\/wp-content\/uploads\/2025\/01\/tondeuse-vgr-gold-vente-en-ligne-yallafid-tunisie-gabes-tabarka-sfax-monastir-jerba-hamamat-600x600.jpg 600w\" sizes=\"auto, (max-width: 797px) 100vw, 797px\" \/><\/p>\n<ul>\n<li><strong>Utilisation<\/strong> : Con\u00e7ue pour la coupe de cheveux et la taille de la barbe, elle est livr\u00e9e avec plusieurs peignes guides pour ajuster la longueur de coupe.<\/li>\n<\/ul>\n<h4><\/h4>\n<p>&nbsp;<\/p>\n<p>&nbsp;<\/p>\n<h4><\/h4>\n<p>&nbsp;<\/p>\n<p>&nbsp;<\/p>\n<p>&nbsp;<\/p>\n<p>&nbsp;<\/p>\n<p>&nbsp;<\/p>\n<p>&nbsp;<\/p>\n<p>&nbsp;<\/p>\n<p>&nbsp;<\/p>\n<p>&nbsp;<\/p>\n<h4><\/h4>\n<p>&nbsp;<\/p>\n<p>&nbsp;<\/p>\n<p>&nbsp;<\/p>\n<h4 class=\"info-box-title title box-title-style-default wd-fontsize-m\" data-elementor-setting-key=\"title\"><\/h4>\n<p>&nbsp;<\/p>\n<p>&nbsp;<\/p>\n<h4 class=\"info-box-title title box-title-style-default wd-fontsize-m\" data-elementor-setting-key=\"title\"><\/h4>\n<p>&nbsp;<\/p>\n<p>&nbsp;<\/p>\n","protected":false},"excerpt":{"rendered":"<ul>\n<li><strong>Utilisation<\/strong> :Barbe et moustache, coupe de cheveux<\/li>\n<li><strong>Couleur<\/strong> : dor\u00e9<\/li>\n<li><strong>Affichage LED<\/strong> : affiche l&rsquo;\u00e9tat de l&rsquo;alimentation et ajoute un rappel d&rsquo;huile<\/li>\n<li><strong>Mati\u00e8re<\/strong> :M\u00e9tal Acrylonitrile Butadi\u00e8ne Styr\u00e8ne<\/li>\n<li><strong>Rechargeable<\/strong><\/li>\n<li>Autonomie : 120 min<\/li>\n<li>Temps de charge: 1.5 heures<\/li>\n<li>Batterie: batterie Li-ion 600 mAh<\/li>\n<\/ul>\n","protected":false},"featured_media":2294,"comment_status":"open","ping_status":"closed","template":"","meta":[],"product_brand":[],"product_cat":[44,191],"product_tag":[],"class_list":{"0":"post-159","1":"product","2":"type-product","3":"status-publish","4":"has-post-thumbnail","6":"product_cat-soins-beaute-homme","7":"product_cat-tondeuses-rasoirs","8":"product_shipping_class-livraison-7-tnd-fix","10":"first","11":"instock","12":"sale","13":"taxable","14":"shipping-taxable","15":"purchasable","16":"product-type-simple"},"jetpack_sharing_enabled":true,"_links":{"self":[{"href":"https:\/\/yallafid.com\/index.php?rest_route=\/wp\/v2\/product\/159","targetHints":{"allow":["GET"]}}],"collection":[{"href":"https:\/\/yallafid.com\/index.php?rest_route=\/wp\/v2\/product"}],"about":[{"href":"https:\/\/yallafid.com\/index.php?rest_route=\/wp\/v2\/types\/product"}],"replies":[{"embeddable":true,"href":"https:\/\/yallafid.com\/index.php?rest_route=%2Fwp%2Fv2%2Fcomments&post=159"}],"version-history":[{"count":2,"href":"https:\/\/yallafid.com\/index.php?rest_route=\/wp\/v2\/product\/159\/revisions"}],"predecessor-version":[{"id":2230,"href":"https:\/\/yallafid.com\/index.php?rest_route=\/wp\/v2\/product\/159\/revisions\/2230"}],"wp:featuredmedia":[{"embeddable":true,"href":"https:\/\/yallafid.com\/index.php?rest_route=\/wp\/v2\/media\/2294"}],"wp:attachment":[{"href":"https:\/\/yallafid.com\/index.php?rest_route=%2Fwp%2Fv2%2Fmedia&parent=159"}],"wp:term":[{"taxonomy":"product_brand","embeddable":true,"href":"https:\/\/yallafid.com\/index.php?rest_route=%2Fwp%2Fv2%2Fproduct_brand&post=159"},{"taxonomy":"product_cat","embeddable":true,"href":"https:\/\/yallafid.com\/index.php?rest_route=%2Fwp%2Fv2%2Fproduct_cat&post=159"},{"taxonomy":"product_tag","embeddable":true,"href":"https:\/\/yallafid.com\/index.php?rest_route=%2Fwp%2Fv2%2Fproduct_tag&post=159"}],"curies":[{"name":"wp","href":"https:\/\/api.w.org\/{rel}","templated":true}]}}