{"id":1608,"date":"2025-10-16T13:45:37","date_gmt":"2025-10-16T13:45:37","guid":{"rendered":"https:\/\/yallafid.com\/?post_type=product&#038;p=1608"},"modified":"2025-10-16T13:46:06","modified_gmt":"2025-10-16T13:46:06","slug":"lampe-frontale-a-capteur-cob-modele-hx-816s","status":"publish","type":"product","link":"https:\/\/yallafid.com\/?product=lampe-frontale-a-capteur-cob-modele-hx-816s","title":{"rendered":"Lampe frontale \u00e0 capteur COB mod\u00e8le HX-816S"},"content":{"rendered":"<p style=\"text-align: center;\"><span dir=\"auto\" style=\"vertical-align: inherit;\"><span dir=\"auto\" style=\"vertical-align: inherit;\"><span dir=\"auto\" style=\"vertical-align: inherit;\"><span dir=\"auto\" style=\"vertical-align: inherit;\">Lampe frontale \u00e0 capteur COB mod\u00e8le HX-816S <\/span><\/span><\/span><\/span><br \/>\n<span dir=\"auto\" style=\"vertical-align: inherit;\"><span dir=\"auto\" style=\"vertical-align: inherit;\"><span dir=\"auto\" style=\"vertical-align: inherit;\"><span dir=\"auto\" style=\"vertical-align: inherit;\">L&rsquo;un des outils les plus utilis\u00e9s et essentiels pour la randonn\u00e9e nocturne, le tourisme de nature, le camping et m\u00eame l&rsquo;usage personnel est une lampe frontale. <\/span><\/span><\/span><\/span><br \/>\n<span dir=\"auto\" style=\"vertical-align: inherit;\"><span dir=\"auto\" style=\"vertical-align: inherit;\"><span dir=\"auto\" style=\"vertical-align: inherit;\"><span dir=\"auto\" style=\"vertical-align: inherit;\">Surtout si elles sont \u00e9tanches et rechargeables. Les lampes frontales ont de nombreuses utilisations, notamment pour la pr\u00e9paration des repas, la r\u00e9paration automobile, la randonn\u00e9e nocturne, etc. <\/span><\/span><\/span><\/span><br \/>\n<span dir=\"auto\" style=\"vertical-align: inherit;\"><span dir=\"auto\" style=\"vertical-align: inherit;\"><span dir=\"auto\" style=\"vertical-align: inherit;\"><span dir=\"auto\" style=\"vertical-align: inherit;\">La lampe frontale rechargeable HX-816S utilise des lumi\u00e8res LED \u00e0 \u00e9conomie d&rsquo;\u00e9nergie. <\/span><\/span><\/span><\/span><br \/>\n<span dir=\"auto\" style=\"vertical-align: inherit;\"><span dir=\"auto\" style=\"vertical-align: inherit;\"><span dir=\"auto\" style=\"vertical-align: inherit;\"><span dir=\"auto\" style=\"vertical-align: inherit;\">La LED est tr\u00e8s \u00e9conome en \u00e9nergie, concentre \u00e9galement la lumi\u00e8re, le produit peu de et peut durer longtemps sur une charge.<\/span><\/span><\/span><\/span><br \/>\n<img loading=\"lazy\" decoding=\"async\" class=\"alignnone wp-image-1609 size-woocommerce_thumbnail\" src=\"https:\/\/yallafid.com\/wp-content\/uploads\/2025\/10\/Lampe-frontale-capteur-COB-modele-HX-816-promo-yallafid-tunisie-sfax-ariana-bizerte45I-600x600.jpg\" alt=\"\" width=\"600\" height=\"600\" srcset=\"https:\/\/yallafid.com\/wp-content\/uploads\/2025\/10\/Lampe-frontale-capteur-COB-modele-HX-816-promo-yallafid-tunisie-sfax-ariana-bizerte45I-600x600.jpg 600w, https:\/\/yallafid.com\/wp-content\/uploads\/2025\/10\/Lampe-frontale-capteur-COB-modele-HX-816-promo-yallafid-tunisie-sfax-ariana-bizerte45I-300x300.jpg 300w, https:\/\/yallafid.com\/wp-content\/uploads\/2025\/10\/Lampe-frontale-capteur-COB-modele-HX-816-promo-yallafid-tunisie-sfax-ariana-bizerte45I-150x150.jpg 150w, https:\/\/yallafid.com\/wp-content\/uploads\/2025\/10\/Lampe-frontale-capteur-COB-modele-HX-816-promo-yallafid-tunisie-sfax-ariana-bizerte45I.jpg 680w\" sizes=\"auto, (max-width: 600px) 100vw, 600px\" \/><\/p>\n<p><img loading=\"lazy\" decoding=\"async\" class=\"alignundefined wp-image-1611 size-full aligncenter\" src=\"https:\/\/yallafid.com\/wp-content\/uploads\/2025\/10\/Lampe-frontale-capteur-COB-modele-HX-816-promo-yallafid-tunisie-sfax-ariana-bizerte44.jpg\" alt=\"\" width=\"546\" height=\"546\" srcset=\"https:\/\/yallafid.com\/wp-content\/uploads\/2025\/10\/Lampe-frontale-capteur-COB-modele-HX-816-promo-yallafid-tunisie-sfax-ariana-bizerte44.jpg 546w, https:\/\/yallafid.com\/wp-content\/uploads\/2025\/10\/Lampe-frontale-capteur-COB-modele-HX-816-promo-yallafid-tunisie-sfax-ariana-bizerte44-300x300.jpg 300w, https:\/\/yallafid.com\/wp-content\/uploads\/2025\/10\/Lampe-frontale-capteur-COB-modele-HX-816-promo-yallafid-tunisie-sfax-ariana-bizerte44-150x150.jpg 150w\" sizes=\"auto, (max-width: 546px) 100vw, 546px\" \/><\/p>\n<p><img loading=\"lazy\" decoding=\"async\" class=\"aligncenter wp-image-1612 size-woocommerce_thumbnail\" src=\"https:\/\/yallafid.com\/wp-content\/uploads\/2025\/10\/Lampe-frontale-capteur-COB-modele-HX-816-promo-yallafid-tunisie-sfax-ariana-bizerte4-600x600.jpg\" alt=\"\" width=\"600\" height=\"600\" srcset=\"https:\/\/yallafid.com\/wp-content\/uploads\/2025\/10\/Lampe-frontale-capteur-COB-modele-HX-816-promo-yallafid-tunisie-sfax-ariana-bizerte4-600x600.jpg 600w, https:\/\/yallafid.com\/wp-content\/uploads\/2025\/10\/Lampe-frontale-capteur-COB-modele-HX-816-promo-yallafid-tunisie-sfax-ariana-bizerte4-300x300.jpg 300w, https:\/\/yallafid.com\/wp-content\/uploads\/2025\/10\/Lampe-frontale-capteur-COB-modele-HX-816-promo-yallafid-tunisie-sfax-ariana-bizerte4-150x150.jpg 150w, https:\/\/yallafid.com\/wp-content\/uploads\/2025\/10\/Lampe-frontale-capteur-COB-modele-HX-816-promo-yallafid-tunisie-sfax-ariana-bizerte4.jpg 604w\" sizes=\"auto, (max-width: 600px) 100vw, 600px\" \/><\/p>\n","protected":false},"excerpt":{"rendered":"<p><span dir=\"auto\" style=\"vertical-align: inherit;\"><span dir=\"auto\" style=\"vertical-align: inherit;\">Nom du produit: Mini Lampe de poche <\/span><\/span><br \/>\n<span dir=\"auto\" style=\"vertical-align: inherit;\"><span dir=\"auto\" style=\"vertical-align: inherit;\">Mat\u00e9riau : ABS <\/span><\/span><br \/>\n<span dir=\"auto\" style=\"vertical-align: inherit;\"><span dir=\"auto\" style=\"vertical-align: inherit;\">Avec Interrupteur <\/span><\/span><br \/>\n<span dir=\"auto\" style=\"vertical-align: inherit;\"><span dir=\"auto\" style=\"vertical-align: inherit;\">Equip\u00e9e d&rsquo;un capteur de mouvement. <\/span><\/span><br \/>\n<span dir=\"auto\" style=\"vertical-align: inherit;\"><span dir=\"auto\" style=\"vertical-align: inherit;\">Rechargez via un port USB Type-C. <\/span><\/span><br \/>\n<span dir=\"auto\" style=\"vertical-align: inherit;\"><span dir=\"auto\" style=\"vertical-align: inherit;\">Int\u00e8gre une fonction d&rsquo;avertissement lumineux rouge. <\/span><\/span><br \/>\n<span dir=\"auto\" style=\"vertical-align: inherit;\"><span dir=\"auto\" style=\"vertical-align: inherit;\">Elle utilise la technologie COB et est aliment\u00e9e par une batterie 18650<\/span><\/span><\/p>\n","protected":false},"featured_media":1617,"comment_status":"open","ping_status":"closed","template":"","meta":[],"product_brand":[],"product_cat":[114],"product_tag":[],"class_list":{"0":"post-1608","1":"product","2":"type-product","3":"status-publish","4":"has-post-thumbnail","6":"product_cat-lampes-torche","7":"product_shipping_class-livraison-7-tnd-fix","9":"first","10":"instock","11":"sale","12":"taxable","13":"shipping-taxable","14":"purchasable","15":"product-type-simple"},"jetpack_sharing_enabled":true,"_links":{"self":[{"href":"https:\/\/yallafid.com\/index.php?rest_route=\/wp\/v2\/product\/1608","targetHints":{"allow":["GET"]}}],"collection":[{"href":"https:\/\/yallafid.com\/index.php?rest_route=\/wp\/v2\/product"}],"about":[{"href":"https:\/\/yallafid.com\/index.php?rest_route=\/wp\/v2\/types\/product"}],"replies":[{"embeddable":true,"href":"https:\/\/yallafid.com\/index.php?rest_route=%2Fwp%2Fv2%2Fcomments&post=1608"}],"version-history":[{"count":2,"href":"https:\/\/yallafid.com\/index.php?rest_route=\/wp\/v2\/product\/1608\/revisions"}],"predecessor-version":[{"id":1619,"href":"https:\/\/yallafid.com\/index.php?rest_route=\/wp\/v2\/product\/1608\/revisions\/1619"}],"wp:featuredmedia":[{"embeddable":true,"href":"https:\/\/yallafid.com\/index.php?rest_route=\/wp\/v2\/media\/1617"}],"wp:attachment":[{"href":"https:\/\/yallafid.com\/index.php?rest_route=%2Fwp%2Fv2%2Fmedia&parent=1608"}],"wp:term":[{"taxonomy":"product_brand","embeddable":true,"href":"https:\/\/yallafid.com\/index.php?rest_route=%2Fwp%2Fv2%2Fproduct_brand&post=1608"},{"taxonomy":"product_cat","embeddable":true,"href":"https:\/\/yallafid.com\/index.php?rest_route=%2Fwp%2Fv2%2Fproduct_cat&post=1608"},{"taxonomy":"product_tag","embeddable":true,"href":"https:\/\/yallafid.com\/index.php?rest_route=%2Fwp%2Fv2%2Fproduct_tag&post=1608"}],"curies":[{"name":"wp","href":"https:\/\/api.w.org\/{rel}","templated":true}]}}