{"id":1620,"date":"2025-10-16T13:51:52","date_gmt":"2025-10-16T13:51:52","guid":{"rendered":"https:\/\/yallafid.com\/?post_type=product&#038;p=1620"},"modified":"2025-10-16T13:52:48","modified_gmt":"2025-10-16T13:52:48","slug":"lampe-solaire-avec-capteur-de-mouvement-fc-996","status":"publish","type":"product","link":"https:\/\/yallafid.com\/?product=lampe-solaire-avec-capteur-de-mouvement-fc-996","title":{"rendered":"Lampe Solaire avec Capteur de Mouvement FC-996"},"content":{"rendered":"<ul>\n<li><span dir=\"auto\" style=\"vertical-align: inherit;\"><span dir=\"auto\" style=\"vertical-align: inherit;\">Id\u00e9ale pour une utilisation suspendue, en tente ou comme lampe de table.<\/span><\/span><\/li>\n<li><span dir=\"auto\" style=\"vertical-align: inherit;\"><span dir=\"auto\" style=\"vertical-align: inherit;\">Panneau solaire : pour une charge solaire rapide et efficace.<\/span><\/span><\/li>\n<li><span dir=\"auto\" style=\"vertical-align: inherit;\"><span dir=\"auto\" style=\"vertical-align: inherit;\">Allumage automatique au cr\u00e9puscule, recharge automatique en journ\u00e9e.<\/span><\/span><\/li>\n<li><span dir=\"auto\" style=\"vertical-align: inherit;\"><span dir=\"auto\" style=\"vertical-align: inherit;\">D\u00e9tecte jusqu&rsquo;\u00e0 8 m avec un angle de 120\u00b0, allume\/\u00e9teint la lumi\u00e8re selon les mouvements.<\/span><\/span><\/li>\n<li><span dir=\"auto\" style=\"vertical-align: inherit;\"><span dir=\"auto\" style=\"vertical-align: inherit;\">Batterie lithium 18650 haute capacit\u00e9 pour une utilisation prolong\u00e9e.<\/span><\/span><\/li>\n<li><span dir=\"auto\" style=\"vertical-align: inherit;\"><span dir=\"auto\" style=\"vertical-align: inherit;\">Conception : r\u00e9sistance \u00e0 la pluie gr\u00e2ce \u00e0 un design \u00e9tanche.<\/span><\/span><\/li>\n<\/ul>\n<p><img loading=\"lazy\" decoding=\"async\" class=\"aligncenter wp-image-82551 size-large\" src=\"https:\/\/promodeal.com.tn\/wp-content\/uploads\/2025\/09\/lanterne-solaire-capteur-mouvement-detecteur-promodeal-tunisie-2-800x800.jpg\" sizes=\"auto, (max-width: 800px) 100vw, 800px\" srcset=\"https:\/\/promodeal.com.tn\/wp-content\/uploads\/2025\/09\/lanterne-solaire-capteur-mouvement-detecteur-promodeal-tunisie-2-800x800.jpg 800w, https:\/\/promodeal.com.tn\/wp-content\/uploads\/2025\/09\/lanterne-solaire-capteur-mouvement-detecteur-promodeal-tunisie-2-300x300.jpg 300w, https:\/\/promodeal.com.tn\/wp-content\/uploads\/2025\/09\/lanterne-solaire-capteur-mouvement-detecteur-promodeal-tunisie-2-150x150.jpg 150w, https:\/\/promodeal.com.tn\/wp-content\/uploads\/2025\/09\/lanterne-solaire-capteur-mouvement-detecteur-promodeal-tunisie-2-768x768.jpg 768w, https:\/\/promodeal.com.tn\/wp-content\/uploads\/2025\/09\/lanterne-solaire-capteur-mouvement-detecteur-promodeal-tunisie-2-600x600.jpg 600w, https:\/\/promodeal.com.tn\/wp-content\/uploads\/2025\/09\/lanterne-solaire-capteur-mouvement-detecteur-promodeal-tunisie-2-1200x1200.jpg 1200w, https:\/\/promodeal.com.tn\/wp-content\/uploads\/2025\/09\/lanterne-solaire-capteur-mouvement-detecteur-promodeal-tunisie-2-32x32.jpg 32w, https:\/\/promodeal.com.tn\/wp-content\/uploads\/2025\/09\/lanterne-solaire-capteur-mouvement-detecteur-promodeal-tunisie-2.jpg 1475w\" alt=\"\" width=\"800\" height=\"800\" \/><\/p>\n","protected":false},"excerpt":{"rendered":"<ul>\n<li><span dir=\"auto\" style=\"vertical-align: inherit;\"><span dir=\"auto\" style=\"vertical-align: inherit;\">Nom du produit : lampe solaire de camping.<\/span><\/span><\/li>\n<li><span dir=\"auto\" style=\"vertical-align: inherit;\"><span dir=\"auto\" style=\"vertical-align: inherit;\">Mat\u00e9riel d&rsquo;\u00e9clairage : quatre niveaux d&rsquo;\u00e9clairage<\/span><\/span><\/li>\n<li><span dir=\"auto\" style=\"vertical-align: inherit;\"><span dir=\"auto\" style=\"vertical-align: inherit;\">Batterie : batterie int\u00e9gr\u00e9e<\/span><\/span><\/li>\n<li><span dir=\"auto\" style=\"vertical-align: inherit;\"><span dir=\"auto\" style=\"vertical-align: inherit;\">Utilisation : crochet de suspension, aucun c\u00e2blage requis.<\/span><\/span><\/li>\n<li><span dir=\"auto\" style=\"vertical-align: inherit;\"><span dir=\"auto\" style=\"vertical-align: inherit;\">Mat\u00e9riau du corps de la lampe : abat-jour ABS + PC<\/span><\/span><\/li>\n<li><span dir=\"auto\" style=\"vertical-align: inherit;\"><span dir=\"auto\" style=\"vertical-align: inherit;\">Poids du produit : 255,5 G<\/span><\/span><\/li>\n<li><span dir=\"auto\" style=\"vertical-align: inherit;\"><span dir=\"auto\" style=\"vertical-align: inherit;\">M\u00e9thode de charge : charge solaire + TYPE-C<\/span><\/span><\/li>\n<li><span dir=\"auto\" style=\"vertical-align: inherit;\"><span dir=\"auto\" style=\"vertical-align: inherit;\">Taille du produit : environ 11,0\u00d711,0&#215;20,4 cm<\/span><\/span><\/li>\n<\/ul>\n","protected":false},"featured_media":1625,"comment_status":"open","ping_status":"closed","template":"","meta":[],"product_brand":[],"product_cat":[140],"product_tag":[],"class_list":{"0":"post-1620","1":"product","2":"type-product","3":"status-publish","4":"has-post-thumbnail","6":"product_cat-lampes-solaires","7":"product_shipping_class-livraison-7-tnd-fix","9":"first","10":"instock","11":"sale","12":"taxable","13":"shipping-taxable","14":"purchasable","15":"product-type-simple"},"jetpack_sharing_enabled":true,"_links":{"self":[{"href":"https:\/\/yallafid.com\/index.php?rest_route=\/wp\/v2\/product\/1620","targetHints":{"allow":["GET"]}}],"collection":[{"href":"https:\/\/yallafid.com\/index.php?rest_route=\/wp\/v2\/product"}],"about":[{"href":"https:\/\/yallafid.com\/index.php?rest_route=\/wp\/v2\/types\/product"}],"replies":[{"embeddable":true,"href":"https:\/\/yallafid.com\/index.php?rest_route=%2Fwp%2Fv2%2Fcomments&post=1620"}],"version-history":[{"count":2,"href":"https:\/\/yallafid.com\/index.php?rest_route=\/wp\/v2\/product\/1620\/revisions"}],"predecessor-version":[{"id":1627,"href":"https:\/\/yallafid.com\/index.php?rest_route=\/wp\/v2\/product\/1620\/revisions\/1627"}],"wp:featuredmedia":[{"embeddable":true,"href":"https:\/\/yallafid.com\/index.php?rest_route=\/wp\/v2\/media\/1625"}],"wp:attachment":[{"href":"https:\/\/yallafid.com\/index.php?rest_route=%2Fwp%2Fv2%2Fmedia&parent=1620"}],"wp:term":[{"taxonomy":"product_brand","embeddable":true,"href":"https:\/\/yallafid.com\/index.php?rest_route=%2Fwp%2Fv2%2Fproduct_brand&post=1620"},{"taxonomy":"product_cat","embeddable":true,"href":"https:\/\/yallafid.com\/index.php?rest_route=%2Fwp%2Fv2%2Fproduct_cat&post=1620"},{"taxonomy":"product_tag","embeddable":true,"href":"https:\/\/yallafid.com\/index.php?rest_route=%2Fwp%2Fv2%2Fproduct_tag&post=1620"}],"curies":[{"name":"wp","href":"https:\/\/api.w.org\/{rel}","templated":true}]}}