{"id":1637,"date":"2025-10-18T11:27:17","date_gmt":"2025-10-18T11:27:17","guid":{"rendered":"https:\/\/yallafid.com\/?post_type=product&#038;p=1637"},"modified":"2025-10-18T11:27:17","modified_gmt":"2025-10-18T11:27:17","slug":"cable-universel-retractable-65w-4-en-1","status":"publish","type":"product","link":"https:\/\/yallafid.com\/?product=cable-universel-retractable-65w-4-en-1","title":{"rendered":"C\u00e2ble universel r\u00e9tractable 65W 4-en-1"},"content":{"rendered":"<p style=\"text-align: center;\"><strong>C\u00e2ble de Charge PD 65W Max 4-en-1 Haute Vitesse, C\u00e2ble USB T\u00e9lescopique \u00e0 Ressort pour for Samsung Xiaomi Huawei OPPO iPhone iPad &#8211; Meilleur Choix pour Voyage et Voiture<img loading=\"lazy\" decoding=\"async\" class=\"aligncenter wp-image-1638 size-woocommerce_thumbnail\" src=\"https:\/\/yallafid.com\/wp-content\/uploads\/2025\/10\/cable-retractable-multifonctionnel-2EN2-de-65w-avec-usb-c-charge-ultra-rapide-synchronisation-donnees-chargement-avec-iphone-ipad-xiaomi-huawei-oppo-TUNISIE-noir-600x600.jpg\" alt=\"\" width=\"600\" height=\"600\" srcset=\"https:\/\/yallafid.com\/wp-content\/uploads\/2025\/10\/cable-retractable-multifonctionnel-2EN2-de-65w-avec-usb-c-charge-ultra-rapide-synchronisation-donnees-chargement-avec-iphone-ipad-xiaomi-huawei-oppo-TUNISIE-noir-600x600.jpg 600w, https:\/\/yallafid.com\/wp-content\/uploads\/2025\/10\/cable-retractable-multifonctionnel-2EN2-de-65w-avec-usb-c-charge-ultra-rapide-synchronisation-donnees-chargement-avec-iphone-ipad-xiaomi-huawei-oppo-TUNISIE-noir-300x300.jpg 300w, https:\/\/yallafid.com\/wp-content\/uploads\/2025\/10\/cable-retractable-multifonctionnel-2EN2-de-65w-avec-usb-c-charge-ultra-rapide-synchronisation-donnees-chargement-avec-iphone-ipad-xiaomi-huawei-oppo-TUNISIE-noir-150x150.jpg 150w, https:\/\/yallafid.com\/wp-content\/uploads\/2025\/10\/cable-retractable-multifonctionnel-2EN2-de-65w-avec-usb-c-charge-ultra-rapide-synchronisation-donnees-chargement-avec-iphone-ipad-xiaomi-huawei-oppo-TUNISIE-noir-768x768.jpg 768w, https:\/\/yallafid.com\/wp-content\/uploads\/2025\/10\/cable-retractable-multifonctionnel-2EN2-de-65w-avec-usb-c-charge-ultra-rapide-synchronisation-donnees-chargement-avec-iphone-ipad-xiaomi-huawei-oppo-TUNISIE-noir.jpg 800w\" sizes=\"auto, (max-width: 600px) 100vw, 600px\" \/> <img loading=\"lazy\" decoding=\"async\" class=\"alignnone wp-image-1639 size-woocommerce_thumbnail\" src=\"https:\/\/yallafid.com\/wp-content\/uploads\/2025\/10\/cable-retractable-multifonctionnel-4en1-de-65w-avec-usb-c-charge-ultra-rapide-synchronisation-donnees-chargement-avec-iphone-ipad-xiaomi-huawei-oppo-TUNISIE-noir-600x600.jpg\" alt=\"\" width=\"600\" height=\"600\" srcset=\"https:\/\/yallafid.com\/wp-content\/uploads\/2025\/10\/cable-retractable-multifonctionnel-4en1-de-65w-avec-usb-c-charge-ultra-rapide-synchronisation-donnees-chargement-avec-iphone-ipad-xiaomi-huawei-oppo-TUNISIE-noir-600x600.jpg 600w, https:\/\/yallafid.com\/wp-content\/uploads\/2025\/10\/cable-retractable-multifonctionnel-4en1-de-65w-avec-usb-c-charge-ultra-rapide-synchronisation-donnees-chargement-avec-iphone-ipad-xiaomi-huawei-oppo-TUNISIE-noir-300x300.jpg 300w, https:\/\/yallafid.com\/wp-content\/uploads\/2025\/10\/cable-retractable-multifonctionnel-4en1-de-65w-avec-usb-c-charge-ultra-rapide-synchronisation-donnees-chargement-avec-iphone-ipad-xiaomi-huawei-oppo-TUNISIE-noir-150x150.jpg 150w, https:\/\/yallafid.com\/wp-content\/uploads\/2025\/10\/cable-retractable-multifonctionnel-4en1-de-65w-avec-usb-c-charge-ultra-rapide-synchronisation-donnees-chargement-avec-iphone-ipad-xiaomi-huawei-oppo-TUNISIE-noir-768x768.jpg 768w, https:\/\/yallafid.com\/wp-content\/uploads\/2025\/10\/cable-retractable-multifonctionnel-4en1-de-65w-avec-usb-c-charge-ultra-rapide-synchronisation-donnees-chargement-avec-iphone-ipad-xiaomi-huawei-oppo-TUNISIE-noir.jpg 800w\" sizes=\"auto, (max-width: 600px) 100vw, 600px\" \/> <img loading=\"lazy\" decoding=\"async\" class=\"aligncenter wp-image-1640 size-woocommerce_thumbnail\" src=\"https:\/\/yallafid.com\/wp-content\/uploads\/2025\/10\/cable-retractable-multifonctionnel-6en1-de-65w-avec-usb-c-charge-ultra-rapide-synchronisation-donnees-chargement-avec-iphone-ipad-xiaomi-huawei-oppo-TUNISIE-noir-600x600.jpg\" alt=\"\" width=\"600\" height=\"600\" srcset=\"https:\/\/yallafid.com\/wp-content\/uploads\/2025\/10\/cable-retractable-multifonctionnel-6en1-de-65w-avec-usb-c-charge-ultra-rapide-synchronisation-donnees-chargement-avec-iphone-ipad-xiaomi-huawei-oppo-TUNISIE-noir-600x600.jpg 600w, https:\/\/yallafid.com\/wp-content\/uploads\/2025\/10\/cable-retractable-multifonctionnel-6en1-de-65w-avec-usb-c-charge-ultra-rapide-synchronisation-donnees-chargement-avec-iphone-ipad-xiaomi-huawei-oppo-TUNISIE-noir-300x300.jpg 300w, https:\/\/yallafid.com\/wp-content\/uploads\/2025\/10\/cable-retractable-multifonctionnel-6en1-de-65w-avec-usb-c-charge-ultra-rapide-synchronisation-donnees-chargement-avec-iphone-ipad-xiaomi-huawei-oppo-TUNISIE-noir-150x150.jpg 150w, https:\/\/yallafid.com\/wp-content\/uploads\/2025\/10\/cable-retractable-multifonctionnel-6en1-de-65w-avec-usb-c-charge-ultra-rapide-synchronisation-donnees-chargement-avec-iphone-ipad-xiaomi-huawei-oppo-TUNISIE-noir-768x768.jpg 768w, https:\/\/yallafid.com\/wp-content\/uploads\/2025\/10\/cable-retractable-multifonctionnel-6en1-de-65w-avec-usb-c-charge-ultra-rapide-synchronisation-donnees-chargement-avec-iphone-ipad-xiaomi-huawei-oppo-TUNISIE-noir.jpg 800w\" sizes=\"auto, (max-width: 600px) 100vw, 600px\" \/> <img loading=\"lazy\" decoding=\"async\" class=\"alignnone wp-image-1641 size-woocommerce_thumbnail\" src=\"https:\/\/yallafid.com\/wp-content\/uploads\/2025\/10\/cable-retractable-multifonctionnel-6en1-de-65w-avec-usb-c-charge-ultra-rapide-synchronisation-donnees-chargement-avec-indicateur-iphone-ipad-xiaomi-huawei-oppo-TUNISIE-noir-600x600.jpg\" alt=\"\" width=\"600\" height=\"600\" srcset=\"https:\/\/yallafid.com\/wp-content\/uploads\/2025\/10\/cable-retractable-multifonctionnel-6en1-de-65w-avec-usb-c-charge-ultra-rapide-synchronisation-donnees-chargement-avec-indicateur-iphone-ipad-xiaomi-huawei-oppo-TUNISIE-noir-600x600.jpg 600w, https:\/\/yallafid.com\/wp-content\/uploads\/2025\/10\/cable-retractable-multifonctionnel-6en1-de-65w-avec-usb-c-charge-ultra-rapide-synchronisation-donnees-chargement-avec-indicateur-iphone-ipad-xiaomi-huawei-oppo-TUNISIE-noir-300x300.jpg 300w, https:\/\/yallafid.com\/wp-content\/uploads\/2025\/10\/cable-retractable-multifonctionnel-6en1-de-65w-avec-usb-c-charge-ultra-rapide-synchronisation-donnees-chargement-avec-indicateur-iphone-ipad-xiaomi-huawei-oppo-TUNISIE-noir-150x150.jpg 150w, https:\/\/yallafid.com\/wp-content\/uploads\/2025\/10\/cable-retractable-multifonctionnel-6en1-de-65w-avec-usb-c-charge-ultra-rapide-synchronisation-donnees-chargement-avec-indicateur-iphone-ipad-xiaomi-huawei-oppo-TUNISIE-noir-768x768.jpg 768w, https:\/\/yallafid.com\/wp-content\/uploads\/2025\/10\/cable-retractable-multifonctionnel-6en1-de-65w-avec-usb-c-charge-ultra-rapide-synchronisation-donnees-chargement-avec-indicateur-iphone-ipad-xiaomi-huawei-oppo-TUNISIE-noir.jpg 800w\" sizes=\"auto, (max-width: 600px) 100vw, 600px\" \/><\/strong><\/p>\n","protected":false},"excerpt":{"rendered":"<ul>\n<li>C\u00e2ble R\u00e9tractable<\/li>\n<li>Multi Port\u00a0 4-en-1<\/li>\n<li>65W<\/li>\n<li>Charge Ultra Rapide<\/li>\n<li>PD et Synchronisation des Donn\u00e9es<\/li>\n<li>En Silicone, Chargement<\/li>\n<li>Convient pour iPhone, iPad, Xiaomi, Huawei, OPPO, Samsung et autres T\u00e9l\u00e9phones<\/li>\n<\/ul>\n","protected":false},"featured_media":1652,"comment_status":"open","ping_status":"closed","template":"","meta":[],"product_brand":[],"product_cat":[36,35],"product_tag":[],"class_list":{"0":"post-1637","1":"product","2":"type-product","3":"status-publish","4":"has-post-thumbnail","6":"product_cat-accessoires-telephone","7":"product_cat-informatique","9":"first","10":"instock","11":"sale","12":"taxable","13":"shipping-taxable","14":"purchasable","15":"product-type-variable"},"jetpack_sharing_enabled":true,"_links":{"self":[{"href":"https:\/\/yallafid.com\/index.php?rest_route=\/wp\/v2\/product\/1637","targetHints":{"allow":["GET"]}}],"collection":[{"href":"https:\/\/yallafid.com\/index.php?rest_route=\/wp\/v2\/product"}],"about":[{"href":"https:\/\/yallafid.com\/index.php?rest_route=\/wp\/v2\/types\/product"}],"replies":[{"embeddable":true,"href":"https:\/\/yallafid.com\/index.php?rest_route=%2Fwp%2Fv2%2Fcomments&post=1637"}],"version-history":[{"count":1,"href":"https:\/\/yallafid.com\/index.php?rest_route=\/wp\/v2\/product\/1637\/revisions"}],"predecessor-version":[{"id":1658,"href":"https:\/\/yallafid.com\/index.php?rest_route=\/wp\/v2\/product\/1637\/revisions\/1658"}],"wp:featuredmedia":[{"embeddable":true,"href":"https:\/\/yallafid.com\/index.php?rest_route=\/wp\/v2\/media\/1652"}],"wp:attachment":[{"href":"https:\/\/yallafid.com\/index.php?rest_route=%2Fwp%2Fv2%2Fmedia&parent=1637"}],"wp:term":[{"taxonomy":"product_brand","embeddable":true,"href":"https:\/\/yallafid.com\/index.php?rest_route=%2Fwp%2Fv2%2Fproduct_brand&post=1637"},{"taxonomy":"product_cat","embeddable":true,"href":"https:\/\/yallafid.com\/index.php?rest_route=%2Fwp%2Fv2%2Fproduct_cat&post=1637"},{"taxonomy":"product_tag","embeddable":true,"href":"https:\/\/yallafid.com\/index.php?rest_route=%2Fwp%2Fv2%2Fproduct_tag&post=1637"}],"curies":[{"name":"wp","href":"https:\/\/api.w.org\/{rel}","templated":true}]}}