{"id":1697,"date":"2025-10-18T18:48:31","date_gmt":"2025-10-18T18:48:31","guid":{"rendered":"https:\/\/yallafid.com\/?post_type=product&#038;p=1697"},"modified":"2025-10-18T18:48:31","modified_gmt":"2025-10-18T18:48:31","slug":"lot-de-2-serrures-de-verrouillage-auto-adhesif-pour-refrigerateur","status":"publish","type":"product","link":"https:\/\/yallafid.com\/?product=lot-de-2-serrures-de-verrouillage-auto-adhesif-pour-refrigerateur","title":{"rendered":"Lot de 2 serrures de verrouillage auto-adh\u00e9sif pour r\u00e9frig\u00e9rateur"},"content":{"rendered":"<section class=\"wd-negative-gap elementor-section elementor-top-section elementor-element elementor-element-562428a elementor-reverse-mobile elementor-section-boxed elementor-section-height-default elementor-section-height-default\" data-id=\"562428a\" data-element_type=\"section\">\n<div class=\"elementor-container elementor-column-gap-default\">\n<div class=\"elementor-column elementor-col-100 elementor-top-column elementor-element elementor-element-849fa95\" data-id=\"849fa95\" data-element_type=\"column\" data-settings=\"{&quot;background_background&quot;:&quot;classic&quot;}\">\n<div class=\"elementor-widget-wrap elementor-element-populated\">\n<div class=\"elementor-element elementor-element-e24b901 wd-single-content elementor-widget elementor-widget-wd_single_product_content\" data-id=\"e24b901\" data-element_type=\"widget\" data-widget_type=\"wd_single_product_content.default\">\n<div class=\"elementor-widget-container\">\n<h3><strong>Syst\u00e8me de verrouillage de r\u00e9frig\u00e9rateur auto-adh\u00e9sif pour la maison, serrure de r\u00e9frig\u00e9rateur, cong\u00e9lateur, serrures de porte, s\u00e9curit\u00e9 des enfants et des b\u00e9b\u00e9s, serrure d\u2019armoire pour enfants<img loading=\"lazy\" decoding=\"async\" class=\"aligncenter wp-image-1698 size-woocommerce_thumbnail\" src=\"https:\/\/yallafid.com\/wp-content\/uploads\/2025\/10\/verrouillage-porte-refregirateur-enfant-securite-fermeture-YALLAFID-tunis-sfax-bizerte-kairoun-gafsa-600x600.jpg\" alt=\"\" width=\"600\" height=\"600\" srcset=\"https:\/\/yallafid.com\/wp-content\/uploads\/2025\/10\/verrouillage-porte-refregirateur-enfant-securite-fermeture-YALLAFID-tunis-sfax-bizerte-kairoun-gafsa-600x600.jpg 600w, https:\/\/yallafid.com\/wp-content\/uploads\/2025\/10\/verrouillage-porte-refregirateur-enfant-securite-fermeture-YALLAFID-tunis-sfax-bizerte-kairoun-gafsa-300x300.jpg 300w, https:\/\/yallafid.com\/wp-content\/uploads\/2025\/10\/verrouillage-porte-refregirateur-enfant-securite-fermeture-YALLAFID-tunis-sfax-bizerte-kairoun-gafsa-1024x1024.jpg 1024w, https:\/\/yallafid.com\/wp-content\/uploads\/2025\/10\/verrouillage-porte-refregirateur-enfant-securite-fermeture-YALLAFID-tunis-sfax-bizerte-kairoun-gafsa-150x150.jpg 150w, https:\/\/yallafid.com\/wp-content\/uploads\/2025\/10\/verrouillage-porte-refregirateur-enfant-securite-fermeture-YALLAFID-tunis-sfax-bizerte-kairoun-gafsa-768x768.jpg 768w, https:\/\/yallafid.com\/wp-content\/uploads\/2025\/10\/verrouillage-porte-refregirateur-enfant-securite-fermeture-YALLAFID-tunis-sfax-bizerte-kairoun-gafsa-1320x1320.jpg 1320w, https:\/\/yallafid.com\/wp-content\/uploads\/2025\/10\/verrouillage-porte-refregirateur-enfant-securite-fermeture-YALLAFID-tunis-sfax-bizerte-kairoun-gafsa-1200x1200.jpg 1200w, https:\/\/yallafid.com\/wp-content\/uploads\/2025\/10\/verrouillage-porte-refregirateur-enfant-securite-fermeture-YALLAFID-tunis-sfax-bizerte-kairoun-gafsa.jpg 1500w\" sizes=\"auto, (max-width: 600px) 100vw, 600px\" \/> <img loading=\"lazy\" decoding=\"async\" class=\"aligncenter wp-image-1701 size-woocommerce_thumbnail\" src=\"https:\/\/yallafid.com\/wp-content\/uploads\/2025\/10\/verrouillage-porte-refregirateur-enfant-securite-fermeture-YALLAFID-tunis-sfax-bizerte-sousse-600x600.jpg\" alt=\"\" width=\"600\" height=\"600\" srcset=\"https:\/\/yallafid.com\/wp-content\/uploads\/2025\/10\/verrouillage-porte-refregirateur-enfant-securite-fermeture-YALLAFID-tunis-sfax-bizerte-sousse-600x600.jpg 600w, https:\/\/yallafid.com\/wp-content\/uploads\/2025\/10\/verrouillage-porte-refregirateur-enfant-securite-fermeture-YALLAFID-tunis-sfax-bizerte-sousse-300x300.jpg 300w, https:\/\/yallafid.com\/wp-content\/uploads\/2025\/10\/verrouillage-porte-refregirateur-enfant-securite-fermeture-YALLAFID-tunis-sfax-bizerte-sousse-1024x1024.jpg 1024w, https:\/\/yallafid.com\/wp-content\/uploads\/2025\/10\/verrouillage-porte-refregirateur-enfant-securite-fermeture-YALLAFID-tunis-sfax-bizerte-sousse-150x150.jpg 150w, https:\/\/yallafid.com\/wp-content\/uploads\/2025\/10\/verrouillage-porte-refregirateur-enfant-securite-fermeture-YALLAFID-tunis-sfax-bizerte-sousse-768x768.jpg 768w, https:\/\/yallafid.com\/wp-content\/uploads\/2025\/10\/verrouillage-porte-refregirateur-enfant-securite-fermeture-YALLAFID-tunis-sfax-bizerte-sousse-1320x1320.jpg 1320w, https:\/\/yallafid.com\/wp-content\/uploads\/2025\/10\/verrouillage-porte-refregirateur-enfant-securite-fermeture-YALLAFID-tunis-sfax-bizerte-sousse-1200x1200.jpg 1200w, https:\/\/yallafid.com\/wp-content\/uploads\/2025\/10\/verrouillage-porte-refregirateur-enfant-securite-fermeture-YALLAFID-tunis-sfax-bizerte-sousse.jpg 1500w\" sizes=\"auto, (max-width: 600px) 100vw, 600px\" \/><\/strong><\/h3>\n<ul>\n<li>\u00a0Ce syst\u00e8me de r\u00e9frig\u00e9rateur autocollant est fabriqu\u00e9 en plastique de haute qualit\u00e9, avec sa t\u00e9nacit\u00e9 plus forte et une meilleure fermet\u00e9, il offre une protection fiable pour l\u2019ouverture accidentelle de la porte du r\u00e9frig\u00e9rateur, emp\u00eachant les doigts d\u2019\u00eatre pinc\u00e9s ou les objets de se renverser.<\/li>\n<li>Aucun outil ou per\u00e7age n\u00e9cessaire, ce syst\u00e8me est con\u00e7u pour \u00eatre simple et pratique, s\u00e9curisez les deux extr\u00e9mit\u00e9s, puis appuyez pendant quelques secondes, c\u2019est aussi simple que cela. Cette fonction autocollante peut \u00eatre facilement install\u00e9e sur les r\u00e9frig\u00e9rateurs domestiques avec une seule largeur de porte sup\u00e9rieure \u00e0 32 mm.<\/li>\n<li>Ce verrou de porte de r\u00e9frig\u00e9rateur est con\u00e7u pour la s\u00e9curit\u00e9 de vos tout-petits et amis \u00e0 fourrure. Le design unique le rend facile \u00e0 utiliser pour les adultes, mais difficile \u00e0 comprendre pour les enfants. M\u00eame s\u2019ils parviennent \u00e0 le d\u00e9verrouiller, le manque de force des doigts les emp\u00eachera d\u2019appuyer facilement sur le bouton. Gardez vos proches en s\u00e9curit\u00e9 avec notre syst\u00e8me fiable.<\/li>\n<li>Ce syst\u00e8me de r\u00e9frig\u00e9rateur polyvalent est non seulement adapt\u00e9 pour les r\u00e9frig\u00e9rateurs, mais \u00e9galement pour les armoires, tiroirs, poubelles, si\u00e8ges de toilette, et plus encore. Le verrou magn\u00e9tique robuste maintient vos enfants et animaux de compagnie curieux hors du r\u00e9frig\u00e9rateur de votre maison.<\/li>\n<li>Cr\u00e9ez un environnement s\u00fbr pour votre famille avec nos verrous de s\u00e9curit\u00e9 pour porte de r\u00e9frig\u00e9rateur. En verrouillant efficacement le r\u00e9frig\u00e9rateur, les enfants et les animaux domestiques peuvent \u00eatre emp\u00each\u00e9s d\u2019\u00eatre pinc\u00e9s ou bless\u00e9s. Nos verrous de porte de placard autocollants offrent une couche de protection suppl\u00e9mentaire, ce qui facilite la protection de vos proches lorsqu\u2019ils explorent votre maison.<\/li>\n<\/ul>\n<\/div>\n<\/div>\n<\/div>\n<\/div>\n<\/div>\n<\/section>\n<section class=\"wd-negative-gap elementor-section elementor-top-section elementor-element elementor-element-ff7c99b elementor-section-boxed elementor-section-height-default elementor-section-height-default\" data-id=\"ff7c99b\" data-element_type=\"section\" data-settings=\"{&quot;background_background&quot;:&quot;classic&quot;}\">\n<div class=\"elementor-container elementor-column-gap-default\">\n<div class=\"elementor-column elementor-col-100 elementor-top-column elementor-element elementor-element-c6002b7\" data-id=\"c6002b7\" data-element_type=\"column\">\n<div class=\"elementor-widget-wrap elementor-element-populated\">\n<div class=\"elementor-element elementor-element-2e1f55e wd-width-100 elementor-widget elementor-widget-wd_title\" data-id=\"2e1f55e\" data-element_type=\"widget\" data-widget_type=\"wd_title.default\">\n<div class=\"elementor-widget-container\">\n<div class=\"title-wrapper wd-set-mb reset-last-child wd-title-color-default wd-title-style-default wd-title-size-default text-left\">\n<div class=\"liner-continer\">\n<h4 class=\"woodmart-title-container title wd-fontsize-l\"><\/h4>\n<\/div>\n<\/div>\n<\/div>\n<\/div>\n<\/div>\n<\/div>\n<\/div>\n<\/section>\n","protected":false},"excerpt":{"rendered":"<ul>\n<li><strong>Couleur:<\/strong>\u00a0blanc<\/li>\n<li><strong>Quantit\u00e9:<\/strong>\u00a02<\/li>\n<li><strong>Dimensions:<\/strong>\u00a011,4 x 8,4 x 15,5 cm<\/li>\n<li><strong>Mat\u00e9riau<\/strong>\u00a0: ABS.<\/li>\n<li>Durable et pratique \u00e0 utiliser.<\/li>\n<li>Emp\u00eache l\u2019ouverture des placards, tiroirs et portes par les enfants<\/li>\n<\/ul>\n","protected":false},"featured_media":1703,"comment_status":"open","ping_status":"closed","template":"","meta":[],"product_brand":[],"product_cat":[15],"product_tag":[],"class_list":{"0":"post-1697","1":"product","2":"type-product","3":"status-publish","4":"has-post-thumbnail","6":"product_cat-uncategorized","8":"first","9":"instock","10":"taxable","11":"shipping-taxable","12":"product-type-simple"},"jetpack_sharing_enabled":true,"_links":{"self":[{"href":"https:\/\/yallafid.com\/index.php?rest_route=\/wp\/v2\/product\/1697","targetHints":{"allow":["GET"]}}],"collection":[{"href":"https:\/\/yallafid.com\/index.php?rest_route=\/wp\/v2\/product"}],"about":[{"href":"https:\/\/yallafid.com\/index.php?rest_route=\/wp\/v2\/types\/product"}],"replies":[{"embeddable":true,"href":"https:\/\/yallafid.com\/index.php?rest_route=%2Fwp%2Fv2%2Fcomments&post=1697"}],"version-history":[{"count":1,"href":"https:\/\/yallafid.com\/index.php?rest_route=\/wp\/v2\/product\/1697\/revisions"}],"predecessor-version":[{"id":1709,"href":"https:\/\/yallafid.com\/index.php?rest_route=\/wp\/v2\/product\/1697\/revisions\/1709"}],"wp:featuredmedia":[{"embeddable":true,"href":"https:\/\/yallafid.com\/index.php?rest_route=\/wp\/v2\/media\/1703"}],"wp:attachment":[{"href":"https:\/\/yallafid.com\/index.php?rest_route=%2Fwp%2Fv2%2Fmedia&parent=1697"}],"wp:term":[{"taxonomy":"product_brand","embeddable":true,"href":"https:\/\/yallafid.com\/index.php?rest_route=%2Fwp%2Fv2%2Fproduct_brand&post=1697"},{"taxonomy":"product_cat","embeddable":true,"href":"https:\/\/yallafid.com\/index.php?rest_route=%2Fwp%2Fv2%2Fproduct_cat&post=1697"},{"taxonomy":"product_tag","embeddable":true,"href":"https:\/\/yallafid.com\/index.php?rest_route=%2Fwp%2Fv2%2Fproduct_tag&post=1697"}],"curies":[{"name":"wp","href":"https:\/\/api.w.org\/{rel}","templated":true}]}}