{"id":1710,"date":"2025-10-18T18:55:42","date_gmt":"2025-10-18T18:55:42","guid":{"rendered":"https:\/\/yallafid.com\/?post_type=product&#038;p=1710"},"modified":"2025-10-18T18:55:42","modified_gmt":"2025-10-18T18:55:42","slug":"bande-lumineuse-led-5-metres-avec-telecommande","status":"publish","type":"product","link":"https:\/\/yallafid.com\/?product=bande-lumineuse-led-5-metres-avec-telecommande","title":{"rendered":"Bande Lumineuse LED 5 m\u00e8tres avec T\u00e9l\u00e9commande"},"content":{"rendered":"<h2 style=\"text-align: center;\"><strong>Bande lumineuse LED n\u00e9on flexible avec t\u00e9l\u00e9commande<\/strong><\/h2>\n<p>&nbsp;<\/p>\n<p><img loading=\"lazy\" decoding=\"async\" class=\"aligncenter wp-image-84014 size-full\" src=\"https:\/\/promodeal.com.tn\/wp-content\/uploads\/2025\/09\/LED-ruban-5metres-multicouleurs-etanche-promodeal-tunisie-a.jpg\" sizes=\"auto, (max-width: 800px) 100vw, 800px\" srcset=\"https:\/\/promodeal.com.tn\/wp-content\/uploads\/2025\/09\/LED-ruban-5metres-multicouleurs-etanche-promodeal-tunisie-a.jpg 800w, https:\/\/promodeal.com.tn\/wp-content\/uploads\/2025\/09\/LED-ruban-5metres-multicouleurs-etanche-promodeal-tunisie-a-300x300.jpg 300w, https:\/\/promodeal.com.tn\/wp-content\/uploads\/2025\/09\/LED-ruban-5metres-multicouleurs-etanche-promodeal-tunisie-a-150x150.jpg 150w, https:\/\/promodeal.com.tn\/wp-content\/uploads\/2025\/09\/LED-ruban-5metres-multicouleurs-etanche-promodeal-tunisie-a-768x768.jpg 768w, https:\/\/promodeal.com.tn\/wp-content\/uploads\/2025\/09\/LED-ruban-5metres-multicouleurs-etanche-promodeal-tunisie-a-600x600.jpg 600w, https:\/\/promodeal.com.tn\/wp-content\/uploads\/2025\/09\/LED-ruban-5metres-multicouleurs-etanche-promodeal-tunisie-a-32x32.jpg 32w\" alt=\"\" width=\"800\" height=\"800\" \/><\/p>\n<ul>\n<li>Elle est con\u00e7ue pour l\u2019\u00e9clairage d\u00e9coratif, offrant une lumi\u00e8re douce et uniforme.<\/li>\n<li>La flexibilit\u00e9 de la bande permet de la plier et de la modeler pour s\u2019adapter \u00e0 diverses formes et installations.<\/li>\n<li>Le kit comprend un contr\u00f4leur et une t\u00e9l\u00e9commande, permettant de changer les couleurs et les modes d\u2019\u00e9clairage.<\/li>\n<\/ul>\n<p>&nbsp;<\/p>\n<p><img loading=\"lazy\" decoding=\"async\" class=\"aligncenter wp-image-84010 size-large\" src=\"https:\/\/promodeal.com.tn\/wp-content\/uploads\/2025\/09\/LED-ruban-5metres-multicouleurs-etanche-promodeal-tunisie-2-800x800.jpg\" sizes=\"auto, (max-width: 800px) 100vw, 800px\" srcset=\"https:\/\/promodeal.com.tn\/wp-content\/uploads\/2025\/09\/LED-ruban-5metres-multicouleurs-etanche-promodeal-tunisie-2-800x800.jpg 800w, https:\/\/promodeal.com.tn\/wp-content\/uploads\/2025\/09\/LED-ruban-5metres-multicouleurs-etanche-promodeal-tunisie-2-300x300.jpg 300w, https:\/\/promodeal.com.tn\/wp-content\/uploads\/2025\/09\/LED-ruban-5metres-multicouleurs-etanche-promodeal-tunisie-2-150x150.jpg 150w, https:\/\/promodeal.com.tn\/wp-content\/uploads\/2025\/09\/LED-ruban-5metres-multicouleurs-etanche-promodeal-tunisie-2-768x768.jpg 768w, https:\/\/promodeal.com.tn\/wp-content\/uploads\/2025\/09\/LED-ruban-5metres-multicouleurs-etanche-promodeal-tunisie-2-600x600.jpg 600w, https:\/\/promodeal.com.tn\/wp-content\/uploads\/2025\/09\/LED-ruban-5metres-multicouleurs-etanche-promodeal-tunisie-2-32x32.jpg 32w, https:\/\/promodeal.com.tn\/wp-content\/uploads\/2025\/09\/LED-ruban-5metres-multicouleurs-etanche-promodeal-tunisie-2.jpg 1000w\" alt=\"\" width=\"800\" height=\"800\" \/><\/p>\n<ul>\n<li>Elle est g\u00e9n\u00e9ralement utilis\u00e9e pour l\u2019\u00e9clairage d\u2019ambiance dans les maisons, les bars, les magasins, ou comme enseigne lumineuse.<\/li>\n<\/ul>\n<p><img decoding=\"async\" class=\"aligncenter\" src=\"https:\/\/promodeal.com.tn\/wp-content\/uploads\/2025\/09\/LED-ruban-5metres-multicouleurs-etanche-promodeal-tunisie-3-800x800.jpg\" \/><\/p>\n","protected":false},"excerpt":{"rendered":"<ul>\n<li><strong>Longueur :<\/strong>\u00a05 m<\/li>\n<li><strong>Puissance minimale<\/strong>\u00a0:25W<\/li>\n<li><strong>Alimentation<\/strong>\u00a0: USB<\/li>\n<li><strong>Temps d\u2019utilisation<\/strong>\u00a0: 15000 H<\/li>\n<li><strong>Temp\u00e9rature de couleur<\/strong>\u00a0: couleur de r\u00eave RGB<\/li>\n<li><strong>Distance de contr\u00f4le<\/strong>\u00a0: 5m<\/li>\n<li><strong>Type de contr\u00f4le<\/strong>\u00a0: t\u00e9l\u00e9commande -Bluetooth<\/li>\n<li><strong>Etanche<\/strong>\u00a0: IP 68<\/li>\n<li>Peut faire avec ce ruban des forme et des dessin d\u00e9coratif<\/li>\n<\/ul>\n","protected":false},"featured_media":1715,"comment_status":"open","ping_status":"closed","template":"","meta":[],"product_brand":[],"product_cat":[195],"product_tag":[],"class_list":{"0":"post-1710","1":"product","2":"type-product","3":"status-publish","4":"has-post-thumbnail","6":"product_cat-ruban-led","7":"product_shipping_class-livraison-7-tnd-fix","9":"first","10":"instock","11":"sale","12":"taxable","13":"shipping-taxable","14":"purchasable","15":"product-type-simple"},"jetpack_sharing_enabled":true,"_links":{"self":[{"href":"https:\/\/yallafid.com\/index.php?rest_route=\/wp\/v2\/product\/1710","targetHints":{"allow":["GET"]}}],"collection":[{"href":"https:\/\/yallafid.com\/index.php?rest_route=\/wp\/v2\/product"}],"about":[{"href":"https:\/\/yallafid.com\/index.php?rest_route=\/wp\/v2\/types\/product"}],"replies":[{"embeddable":true,"href":"https:\/\/yallafid.com\/index.php?rest_route=%2Fwp%2Fv2%2Fcomments&post=1710"}],"version-history":[{"count":1,"href":"https:\/\/yallafid.com\/index.php?rest_route=\/wp\/v2\/product\/1710\/revisions"}],"predecessor-version":[{"id":1716,"href":"https:\/\/yallafid.com\/index.php?rest_route=\/wp\/v2\/product\/1710\/revisions\/1716"}],"wp:featuredmedia":[{"embeddable":true,"href":"https:\/\/yallafid.com\/index.php?rest_route=\/wp\/v2\/media\/1715"}],"wp:attachment":[{"href":"https:\/\/yallafid.com\/index.php?rest_route=%2Fwp%2Fv2%2Fmedia&parent=1710"}],"wp:term":[{"taxonomy":"product_brand","embeddable":true,"href":"https:\/\/yallafid.com\/index.php?rest_route=%2Fwp%2Fv2%2Fproduct_brand&post=1710"},{"taxonomy":"product_cat","embeddable":true,"href":"https:\/\/yallafid.com\/index.php?rest_route=%2Fwp%2Fv2%2Fproduct_cat&post=1710"},{"taxonomy":"product_tag","embeddable":true,"href":"https:\/\/yallafid.com\/index.php?rest_route=%2Fwp%2Fv2%2Fproduct_tag&post=1710"}],"curies":[{"name":"wp","href":"https:\/\/api.w.org\/{rel}","templated":true}]}}