{"id":1717,"date":"2025-10-11T20:09:54","date_gmt":"2025-10-11T20:09:54","guid":{"rendered":"https:\/\/yallafid.com\/?post_type=product&#038;p=1717"},"modified":"2025-10-18T21:25:46","modified_gmt":"2025-10-18T21:25:46","slug":"jeu-de-tournevis-24-en-1-avec-bits-magnetiques","status":"publish","type":"product","link":"https:\/\/yallafid.com\/?product=jeu-de-tournevis-24-en-1-avec-bits-magnetiques","title":{"rendered":"Jeu de  tournevis 24 en 1 avec bits magn\u00e9tiques"},"content":{"rendered":"<h1 style=\"text-align: center;\"><strong>Kit de tournevis -bricolage- petite taille-Yallafid-<\/strong><\/h1>\n<ul>\n<li>Robuste et durable<\/li>\n<li>Comprend 24 tailles pour r\u00e9pondre aux besoins d\u2019entretien quotidien des petits appareils \u00e9lectrom\u00e9nagers<\/li>\n<li>Petite taille<\/li>\n<li>Facile \u00e0 transporter et \u00e0 ranger<\/li>\n<li>Convient pour le d\u00e9montage et la r\u00e9paration de t\u00e9l\u00e9phones portables, t\u00e9l\u00e9viseurs, t\u00e9l\u00e9phones, lunettes, CD, lecteurs DVD , instruments de communication, instruments optiques et instruments de pr\u00e9cision.<\/li>\n<li>Tr\u00e8s pratique! Id\u00e9al pour les amateurs d\u2019entretien, l\u2019utilisation \u00e0 domicile, le service d\u2019entretien.<\/li>\n<li>Moteur magn\u00e9tique puissant, vitesse maximale de 200 tr\/min. Gr\u00e2ce \u00e0 la bo\u00eete de vitesses enti\u00e8rement m\u00e9tallique, la concentricit\u00e9 des forets est inf\u00e9rieure \u00e0 0,2 mm en rotation, ce qui am\u00e9liore consid\u00e9rablement l\u2019efficacit\u00e9 de la finition.<\/li>\n<li>9 types, 24 embouts de pr\u00e9cision en acier S2, duret\u00e9 jusqu\u2019\u00e0 60 HRC, robustes et durables, r\u00e9pondent aux besoins de d\u00e9montage et d\u2019assemblage des produits \u00e9lectroniques grand public et des nouveaux petits appareils \u00e9lectrom\u00e9nagers.<\/li>\n<li>6 embouts de 45 mm de long couramment utilis\u00e9s pour faire face \u00e0 des situations plus complexes telles que des trous profonds, des espaces \u00e9troits, etc.<\/li>\n<\/ul>\n","protected":false},"excerpt":{"rendered":"<ul>\n<li><strong>Type de l&rsquo;article<\/strong> : ensemble de tournevis 24 EN 1<\/li>\n<li><strong>Mat\u00e9riel<\/strong>: Aluminium, acier au carbone<\/li>\n<li><strong>Convient<\/strong>: Entretien quotidien des petits appareils \u00e9lectrom\u00e9nagers, t\u00e9l\u00e9phones, lunettes<\/li>\n<li><strong>Quantit\u00e9 :<\/strong> 25 pi\u00e8ces<\/li>\n<li>Portable , durable<\/li>\n<li>\u00c9quip\u00e9 de pointes de tournevis magn\u00e9tiques qui maintiennent solidement les vis en place<\/li>\n<\/ul>\n","protected":false},"featured_media":1721,"comment_status":"open","ping_status":"closed","template":"","meta":[],"product_brand":[],"product_cat":[90],"product_tag":[],"class_list":{"0":"post-1717","1":"product","2":"type-product","3":"status-publish","4":"has-post-thumbnail","6":"product_cat-outils-bricolage","7":"product_shipping_class-livraison-7-tnd-fix","9":"first","10":"instock","11":"sale","12":"taxable","13":"shipping-taxable","14":"purchasable","15":"product-type-simple"},"jetpack_sharing_enabled":true,"_links":{"self":[{"href":"https:\/\/yallafid.com\/index.php?rest_route=\/wp\/v2\/product\/1717","targetHints":{"allow":["GET"]}}],"collection":[{"href":"https:\/\/yallafid.com\/index.php?rest_route=\/wp\/v2\/product"}],"about":[{"href":"https:\/\/yallafid.com\/index.php?rest_route=\/wp\/v2\/types\/product"}],"replies":[{"embeddable":true,"href":"https:\/\/yallafid.com\/index.php?rest_route=%2Fwp%2Fv2%2Fcomments&post=1717"}],"version-history":[{"count":2,"href":"https:\/\/yallafid.com\/index.php?rest_route=\/wp\/v2\/product\/1717\/revisions"}],"predecessor-version":[{"id":1723,"href":"https:\/\/yallafid.com\/index.php?rest_route=\/wp\/v2\/product\/1717\/revisions\/1723"}],"wp:featuredmedia":[{"embeddable":true,"href":"https:\/\/yallafid.com\/index.php?rest_route=\/wp\/v2\/media\/1721"}],"wp:attachment":[{"href":"https:\/\/yallafid.com\/index.php?rest_route=%2Fwp%2Fv2%2Fmedia&parent=1717"}],"wp:term":[{"taxonomy":"product_brand","embeddable":true,"href":"https:\/\/yallafid.com\/index.php?rest_route=%2Fwp%2Fv2%2Fproduct_brand&post=1717"},{"taxonomy":"product_cat","embeddable":true,"href":"https:\/\/yallafid.com\/index.php?rest_route=%2Fwp%2Fv2%2Fproduct_cat&post=1717"},{"taxonomy":"product_tag","embeddable":true,"href":"https:\/\/yallafid.com\/index.php?rest_route=%2Fwp%2Fv2%2Fproduct_tag&post=1717"}],"curies":[{"name":"wp","href":"https:\/\/api.w.org\/{rel}","templated":true}]}}