{"id":1738,"date":"2025-10-10T20:57:49","date_gmt":"2025-10-10T20:57:49","guid":{"rendered":"https:\/\/yallafid.com\/?post_type=product&#038;p=1738"},"modified":"2025-10-18T21:26:12","modified_gmt":"2025-10-18T21:26:12","slug":"pied-a-coulisse-electronique-numerique","status":"publish","type":"product","link":"https:\/\/yallafid.com\/?product=pied-a-coulisse-electronique-numerique","title":{"rendered":"Pied \u00e0 coulisse \u00e9lectronique num\u00e9rique"},"content":{"rendered":"<h1 style=\"text-align: center;\"><strong>Pied \u00e0 coulisse num\u00e9rique haut de gamme<\/strong><\/h1>\n<ul>\n<li>Le mat\u00e9riau en plastique en fibre de carbone est l\u00e9ger et pratique, associ\u00e9 \u00e0 un \u00e9cran LCD, un affichage num\u00e9rique r\u00e9actif en temps r\u00e9el pour une lecture rapide.<\/li>\n<li>La\u00a0conception intelligente vous permet de r\u00e9gler le z\u00e9ro d\u2019une simple pression sur un bouton et de d\u00e9marrer une nouvelle mesure \u00e0 n\u2019importe quel point de l\u2019\u00e9chelle, id\u00e9al pour les mesures diff\u00e9rentielles.<\/li>\n<li><strong>Conversion m\u00e9trique\/imp\u00e9riale en une seule touche<\/strong> : un seul bouton pour basculer entre les mesures m\u00e9triques et imp\u00e9riales et convertir automatiquement la longueur de mesure, ce qui permet de gagner du temps.<\/li>\n<li>Cet outil de mesure \u00e0 pied \u00e0 coulisse s\u2019allume automatiquement lorsque vous retirez le bo\u00eetier pour commencer \u00e0 travailler et affiche instantan\u00e9ment les r\u00e9sultats sur le grand \u00e9cran LCD. Apr\u00e8s 5 minutes de non-utilisation, il s\u2019\u00e9teint automatiquement pour \u00e9conomiser la batterie.<\/li>\n<li>Le pied \u00e0 coulisse num\u00e9rique est uniquement destin\u00e9 aux mesures domestiques telles que les bijoux, les gadgets et autres objets m\u00e9nagers, parfait pour le bricolage.<\/li>\n<li>\u00a0Si vous constatez que la lecture n\u2019est pas pr\u00e9cise, faites glisser l\u2019\u00e9cran LCD vers l\u2019extr\u00e9mit\u00e9 gauche (\u00ab 0 \u00bb sur l\u2019\u00e9chelle) et appuyez sur le bouton z\u00e9ro.<\/li>\n<li>La plage de mesure de 0 \u00e0 150 mm\/0 \u00e0 6 pouces ; pr\u00e9cision : \u00b1 0,2 mm\/0,01\u2033 ; r\u00e9solution : 0,01\u2033\/ 0,1 mm. Vous pouvez utiliser le microm\u00e8tre pour mesurer la longueur, la largeur, la profondeur, les pas, les diam\u00e8tres int\u00e9rieurs et ext\u00e9rieurs et bien plus encore.<\/li>\n<\/ul>\n","protected":false},"excerpt":{"rendered":"<ul>\n<li><strong>Type d&rsquo;article<\/strong> :Outil de mesure<\/li>\n<li><strong>Mat\u00e9riau<\/strong> : Plastique en fibre de carbone<\/li>\n<li><strong>Affichage<\/strong> : \u00c9cran LCD<\/li>\n<li><strong>Alimentation<\/strong> : Pile bouton LR44<\/li>\n<li><strong>Grand \u00e9cran LCD :<\/strong> Affiche des lectures instantan\u00e9es avec des chiffres num\u00e9riques.<\/li>\n<li><strong>Lecture pr\u00e9cise<\/strong> : Grande pr\u00e9cision de mesure avec une unit\u00e9 minimale de 0,01 pouce.<\/li>\n<li><strong>Fonction z\u00e9ro<\/strong> : Ce pied \u00e0 coulisse \u00e0 cadran peut \u00eatre r\u00e9gl\u00e9 \u00e0 z\u00e9ro dans n\u2019importe quelle position et continuer \u00e0 mesurer la section suivante.<\/li>\n<li><strong>Fonction d\u2019arr\u00eat automatique<\/strong><\/li>\n<li>4 modes de mesure :Mesure externe : Mesure du diam\u00e8tre ext\u00e9rieur des objets avec les longues m\u00e2choires. Mesure interne : Mesure du diam\u00e8tre int\u00e9rieur des objets avec les m\u00e2choires sup\u00e9rieures.<\/li>\n<li>Mesure de la profondeur : Mesure de la profondeur des petits objets difficiles \u00e0 atteindre avec la longue sonde.<\/li>\n<li>Mesure de pas : Mesure de la hauteur\/longueur avec sa conception de pas.<\/li>\n<li><strong>Emballage inclus<\/strong> :1 x pied \u00e0 coulisse num\u00e9rique<\/li>\n<\/ul>\n<p>1 x piles bouton<\/p>\n","protected":false},"featured_media":1743,"comment_status":"open","ping_status":"closed","template":"","meta":[],"product_brand":[],"product_cat":[90],"product_tag":[],"class_list":{"0":"post-1738","1":"product","2":"type-product","3":"status-publish","4":"has-post-thumbnail","6":"product_cat-outils-bricolage","7":"product_shipping_class-livraison-7-tnd-fix","9":"first","10":"instock","11":"sale","12":"taxable","13":"shipping-taxable","14":"purchasable","15":"product-type-simple"},"jetpack_sharing_enabled":true,"_links":{"self":[{"href":"https:\/\/yallafid.com\/index.php?rest_route=\/wp\/v2\/product\/1738","targetHints":{"allow":["GET"]}}],"collection":[{"href":"https:\/\/yallafid.com\/index.php?rest_route=\/wp\/v2\/product"}],"about":[{"href":"https:\/\/yallafid.com\/index.php?rest_route=\/wp\/v2\/types\/product"}],"replies":[{"embeddable":true,"href":"https:\/\/yallafid.com\/index.php?rest_route=%2Fwp%2Fv2%2Fcomments&post=1738"}],"version-history":[{"count":1,"href":"https:\/\/yallafid.com\/index.php?rest_route=\/wp\/v2\/product\/1738\/revisions"}],"predecessor-version":[{"id":1744,"href":"https:\/\/yallafid.com\/index.php?rest_route=\/wp\/v2\/product\/1738\/revisions\/1744"}],"wp:featuredmedia":[{"embeddable":true,"href":"https:\/\/yallafid.com\/index.php?rest_route=\/wp\/v2\/media\/1743"}],"wp:attachment":[{"href":"https:\/\/yallafid.com\/index.php?rest_route=%2Fwp%2Fv2%2Fmedia&parent=1738"}],"wp:term":[{"taxonomy":"product_brand","embeddable":true,"href":"https:\/\/yallafid.com\/index.php?rest_route=%2Fwp%2Fv2%2Fproduct_brand&post=1738"},{"taxonomy":"product_cat","embeddable":true,"href":"https:\/\/yallafid.com\/index.php?rest_route=%2Fwp%2Fv2%2Fproduct_cat&post=1738"},{"taxonomy":"product_tag","embeddable":true,"href":"https:\/\/yallafid.com\/index.php?rest_route=%2Fwp%2Fv2%2Fproduct_tag&post=1738"}],"curies":[{"name":"wp","href":"https:\/\/api.w.org\/{rel}","templated":true}]}}