{"id":1745,"date":"2025-10-11T21:12:13","date_gmt":"2025-10-11T21:12:13","guid":{"rendered":"https:\/\/yallafid.com\/?post_type=product&#038;p=1745"},"modified":"2025-10-18T21:24:31","modified_gmt":"2025-10-18T21:24:31","slug":"niveau-laser-pro-3-avec-ruban-a-mesurer-integre","status":"publish","type":"product","link":"https:\/\/yallafid.com\/?product=niveau-laser-pro-3-avec-ruban-a-mesurer-integre","title":{"rendered":"Niveau Laser Pro 3 Avec Ruban \u00e0 Mesurer Int\u00e9gr\u00e9"},"content":{"rendered":"<h2 style=\"text-align: center;\">Niveau Laser \u00e9chelle Horizon mesure verticale 8 pieds aligneur Standard et r\u00e8gle m\u00e9trique mesure polyvalente niveau Laser m\u00e8tre noir<\/h2>\n<ul>\n<li>Haute Qualit\u00e9<\/li>\n<li>Nouveau niveau Laser Horizon Vertical ruban de mesure 8FT aligneur<\/li>\n<li>Accrochez les \u00e9tag\u00e8res et les armoires, les carreaux et les cadres photo avec pr\u00e9cision<\/li>\n<li>Projets faisceau lumineux laser horizontal ou vertical<\/li>\n<li>Verrouillage du ruban \u00e0 mesurer de 8 pieds.<\/li>\n<li>Standard et m\u00e9trique dirigeants<\/li>\n<li>Id\u00e9al pour tout travail qui n\u00e9cessite une ligne droite ou une mesure pr\u00e9cise.<\/li>\n<li>Utilisez ce niveau Laser polyvalent pour accrocher des images, installer des \u00e9tag\u00e8res,<\/li>\n<li>Poser le sol, suspendre le papier peint et plus encore.<\/li>\n<li>La lumi\u00e8re Laser a un interrupteur marche\/arr\u00eat.<\/li>\n<li>Puissance maximale du Laser: moins de 0.5mW<\/li>\n<li>Aliment\u00e9 par 3 piles boutons AG13(Pas inclus)<\/li>\n<li>Gardez le niveau laser loin de l\u2019eau, de la poussi\u00e8re et de la lumi\u00e8re du soleil<\/li>\n<\/ul>\n","protected":false},"excerpt":{"rendered":"<ul>\n<li><strong>Nom du produit<\/strong> :Niveau laser multifonction<\/li>\n<li><strong>Mat\u00e9riau<\/strong>: ABS sp\u00e9cial plastique + alliage d\u2019aluminium<\/li>\n<li><strong>Dimensions<\/strong> : 19 * 2.8 * 6,2 cm<\/li>\n<li>Batterie AG13<\/li>\n<li>Longueur d\u2019onde laser 630 NM<\/li>\n<li>Indicateur de niveau mesure horizontale, mesure \u00e0 angle droit, mesure \u00e0 45 \u00b0<\/li>\n<li>Une vari\u00e9t\u00e9 de lignes de jeu, haute pr\u00e9cision, m\u00e8tre-ruban int\u00e9gr\u00e9<\/li>\n<li>Caract\u00e9ristiques : bulle horizontale tri directionnelle, trois types de lignes de battement laser, m\u00e8tre-ruban int\u00e9gr\u00e9, mesure de la r\u00e8gle inf\u00e9rieure<br \/>\nfonction, plancher en alliage d\u2019aluminium \u00e9paissi<\/li>\n<\/ul>\n","protected":false},"featured_media":1746,"comment_status":"open","ping_status":"closed","template":"","meta":[],"product_brand":[],"product_cat":[90],"product_tag":[],"class_list":{"0":"post-1745","1":"product","2":"type-product","3":"status-publish","4":"has-post-thumbnail","6":"product_cat-outils-bricolage","7":"product_shipping_class-livraison-7-tnd-fix","9":"first","10":"instock","11":"sale","12":"taxable","13":"shipping-taxable","14":"purchasable","15":"product-type-simple"},"jetpack_sharing_enabled":true,"_links":{"self":[{"href":"https:\/\/yallafid.com\/index.php?rest_route=\/wp\/v2\/product\/1745","targetHints":{"allow":["GET"]}}],"collection":[{"href":"https:\/\/yallafid.com\/index.php?rest_route=\/wp\/v2\/product"}],"about":[{"href":"https:\/\/yallafid.com\/index.php?rest_route=\/wp\/v2\/types\/product"}],"replies":[{"embeddable":true,"href":"https:\/\/yallafid.com\/index.php?rest_route=%2Fwp%2Fv2%2Fcomments&post=1745"}],"version-history":[{"count":1,"href":"https:\/\/yallafid.com\/index.php?rest_route=\/wp\/v2\/product\/1745\/revisions"}],"predecessor-version":[{"id":1750,"href":"https:\/\/yallafid.com\/index.php?rest_route=\/wp\/v2\/product\/1745\/revisions\/1750"}],"wp:featuredmedia":[{"embeddable":true,"href":"https:\/\/yallafid.com\/index.php?rest_route=\/wp\/v2\/media\/1746"}],"wp:attachment":[{"href":"https:\/\/yallafid.com\/index.php?rest_route=%2Fwp%2Fv2%2Fmedia&parent=1745"}],"wp:term":[{"taxonomy":"product_brand","embeddable":true,"href":"https:\/\/yallafid.com\/index.php?rest_route=%2Fwp%2Fv2%2Fproduct_brand&post=1745"},{"taxonomy":"product_cat","embeddable":true,"href":"https:\/\/yallafid.com\/index.php?rest_route=%2Fwp%2Fv2%2Fproduct_cat&post=1745"},{"taxonomy":"product_tag","embeddable":true,"href":"https:\/\/yallafid.com\/index.php?rest_route=%2Fwp%2Fv2%2Fproduct_tag&post=1745"}],"curies":[{"name":"wp","href":"https:\/\/api.w.org\/{rel}","templated":true}]}}