{"id":1751,"date":"2025-10-11T21:21:08","date_gmt":"2025-10-11T21:21:08","guid":{"rendered":"https:\/\/yallafid.com\/?post_type=product&#038;p=1751"},"modified":"2025-10-18T21:24:17","modified_gmt":"2025-10-18T21:24:17","slug":"nettoyeur-haute-pression-30-bars-avec-2batteries-de-48-v","status":"publish","type":"product","link":"https:\/\/yallafid.com\/?product=nettoyeur-haute-pression-30-bars-avec-2batteries-de-48-v","title":{"rendered":"Nettoyeur haute pression 30 bars avec 2batteries de 48 V"},"content":{"rendered":"<h2 style=\"text-align: center;\"><strong><span dir=\"auto\" style=\"vertical-align: inherit;\"><span dir=\"auto\" style=\"vertical-align: inherit;\">Nettoyeur- haute pression- jardin fen\u00eatre- vitre- voiture- sans fils\u00a0\u00a0<\/span><\/span><\/strong><\/h2>\n<ul>\n<li><span dir=\"auto\" style=\"vertical-align: inherit;\"><span dir=\"auto\" style=\"vertical-align: inherit;\">Nettoyeur haute pression sans fil portable, id\u00e9al pour le lavage de voitures, v\u00e9los, outils de jardin, et le nettoyage de surfaces l\u00e9g\u00e8rement encrass\u00e9es.<\/span><\/span><\/li>\n<li><span dir=\"auto\" style=\"vertical-align: inherit;\"><span dir=\"auto\" style=\"vertical-align: inherit;\">Accessoires inclus : <\/span><\/span><br \/>\n<span dir=\"auto\" style=\"vertical-align: inherit;\"><span dir=\"auto\" style=\"vertical-align: inherit;\">Le kit comprend g\u00e9n\u00e9ralement un buse multi jets (souvent 6-en-1), un pot \u00e0 mousse pour le nettoyage au savon, un tuyau d&rsquo;aspiration avec filtre, et une mallette de transport.<\/span><\/span><\/li>\n<li><span dir=\"auto\" style=\"vertical-align: inherit;\"><span dir=\"auto\" style=\"vertical-align: inherit;\">Fonctionne sur batterie livr\u00e9e avec deux batteries de 48 v offrant une grande portabilit\u00e9 sans n\u00e9cessiter de prise \u00e9lectrique.<\/span><\/span><\/li>\n<li><span dir=\"auto\" style=\"vertical-align: inherit;\"><span dir=\"auto\" style=\"vertical-align: inherit;\">La pression varie g\u00e9n\u00e9ralement entre 30 et 65 bars, avec un d\u00e9bit d&rsquo;eau suffisant pour les t\u00e2ches de nettoyage domestiques l\u00e9g\u00e8res.<\/span><\/span><\/li>\n<\/ul>\n<p><img loading=\"lazy\" decoding=\"async\" class=\"aligncenter wp-image-1753 size-full\" src=\"https:\/\/yallafid.com\/wp-content\/uploads\/2025\/10\/pistolet-netoyage-voiture-jardin-YALLAFID-sfax-tunis-bizerte-nabeul-sousse-jendouba-seliana-zagouan-kef-tabarka-jendouba-mahdia-promotion-vente-en-ligne.jpg\" alt=\"\" width=\"889\" height=\"889\" srcset=\"https:\/\/yallafid.com\/wp-content\/uploads\/2025\/10\/pistolet-netoyage-voiture-jardin-YALLAFID-sfax-tunis-bizerte-nabeul-sousse-jendouba-seliana-zagouan-kef-tabarka-jendouba-mahdia-promotion-vente-en-ligne.jpg 889w, https:\/\/yallafid.com\/wp-content\/uploads\/2025\/10\/pistolet-netoyage-voiture-jardin-YALLAFID-sfax-tunis-bizerte-nabeul-sousse-jendouba-seliana-zagouan-kef-tabarka-jendouba-mahdia-promotion-vente-en-ligne-300x300.jpg 300w, https:\/\/yallafid.com\/wp-content\/uploads\/2025\/10\/pistolet-netoyage-voiture-jardin-YALLAFID-sfax-tunis-bizerte-nabeul-sousse-jendouba-seliana-zagouan-kef-tabarka-jendouba-mahdia-promotion-vente-en-ligne-150x150.jpg 150w, https:\/\/yallafid.com\/wp-content\/uploads\/2025\/10\/pistolet-netoyage-voiture-jardin-YALLAFID-sfax-tunis-bizerte-nabeul-sousse-jendouba-seliana-zagouan-kef-tabarka-jendouba-mahdia-promotion-vente-en-ligne-768x768.jpg 768w, https:\/\/yallafid.com\/wp-content\/uploads\/2025\/10\/pistolet-netoyage-voiture-jardin-YALLAFID-sfax-tunis-bizerte-nabeul-sousse-jendouba-seliana-zagouan-kef-tabarka-jendouba-mahdia-promotion-vente-en-ligne-600x600.jpg 600w\" sizes=\"auto, (max-width: 889px) 100vw, 889px\" \/><\/p>\n<p>&nbsp;<\/p>\n<p><img loading=\"lazy\" decoding=\"async\" class=\"aligncenter wp-image-1752 size-full\" src=\"https:\/\/yallafid.com\/wp-content\/uploads\/2025\/10\/pistolet-netoyage-voiture-jardin-YALLAFID-sfax-tunis-bizerte-nabeul-sousse-jendouba-seliana-zagouan-kef-tabarka-jendouba-mahdia-pro.jpg\" alt=\"\" width=\"867\" height=\"867\" srcset=\"https:\/\/yallafid.com\/wp-content\/uploads\/2025\/10\/pistolet-netoyage-voiture-jardin-YALLAFID-sfax-tunis-bizerte-nabeul-sousse-jendouba-seliana-zagouan-kef-tabarka-jendouba-mahdia-pro.jpg 867w, https:\/\/yallafid.com\/wp-content\/uploads\/2025\/10\/pistolet-netoyage-voiture-jardin-YALLAFID-sfax-tunis-bizerte-nabeul-sousse-jendouba-seliana-zagouan-kef-tabarka-jendouba-mahdia-pro-300x300.jpg 300w, https:\/\/yallafid.com\/wp-content\/uploads\/2025\/10\/pistolet-netoyage-voiture-jardin-YALLAFID-sfax-tunis-bizerte-nabeul-sousse-jendouba-seliana-zagouan-kef-tabarka-jendouba-mahdia-pro-150x150.jpg 150w, https:\/\/yallafid.com\/wp-content\/uploads\/2025\/10\/pistolet-netoyage-voiture-jardin-YALLAFID-sfax-tunis-bizerte-nabeul-sousse-jendouba-seliana-zagouan-kef-tabarka-jendouba-mahdia-pro-768x768.jpg 768w, https:\/\/yallafid.com\/wp-content\/uploads\/2025\/10\/pistolet-netoyage-voiture-jardin-YALLAFID-sfax-tunis-bizerte-nabeul-sousse-jendouba-seliana-zagouan-kef-tabarka-jendouba-mahdia-pro-600x600.jpg 600w\" sizes=\"auto, (max-width: 867px) 100vw, 867px\" \/><\/p>\n","protected":false},"excerpt":{"rendered":"<ul>\n<li><strong>Type d&rsquo;article<\/strong>\u00a0 : machine de nettoyage portable haute pression<\/li>\n<li>Dimensions : 317 X177 X81 mm<\/li>\n<li>\u200e2 Batteries 48 V Lithium-ion<\/li>\n<li><strong>Profondeur de l\u2019eau entr\u00e9e<\/strong> : 6 \u00e0 10 m<\/li>\n<li><strong>Dur\u00e9e d\u2019utilisation<\/strong> : 180 min<\/li>\n<li><strong>Capacit\u00e9<\/strong> :12000 mAh<\/li>\n<li>Matiere :ABS<\/li>\n<\/ul>\n","protected":false},"featured_media":1757,"comment_status":"open","ping_status":"closed","template":"","meta":[],"product_brand":[],"product_cat":[88],"product_tag":[],"class_list":{"0":"post-1751","1":"product","2":"type-product","3":"status-publish","4":"has-post-thumbnail","6":"product_cat-jardin","7":"product_shipping_class-livraison-7-tnd-fix","9":"first","10":"instock","11":"sale","12":"taxable","13":"shipping-taxable","14":"purchasable","15":"product-type-simple"},"jetpack_sharing_enabled":true,"_links":{"self":[{"href":"https:\/\/yallafid.com\/index.php?rest_route=\/wp\/v2\/product\/1751","targetHints":{"allow":["GET"]}}],"collection":[{"href":"https:\/\/yallafid.com\/index.php?rest_route=\/wp\/v2\/product"}],"about":[{"href":"https:\/\/yallafid.com\/index.php?rest_route=\/wp\/v2\/types\/product"}],"replies":[{"embeddable":true,"href":"https:\/\/yallafid.com\/index.php?rest_route=%2Fwp%2Fv2%2Fcomments&post=1751"}],"version-history":[{"count":2,"href":"https:\/\/yallafid.com\/index.php?rest_route=\/wp\/v2\/product\/1751\/revisions"}],"predecessor-version":[{"id":1759,"href":"https:\/\/yallafid.com\/index.php?rest_route=\/wp\/v2\/product\/1751\/revisions\/1759"}],"wp:featuredmedia":[{"embeddable":true,"href":"https:\/\/yallafid.com\/index.php?rest_route=\/wp\/v2\/media\/1757"}],"wp:attachment":[{"href":"https:\/\/yallafid.com\/index.php?rest_route=%2Fwp%2Fv2%2Fmedia&parent=1751"}],"wp:term":[{"taxonomy":"product_brand","embeddable":true,"href":"https:\/\/yallafid.com\/index.php?rest_route=%2Fwp%2Fv2%2Fproduct_brand&post=1751"},{"taxonomy":"product_cat","embeddable":true,"href":"https:\/\/yallafid.com\/index.php?rest_route=%2Fwp%2Fv2%2Fproduct_cat&post=1751"},{"taxonomy":"product_tag","embeddable":true,"href":"https:\/\/yallafid.com\/index.php?rest_route=%2Fwp%2Fv2%2Fproduct_tag&post=1751"}],"curies":[{"name":"wp","href":"https:\/\/api.w.org\/{rel}","templated":true}]}}