{"id":1844,"date":"2025-10-21T08:44:21","date_gmt":"2025-10-21T08:44:21","guid":{"rendered":"https:\/\/yallafid.com\/?post_type=product&#038;p=1844"},"modified":"2025-10-21T08:44:21","modified_gmt":"2025-10-21T08:44:21","slug":"radio-nns-6677bt-rechargeable-3-bandes-avec-support-de-telephone","status":"publish","type":"product","link":"https:\/\/yallafid.com\/?product=radio-nns-6677bt-rechargeable-3-bandes-avec-support-de-telephone","title":{"rendered":"Radio NNS-6677BT rechargeable 3 bandes avec support de t\u00e9l\u00e9phone"},"content":{"rendered":"<h1 style=\"text-align: center;\"><strong>Ensemble de musique avec lumi\u00e8re LED, radio FM, lecteur MP3 USB, haut-parleur Bluetooth, support de t\u00e9l\u00e9phone<\/strong><\/h1>\n<ul>\n<li>Chargez l\u2019appareil pendant 2 heures avant la premi\u00e8re utilisation.<\/li>\n<li>Aliment\u00e9 par une batterie rechargeable 18650 de 1 200 mAh. C\u00e2ble de charge inclus.<\/li>\n<li><strong>Dimensions<\/strong> : 22 cm de long \/ 15,3 cm de garde au sol \/ 10,5 cm de profondeur.<\/li>\n<li>Il est \u00e9quip\u00e9 de lumi\u00e8res LED. Tr\u00e8s \u00e9l\u00e9gant et d\u00e9coratif.<\/li>\n<\/ul>\n<p>&nbsp;<\/p>\n<p><img loading=\"lazy\" decoding=\"async\" class=\"aligncenter wp-image-1846 size-full\" src=\"https:\/\/yallafid.com\/wp-content\/uploads\/2025\/10\/Radio-NNS-6677BT-rechargeable-3-bandes-support-telephone-yallafid-tunisie-1.jpg\" alt=\"\" width=\"800\" height=\"800\" srcset=\"https:\/\/yallafid.com\/wp-content\/uploads\/2025\/10\/Radio-NNS-6677BT-rechargeable-3-bandes-support-telephone-yallafid-tunisie-1.jpg 800w, https:\/\/yallafid.com\/wp-content\/uploads\/2025\/10\/Radio-NNS-6677BT-rechargeable-3-bandes-support-telephone-yallafid-tunisie-1-300x300.jpg 300w, https:\/\/yallafid.com\/wp-content\/uploads\/2025\/10\/Radio-NNS-6677BT-rechargeable-3-bandes-support-telephone-yallafid-tunisie-1-150x150.jpg 150w, https:\/\/yallafid.com\/wp-content\/uploads\/2025\/10\/Radio-NNS-6677BT-rechargeable-3-bandes-support-telephone-yallafid-tunisie-1-768x768.jpg 768w, https:\/\/yallafid.com\/wp-content\/uploads\/2025\/10\/Radio-NNS-6677BT-rechargeable-3-bandes-support-telephone-yallafid-tunisie-1-600x600.jpg 600w\" sizes=\"auto, (max-width: 800px) 100vw, 800px\" \/><\/p>\n<ul>\n<li>Lecteur MP3 USB \/ Micro SD<\/li>\n<li>Version Bluetooth : Version 5.0, vous pouvez connecter votre t\u00e9l\u00e9phone avec Bluetooth et \u00e9couter le contenu que vous souhaitez sans fil.<\/li>\n<li>Version Bluetooth : Version 5.0<\/li>\n<li>Vous pouvez connecter votre t\u00e9l\u00e9phone via Bluetooth et \u00e9couter le contenu que vous souhaitez sans fil.<\/li>\n<\/ul>\n","protected":false},"excerpt":{"rendered":"<ul>\n<li><strong>Couleur:<\/strong> Couleur al\u00e9atoire<\/li>\n<li><strong>Caract\u00e9ristiques<\/strong> : Bluetooth, prise USB avec chargeur USB,<\/li>\n<li>Lecteur radio AM\/FM\/SW \u2013 3 BANDES<\/li>\n<li><strong>Dimensions<\/strong> : 22L x 10,5l x 15,3H cm<\/li>\n<li>Avec support de t\u00e9l\u00e9phone<\/li>\n<li>Il est \u00e9quip\u00e9 de lumi\u00e8res LED. Tr\u00e8s \u00e9l\u00e9gant et d\u00e9coratif.<\/li>\n<\/ul>\n","protected":false},"featured_media":1847,"comment_status":"open","ping_status":"closed","template":"","meta":[],"product_brand":[],"product_cat":[27,192],"product_tag":[],"class_list":{"0":"post-1844","1":"product","2":"type-product","3":"status-publish","4":"has-post-thumbnail","6":"product_cat-accessoires-image-son","7":"product_cat-radio","8":"product_shipping_class-livraison-7-tnd-fix","10":"first","11":"instock","12":"sale","13":"taxable","14":"shipping-taxable","15":"purchasable","16":"product-type-simple"},"jetpack_sharing_enabled":true,"_links":{"self":[{"href":"https:\/\/yallafid.com\/index.php?rest_route=\/wp\/v2\/product\/1844","targetHints":{"allow":["GET"]}}],"collection":[{"href":"https:\/\/yallafid.com\/index.php?rest_route=\/wp\/v2\/product"}],"about":[{"href":"https:\/\/yallafid.com\/index.php?rest_route=\/wp\/v2\/types\/product"}],"replies":[{"embeddable":true,"href":"https:\/\/yallafid.com\/index.php?rest_route=%2Fwp%2Fv2%2Fcomments&post=1844"}],"version-history":[{"count":1,"href":"https:\/\/yallafid.com\/index.php?rest_route=\/wp\/v2\/product\/1844\/revisions"}],"predecessor-version":[{"id":1848,"href":"https:\/\/yallafid.com\/index.php?rest_route=\/wp\/v2\/product\/1844\/revisions\/1848"}],"wp:featuredmedia":[{"embeddable":true,"href":"https:\/\/yallafid.com\/index.php?rest_route=\/wp\/v2\/media\/1847"}],"wp:attachment":[{"href":"https:\/\/yallafid.com\/index.php?rest_route=%2Fwp%2Fv2%2Fmedia&parent=1844"}],"wp:term":[{"taxonomy":"product_brand","embeddable":true,"href":"https:\/\/yallafid.com\/index.php?rest_route=%2Fwp%2Fv2%2Fproduct_brand&post=1844"},{"taxonomy":"product_cat","embeddable":true,"href":"https:\/\/yallafid.com\/index.php?rest_route=%2Fwp%2Fv2%2Fproduct_cat&post=1844"},{"taxonomy":"product_tag","embeddable":true,"href":"https:\/\/yallafid.com\/index.php?rest_route=%2Fwp%2Fv2%2Fproduct_tag&post=1844"}],"curies":[{"name":"wp","href":"https:\/\/api.w.org\/{rel}","templated":true}]}}