{"id":1849,"date":"2025-10-21T08:53:05","date_gmt":"2025-10-21T08:53:05","guid":{"rendered":"https:\/\/yallafid.com\/?post_type=product&#038;p=1849"},"modified":"2025-10-21T08:53:05","modified_gmt":"2025-10-21T08:53:05","slug":"radio-sans-fil-yemei-hr-31bt","status":"publish","type":"product","link":"https:\/\/yallafid.com\/?product=radio-sans-fil-yemei-hr-31bt","title":{"rendered":"Radio sans fil YEMEI HR-31BT"},"content":{"rendered":"<ul>\n<li>La radio YEMEI HR-31BT est une enceinte portable au design r\u00e9tro, dot\u00e9e de fonctionnalit\u00e9s modernes telles que le Bluetooth. Elle combine le charme d&rsquo;un appareil vintage avec la polyvalence de la technologie contemporaine pour \u00e9couter de la musique et la radio.<\/li>\n<\/ul>\n<p>&nbsp;<\/p>\n<p>&nbsp;<\/p>\n<p><img loading=\"lazy\" decoding=\"async\" class=\"aligncenter wp-image-1851 size-full\" src=\"https:\/\/yallafid.com\/wp-content\/uploads\/2025\/10\/Radio-sans-fil-YEMEI-HR-31BT-rechargeable-promotion-vente-en-ligne-yallafid-tunisie.jpg\" alt=\"\" width=\"800\" height=\"800\" srcset=\"https:\/\/yallafid.com\/wp-content\/uploads\/2025\/10\/Radio-sans-fil-YEMEI-HR-31BT-rechargeable-promotion-vente-en-ligne-yallafid-tunisie.jpg 800w, https:\/\/yallafid.com\/wp-content\/uploads\/2025\/10\/Radio-sans-fil-YEMEI-HR-31BT-rechargeable-promotion-vente-en-ligne-yallafid-tunisie-300x300.jpg 300w, https:\/\/yallafid.com\/wp-content\/uploads\/2025\/10\/Radio-sans-fil-YEMEI-HR-31BT-rechargeable-promotion-vente-en-ligne-yallafid-tunisie-150x150.jpg 150w, https:\/\/yallafid.com\/wp-content\/uploads\/2025\/10\/Radio-sans-fil-YEMEI-HR-31BT-rechargeable-promotion-vente-en-ligne-yallafid-tunisie-768x768.jpg 768w, https:\/\/yallafid.com\/wp-content\/uploads\/2025\/10\/Radio-sans-fil-YEMEI-HR-31BT-rechargeable-promotion-vente-en-ligne-yallafid-tunisie-600x600.jpg 600w\" sizes=\"auto, (max-width: 800px) 100vw, 800px\" \/><\/p>\n<h1><strong>Caract\u00e9ristiques principales :<\/strong><\/h1>\n<ul>\n<li>Design : Son aspect r\u00e9tro et son format compact et l\u00e9ger la rendent facilement transportable.<\/li>\n<li>Connectivit\u00e9 : Elle est \u00e9quip\u00e9e d&rsquo;une fonction Bluetooth int\u00e9gr\u00e9e pour la diffusion de musique sans fil depuis d&rsquo;autres appareils.<\/li>\n<li>Lecteur multim\u00e9dia : Un lecteur MP3 est int\u00e9gr\u00e9, avec des ports USB et TF pour lire des fichiers audio \u00e0 partir de supports amovibles.<\/li>\n<li>Tuner radio : Elle dispose d&rsquo;un tuner radio AM\/FM\/SW (ondes courtes) pour \u00e9couter un large \u00e9ventail de stations.<\/li>\n<li>Alimentation : La radio fonctionne avec une batterie au lithium rechargeable (18650 mAh, incluse) offrant une autonomie de 2 \u00e0 4 heures.<\/li>\n<li>Fonctionnalit\u00e9s additionnelles : Elle int\u00e8gre \u00e9galement une lampe de poche LED sur le c\u00f4t\u00e9.<\/li>\n<li>Dimensions : Ses dimensions sont de 160 x 95 x 105 mm.<\/li>\n<\/ul>\n","protected":false},"excerpt":{"rendered":"<ul>\n<li>Design : Son aspect r\u00e9tro et son format compact et l\u00e9ger la rendent facilement transportable.<br \/>\nConnectivit\u00e9 : Elle est \u00e9quip\u00e9e d&rsquo;une fonction Bluetooth int\u00e9gr\u00e9e pour la diffusion de musique sans fil depuis d&rsquo;autres appareils.<br \/>\nLecteur multim\u00e9dia : Un lecteur MP3 est int\u00e9gr\u00e9, avec des ports USB et TF pour lire des fichiers audio \u00e0 partir de supports amovibles.<br \/>\nTuner radio : Elle dispose d&rsquo;un tuner radio AM\/FM\/SW (ondes courtes) pour \u00e9couter un large \u00e9ventail de stations.<br \/>\nAlimentation : La radio fonctionne avec une batterie au lithium rechargeable (18650 mAh, incluse) offrant une autonomie de 2 \u00e0 4 heures.<br \/>\nFonctionnalit\u00e9s additionnelles : Elle int\u00e8gre \u00e9galement une lampe de poche LED sur le c\u00f4t\u00e9.<br \/>\nDimensions : Ses dimensions sont de 160 x 95 x 105 mm.<\/li>\n<\/ul>\n","protected":false},"featured_media":1851,"comment_status":"open","ping_status":"closed","template":"","meta":[],"product_brand":[],"product_cat":[27,192],"product_tag":[],"class_list":{"0":"post-1849","1":"product","2":"type-product","3":"status-publish","4":"has-post-thumbnail","6":"product_cat-accessoires-image-son","7":"product_cat-radio","8":"product_shipping_class-livraison-7-tnd-fix","10":"first","11":"instock","12":"sale","13":"taxable","14":"shipping-taxable","15":"purchasable","16":"product-type-simple"},"jetpack_sharing_enabled":true,"_links":{"self":[{"href":"https:\/\/yallafid.com\/index.php?rest_route=\/wp\/v2\/product\/1849","targetHints":{"allow":["GET"]}}],"collection":[{"href":"https:\/\/yallafid.com\/index.php?rest_route=\/wp\/v2\/product"}],"about":[{"href":"https:\/\/yallafid.com\/index.php?rest_route=\/wp\/v2\/types\/product"}],"replies":[{"embeddable":true,"href":"https:\/\/yallafid.com\/index.php?rest_route=%2Fwp%2Fv2%2Fcomments&post=1849"}],"version-history":[{"count":1,"href":"https:\/\/yallafid.com\/index.php?rest_route=\/wp\/v2\/product\/1849\/revisions"}],"predecessor-version":[{"id":1852,"href":"https:\/\/yallafid.com\/index.php?rest_route=\/wp\/v2\/product\/1849\/revisions\/1852"}],"wp:featuredmedia":[{"embeddable":true,"href":"https:\/\/yallafid.com\/index.php?rest_route=\/wp\/v2\/media\/1851"}],"wp:attachment":[{"href":"https:\/\/yallafid.com\/index.php?rest_route=%2Fwp%2Fv2%2Fmedia&parent=1849"}],"wp:term":[{"taxonomy":"product_brand","embeddable":true,"href":"https:\/\/yallafid.com\/index.php?rest_route=%2Fwp%2Fv2%2Fproduct_brand&post=1849"},{"taxonomy":"product_cat","embeddable":true,"href":"https:\/\/yallafid.com\/index.php?rest_route=%2Fwp%2Fv2%2Fproduct_cat&post=1849"},{"taxonomy":"product_tag","embeddable":true,"href":"https:\/\/yallafid.com\/index.php?rest_route=%2Fwp%2Fv2%2Fproduct_tag&post=1849"}],"curies":[{"name":"wp","href":"https:\/\/api.w.org\/{rel}","templated":true}]}}