{"id":1853,"date":"2025-10-21T09:01:06","date_gmt":"2025-10-21T09:01:06","guid":{"rendered":"https:\/\/yallafid.com\/?post_type=product&#038;p=1853"},"modified":"2025-10-21T09:01:06","modified_gmt":"2025-10-21T09:01:06","slug":"mini-radio-a-3-bandes-rechargeable-meier-m-9390","status":"publish","type":"product","link":"https:\/\/yallafid.com\/?product=mini-radio-a-3-bandes-rechargeable-meier-m-9390","title":{"rendered":"Mini radio \u00e0 3 bandes rechargeable Meier M-9390"},"content":{"rendered":"<h1 style=\"text-align: center;\"><strong>MEIER M-9390 nouvelle mise \u00e0 niveau petite radio rechargeable USB avec haut-parleur et tuner Am\/fm\/sw excellente radio de r\u00e9ception<\/strong><\/h1>\n<ul>\n<li>La radio portable dispose de trois canaux de r\u00e9ception (FM \u2013 SW AM ), d\u2019une antenne r\u00e9glable, ce qui permet de recevoir plus facilement les signaux que les radios ordinaires.<\/li>\n<li>La radio vintage peut non seulement \u00eatre utilis\u00e9e pour \u00e9couter la radio, mais \u00e9galement utiliser les fonctions de carte Bluetooth\/USB\/TF, tirant le meilleur parti du petit mod\u00e8le.<\/li>\n<li>\u00a0Une batterie 18650 haute capacit\u00e9 est incluse. Il peut \u00eatre charg\u00e9 via le port USB-C de la radio. Remarque : retirez la feuille isolante avant la premi\u00e8re utilisation.<\/li>\n<li><strong>Fonction<\/strong>: Haut-parleur int\u00e9gr\u00e9, multifonction, \u00e9cran LCD, lampe de poche, indicateur LED, horloge, radio Internet<\/li>\n<li><strong>Fr\u00e9quence<\/strong>: FM:87-108MHz AM:520-1710KHz WB: 162,400-162,550 Khz<\/li>\n<\/ul>\n","protected":false},"excerpt":{"rendered":"<ul>\n<li><strong>Marque<\/strong> :\u00a0MEIER<\/li>\n<li><strong>Mod\u00e8le<\/strong>:\u00a0 M-9390<\/li>\n<li><strong>Caract\u00e9ristique:\u00a0<\/strong>Affichage num\u00e9rique FM Radio num\u00e9rique<\/li>\n<li>Rechargeable<\/li>\n<li><strong>Bandes :<\/strong> 3 Fm-Sw-AM<\/li>\n<li><strong>Batterie Rechargeable<\/strong> : Batterie 3V AAA * 2<\/li>\n<li><strong>Mat\u00e9riel<\/strong>: ABS + alliage de zinc<\/li>\n<li><strong>Dimensions<\/strong>: 13,5 x7x 3.5 cm<\/li>\n<li>Multimodes fonctionne USB\/TF\/Bluetooth\/FM, R\u00e9tro Classique Vintage<\/li>\n<\/ul>\n","protected":false},"featured_media":1856,"comment_status":"open","ping_status":"closed","template":"","meta":[],"product_brand":[],"product_cat":[27,192],"product_tag":[],"class_list":{"0":"post-1853","1":"product","2":"type-product","3":"status-publish","4":"has-post-thumbnail","6":"product_cat-accessoires-image-son","7":"product_cat-radio","8":"product_shipping_class-livraison-7-tnd-fix","10":"first","11":"instock","12":"sale","13":"taxable","14":"shipping-taxable","15":"purchasable","16":"product-type-simple"},"jetpack_sharing_enabled":true,"_links":{"self":[{"href":"https:\/\/yallafid.com\/index.php?rest_route=\/wp\/v2\/product\/1853","targetHints":{"allow":["GET"]}}],"collection":[{"href":"https:\/\/yallafid.com\/index.php?rest_route=\/wp\/v2\/product"}],"about":[{"href":"https:\/\/yallafid.com\/index.php?rest_route=\/wp\/v2\/types\/product"}],"replies":[{"embeddable":true,"href":"https:\/\/yallafid.com\/index.php?rest_route=%2Fwp%2Fv2%2Fcomments&post=1853"}],"version-history":[{"count":1,"href":"https:\/\/yallafid.com\/index.php?rest_route=\/wp\/v2\/product\/1853\/revisions"}],"predecessor-version":[{"id":1857,"href":"https:\/\/yallafid.com\/index.php?rest_route=\/wp\/v2\/product\/1853\/revisions\/1857"}],"wp:featuredmedia":[{"embeddable":true,"href":"https:\/\/yallafid.com\/index.php?rest_route=\/wp\/v2\/media\/1856"}],"wp:attachment":[{"href":"https:\/\/yallafid.com\/index.php?rest_route=%2Fwp%2Fv2%2Fmedia&parent=1853"}],"wp:term":[{"taxonomy":"product_brand","embeddable":true,"href":"https:\/\/yallafid.com\/index.php?rest_route=%2Fwp%2Fv2%2Fproduct_brand&post=1853"},{"taxonomy":"product_cat","embeddable":true,"href":"https:\/\/yallafid.com\/index.php?rest_route=%2Fwp%2Fv2%2Fproduct_cat&post=1853"},{"taxonomy":"product_tag","embeddable":true,"href":"https:\/\/yallafid.com\/index.php?rest_route=%2Fwp%2Fv2%2Fproduct_tag&post=1853"}],"curies":[{"name":"wp","href":"https:\/\/api.w.org\/{rel}","templated":true}]}}