{"id":1879,"date":"2025-10-21T10:17:05","date_gmt":"2025-10-21T10:17:05","guid":{"rendered":"https:\/\/yallafid.com\/?post_type=product&#038;p=1879"},"modified":"2025-10-21T10:17:05","modified_gmt":"2025-10-21T10:17:05","slug":"lampe-de-projecteur-doeuf-de-dinosaure-3d","status":"publish","type":"product","link":"https:\/\/yallafid.com\/?product=lampe-de-projecteur-doeuf-de-dinosaure-3d","title":{"rendered":"Lampe de Projecteur D\u2019\u0153uf de Dinosaure 3D"},"content":{"rendered":"<h1 style=\"text-align: center;\"><strong>Lampe de Projecteur D\u2019\u0153uf de Dinosaure 3D, T\u00e9l\u00e9commande et Haut-Parleur, Veilleuses LED Color\u00e9es pour Chambre d\u2019enfant, Home Cin\u00e9ma, F\u00eate- cadeau\u00a0<\/strong><\/h1>\n<ul>\n<li>\u00c9quip\u00e9 d\u2019une t\u00e9l\u00e9commande intelligente, la distance de la t\u00e9l\u00e9commande est de 5 m\/16,4 pieds, ce qui permet de contr\u00f4ler la couleur et de r\u00e9gler divers modes d\u2019\u00e9clairage.<\/li>\n<li>Il a un design tr\u00e8s unique et de science-fiction, lorsque vous allumez cette lampe de projection, l\u2019effet de lumi\u00e8re peut illuminer tout votre espace, ce qui est tr\u00e8s beau et romantique.<\/li>\n<li>Lecture de musique: Structure de bo\u00eete sph\u00e9rique, de sorte que le son puisse \u00eatre \u00e9quilibr\u00e9 dans toutes les bandes de fr\u00e9quences, qui peut \u00eatre utilis\u00e9 pour la structure acoustique de l\u2019autoradio.<\/li>\n<li>Anti interf\u00e9rence: Solution BT 3.0, transmission de musique sans fil efficace et stable, anti interf\u00e9rence puissante, vous permettant de profiter d\u2019une lecture sans fil agr\u00e9able.<\/li>\n<li>Lumi\u00e8re d\u00e9corative: pulv\u00e9risation et peinture artificielles pour cr\u00e9er une sensation de fissure 3D, cette lumi\u00e8re de projection peut d\u00e9corer des chambres, des salles \u00e0 manger, des salles d\u2019\u00e9tude, des salons, des caf\u00e9s, des bars, etc.<\/li>\n<\/ul>\n<p>&nbsp;<\/p>\n<p><img loading=\"lazy\" decoding=\"async\" class=\"aligncenter wp-image-1881 size-full\" src=\"https:\/\/yallafid.com\/wp-content\/uploads\/2025\/10\/Lampe-Projecteur-Doeuf-Dinosaure-3D-vente-en-ligne-tunisie-yallafid-promotion-tabarka-4.jpg\" alt=\"\" width=\"861\" height=\"861\" srcset=\"https:\/\/yallafid.com\/wp-content\/uploads\/2025\/10\/Lampe-Projecteur-Doeuf-Dinosaure-3D-vente-en-ligne-tunisie-yallafid-promotion-tabarka-4.jpg 861w, https:\/\/yallafid.com\/wp-content\/uploads\/2025\/10\/Lampe-Projecteur-Doeuf-Dinosaure-3D-vente-en-ligne-tunisie-yallafid-promotion-tabarka-4-300x300.jpg 300w, https:\/\/yallafid.com\/wp-content\/uploads\/2025\/10\/Lampe-Projecteur-Doeuf-Dinosaure-3D-vente-en-ligne-tunisie-yallafid-promotion-tabarka-4-150x150.jpg 150w, https:\/\/yallafid.com\/wp-content\/uploads\/2025\/10\/Lampe-Projecteur-Doeuf-Dinosaure-3D-vente-en-ligne-tunisie-yallafid-promotion-tabarka-4-768x768.jpg 768w, https:\/\/yallafid.com\/wp-content\/uploads\/2025\/10\/Lampe-Projecteur-Doeuf-Dinosaure-3D-vente-en-ligne-tunisie-yallafid-promotion-tabarka-4-600x600.jpg 600w\" sizes=\"auto, (max-width: 861px) 100vw, 861px\" \/><\/p>\n<ul>\n<li><strong>Mode d\u2019emploi :<\/strong><br \/>\n1. Connectez le c\u00e2ble de charge \u00e0 la lampe du projecteur pour l\u2019alimenter.<br \/>\n2. La lampe du projecteur passe automatiquement en mode de couplage BT.<br \/>\n3. Activez la fonction BT du t\u00e9l\u00e9phone mobile et couplez la connexion.<br \/>\n4. La t\u00e9l\u00e9commande peut contr\u00f4ler la couleur et le mode d\u2019\u00e9clairage.<\/li>\n<\/ul>\n","protected":false},"excerpt":{"rendered":"<ul>\n<li><strong>Forme:<\/strong> \u0153uf de dinosaure 3D<\/li>\n<li><strong>Puissance LED :<\/strong> 6 W<\/li>\n<li><strong>Couleur<\/strong> : multi couleur<\/li>\n<li>Lecteur de musique<\/li>\n<li><strong>Chargement:<\/strong> par USB -2 piles AAA (non incluses)<\/li>\n<li><strong>Mat\u00e9riau<\/strong> : ABS<\/li>\n<li><strong>Couverture de projection :<\/strong> 20-80 \u33a1<\/li>\n<li><strong>Liste des packages :<\/strong><br \/>\n1 x lampe de projecteur 1 x coque d\u2019oeuf<br \/>\n1 x base de coquille d\u2019oeuf<br \/>\n1 x Manuel<br \/>\n1 t\u00e9l\u00e9commande<br \/>\n1 c\u00e2ble de charge<br \/>\n1 \u00e9cusson<\/li>\n<\/ul>\n","protected":false},"featured_media":1882,"comment_status":"open","ping_status":"closed","template":"","meta":[],"product_brand":[],"product_cat":[45,197],"product_tag":[],"class_list":{"0":"post-1879","1":"product","2":"type-product","3":"status-publish","4":"has-post-thumbnail","6":"product_cat-maison-deco","7":"product_cat-veilleuses","8":"product_shipping_class-livraison-7-tnd-fix","10":"first","11":"instock","12":"sale","13":"taxable","14":"shipping-taxable","15":"purchasable","16":"product-type-simple"},"jetpack_sharing_enabled":true,"_links":{"self":[{"href":"https:\/\/yallafid.com\/index.php?rest_route=\/wp\/v2\/product\/1879","targetHints":{"allow":["GET"]}}],"collection":[{"href":"https:\/\/yallafid.com\/index.php?rest_route=\/wp\/v2\/product"}],"about":[{"href":"https:\/\/yallafid.com\/index.php?rest_route=\/wp\/v2\/types\/product"}],"replies":[{"embeddable":true,"href":"https:\/\/yallafid.com\/index.php?rest_route=%2Fwp%2Fv2%2Fcomments&post=1879"}],"version-history":[{"count":1,"href":"https:\/\/yallafid.com\/index.php?rest_route=\/wp\/v2\/product\/1879\/revisions"}],"predecessor-version":[{"id":1886,"href":"https:\/\/yallafid.com\/index.php?rest_route=\/wp\/v2\/product\/1879\/revisions\/1886"}],"wp:featuredmedia":[{"embeddable":true,"href":"https:\/\/yallafid.com\/index.php?rest_route=\/wp\/v2\/media\/1882"}],"wp:attachment":[{"href":"https:\/\/yallafid.com\/index.php?rest_route=%2Fwp%2Fv2%2Fmedia&parent=1879"}],"wp:term":[{"taxonomy":"product_brand","embeddable":true,"href":"https:\/\/yallafid.com\/index.php?rest_route=%2Fwp%2Fv2%2Fproduct_brand&post=1879"},{"taxonomy":"product_cat","embeddable":true,"href":"https:\/\/yallafid.com\/index.php?rest_route=%2Fwp%2Fv2%2Fproduct_cat&post=1879"},{"taxonomy":"product_tag","embeddable":true,"href":"https:\/\/yallafid.com\/index.php?rest_route=%2Fwp%2Fv2%2Fproduct_tag&post=1879"}],"curies":[{"name":"wp","href":"https:\/\/api.w.org\/{rel}","templated":true}]}}