{"id":1906,"date":"2025-10-21T11:43:55","date_gmt":"2025-10-21T11:43:55","guid":{"rendered":"https:\/\/yallafid.com\/?post_type=product&#038;p=1906"},"modified":"2025-10-21T11:46:11","modified_gmt":"2025-10-21T11:46:11","slug":"tasse-en-verre-transparent-450-ml-avec-paille-et-couvercle","status":"publish","type":"product","link":"https:\/\/yallafid.com\/?product=tasse-en-verre-transparent-450-ml-avec-paille-et-couvercle","title":{"rendered":"Tasse en verre transparent 450 ml avec paille et couvercle"},"content":{"rendered":"<h1 style=\"text-align: center;\"><strong><span dir=\"auto\" style=\"vertical-align: inherit;\"><span dir=\"auto\" style=\"vertical-align: inherit;\">Tasse en verre avec couvercle et paille, capacit\u00e9 de 450 ml, gobelet transparent anti-fuite avec poign\u00e9e pour la maison, le bureau et les voyages (marron-verre)<\/span><\/span><\/strong><\/h1>\n<ul>\n<li><span dir=\"auto\" style=\"vertical-align: inherit;\"><span dir=\"auto\" style=\"vertical-align: inherit;\">\u00a0Offrez une touche personnelle ou un aspect d\u00e9coratif \u00e0 l&rsquo;exp\u00e9rience de d\u00e9gustation du caf\u00e9.<\/span><\/span>&nbsp;<\/li>\n<li><span dir=\"auto\" style=\"vertical-align: inherit;\"><span dir=\"auto\" style=\"vertical-align: inherit;\">Sublimez votre exp\u00e9rience quotidienne avec ce mug en verre haut de gamme alliant style et fonctionnalit\u00e9. D&rsquo;une g\u00e9n\u00e9reuse capacit\u00e9 de 450 ml<\/span><\/span><\/li>\n<li><span dir=\"auto\" style=\"vertical-align: inherit;\"><span dir=\"auto\" style=\"vertical-align: inherit;\">Ce gobelet transparent est dot\u00e9 d&rsquo;une poign\u00e9e pratique pour une prise en main confortable et est livr\u00e9 avec un couvercle \u00e9tanche et une paille pour plus de praticit\u00e9.<\/span><\/span><\/li>\n<li><span dir=\"auto\" style=\"vertical-align: inherit;\"><span dir=\"auto\" style=\"vertical-align: inherit;\">Ses touches soigneusement con\u00e7ues ajoutent une touche de sophistication \u00e0 son esth\u00e9tique moderne.<\/span><\/span><\/li>\n<\/ul>\n<p><img loading=\"lazy\" decoding=\"async\" class=\"aligncenter wp-image-1915 size-full\" src=\"https:\/\/yallafid.com\/wp-content\/uploads\/2025\/10\/Tasse-verre-transaprent-cadeau-paille-anti-fuitvente-en-ligne-yallafid-tunisie-verre-marron-tabarka-sousse-jerba-siliana-5.jpg\" alt=\"\" width=\"778\" height=\"778\" srcset=\"https:\/\/yallafid.com\/wp-content\/uploads\/2025\/10\/Tasse-verre-transaprent-cadeau-paille-anti-fuitvente-en-ligne-yallafid-tunisie-verre-marron-tabarka-sousse-jerba-siliana-5.jpg 778w, https:\/\/yallafid.com\/wp-content\/uploads\/2025\/10\/Tasse-verre-transaprent-cadeau-paille-anti-fuitvente-en-ligne-yallafid-tunisie-verre-marron-tabarka-sousse-jerba-siliana-5-300x300.jpg 300w, https:\/\/yallafid.com\/wp-content\/uploads\/2025\/10\/Tasse-verre-transaprent-cadeau-paille-anti-fuitvente-en-ligne-yallafid-tunisie-verre-marron-tabarka-sousse-jerba-siliana-5-150x150.jpg 150w, https:\/\/yallafid.com\/wp-content\/uploads\/2025\/10\/Tasse-verre-transaprent-cadeau-paille-anti-fuitvente-en-ligne-yallafid-tunisie-verre-marron-tabarka-sousse-jerba-siliana-5-768x768.jpg 768w, https:\/\/yallafid.com\/wp-content\/uploads\/2025\/10\/Tasse-verre-transaprent-cadeau-paille-anti-fuitvente-en-ligne-yallafid-tunisie-verre-marron-tabarka-sousse-jerba-siliana-5-600x600.jpg 600w\" sizes=\"auto, (max-width: 778px) 100vw, 778px\" \/><\/p>\n<ul>\n<li><span dir=\"auto\" style=\"vertical-align: inherit;\"><span dir=\"auto\" style=\"vertical-align: inherit;\">Parfait pour les boissons chaudes et froides<\/span><\/span><\/li>\n<li><span dir=\"auto\" style=\"vertical-align: inherit;\"><span dir=\"auto\" style=\"vertical-align: inherit;\">Ce mug en verre polyvalent est le compagnon id\u00e9al pour l&rsquo;eau, les jus ou vos boissons pr\u00e9f\u00e9r\u00e9es.<\/span><\/span><\/li>\n<li><span dir=\"auto\" style=\"vertical-align: inherit;\"><span dir=\"auto\" style=\"vertical-align: inherit;\">Que vous travaillezliez au bureau, que vous vous \u00e9tendiez \u00e0 la maison ou que vous voyagez<\/span><\/span><\/li>\n<li><span dir=\"auto\" style=\"vertical-align: inherit;\"><span dir=\"auto\" style=\"vertical-align: inherit;\">Ce gobelet durable vous assure une hydratation \u00e9l\u00e9gante. Sa transparence vous permet de surveiller le niveau de votre boisson, tandis que son couvercle \u00e9tanche pr\u00e9vient les d\u00e9versements ind\u00e9sirables pendant les voyages.<\/span><\/span><\/li>\n<\/ul>\n<p>&nbsp;<\/p>\n<p><img loading=\"lazy\" decoding=\"async\" class=\"aligncenter wp-image-1919 size-full\" src=\"https:\/\/yallafid.com\/wp-content\/uploads\/2025\/10\/Tasse-verre-transaprent-cadeau-paille-anti-fuitvente-en-ligne-yallafid-tunisie-verre-marron-tabarka-sousse-jerba-siliana-4.jpg\" alt=\"\" width=\"680\" height=\"680\" srcset=\"https:\/\/yallafid.com\/wp-content\/uploads\/2025\/10\/Tasse-verre-transaprent-cadeau-paille-anti-fuitvente-en-ligne-yallafid-tunisie-verre-marron-tabarka-sousse-jerba-siliana-4.jpg 680w, https:\/\/yallafid.com\/wp-content\/uploads\/2025\/10\/Tasse-verre-transaprent-cadeau-paille-anti-fuitvente-en-ligne-yallafid-tunisie-verre-marron-tabarka-sousse-jerba-siliana-4-300x300.jpg 300w, https:\/\/yallafid.com\/wp-content\/uploads\/2025\/10\/Tasse-verre-transaprent-cadeau-paille-anti-fuitvente-en-ligne-yallafid-tunisie-verre-marron-tabarka-sousse-jerba-siliana-4-150x150.jpg 150w, https:\/\/yallafid.com\/wp-content\/uploads\/2025\/10\/Tasse-verre-transaprent-cadeau-paille-anti-fuitvente-en-ligne-yallafid-tunisie-verre-marron-tabarka-sousse-jerba-siliana-4-600x600.jpg 600w\" sizes=\"auto, (max-width: 680px) 100vw, 680px\" \/><\/p>\n","protected":false},"excerpt":{"rendered":"<ul>\n<li><strong><span dir=\"auto\" style=\"vertical-align: inherit;\"><span dir=\"auto\" style=\"vertical-align: inherit;\">Type de l&rsquo;article<\/span><\/span><\/strong><span dir=\"auto\" style=\"vertical-align: inherit;\"><span dir=\"auto\" style=\"vertical-align: inherit;\"> : tasse transparente<\/span><\/span><\/li>\n<li><strong><span dir=\"auto\" style=\"vertical-align: inherit;\"><span dir=\"auto\" style=\"vertical-align: inherit;\">Couleur:<\/span><\/span><\/strong><span dir=\"auto\" style=\"vertical-align: inherit;\"><span dir=\"auto\" style=\"vertical-align: inherit;\"> \u00a0 marron (caramel) &#8211; vert<\/span><\/span><\/li>\n<li><strong><span dir=\"auto\" style=\"vertical-align: inherit;\"><span dir=\"auto\" style=\"vertical-align: inherit;\">Inclus :\u00a0<\/span><\/span><\/strong><span dir=\"auto\" style=\"vertical-align: inherit;\"><span dir=\"auto\" style=\"vertical-align: inherit;\"> tasse+ paille+ Couvercle<\/span><\/span><\/li>\n<li><strong><span dir=\"auto\" style=\"vertical-align: inherit;\"><span dir=\"auto\" style=\"vertical-align: inherit;\">Capacit\u00e9<\/span><\/span><\/strong><span dir=\"auto\" style=\"vertical-align: inherit;\"><span dir=\"auto\" style=\"vertical-align: inherit;\"> : 450 ml<\/span><\/span><\/li>\n<li><span dir=\"auto\" style=\"vertical-align: inherit;\"><span dir=\"auto\" style=\"vertical-align: inherit;\">\u00c9vitez les changements extr\u00eames de temp\u00e9rature<\/span><\/span><\/li>\n<li><span dir=\"auto\" style=\"vertical-align: inherit;\"><span dir=\"auto\" style=\"vertical-align: inherit;\">Convient : caf\u00e9-jus-l&rsquo;eau-tisane<\/span><\/span><\/li>\n<\/ul>\n","protected":false},"featured_media":1911,"comment_status":"open","ping_status":"closed","template":"","meta":[],"product_brand":[],"product_cat":[20],"product_tag":[],"class_list":{"0":"post-1906","1":"product","2":"type-product","3":"status-publish","4":"has-post-thumbnail","6":"product_cat-cuisine","8":"first","9":"instock","10":"sale","11":"taxable","12":"shipping-taxable","13":"purchasable","14":"product-type-variable"},"jetpack_sharing_enabled":true,"_links":{"self":[{"href":"https:\/\/yallafid.com\/index.php?rest_route=\/wp\/v2\/product\/1906","targetHints":{"allow":["GET"]}}],"collection":[{"href":"https:\/\/yallafid.com\/index.php?rest_route=\/wp\/v2\/product"}],"about":[{"href":"https:\/\/yallafid.com\/index.php?rest_route=\/wp\/v2\/types\/product"}],"replies":[{"embeddable":true,"href":"https:\/\/yallafid.com\/index.php?rest_route=%2Fwp%2Fv2%2Fcomments&post=1906"}],"version-history":[{"count":3,"href":"https:\/\/yallafid.com\/index.php?rest_route=\/wp\/v2\/product\/1906\/revisions"}],"predecessor-version":[{"id":1920,"href":"https:\/\/yallafid.com\/index.php?rest_route=\/wp\/v2\/product\/1906\/revisions\/1920"}],"wp:featuredmedia":[{"embeddable":true,"href":"https:\/\/yallafid.com\/index.php?rest_route=\/wp\/v2\/media\/1911"}],"wp:attachment":[{"href":"https:\/\/yallafid.com\/index.php?rest_route=%2Fwp%2Fv2%2Fmedia&parent=1906"}],"wp:term":[{"taxonomy":"product_brand","embeddable":true,"href":"https:\/\/yallafid.com\/index.php?rest_route=%2Fwp%2Fv2%2Fproduct_brand&post=1906"},{"taxonomy":"product_cat","embeddable":true,"href":"https:\/\/yallafid.com\/index.php?rest_route=%2Fwp%2Fv2%2Fproduct_cat&post=1906"},{"taxonomy":"product_tag","embeddable":true,"href":"https:\/\/yallafid.com\/index.php?rest_route=%2Fwp%2Fv2%2Fproduct_tag&post=1906"}],"curies":[{"name":"wp","href":"https:\/\/api.w.org\/{rel}","templated":true}]}}