{"id":1921,"date":"2025-10-21T12:47:58","date_gmt":"2025-10-21T12:47:58","guid":{"rendered":"https:\/\/yallafid.com\/?post_type=product&#038;p=1921"},"modified":"2025-10-21T13:46:05","modified_gmt":"2025-10-21T13:46:05","slug":"bouteille-isotherme-en-acier-inoxydable-de-qualite-alimentaire-500-ml","status":"publish","type":"product","link":"https:\/\/yallafid.com\/?product=bouteille-isotherme-en-acier-inoxydable-de-qualite-alimentaire-500-ml","title":{"rendered":"Bouteille isotherme en acier inoxydable de qualit\u00e9 alimentaire 500 ml"},"content":{"rendered":"<h2 style=\"text-align: center;\"><strong>Bouteille isotherme en acier inoxydable de qualit\u00e9 alimentaire\u00a0 &#8211; Pour le lait, le th\u00e9, le caf\u00e9, les adultes et les enfants &#8211; Pour sports de plein air<\/strong><\/h2>\n<ul>\n<li>Il s&rsquo;agit d&rsquo;une bouteille isotherme de grande capacit\u00e9 en acier inoxydable 304 de qualit\u00e9 alimentaire<\/li>\n<li>\u00a0Il est fabriqu\u00e9 en acier inoxydable incassable de qualit\u00e9 alimentaire. Il a des fonctions anti-rouille, anti-corrosion et anti- bosses, solide et durable.<\/li>\n<li>Ses mat\u00e9riaux de qualit\u00e9 alimentaire peuvent r\u00e9pondre aux besoins de s\u00e9curit\u00e9 et de sant\u00e9.<\/li>\n<li>Gr\u00e2ce \u00e0 la technologie d&rsquo;isolation thermique sous vide, la temp\u00e9rature peut \u00eatre verrouill\u00e9e pour garder la saveur et la fra\u00eecheur, et elle peut \u00eatre conserv\u00e9e au chaud pendant 12 \u00e0 24 heures ou congel\u00e9e. Il peut contenir toutes sortes de boissons, telles que le th\u00e9, le caf\u00e9, le jus, la bi\u00e8re glac\u00e9e, etc.<\/li>\n<li>Id\u00e9al pour les enfants, les adolescents et les adultes.<\/li>\n<li><strong>Grande capacit\u00e9 :<\/strong> grande capacit\u00e9, convient \u00e0 la plupart des gens. Le design l\u00e9ger et compact du corps le rend facile \u00e0 transporter. Lorsque vous avez besoin de sortir, vous pouvez le mettre dans votre sac ou sac de voyage. Il est tr\u00e8s appropri\u00e9 pour les gymnases, les bureaux, les sports de plein air, le cyclisme et les voyages en voiture.<\/li>\n<li><strong>Facile \u00e0 nettoyer<\/strong> : la bouteille sans air en acier inoxydable ne laisse pas d&rsquo;odeur particuli\u00e8re et de traces apr\u00e8s utilisation. C&rsquo;est une excellente alternative aux bouteilles et gobelets en plastique, pas besoin de peinture, respectueux de l&rsquo;environnement et r\u00e9utilisable.<\/li>\n<\/ul>\n","protected":false},"excerpt":{"rendered":"<ul>\n<li>Thermos de haute qualit\u00e9<\/li>\n<li>Garde votre boisson chaude pendant environ 8 heures.<\/li>\n<li><strong>Capacit\u00e9:<\/strong>\u00a0 500 ml<\/li>\n<li><strong>Couleur<\/strong> :Acier inoxydable<\/li>\n<li><strong>Compatible avec:<\/strong> voyage, ext\u00e9rieur, bureau<\/li>\n<li><strong>Mat\u00e9riau:<\/strong> acier inoxydable + bambou<\/li>\n<\/ul>\n","protected":false},"featured_media":1922,"comment_status":"open","ping_status":"closed","template":"","meta":[],"product_brand":[],"product_cat":[23,20],"product_tag":[],"class_list":{"0":"post-1921","1":"product","2":"type-product","3":"status-publish","4":"has-post-thumbnail","6":"product_cat-bouteilles-isolantes","7":"product_cat-cuisine","8":"product_shipping_class-livraison-7-tnd-fix","10":"first","11":"instock","12":"sale","13":"taxable","14":"shipping-taxable","15":"purchasable","16":"product-type-simple"},"jetpack_sharing_enabled":true,"_links":{"self":[{"href":"https:\/\/yallafid.com\/index.php?rest_route=\/wp\/v2\/product\/1921","targetHints":{"allow":["GET"]}}],"collection":[{"href":"https:\/\/yallafid.com\/index.php?rest_route=\/wp\/v2\/product"}],"about":[{"href":"https:\/\/yallafid.com\/index.php?rest_route=\/wp\/v2\/types\/product"}],"replies":[{"embeddable":true,"href":"https:\/\/yallafid.com\/index.php?rest_route=%2Fwp%2Fv2%2Fcomments&post=1921"}],"version-history":[{"count":1,"href":"https:\/\/yallafid.com\/index.php?rest_route=\/wp\/v2\/product\/1921\/revisions"}],"predecessor-version":[{"id":1925,"href":"https:\/\/yallafid.com\/index.php?rest_route=\/wp\/v2\/product\/1921\/revisions\/1925"}],"wp:featuredmedia":[{"embeddable":true,"href":"https:\/\/yallafid.com\/index.php?rest_route=\/wp\/v2\/media\/1922"}],"wp:attachment":[{"href":"https:\/\/yallafid.com\/index.php?rest_route=%2Fwp%2Fv2%2Fmedia&parent=1921"}],"wp:term":[{"taxonomy":"product_brand","embeddable":true,"href":"https:\/\/yallafid.com\/index.php?rest_route=%2Fwp%2Fv2%2Fproduct_brand&post=1921"},{"taxonomy":"product_cat","embeddable":true,"href":"https:\/\/yallafid.com\/index.php?rest_route=%2Fwp%2Fv2%2Fproduct_cat&post=1921"},{"taxonomy":"product_tag","embeddable":true,"href":"https:\/\/yallafid.com\/index.php?rest_route=%2Fwp%2Fv2%2Fproduct_tag&post=1921"}],"curies":[{"name":"wp","href":"https:\/\/api.w.org\/{rel}","templated":true}]}}