{"id":1926,"date":"2025-10-21T15:06:51","date_gmt":"2025-10-21T15:06:51","guid":{"rendered":"https:\/\/yallafid.com\/?post_type=product&#038;p=1926"},"modified":"2025-10-21T15:10:56","modified_gmt":"2025-10-21T15:10:56","slug":"pack-de-6-pailles-en-verre-borosilicate-motif-papillon","status":"publish","type":"product","link":"https:\/\/yallafid.com\/?product=pack-de-6-pailles-en-verre-borosilicate-motif-papillon","title":{"rendered":"Pack de 6 pailles en verre borosilicate motif Papillon"},"content":{"rendered":"<h2 style=\"text-align: center;\"><strong>Lot de 6 pailles r\u00e9utilisables en verre avec 1 brosse de nettoyage, pailles r\u00e9utilisables en verre transparent de 8 mm avec papillons color\u00e9s, pailles \u00e0 th\u00e9 aux perles pour cocktails et boissons chaudes.<\/strong><\/h2>\n<ul>\n<li>L&rsquo;ensemble comprend 6 pailles papillon en verre de 19,8 cm x 8 mm, accompagn\u00e9es de une brosses de nettoyage de 20 cm de long.<\/li>\n<\/ul>\n<p><img loading=\"lazy\" decoding=\"async\" class=\"aligncenter wp-image-1931 size-full\" src=\"https:\/\/yallafid.com\/wp-content\/uploads\/2025\/10\/lot-6-pailles-transparent-verre-motif-cute-brosse-nettoyage-vente-en-ligne-yallafid-tunisie-papillon-tabaraka-sousse-nabel-tabarka.jpg\" alt=\"\" width=\"965\" height=\"965\" srcset=\"https:\/\/yallafid.com\/wp-content\/uploads\/2025\/10\/lot-6-pailles-transparent-verre-motif-cute-brosse-nettoyage-vente-en-ligne-yallafid-tunisie-papillon-tabaraka-sousse-nabel-tabarka.jpg 965w, https:\/\/yallafid.com\/wp-content\/uploads\/2025\/10\/lot-6-pailles-transparent-verre-motif-cute-brosse-nettoyage-vente-en-ligne-yallafid-tunisie-papillon-tabaraka-sousse-nabel-tabarka-300x300.jpg 300w, https:\/\/yallafid.com\/wp-content\/uploads\/2025\/10\/lot-6-pailles-transparent-verre-motif-cute-brosse-nettoyage-vente-en-ligne-yallafid-tunisie-papillon-tabaraka-sousse-nabel-tabarka-150x150.jpg 150w, https:\/\/yallafid.com\/wp-content\/uploads\/2025\/10\/lot-6-pailles-transparent-verre-motif-cute-brosse-nettoyage-vente-en-ligne-yallafid-tunisie-papillon-tabaraka-sousse-nabel-tabarka-768x768.jpg 768w, https:\/\/yallafid.com\/wp-content\/uploads\/2025\/10\/lot-6-pailles-transparent-verre-motif-cute-brosse-nettoyage-vente-en-ligne-yallafid-tunisie-papillon-tabaraka-sousse-nabel-tabarka-600x600.jpg 600w\" sizes=\"auto, (max-width: 965px) 100vw, 965px\" \/><\/p>\n<ul>\n<li>Fabriqu\u00e9es en verre borosilicate de haute qualit\u00e9, souffl\u00e9es \u00e0 la main, finement travaill\u00e9es et d&rsquo;une \u00e9paisseur de 1,5 mm, les pailles sont r\u00e9sistantes \u00e0 la casse et plus durables.<\/li>\n<li><strong>Plaisir visuel<\/strong> : La paille transparente, simple et polyvalente, s&rsquo;harmonise parfaitement avec toutes les couleurs de boisson. Lorsque vous remuez, le papillon color\u00e9 sur la paille semble vous suivre dans la main, vous permettant de savourer votre boisson et d&rsquo;ajouter un plaisir visuel.<\/li>\n<li><strong>Conception pratique<\/strong> : les pailles en verre r\u00e9utilisables sont polyvalentes dans un seul tube, adapt\u00e9es \u00e0 diverses tasses, telles que les tasses \u00e0 th\u00e9 \u00e0 bulles, les tasses \u00e0 caf\u00e9, les verres de bar, etc. Le papillon en verre sur la courbe de la paille peut \u00eatre utilis\u00e9 comme un bouton-pression pour maintenir la longue paille fix\u00e9e sur la tasse et l&#8217;emp\u00eacher de glisser.<\/li>\n<\/ul>\n<p>&nbsp;<\/p>\n<p><img loading=\"lazy\" decoding=\"async\" class=\"aligncenter wp-image-1928 size-large\" src=\"https:\/\/yallafid.com\/wp-content\/uploads\/2025\/10\/lot-6-pailles-transparent-verre-motif-cute-brosse-nettoyage-vente-en-ligne-yallafid-tunisie-papillon-tabaraka-sousse-1024x1024.jpg\" alt=\"\" width=\"1024\" height=\"1024\" srcset=\"https:\/\/yallafid.com\/wp-content\/uploads\/2025\/10\/lot-6-pailles-transparent-verre-motif-cute-brosse-nettoyage-vente-en-ligne-yallafid-tunisie-papillon-tabaraka-sousse-1024x1024.jpg 1024w, https:\/\/yallafid.com\/wp-content\/uploads\/2025\/10\/lot-6-pailles-transparent-verre-motif-cute-brosse-nettoyage-vente-en-ligne-yallafid-tunisie-papillon-tabaraka-sousse-300x300.jpg 300w, https:\/\/yallafid.com\/wp-content\/uploads\/2025\/10\/lot-6-pailles-transparent-verre-motif-cute-brosse-nettoyage-vente-en-ligne-yallafid-tunisie-papillon-tabaraka-sousse-150x150.jpg 150w, https:\/\/yallafid.com\/wp-content\/uploads\/2025\/10\/lot-6-pailles-transparent-verre-motif-cute-brosse-nettoyage-vente-en-ligne-yallafid-tunisie-papillon-tabaraka-sousse-768x769.jpg 768w, https:\/\/yallafid.com\/wp-content\/uploads\/2025\/10\/lot-6-pailles-transparent-verre-motif-cute-brosse-nettoyage-vente-en-ligne-yallafid-tunisie-papillon-tabaraka-sousse-600x600.jpg 600w, https:\/\/yallafid.com\/wp-content\/uploads\/2025\/10\/lot-6-pailles-transparent-verre-motif-cute-brosse-nettoyage-vente-en-ligne-yallafid-tunisie-papillon-tabaraka-sousse.jpg 1070w\" sizes=\"auto, (max-width: 1024px) 100vw, 1024px\" \/><\/p>\n<ul>\n<li><strong>Facile \u00e0 nettoyer<\/strong> : \u00c9quip\u00e9e de deux brosses de nettoyage qui passent facilement \u00e0 travers la paille pour d\u00e9boucher rapidement le tube. Vous pouvez \u00e9galement la mettre directement au lave-vaisselle apr\u00e8s utilisation. Le corps transparent du tube permet \u00e9galement une meilleure visibilit\u00e9 lors du nettoyage, \u00e9vitant ainsi les taches sur la paille.<\/li>\n<li><strong>Utilisations multiples<\/strong> : Les pailles en verre r\u00e9sistent aux temp\u00e9ratures \u00e9lev\u00e9es et basses, ce qui les rend parfaites pour boire des smoothies, des jus, des cocktails, du caf\u00e9 chaud, du chocolat chaud ou du lait. Ces pailles en verre color\u00e9es en forme de papillon sont un accessoire \u00e9l\u00e9gant, pratique et \u00e9l\u00e9gant pour les f\u00eates, les repas de f\u00eates et le quotidien en famille.<\/li>\n<\/ul>\n<p><img loading=\"lazy\" decoding=\"async\" class=\"aligncenter wp-image-1930 size-full\" src=\"https:\/\/yallafid.com\/wp-content\/uploads\/2025\/10\/lot-6-pailles-transparent-verre-motif-cute-brosse-nettoyage-vente-en-ligne-yallafid-tunisie-papillon-.jpg\" alt=\"\" width=\"962\" height=\"962\" srcset=\"https:\/\/yallafid.com\/wp-content\/uploads\/2025\/10\/lot-6-pailles-transparent-verre-motif-cute-brosse-nettoyage-vente-en-ligne-yallafid-tunisie-papillon-.jpg 962w, https:\/\/yallafid.com\/wp-content\/uploads\/2025\/10\/lot-6-pailles-transparent-verre-motif-cute-brosse-nettoyage-vente-en-ligne-yallafid-tunisie-papillon--300x300.jpg 300w, https:\/\/yallafid.com\/wp-content\/uploads\/2025\/10\/lot-6-pailles-transparent-verre-motif-cute-brosse-nettoyage-vente-en-ligne-yallafid-tunisie-papillon--150x150.jpg 150w, https:\/\/yallafid.com\/wp-content\/uploads\/2025\/10\/lot-6-pailles-transparent-verre-motif-cute-brosse-nettoyage-vente-en-ligne-yallafid-tunisie-papillon--768x768.jpg 768w, https:\/\/yallafid.com\/wp-content\/uploads\/2025\/10\/lot-6-pailles-transparent-verre-motif-cute-brosse-nettoyage-vente-en-ligne-yallafid-tunisie-papillon--600x600.jpg 600w\" sizes=\"auto, (max-width: 962px) 100vw, 962px\" \/><\/p>\n","protected":false},"excerpt":{"rendered":"<ul>\n<li>Lot de 6 pailles transparent<\/li>\n<li>Inclus ne brosse de nettoyage<\/li>\n<li><strong>Motif<\/strong> : papillons<\/li>\n<li><strong>Couleur de papillon :<\/strong> diff\u00e9rents<\/li>\n<li><strong>Longueur<\/strong> : 19,8 cm x 8 mm<\/li>\n<li>Durables et r\u00e9utilisables<\/li>\n<li>Facile \u00e0 nettoyer<\/li>\n<\/ul>\n","protected":false},"featured_media":1932,"comment_status":"open","ping_status":"closed","template":"","meta":[],"product_brand":[],"product_cat":[20],"product_tag":[],"class_list":{"0":"post-1926","1":"product","2":"type-product","3":"status-publish","4":"has-post-thumbnail","6":"product_cat-cuisine","7":"product_shipping_class-livraison-7-tnd-fix","9":"first","10":"instock","11":"sale","12":"taxable","13":"shipping-taxable","14":"purchasable","15":"product-type-simple"},"jetpack_sharing_enabled":true,"_links":{"self":[{"href":"https:\/\/yallafid.com\/index.php?rest_route=\/wp\/v2\/product\/1926","targetHints":{"allow":["GET"]}}],"collection":[{"href":"https:\/\/yallafid.com\/index.php?rest_route=\/wp\/v2\/product"}],"about":[{"href":"https:\/\/yallafid.com\/index.php?rest_route=\/wp\/v2\/types\/product"}],"replies":[{"embeddable":true,"href":"https:\/\/yallafid.com\/index.php?rest_route=%2Fwp%2Fv2%2Fcomments&post=1926"}],"version-history":[{"count":1,"href":"https:\/\/yallafid.com\/index.php?rest_route=\/wp\/v2\/product\/1926\/revisions"}],"predecessor-version":[{"id":1933,"href":"https:\/\/yallafid.com\/index.php?rest_route=\/wp\/v2\/product\/1926\/revisions\/1933"}],"wp:featuredmedia":[{"embeddable":true,"href":"https:\/\/yallafid.com\/index.php?rest_route=\/wp\/v2\/media\/1932"}],"wp:attachment":[{"href":"https:\/\/yallafid.com\/index.php?rest_route=%2Fwp%2Fv2%2Fmedia&parent=1926"}],"wp:term":[{"taxonomy":"product_brand","embeddable":true,"href":"https:\/\/yallafid.com\/index.php?rest_route=%2Fwp%2Fv2%2Fproduct_brand&post=1926"},{"taxonomy":"product_cat","embeddable":true,"href":"https:\/\/yallafid.com\/index.php?rest_route=%2Fwp%2Fv2%2Fproduct_cat&post=1926"},{"taxonomy":"product_tag","embeddable":true,"href":"https:\/\/yallafid.com\/index.php?rest_route=%2Fwp%2Fv2%2Fproduct_tag&post=1926"}],"curies":[{"name":"wp","href":"https:\/\/api.w.org\/{rel}","templated":true}]}}