{"id":1934,"date":"2025-10-21T15:11:56","date_gmt":"2025-10-21T15:11:56","guid":{"rendered":"https:\/\/yallafid.com\/?post_type=product&#038;p=1934"},"modified":"2025-10-21T16:00:27","modified_gmt":"2025-10-21T16:00:27","slug":"pack-de-6-pailles-en-verre-borosilicate-motif-champignon","status":"publish","type":"product","link":"https:\/\/yallafid.com\/?product=pack-de-6-pailles-en-verre-borosilicate-motif-champignon","title":{"rendered":"Pack de 6 pailles en verre borosilicate motif Champignon"},"content":{"rendered":"<h2 style=\"text-align: center;\"><strong><span dir=\"auto\" style=\"vertical-align: inherit;\"><span dir=\"auto\" style=\"vertical-align: inherit;\">Lot de 6 pailles r\u00e9utilisables en verre avec 1 brosse de nettoyage, pailles r\u00e9utilisables en verre transparent de 8 mm avec papillons color\u00e9s, pailles \u00e0 th\u00e9 aux perles pour cocktails et boissons chaudes.<\/span><\/span><\/strong><\/h2>\n<ul>\n<li><span dir=\"auto\" style=\"vertical-align: inherit;\"><span dir=\"auto\" style=\"vertical-align: inherit;\">L&rsquo;ensemble comprend 6 paillettes papillon en verre de 19,8 cm x 8 mm, accompagn\u00e9es d&rsquo;une brosse de nettoyage de 20 cm de long.<\/span><\/span><\/li>\n<\/ul>\n<p><img loading=\"lazy\" decoding=\"async\" class=\"aligncenter wp-image-1935 size-full\" src=\"https:\/\/yallafid.com\/wp-content\/uploads\/2025\/10\/lot-6-pailles-transparent-verre-motif-cute-brosse-nettoyage-vente-en-ligne-yallafid-tunisie-papillon-tabaraka-sousse-nabel-tabarka-motif-2.jpg\" alt=\"\" width=\"679\" height=\"679\" srcset=\"https:\/\/yallafid.com\/wp-content\/uploads\/2025\/10\/lot-6-pailles-transparent-verre-motif-cute-brosse-nettoyage-vente-en-ligne-yallafid-tunisie-papillon-tabaraka-sousse-nabel-tabarka-motif-2.jpg 679w, https:\/\/yallafid.com\/wp-content\/uploads\/2025\/10\/lot-6-pailles-transparent-verre-motif-cute-brosse-nettoyage-vente-en-ligne-yallafid-tunisie-papillon-tabaraka-sousse-nabel-tabarka-motif-2-300x300.jpg 300w, https:\/\/yallafid.com\/wp-content\/uploads\/2025\/10\/lot-6-pailles-transparent-verre-motif-cute-brosse-nettoyage-vente-en-ligne-yallafid-tunisie-papillon-tabaraka-sousse-nabel-tabarka-motif-2-150x150.jpg 150w, https:\/\/yallafid.com\/wp-content\/uploads\/2025\/10\/lot-6-pailles-transparent-verre-motif-cute-brosse-nettoyage-vente-en-ligne-yallafid-tunisie-papillon-tabaraka-sousse-nabel-tabarka-motif-2-600x600.jpg 600w\" sizes=\"auto, (max-width: 679px) 100vw, 679px\" \/><\/p>\n<ul>\n<li><span dir=\"auto\" style=\"vertical-align: inherit;\"><span dir=\"auto\" style=\"vertical-align: inherit;\">Fabriqu\u00e9es en verre borosilicate de haute qualit\u00e9, souffl\u00e9es \u00e0 la main, finement travaill\u00e9es et d&rsquo;une \u00e9paisseur de 1,5 mm, les paillettes sont r\u00e9sistantes \u00e0 la casse et plus durables.<\/span><\/span><\/li>\n<li><strong><span dir=\"auto\" style=\"vertical-align: inherit;\"><span dir=\"auto\" style=\"vertical-align: inherit;\">Plaisir visuel<\/span><\/span><\/strong><span dir=\"auto\" style=\"vertical-align: inherit;\"><span dir=\"auto\" style=\"vertical-align: inherit;\"> : La paille transparente, simple et polyvalente, s&rsquo;harmonise parfaitement avec toutes les couleurs de boisson. Lorsque vous remuez, le papillon color\u00e9 sur la paille semble vous suivre dans la main, vous permettant de savourer votre boisson et d&rsquo;ajouter un plaisir visuel.<\/span><\/span><\/li>\n<li><strong><span dir=\"auto\" style=\"vertical-align: inherit;\"><span dir=\"auto\" style=\"vertical-align: inherit;\">Conception pratique<\/span><\/span><\/strong><span dir=\"auto\" style=\"vertical-align: inherit;\"><span dir=\"auto\" style=\"vertical-align: inherit;\"> : les pailles en verre r\u00e9utilisables sont polyvalentes dans un seul tube, adapt\u00e9es \u00e0 diverses tasses, telles que les tasses \u00e0 th\u00e9 \u00e0 bulles, les tasses \u00e0 caf\u00e9, les verres de bar, etc. Le papillon en verre sur la courbe de la paille peut \u00eatre utilis\u00e9 comme un bouton-pression pour maintenir la longue paille fix\u00e9e sur la tasse et l&#8217;emp\u00eacher de glisser.<\/span><\/span><\/li>\n<\/ul>\n<p>&nbsp;<\/p>\n<p><img loading=\"lazy\" decoding=\"async\" class=\"aligncenter wp-image-1940 size-full\" src=\"https:\/\/yallafid.com\/wp-content\/uploads\/2025\/10\/lot-6-pailles-transparent-verre-motif-cute-brosse-nettoyage-vente-en-ligne-yallafid-tunisie-papillon-tabaraka-sousse-nabel-tabarka-motif-3.jpg\" alt=\"\" width=\"819\" height=\"819\" srcset=\"https:\/\/yallafid.com\/wp-content\/uploads\/2025\/10\/lot-6-pailles-transparent-verre-motif-cute-brosse-nettoyage-vente-en-ligne-yallafid-tunisie-papillon-tabaraka-sousse-nabel-tabarka-motif-3.jpg 819w, https:\/\/yallafid.com\/wp-content\/uploads\/2025\/10\/lot-6-pailles-transparent-verre-motif-cute-brosse-nettoyage-vente-en-ligne-yallafid-tunisie-papillon-tabaraka-sousse-nabel-tabarka-motif-3-300x300.jpg 300w, https:\/\/yallafid.com\/wp-content\/uploads\/2025\/10\/lot-6-pailles-transparent-verre-motif-cute-brosse-nettoyage-vente-en-ligne-yallafid-tunisie-papillon-tabaraka-sousse-nabel-tabarka-motif-3-150x150.jpg 150w, https:\/\/yallafid.com\/wp-content\/uploads\/2025\/10\/lot-6-pailles-transparent-verre-motif-cute-brosse-nettoyage-vente-en-ligne-yallafid-tunisie-papillon-tabaraka-sousse-nabel-tabarka-motif-3-768x768.jpg 768w, https:\/\/yallafid.com\/wp-content\/uploads\/2025\/10\/lot-6-pailles-transparent-verre-motif-cute-brosse-nettoyage-vente-en-ligne-yallafid-tunisie-papillon-tabaraka-sousse-nabel-tabarka-motif-3-600x600.jpg 600w\" sizes=\"auto, (max-width: 819px) 100vw, 819px\" \/><\/p>\n<ul>\n<li><strong><span dir=\"auto\" style=\"vertical-align: inherit;\"><span dir=\"auto\" style=\"vertical-align: inherit;\">Facile \u00e0 nettoyer<\/span><\/span><\/strong><span dir=\"auto\" style=\"vertical-align: inherit;\"><span dir=\"auto\" style=\"vertical-align: inherit;\"> : \u00c9quip\u00e9e de deux brosses de nettoyage qui passent facilement \u00e0 travers la paille pour d\u00e9boucher rapidement le tube. Vous pouvez \u00e9galement la mettre directement au lave-vaisselle apr\u00e8s utilisation. Le corps transparent du tube permet \u00e9galement une meilleure visibilit\u00e9 lors du nettoyage, provoquant ainsi les taches sur la paille.<\/span><\/span><\/li>\n<li><strong><span dir=\"auto\" style=\"vertical-align: inherit;\"><span dir=\"auto\" style=\"vertical-align: inherit;\">Utilisations multiples<\/span><\/span><\/strong><span dir=\"auto\" style=\"vertical-align: inherit;\"><span dir=\"auto\" style=\"vertical-align: inherit;\"> : Les pailles en verre r\u00e9sistent aux temp\u00e9ratures \u00e9lev\u00e9es et basses, ce qui les rend parfaites pour boire des smoothies, des jus, des cocktails, du caf\u00e9 chaud, du chocolat chaud ou du lait. Ces pailles en verre color\u00e9es en forme de papillon sont un accessoire \u00e9l\u00e9gant, pratique et \u00e9l\u00e9gant pour les f\u00eates, les repas de f\u00eates et le quotidien en famille.<\/span><\/span><\/li>\n<\/ul>\n<p>&nbsp;<\/p>\n","protected":false},"excerpt":{"rendered":"<ul>\n<li><span dir=\"auto\" style=\"vertical-align: inherit;\"><span dir=\"auto\" style=\"vertical-align: inherit;\">Lot de 6 pailles transparentes<\/span><\/span><\/li>\n<li><span dir=\"auto\" style=\"vertical-align: inherit;\"><span dir=\"auto\" style=\"vertical-align: inherit;\">Inclus ne brosse de nettoyage<\/span><\/span><\/li>\n<li><strong><span dir=\"auto\" style=\"vertical-align: inherit;\"><span dir=\"auto\" style=\"vertical-align: inherit;\">Motif<\/span><\/span><\/strong><span dir=\"auto\" style=\"vertical-align: inherit;\"><span dir=\"auto\" style=\"vertical-align: inherit;\"> : Champignon<\/span><\/span><\/li>\n<li><strong><span dir=\"auto\" style=\"vertical-align: inherit;\"><span dir=\"auto\" style=\"vertical-align: inherit;\">Couleur de papillon :<\/span><\/span><\/strong><span dir=\"auto\" style=\"vertical-align: inherit;\"><span dir=\"auto\" style=\"vertical-align: inherit;\"> diff\u00e9rentes<\/span><\/span><\/li>\n<li><strong><span dir=\"auto\" style=\"vertical-align: inherit;\"><span dir=\"auto\" style=\"vertical-align: inherit;\">Longueur<\/span><\/span><\/strong><span dir=\"auto\" style=\"vertical-align: inherit;\"><span dir=\"auto\" style=\"vertical-align: inherit;\"> : 19,8 cm x 8 mm<\/span><\/span><\/li>\n<li><span dir=\"auto\" style=\"vertical-align: inherit;\"><span dir=\"auto\" style=\"vertical-align: inherit;\">Durables et r\u00e9utilisables<\/span><\/span><\/li>\n<li><span dir=\"auto\" style=\"vertical-align: inherit;\"><span dir=\"auto\" style=\"vertical-align: inherit;\">Facile \u00e0 nettoyer<\/span><\/span><\/li>\n<\/ul>\n","protected":false},"featured_media":1939,"comment_status":"open","ping_status":"closed","template":"","meta":[],"product_brand":[],"product_cat":[20],"product_tag":[],"class_list":{"0":"post-1934","1":"product","2":"type-product","3":"status-publish","4":"has-post-thumbnail","6":"product_cat-cuisine","7":"product_shipping_class-livraison-7-tnd-fix","9":"first","10":"instock","11":"sale","12":"taxable","13":"shipping-taxable","14":"purchasable","15":"product-type-simple"},"jetpack_sharing_enabled":true,"_links":{"self":[{"href":"https:\/\/yallafid.com\/index.php?rest_route=\/wp\/v2\/product\/1934","targetHints":{"allow":["GET"]}}],"collection":[{"href":"https:\/\/yallafid.com\/index.php?rest_route=\/wp\/v2\/product"}],"about":[{"href":"https:\/\/yallafid.com\/index.php?rest_route=\/wp\/v2\/types\/product"}],"replies":[{"embeddable":true,"href":"https:\/\/yallafid.com\/index.php?rest_route=%2Fwp%2Fv2%2Fcomments&post=1934"}],"version-history":[{"count":2,"href":"https:\/\/yallafid.com\/index.php?rest_route=\/wp\/v2\/product\/1934\/revisions"}],"predecessor-version":[{"id":1942,"href":"https:\/\/yallafid.com\/index.php?rest_route=\/wp\/v2\/product\/1934\/revisions\/1942"}],"wp:featuredmedia":[{"embeddable":true,"href":"https:\/\/yallafid.com\/index.php?rest_route=\/wp\/v2\/media\/1939"}],"wp:attachment":[{"href":"https:\/\/yallafid.com\/index.php?rest_route=%2Fwp%2Fv2%2Fmedia&parent=1934"}],"wp:term":[{"taxonomy":"product_brand","embeddable":true,"href":"https:\/\/yallafid.com\/index.php?rest_route=%2Fwp%2Fv2%2Fproduct_brand&post=1934"},{"taxonomy":"product_cat","embeddable":true,"href":"https:\/\/yallafid.com\/index.php?rest_route=%2Fwp%2Fv2%2Fproduct_cat&post=1934"},{"taxonomy":"product_tag","embeddable":true,"href":"https:\/\/yallafid.com\/index.php?rest_route=%2Fwp%2Fv2%2Fproduct_tag&post=1934"}],"curies":[{"name":"wp","href":"https:\/\/api.w.org\/{rel}","templated":true}]}}