{"id":1943,"date":"2025-10-21T16:25:18","date_gmt":"2025-10-21T16:25:18","guid":{"rendered":"https:\/\/yallafid.com\/?post_type=product&#038;p=1943"},"modified":"2025-10-21T16:25:18","modified_gmt":"2025-10-21T16:25:18","slug":"parapluie-impermeable-pliant-portatif-leger-compact","status":"publish","type":"product","link":"https:\/\/yallafid.com\/?product=parapluie-impermeable-pliant-portatif-leger-compact","title":{"rendered":"Parapluie imperm\u00e9able pliant portatif l\u00e9ger compact"},"content":{"rendered":"<h2 style=\"text-align: center;\"><strong>Mini parapluie &#8211; Ouverture et fermeture automatiques, l\u00e9ger et portable, parasol pliant solide et imperm\u00e9able avec protection UV pour le soleil et la pluie &#8211; hommes et femmes<\/strong><\/h2>\n<p>&nbsp;<\/p>\n<p><img loading=\"lazy\" decoding=\"async\" class=\"aligncenter wp-image-1951 size-full\" src=\"https:\/\/yallafid.com\/wp-content\/uploads\/2025\/10\/mini-parapluie-compact-vente-en-ligne-yallafid-tunisie-tabaraka-nable-jerba-1.jpg\" alt=\"\" width=\"569\" height=\"569\" srcset=\"https:\/\/yallafid.com\/wp-content\/uploads\/2025\/10\/mini-parapluie-compact-vente-en-ligne-yallafid-tunisie-tabaraka-nable-jerba-1.jpg 569w, https:\/\/yallafid.com\/wp-content\/uploads\/2025\/10\/mini-parapluie-compact-vente-en-ligne-yallafid-tunisie-tabaraka-nable-jerba-1-300x300.jpg 300w, https:\/\/yallafid.com\/wp-content\/uploads\/2025\/10\/mini-parapluie-compact-vente-en-ligne-yallafid-tunisie-tabaraka-nable-jerba-1-150x150.jpg 150w\" sizes=\"auto, (max-width: 569px) 100vw, 569px\" \/><\/p>\n<ul>\n<li>Ce parapluie est \u00e9quip\u00e9 d&rsquo;un rev\u00eatement imperm\u00e9able pour \u00eatre facilement imperm\u00e9able et coupe-vent<\/li>\n<li>La structure flexible du parapluie est faite de fibre de verre fiable et d&rsquo;acier inoxydable et ne se brisera pas par vent fort<\/li>\n<li>Le parasol \u00e0 rev\u00eatement noir offre une protection UPF 50+ et bloque 99 % des rayons UV<\/li>\n<\/ul>\n<p><img loading=\"lazy\" decoding=\"async\" class=\"aligncenter wp-image-1950 size-full\" src=\"https:\/\/yallafid.com\/wp-content\/uploads\/2025\/10\/mini-parapluie-compact-vente-en-ligne-yallafid-tunisie-tabaraka-nable-jerba-2.jpg\" alt=\"\" width=\"679\" height=\"679\" srcset=\"https:\/\/yallafid.com\/wp-content\/uploads\/2025\/10\/mini-parapluie-compact-vente-en-ligne-yallafid-tunisie-tabaraka-nable-jerba-2.jpg 679w, https:\/\/yallafid.com\/wp-content\/uploads\/2025\/10\/mini-parapluie-compact-vente-en-ligne-yallafid-tunisie-tabaraka-nable-jerba-2-300x300.jpg 300w, https:\/\/yallafid.com\/wp-content\/uploads\/2025\/10\/mini-parapluie-compact-vente-en-ligne-yallafid-tunisie-tabaraka-nable-jerba-2-150x150.jpg 150w, https:\/\/yallafid.com\/wp-content\/uploads\/2025\/10\/mini-parapluie-compact-vente-en-ligne-yallafid-tunisie-tabaraka-nable-jerba-2-600x600.jpg 600w\" sizes=\"auto, (max-width: 679px) 100vw, 679px\" \/><\/p>\n<ul>\n<li>Le parapluie mesure 19cm de long une fois pli\u00e9 et se glisse facilement dans votre sac \u00e0 main<\/li>\n<li>Ce parapluie est le cadeau parfait pour la famille, les amis et les coll\u00e8gues<\/li>\n<\/ul>\n<p><img loading=\"lazy\" decoding=\"async\" class=\"aligncenter wp-image-1948 size-full\" src=\"https:\/\/yallafid.com\/wp-content\/uploads\/2025\/10\/mini-parapluie-compact-vente-en-ligne-yallafid-tunisie-tabaraka-nable-jerba-4.jpg\" alt=\"\" width=\"679\" height=\"679\" srcset=\"https:\/\/yallafid.com\/wp-content\/uploads\/2025\/10\/mini-parapluie-compact-vente-en-ligne-yallafid-tunisie-tabaraka-nable-jerba-4.jpg 679w, https:\/\/yallafid.com\/wp-content\/uploads\/2025\/10\/mini-parapluie-compact-vente-en-ligne-yallafid-tunisie-tabaraka-nable-jerba-4-300x300.jpg 300w, https:\/\/yallafid.com\/wp-content\/uploads\/2025\/10\/mini-parapluie-compact-vente-en-ligne-yallafid-tunisie-tabaraka-nable-jerba-4-150x150.jpg 150w, https:\/\/yallafid.com\/wp-content\/uploads\/2025\/10\/mini-parapluie-compact-vente-en-ligne-yallafid-tunisie-tabaraka-nable-jerba-4-600x600.jpg 600w\" sizes=\"auto, (max-width: 679px) 100vw, 679px\" \/><\/p>\n","protected":false},"excerpt":{"rendered":"<ul>\n<li><strong>Couleur :<\/strong> Bordeau-noir-beige-bleu-vert<\/li>\n<li><strong>Mat\u00e9riau :<\/strong> tissu anti- impact de haute qualit\u00e9<\/li>\n<li><strong>Taille<\/strong> : 19 cm<\/li>\n<li><strong>Inclus<\/strong> : une sacoche- une trousse et une mini parapluie<\/li>\n<li>Ouverture et fermeture automatique<\/li>\n<\/ul>\n","protected":false},"featured_media":1946,"comment_status":"open","ping_status":"closed","template":"","meta":[],"product_brand":[],"product_cat":[141],"product_tag":[],"class_list":{"0":"post-1943","1":"product","2":"type-product","3":"status-publish","4":"has-post-thumbnail","6":"product_cat-parasols-parapluie","8":"first","9":"instock","10":"sale","11":"taxable","12":"shipping-taxable","13":"purchasable","14":"product-type-variable"},"jetpack_sharing_enabled":true,"_links":{"self":[{"href":"https:\/\/yallafid.com\/index.php?rest_route=\/wp\/v2\/product\/1943","targetHints":{"allow":["GET"]}}],"collection":[{"href":"https:\/\/yallafid.com\/index.php?rest_route=\/wp\/v2\/product"}],"about":[{"href":"https:\/\/yallafid.com\/index.php?rest_route=\/wp\/v2\/types\/product"}],"replies":[{"embeddable":true,"href":"https:\/\/yallafid.com\/index.php?rest_route=%2Fwp%2Fv2%2Fcomments&post=1943"}],"version-history":[{"count":2,"href":"https:\/\/yallafid.com\/index.php?rest_route=\/wp\/v2\/product\/1943\/revisions"}],"predecessor-version":[{"id":1959,"href":"https:\/\/yallafid.com\/index.php?rest_route=\/wp\/v2\/product\/1943\/revisions\/1959"}],"wp:featuredmedia":[{"embeddable":true,"href":"https:\/\/yallafid.com\/index.php?rest_route=\/wp\/v2\/media\/1946"}],"wp:attachment":[{"href":"https:\/\/yallafid.com\/index.php?rest_route=%2Fwp%2Fv2%2Fmedia&parent=1943"}],"wp:term":[{"taxonomy":"product_brand","embeddable":true,"href":"https:\/\/yallafid.com\/index.php?rest_route=%2Fwp%2Fv2%2Fproduct_brand&post=1943"},{"taxonomy":"product_cat","embeddable":true,"href":"https:\/\/yallafid.com\/index.php?rest_route=%2Fwp%2Fv2%2Fproduct_cat&post=1943"},{"taxonomy":"product_tag","embeddable":true,"href":"https:\/\/yallafid.com\/index.php?rest_route=%2Fwp%2Fv2%2Fproduct_tag&post=1943"}],"curies":[{"name":"wp","href":"https:\/\/api.w.org\/{rel}","templated":true}]}}