{"id":199,"date":"2025-01-14T14:40:24","date_gmt":"2025-01-14T14:40:24","guid":{"rendered":"https:\/\/dummy.xtemos.com\/woodmart2\/marketplace2-elementor\/?post_type=product&#038;p=199"},"modified":"2025-10-29T09:13:45","modified_gmt":"2025-10-29T09:13:45","slug":"dell-latitude-5420","status":"publish","type":"product","link":"https:\/\/yallafid.com\/?product=dell-latitude-5420","title":{"rendered":"Tondeuse \u00e0 cheveux sans fil Daling Master DL 1167"},"content":{"rendered":"<h1 style=\"text-align: center;\"><strong><span dir=\"auto\" style=\"vertical-align: inherit;\"><span dir=\"auto\" style=\"vertical-align: inherit;\">Tondeuse \u00e0 cheveux \u00e9lectrique sans fil et rechargeable<\/span><\/span><\/strong><\/h1>\n<p>&nbsp;<\/p>\n<ul>\n<li><span dir=\"auto\" style=\"vertical-align: inherit;\"><span dir=\"auto\" style=\"vertical-align: inherit;\">La tondeuse \u00e0 cheveux Daling Master DL 1167 est l&rsquo;outil id\u00e9al pour celles et ceux qui recherchent efficacit\u00e9 et praticit\u00e9 dans leur routine de soin.<\/span><\/span><\/li>\n<li><span dir=\"auto\" style=\"vertical-align: inherit;\"><span dir=\"auto\" style=\"vertical-align: inherit;\">Sans fil, elle offre la libert\u00e9 de mouvement n\u00e9cessaire pour une coupe pr\u00e9cise et professionnelle en toutes circonstances.<\/span><\/span><\/li>\n<li><span dir=\"auto\" style=\"vertical-align: inherit;\"><span dir=\"auto\" style=\"vertical-align: inherit;\">Parfaite pour les voyages, sa batterie rechargeable garantit une autonomie prolong\u00e9e sans d\u00e9pendre des prises \u00e9lectriques.<\/span><\/span><\/li>\n<\/ul>\n<p><img loading=\"lazy\" decoding=\"async\" class=\"aligncenter wp-image-2355 size-full\" src=\"https:\/\/yallafid.com\/wp-content\/uploads\/2025\/01\/Tondeuse-cheveux-professionnelle-Daling-DL-1167-tunisie-yallfaid-tabarka-sousse-jerba-homme-el-kef-tunnis6.jpg\" alt=\"\" width=\"800\" height=\"800\" srcset=\"https:\/\/yallafid.com\/wp-content\/uploads\/2025\/01\/Tondeuse-cheveux-professionnelle-Daling-DL-1167-tunisie-yallfaid-tabarka-sousse-jerba-homme-el-kef-tunnis6.jpg 800w, https:\/\/yallafid.com\/wp-content\/uploads\/2025\/01\/Tondeuse-cheveux-professionnelle-Daling-DL-1167-tunisie-yallfaid-tabarka-sousse-jerba-homme-el-kef-tunnis6-300x300.jpg 300w, https:\/\/yallafid.com\/wp-content\/uploads\/2025\/01\/Tondeuse-cheveux-professionnelle-Daling-DL-1167-tunisie-yallfaid-tabarka-sousse-jerba-homme-el-kef-tunnis6-150x150.jpg 150w, https:\/\/yallafid.com\/wp-content\/uploads\/2025\/01\/Tondeuse-cheveux-professionnelle-Daling-DL-1167-tunisie-yallfaid-tabarka-sousse-jerba-homme-el-kef-tunnis6-768x768.jpg 768w, https:\/\/yallafid.com\/wp-content\/uploads\/2025\/01\/Tondeuse-cheveux-professionnelle-Daling-DL-1167-tunisie-yallfaid-tabarka-sousse-jerba-homme-el-kef-tunnis6-600x600.jpg 600w\" sizes=\"auto, (max-width: 800px) 100vw, 800px\" \/><\/p>\n<ul>\n<li><span dir=\"auto\" style=\"vertical-align: inherit;\"><span dir=\"auto\" style=\"vertical-align: inherit;\">Ce mod\u00e8le comprend huit sabots amovibles permettant de personnaliser votre style de coup\u00e9 et de l&rsquo;adaptateur \u00e0 diff\u00e9rentes longueurs et pr\u00e9f\u00e9rences.<\/span><\/span><\/li>\n<li><span dir=\"auto\" style=\"vertical-align: inherit;\"><span dir=\"auto\" style=\"vertical-align: inherit;\">De plus, les t\u00eates lavables facilitent le nettoyage et l&rsquo;entretien, assurant ainsi une tondeuse toujours pr\u00eate \u00e0 l&#8217;emploi.<\/span><\/span><\/li>\n<li><span dir=\"auto\" style=\"vertical-align: inherit;\"><span dir=\"auto\" style=\"vertical-align: inherit;\">Daling a cr\u00e9\u00e9 un produit alliant fonctionnalit\u00e9, qualit\u00e9 et design moderne pour r\u00e9pondre aux besoins de l&rsquo;utilisateur actuel.<\/span><\/span><\/li>\n<\/ul>\n<p><img loading=\"lazy\" decoding=\"async\" class=\"aligncenter wp-image-2351 size-full\" src=\"https:\/\/yallafid.com\/wp-content\/uploads\/2025\/01\/Tondeuse-cheveux-professionnelle-Daling-DL-1167-tunisie-yallfaid-tabarka-sousse-jerba-homme-el-kef-tunnis.jpg\" alt=\"\" width=\"800\" height=\"800\" srcset=\"https:\/\/yallafid.com\/wp-content\/uploads\/2025\/01\/Tondeuse-cheveux-professionnelle-Daling-DL-1167-tunisie-yallfaid-tabarka-sousse-jerba-homme-el-kef-tunnis.jpg 800w, https:\/\/yallafid.com\/wp-content\/uploads\/2025\/01\/Tondeuse-cheveux-professionnelle-Daling-DL-1167-tunisie-yallfaid-tabarka-sousse-jerba-homme-el-kef-tunnis-300x300.jpg 300w, https:\/\/yallafid.com\/wp-content\/uploads\/2025\/01\/Tondeuse-cheveux-professionnelle-Daling-DL-1167-tunisie-yallfaid-tabarka-sousse-jerba-homme-el-kef-tunnis-150x150.jpg 150w, https:\/\/yallafid.com\/wp-content\/uploads\/2025\/01\/Tondeuse-cheveux-professionnelle-Daling-DL-1167-tunisie-yallfaid-tabarka-sousse-jerba-homme-el-kef-tunnis-768x768.jpg 768w, https:\/\/yallafid.com\/wp-content\/uploads\/2025\/01\/Tondeuse-cheveux-professionnelle-Daling-DL-1167-tunisie-yallfaid-tabarka-sousse-jerba-homme-el-kef-tunnis-600x600.jpg 600w\" sizes=\"auto, (max-width: 800px) 100vw, 800px\" \/><\/p>\n<p><span dir=\"auto\" style=\"vertical-align: inherit;\"><span dir=\"auto\" style=\"vertical-align: inherit;\">Avec la Daling Master DL 1167, profitez d&rsquo;une exp\u00e9rience de coupe confortable et efficace, id\u00e9ale pour les hommes et celles et ceux qui souhaitent entretenir leur apparence rapidement et facilement.<\/span><\/span><\/p>\n<h4><\/h4>\n<h4><\/h4>\n<p>&nbsp;<\/p>\n<h4><\/h4>\n<p>&nbsp;<\/p>\n<p>&nbsp;<\/p>\n<p>&nbsp;<\/p>\n<p>&nbsp;<\/p>\n<p>&nbsp;<\/p>\n<p>&nbsp;<\/p>\n<p>&nbsp;<\/p>\n<h4><\/h4>\n<p>&nbsp;<\/p>\n<p>&nbsp;<\/p>\n<p>&nbsp;<\/p>\n<p>&nbsp;<\/p>\n","protected":false},"excerpt":{"rendered":"<ul>\n<li><strong><span dir=\"auto\" style=\"vertical-align: inherit;\"><span dir=\"auto\" style=\"vertical-align: inherit;\">Marque<\/span><\/span><\/strong><span dir=\"auto\" style=\"vertical-align: inherit;\"><span dir=\"auto\" style=\"vertical-align: inherit;\"> : Daling<\/span><\/span><\/li>\n<li><strong><span dir=\"auto\" style=\"vertical-align: inherit;\"><span dir=\"auto\" style=\"vertical-align: inherit;\">Temps de charge :<\/span><\/span><\/strong><span dir=\"auto\" style=\"vertical-align: inherit;\"><span dir=\"auto\" style=\"vertical-align: inherit;\"> environ 5 heures<\/span><\/span><\/li>\n<li><strong><span dir=\"auto\" style=\"vertical-align: inherit;\"><span dir=\"auto\" style=\"vertical-align: inherit;\">Dur\u00e9e d&rsquo;utilisation<\/span><\/span><\/strong><span dir=\"auto\" style=\"vertical-align: inherit;\"><span dir=\"auto\" style=\"vertical-align: inherit;\"> : environ 180 minutes<\/span><\/span><\/li>\n<li><span dir=\"auto\" style=\"vertical-align: inherit;\"><span dir=\"auto\" style=\"vertical-align: inherit;\">Sans fil et fonctionne avec une batterie rechargeable.<\/span><\/span><\/li>\n<li><span dir=\"auto\" style=\"vertical-align: inherit;\"><span dir=\"auto\" style=\"vertical-align: inherit;\">Poss\u00e8de des t\u00eates lavables.<\/span><\/span><\/li>\n<li><span dir=\"auto\" style=\"vertical-align: inherit;\"><span dir=\"auto\" style=\"vertical-align: inherit;\">Pratique \u00e0 emporter lors de tous vos voyages.<\/span><\/span><\/li>\n<li><span dir=\"auto\" style=\"vertical-align: inherit;\"><span dir=\"auto\" style=\"vertical-align: inherit;\">Livr\u00e9 avec 8 peignes.<\/span><\/span><\/li>\n<\/ul>\n","protected":false},"featured_media":2354,"comment_status":"open","ping_status":"closed","template":"","meta":[],"product_brand":[],"product_cat":[39,44,191],"product_tag":[],"class_list":{"0":"post-199","1":"product","2":"type-product","3":"status-publish","4":"has-post-thumbnail","6":"product_cat-imprimantes","7":"product_cat-soins-beaute-homme","8":"product_cat-tondeuses-rasoirs","9":"product_shipping_class-livraison-7-tnd-fix","11":"first","12":"instock","13":"sale","14":"taxable","15":"shipping-taxable","16":"purchasable","17":"product-type-simple"},"jetpack_sharing_enabled":true,"_links":{"self":[{"href":"https:\/\/yallafid.com\/index.php?rest_route=\/wp\/v2\/product\/199","targetHints":{"allow":["GET"]}}],"collection":[{"href":"https:\/\/yallafid.com\/index.php?rest_route=\/wp\/v2\/product"}],"about":[{"href":"https:\/\/yallafid.com\/index.php?rest_route=\/wp\/v2\/types\/product"}],"replies":[{"embeddable":true,"href":"https:\/\/yallafid.com\/index.php?rest_route=%2Fwp%2Fv2%2Fcomments&post=199"}],"version-history":[{"count":3,"href":"https:\/\/yallafid.com\/index.php?rest_route=\/wp\/v2\/product\/199\/revisions"}],"predecessor-version":[{"id":2358,"href":"https:\/\/yallafid.com\/index.php?rest_route=\/wp\/v2\/product\/199\/revisions\/2358"}],"wp:featuredmedia":[{"embeddable":true,"href":"https:\/\/yallafid.com\/index.php?rest_route=\/wp\/v2\/media\/2354"}],"wp:attachment":[{"href":"https:\/\/yallafid.com\/index.php?rest_route=%2Fwp%2Fv2%2Fmedia&parent=199"}],"wp:term":[{"taxonomy":"product_brand","embeddable":true,"href":"https:\/\/yallafid.com\/index.php?rest_route=%2Fwp%2Fv2%2Fproduct_brand&post=199"},{"taxonomy":"product_cat","embeddable":true,"href":"https:\/\/yallafid.com\/index.php?rest_route=%2Fwp%2Fv2%2Fproduct_cat&post=199"},{"taxonomy":"product_tag","embeddable":true,"href":"https:\/\/yallafid.com\/index.php?rest_route=%2Fwp%2Fv2%2Fproduct_tag&post=199"}],"curies":[{"name":"wp","href":"https:\/\/api.w.org\/{rel}","templated":true}]}}