{"id":200,"date":"2025-01-14T14:40:25","date_gmt":"2025-01-14T14:40:25","guid":{"rendered":"https:\/\/dummy.xtemos.com\/woodmart2\/marketplace2-elementor\/?post_type=product&#038;p=200"},"modified":"2026-01-13T13:27:34","modified_gmt":"2026-01-13T13:27:34","slug":"%d0%bd%d1%80-probook-430-g8","status":"publish","type":"product","link":"https:\/\/yallafid.com\/?product=%d0%bd%d1%80-probook-430-g8","title":{"rendered":"Raquette de tennis Ovetto avec sac"},"content":{"rendered":"<h4 style=\"text-align: center;\">OVETTO Raquette de Tennis Adulte de 68.6 cm, pour Joueurs D\u00e9butants \u00e0 Interm\u00e9diaires, Raquettes Tennis avec Sac de Tennis<\/h4>\n<ul>\n<li><strong>Caract\u00e9ristiques des Raquettes:<\/strong> La poign\u00e9e de cette raquette de tennis facilite le contr\u00f4le et peut r\u00e9duire les vibrations de la raquette pour prot\u00e9ger vos mains contre les blessures.<\/li>\n<li><strong>Excellente Construction et Finition:<\/strong> Cette raquette est fabriqu\u00e9e en aluminium de qualit\u00e9 sup\u00e9rieure, l\u00e9ger et facile \u00e0 tenir et \u00e0 balancer, vous offrant une exp\u00e9rience sportive pratique.<\/li>\n<li><strong>Adapt\u00e9:<\/strong> D\u00e9butant ou adolescent r\u00e9cr\u00e9atif\/joueur adulte<\/li>\n<li><strong>Conception Sp\u00e9ciale:<\/strong> Avec l\u2019introduction d\u2019une technologie moul\u00e9e en une seule pi\u00e8ce, la raquette de tennis a la caract\u00e9ristique d\u2019une intensit\u00e9 et d\u2019une durabilit\u00e9 \u00e9lev\u00e9es. Non seulement elle combine une bonne acc\u00e9l\u00e9ration de frappe, mais elle offre \u00e9galement un contr\u00f4le de frappe suffisant.<\/li>\n<li><strong>Sp\u00e9cification:<\/strong> Longueur: 27 pouces, \u00e9quilibre : 315 mm, la conception de la raquette vous permet de saisir le rythme de l\u2019attaque et de la d\u00e9fense \u00e0 tout moment.<\/li>\n<\/ul>\n<p>&nbsp;<\/p>\n<p>&nbsp;<\/p>\n<p>&nbsp;<\/p>\n<h4><\/h4>\n<p>&nbsp;<\/p>\n<p>&nbsp;<\/p>\n<h4><\/h4>\n","protected":false},"excerpt":{"rendered":"<ul>\n<li><strong>Marque :<\/strong> Ovetto<\/li>\n<li><strong>Mat\u00e9riau<\/strong> :\u00a0 en aluminium de qualit\u00e9 sup\u00e9rieure.<\/li>\n<li><strong>Utilisation<\/strong> :\u00a0 con\u00e7ue pour les adultes et convient aux joueurs d\u00e9butants \u00e0 interm\u00e9diaires.<\/li>\n<li><strong>Dimensions<\/strong> : Sa longueur est d&rsquo;environ 67 cm , ce qui est une taille standard pour adultes.<\/li>\n<li><strong>Inclus :<\/strong> Elle est souvent vendue avec un sac de transport<\/li>\n<\/ul>\n","protected":false},"featured_media":2539,"comment_status":"open","ping_status":"closed","template":"","meta":[],"product_brand":[],"product_cat":[181,86,102],"product_tag":[],"class_list":{"0":"post-200","1":"product","2":"type-product","3":"status-publish","4":"has-post-thumbnail","6":"product_cat-raquette-tennis","7":"product_cat-sport","8":"product_cat-tennis","9":"product_shipping_class-livraison-7-tnd-fix","11":"first","12":"instock","13":"sale","14":"taxable","15":"shipping-taxable","16":"purchasable","17":"product-type-simple"},"jetpack_sharing_enabled":true,"_links":{"self":[{"href":"https:\/\/yallafid.com\/index.php?rest_route=\/wp\/v2\/product\/200","targetHints":{"allow":["GET"]}}],"collection":[{"href":"https:\/\/yallafid.com\/index.php?rest_route=\/wp\/v2\/product"}],"about":[{"href":"https:\/\/yallafid.com\/index.php?rest_route=\/wp\/v2\/types\/product"}],"replies":[{"embeddable":true,"href":"https:\/\/yallafid.com\/index.php?rest_route=%2Fwp%2Fv2%2Fcomments&post=200"}],"version-history":[{"count":2,"href":"https:\/\/yallafid.com\/index.php?rest_route=\/wp\/v2\/product\/200\/revisions"}],"predecessor-version":[{"id":2536,"href":"https:\/\/yallafid.com\/index.php?rest_route=\/wp\/v2\/product\/200\/revisions\/2536"}],"wp:featuredmedia":[{"embeddable":true,"href":"https:\/\/yallafid.com\/index.php?rest_route=\/wp\/v2\/media\/2539"}],"wp:attachment":[{"href":"https:\/\/yallafid.com\/index.php?rest_route=%2Fwp%2Fv2%2Fmedia&parent=200"}],"wp:term":[{"taxonomy":"product_brand","embeddable":true,"href":"https:\/\/yallafid.com\/index.php?rest_route=%2Fwp%2Fv2%2Fproduct_brand&post=200"},{"taxonomy":"product_cat","embeddable":true,"href":"https:\/\/yallafid.com\/index.php?rest_route=%2Fwp%2Fv2%2Fproduct_cat&post=200"},{"taxonomy":"product_tag","embeddable":true,"href":"https:\/\/yallafid.com\/index.php?rest_route=%2Fwp%2Fv2%2Fproduct_tag&post=200"}],"curies":[{"name":"wp","href":"https:\/\/api.w.org\/{rel}","templated":true}]}}