{"id":201,"date":"2025-01-14T14:40:25","date_gmt":"2025-01-14T14:40:25","guid":{"rendered":"https:\/\/dummy.xtemos.com\/woodmart2\/marketplace2-elementor\/?post_type=product&#038;p=201"},"modified":"2026-01-13T14:01:24","modified_gmt":"2026-01-13T14:01:24","slug":"microsoft-surface-laptop-4","status":"publish","type":"product","link":"https:\/\/yallafid.com\/?product=microsoft-surface-laptop-4","title":{"rendered":"Correcteur De Posture Dos \u00c9paules"},"content":{"rendered":"<p style=\"text-align: center;\"><strong>Correcteur De Posture Dos \u00c9paules, R\u00e9glable Respirant, Unisexe Pour Ceinture D&rsquo;\u00e9paule Adulte et Enfant avec Bretelles R\u00e9glables\u00a0<\/strong><\/p>\n<ul>\n<li><strong>Tissu respirant<\/strong> : fabriqu\u00e9 en tissu de haute qualit\u00e9, plein d&rsquo;\u00e9lasticit\u00e9, doux et confortable, et une meilleure protection pour votre corps.<\/li>\n<li><strong>Le support en forme de Y soutient le dos<\/strong> : la partie protectrice est plus longue, les vert\u00e8bres thoraciques et lombaires sont prot\u00e9g\u00e9es, de multiples pressions sont appliqu\u00e9es et le soutien et la stabilit\u00e9 sont forts.<\/li>\n<li><strong>Corriger le bossu, pr\u00e9venir la myopie :<\/strong> posture correcte, \u00e9viter le bossu, taille droite, pr\u00e9venir la myopie.<\/li>\n<li><strong>\u00c9quilibr\u00e9 et stable, facile \u00e0 installer :<\/strong> structure int\u00e9gr\u00e9e innovante, plusieurs forces appliqu\u00e9es simultan\u00e9ment, une posture correcte est en place.<\/li>\n<li><strong>Ceinture connect\u00e9e :<\/strong> ceinture en forme de Y et ceinture au design \u00e9pur\u00e9, confortable, belle, \u00e9l\u00e9gante, plus protectrice pour le corps.<\/li>\n<\/ul>\n<p><img loading=\"lazy\" decoding=\"async\" class=\"aligncenter wp-image-2555 size-full\" src=\"https:\/\/yallafid.com\/wp-content\/uploads\/2025\/01\/Corecteur-posture-yallafid-dos-homme-promotion-vente-en-ligne-tunisie-1.jpg\" alt=\"\" width=\"821\" height=\"821\" srcset=\"https:\/\/yallafid.com\/wp-content\/uploads\/2025\/01\/Corecteur-posture-yallafid-dos-homme-promotion-vente-en-ligne-tunisie-1.jpg 821w, https:\/\/yallafid.com\/wp-content\/uploads\/2025\/01\/Corecteur-posture-yallafid-dos-homme-promotion-vente-en-ligne-tunisie-1-300x300.jpg 300w, https:\/\/yallafid.com\/wp-content\/uploads\/2025\/01\/Corecteur-posture-yallafid-dos-homme-promotion-vente-en-ligne-tunisie-1-150x150.jpg 150w, https:\/\/yallafid.com\/wp-content\/uploads\/2025\/01\/Corecteur-posture-yallafid-dos-homme-promotion-vente-en-ligne-tunisie-1-768x768.jpg 768w, https:\/\/yallafid.com\/wp-content\/uploads\/2025\/01\/Corecteur-posture-yallafid-dos-homme-promotion-vente-en-ligne-tunisie-1-600x600.jpg 600w\" sizes=\"auto, (max-width: 821px) 100vw, 821px\" \/><\/p>\n<p>&nbsp;<\/p>\n<h4><\/h4>\n<p>&nbsp;<\/p>\n<p>&nbsp;<\/p>\n<p>&nbsp;<\/p>\n<p>&nbsp;<\/p>\n<p>&nbsp;<\/p>\n<p>&nbsp;<\/p>\n","protected":false},"excerpt":{"rendered":"<ul>\n<li>Ce correcteur de posture unisexe offre soutien, stabilit\u00e9 et protection \u00e0 vos \u00e9paules<\/li>\n<li>Soulage le stress sur votre dos<\/li>\n<li>Unisexe<\/li>\n<li>Tissu respirant<\/li>\n<li>Offre suffisamment de soutien pour soulager les douleurs aux \u00e9paules<\/li>\n<li><strong>Confortable et l\u00e9ger<\/strong> : adopte un mat\u00e9riau respirant, peut \u00eatre port\u00e9 confortablement et respectueux de la peau<\/li>\n<\/ul>\n","protected":false},"featured_media":2558,"comment_status":"open","ping_status":"closed","template":"","meta":[],"product_brand":[73],"product_cat":[96,39,86],"product_tag":[],"class_list":{"0":"post-201","1":"product","2":"type-product","3":"status-publish","4":"has-post-thumbnail","6":"product_brand-samsung","7":"product_cat-accessoires-sport","8":"product_cat-imprimantes","9":"product_cat-sport","10":"product_shipping_class-livraison-7-tnd-fix","12":"first","13":"instock","14":"sale","15":"taxable","16":"shipping-taxable","17":"purchasable","18":"product-type-simple"},"jetpack_sharing_enabled":true,"_links":{"self":[{"href":"https:\/\/yallafid.com\/index.php?rest_route=\/wp\/v2\/product\/201","targetHints":{"allow":["GET"]}}],"collection":[{"href":"https:\/\/yallafid.com\/index.php?rest_route=\/wp\/v2\/product"}],"about":[{"href":"https:\/\/yallafid.com\/index.php?rest_route=\/wp\/v2\/types\/product"}],"replies":[{"embeddable":true,"href":"https:\/\/yallafid.com\/index.php?rest_route=%2Fwp%2Fv2%2Fcomments&post=201"}],"version-history":[{"count":2,"href":"https:\/\/yallafid.com\/index.php?rest_route=\/wp\/v2\/product\/201\/revisions"}],"predecessor-version":[{"id":2552,"href":"https:\/\/yallafid.com\/index.php?rest_route=\/wp\/v2\/product\/201\/revisions\/2552"}],"wp:featuredmedia":[{"embeddable":true,"href":"https:\/\/yallafid.com\/index.php?rest_route=\/wp\/v2\/media\/2558"}],"wp:attachment":[{"href":"https:\/\/yallafid.com\/index.php?rest_route=%2Fwp%2Fv2%2Fmedia&parent=201"}],"wp:term":[{"taxonomy":"product_brand","embeddable":true,"href":"https:\/\/yallafid.com\/index.php?rest_route=%2Fwp%2Fv2%2Fproduct_brand&post=201"},{"taxonomy":"product_cat","embeddable":true,"href":"https:\/\/yallafid.com\/index.php?rest_route=%2Fwp%2Fv2%2Fproduct_cat&post=201"},{"taxonomy":"product_tag","embeddable":true,"href":"https:\/\/yallafid.com\/index.php?rest_route=%2Fwp%2Fv2%2Fproduct_tag&post=201"}],"curies":[{"name":"wp","href":"https:\/\/api.w.org\/{rel}","templated":true}]}}