{"id":202,"date":"2025-01-14T14:40:25","date_gmt":"2025-01-14T14:40:25","guid":{"rendered":"https:\/\/dummy.xtemos.com\/woodmart2\/marketplace2-elementor\/?post_type=product&#038;p=202"},"modified":"2025-10-28T15:22:24","modified_gmt":"2025-10-28T15:22:24","slug":"asus-zenbook-pro-15-flip","status":"publish","type":"product","link":"https:\/\/yallafid.com\/?product=asus-zenbook-pro-15-flip","title":{"rendered":"Veilleuse LED rechargeable tactile gris"},"content":{"rendered":"<p><strong><span dir=\"auto\" style=\"vertical-align: inherit;\"><span dir=\"auto\" style=\"vertical-align: inherit;\">Lampe de table \u2013 veilleuse de style moderne- de couleur dor\u00e9e- tactile et rechargeable<\/span><\/span><\/strong><\/p>\n<ul>\n<li><strong><span dir=\"auto\" style=\"vertical-align: inherit;\"><span dir=\"auto\" style=\"vertical-align: inherit;\">Design &amp; Mat\u00e9riau<\/span><\/span><\/strong><span dir=\"auto\" style=\"vertical-align: inherit;\"><span dir=\"auto\" style=\"vertical-align: inherit;\"> : Style moderne, minimaliste et \u00e9pur\u00e9. Le corps est g\u00e9n\u00e9ralement en m\u00e9tal avec une finition dor\u00e9e<\/span><\/span><\/li>\n<\/ul>\n<p><img loading=\"lazy\" decoding=\"async\" class=\"aligncenter wp-image-2331 size-full\" src=\"https:\/\/yallafid.com\/wp-content\/uploads\/2025\/01\/veuilleuse-table-chambre-tactile-maison-decoration-tunisie-dore-rechargeable-YALLAFID-8.jpg\" alt=\"\" width=\"806\" height=\"806\" srcset=\"https:\/\/yallafid.com\/wp-content\/uploads\/2025\/01\/veuilleuse-table-chambre-tactile-maison-decoration-tunisie-dore-rechargeable-YALLAFID-8.jpg 806w, https:\/\/yallafid.com\/wp-content\/uploads\/2025\/01\/veuilleuse-table-chambre-tactile-maison-decoration-tunisie-dore-rechargeable-YALLAFID-8-300x300.jpg 300w, https:\/\/yallafid.com\/wp-content\/uploads\/2025\/01\/veuilleuse-table-chambre-tactile-maison-decoration-tunisie-dore-rechargeable-YALLAFID-8-150x150.jpg 150w, https:\/\/yallafid.com\/wp-content\/uploads\/2025\/01\/veuilleuse-table-chambre-tactile-maison-decoration-tunisie-dore-rechargeable-YALLAFID-8-768x768.jpg 768w, https:\/\/yallafid.com\/wp-content\/uploads\/2025\/01\/veuilleuse-table-chambre-tactile-maison-decoration-tunisie-dore-rechargeable-YALLAFID-8-600x600.jpg 600w\" sizes=\"auto, (max-width: 806px) 100vw, 806px\" \/><\/p>\n<ul>\n<li><strong><span dir=\"auto\" style=\"vertical-align: inherit;\"><span dir=\"auto\" style=\"vertical-align: inherit;\">Fonctionnement<\/span><\/span><\/strong><span dir=\"auto\" style=\"vertical-align: inherit;\"><span dir=\"auto\" style=\"vertical-align: inherit;\"> : Sans fil (batterie rechargeable via USB-C ou Micro-USB).<\/span><\/span><\/li>\n<li><strong><span dir=\"auto\" style=\"vertical-align: inherit;\"><span dir=\"auto\" style=\"vertical-align: inherit;\">Contr\u00f4le Tactile<\/span><\/span><\/strong><span dir=\"auto\" style=\"vertical-align: inherit;\"><span dir=\"auto\" style=\"vertical-align: inherit;\"> : via un capteur sur le dessus ou la base.<\/span><\/span><\/li>\n<\/ul>\n<p><img loading=\"lazy\" decoding=\"async\" class=\"aligncenter wp-image-2319 size-full\" src=\"https:\/\/yallafid.com\/wp-content\/uploads\/2025\/01\/veuilleuse-table-chambre-tactile-maison-decoration-tunisie-dore-rechargeable-GRIS-1-Copie-Copie.jpg\" alt=\"\" width=\"778\" height=\"778\" srcset=\"https:\/\/yallafid.com\/wp-content\/uploads\/2025\/01\/veuilleuse-table-chambre-tactile-maison-decoration-tunisie-dore-rechargeable-GRIS-1-Copie-Copie.jpg 778w, https:\/\/yallafid.com\/wp-content\/uploads\/2025\/01\/veuilleuse-table-chambre-tactile-maison-decoration-tunisie-dore-rechargeable-GRIS-1-Copie-Copie-300x300.jpg 300w, https:\/\/yallafid.com\/wp-content\/uploads\/2025\/01\/veuilleuse-table-chambre-tactile-maison-decoration-tunisie-dore-rechargeable-GRIS-1-Copie-Copie-150x150.jpg 150w, https:\/\/yallafid.com\/wp-content\/uploads\/2025\/01\/veuilleuse-table-chambre-tactile-maison-decoration-tunisie-dore-rechargeable-GRIS-1-Copie-Copie-768x768.jpg 768w, https:\/\/yallafid.com\/wp-content\/uploads\/2025\/01\/veuilleuse-table-chambre-tactile-maison-decoration-tunisie-dore-rechargeable-GRIS-1-Copie-Copie-600x600.jpg 600w\" sizes=\"auto, (max-width: 778px) 100vw, 778px\" \/><\/p>\n<ul>\n<li><strong><span dir=\"auto\" style=\"vertical-align: inherit;\"><span dir=\"auto\" style=\"vertical-align: inherit;\">\u00c9clairage LED (intensit\u00e9 r\u00e9glable)<\/span><\/span><\/strong><span dir=\"auto\" style=\"vertical-align: inherit;\"><span dir=\"auto\" style=\"vertical-align: inherit;\"> : Appui long ou simple pour varier la luminosit\u00e9.<\/span><\/span><\/li>\n<li><strong><span dir=\"auto\" style=\"vertical-align: inherit;\"><span dir=\"auto\" style=\"vertical-align: inherit;\">Temp\u00e9ratures de Couleur<\/span><\/span><\/strong><span dir=\"auto\" style=\"vertical-align: inherit;\"><span dir=\"auto\" style=\"vertical-align: inherit;\"> : Souvent 3 modes de couleur (en appuyant plusieurs fois sur le capteur) : Blanc Chaud (environ 3000K pour une ambiance chaleureuse), Lumi\u00e8re Neutre (environ 4000K), et Lumi\u00e8re Froide (environ 6000K\/6500K pour la lecture ou le travail).<\/span><\/span><\/li>\n<\/ul>\n<p><img loading=\"lazy\" decoding=\"async\" class=\"aligncenter wp-image-2328 size-full\" src=\"https:\/\/yallafid.com\/wp-content\/uploads\/2025\/01\/veuilleuse-table-chambre-tactile-maison-decoration-tunisie-dore-rechargeable-YALLAFID-TABARKA-sousse.jpg\" alt=\"\" width=\"905\" height=\"905\" srcset=\"https:\/\/yallafid.com\/wp-content\/uploads\/2025\/01\/veuilleuse-table-chambre-tactile-maison-decoration-tunisie-dore-rechargeable-YALLAFID-TABARKA-sousse.jpg 905w, https:\/\/yallafid.com\/wp-content\/uploads\/2025\/01\/veuilleuse-table-chambre-tactile-maison-decoration-tunisie-dore-rechargeable-YALLAFID-TABARKA-sousse-300x300.jpg 300w, https:\/\/yallafid.com\/wp-content\/uploads\/2025\/01\/veuilleuse-table-chambre-tactile-maison-decoration-tunisie-dore-rechargeable-YALLAFID-TABARKA-sousse-150x150.jpg 150w, https:\/\/yallafid.com\/wp-content\/uploads\/2025\/01\/veuilleuse-table-chambre-tactile-maison-decoration-tunisie-dore-rechargeable-YALLAFID-TABARKA-sousse-768x768.jpg 768w, https:\/\/yallafid.com\/wp-content\/uploads\/2025\/01\/veuilleuse-table-chambre-tactile-maison-decoration-tunisie-dore-rechargeable-YALLAFID-TABARKA-sousse-600x600.jpg 600w\" sizes=\"auto, (max-width: 905px) 100vw, 905px\" \/><\/p>\n<p>&nbsp;<\/p>\n<p>&nbsp;<\/p>\n<p>&nbsp;<\/p>\n<p>&nbsp;<\/p>\n<p><img loading=\"lazy\" decoding=\"async\" class=\"aligncenter wp-image-2329 size-full\" src=\"https:\/\/yallafid.com\/wp-content\/uploads\/2025\/01\/veuilleuse-table-chambre-tactile-maison-decoration-tunisie-dore-rechargeable-YALLAFID-TABARKA.jpg\" alt=\"\" width=\"818\" height=\"818\" srcset=\"https:\/\/yallafid.com\/wp-content\/uploads\/2025\/01\/veuilleuse-table-chambre-tactile-maison-decoration-tunisie-dore-rechargeable-YALLAFID-TABARKA.jpg 818w, https:\/\/yallafid.com\/wp-content\/uploads\/2025\/01\/veuilleuse-table-chambre-tactile-maison-decoration-tunisie-dore-rechargeable-YALLAFID-TABARKA-300x300.jpg 300w, https:\/\/yallafid.com\/wp-content\/uploads\/2025\/01\/veuilleuse-table-chambre-tactile-maison-decoration-tunisie-dore-rechargeable-YALLAFID-TABARKA-150x150.jpg 150w, https:\/\/yallafid.com\/wp-content\/uploads\/2025\/01\/veuilleuse-table-chambre-tactile-maison-decoration-tunisie-dore-rechargeable-YALLAFID-TABARKA-768x768.jpg 768w, https:\/\/yallafid.com\/wp-content\/uploads\/2025\/01\/veuilleuse-table-chambre-tactile-maison-decoration-tunisie-dore-rechargeable-YALLAFID-TABARKA-600x600.jpg 600w\" sizes=\"auto, (max-width: 818px) 100vw, 818px\" \/><\/p>\n<ul>\n<li><strong><span dir=\"auto\" style=\"vertical-align: inherit;\"><span dir=\"auto\" style=\"vertical-align: inherit;\">Autonomie<\/span><\/span><\/strong><span dir=\"auto\" style=\"vertical-align: inherit;\"><span dir=\"auto\" style=\"vertical-align: inherit;\"> : de 6 \u00e0 15 heures apr\u00e8s une charge compl\u00e8te, selon l&rsquo;intensit\u00e9 utilis\u00e9e.<\/span><\/span><\/li>\n<li><strong><span dir=\"auto\" style=\"vertical-align: inherit;\"><span dir=\"auto\" style=\"vertical-align: inherit;\">Dimensions<\/span><\/span><\/strong><span dir=\"auto\" style=\"vertical-align: inherit;\"><span dir=\"auto\" style=\"vertical-align: inherit;\"> :La hauteur 32 cm.<\/span><\/span><\/li>\n<li><strong><span dir=\"auto\" style=\"vertical-align: inherit;\"><span dir=\"auto\" style=\"vertical-align: inherit;\">Polyvalence<\/span><\/span><\/strong><span dir=\"auto\" style=\"vertical-align: inherit;\"><span dir=\"auto\" style=\"vertical-align: inherit;\"> : Convient \u00e0 l&rsquo;int\u00e9rieur (salon, chambre, bureau) et souvent \u00e0 l&rsquo;ext\u00e9rieur (terrasse, table de restaurant) gr\u00e2ce \u00e0 sa portabilit\u00e9.<\/span><\/span><\/li>\n<\/ul>\n<p>&nbsp;<\/p>\n<p>&nbsp;<\/p>\n<p>&nbsp;<\/p>\n","protected":false},"excerpt":{"rendered":"<ul>\n<li><span dir=\"auto\" style=\"vertical-align: inherit;\"><span dir=\"auto\" style=\"vertical-align: inherit;\">Mat\u00e9riau : alliage d&rsquo;aluminium. <\/span><\/span><br \/>\n<span dir=\"auto\" style=\"vertical-align: inherit;\"><span dir=\"auto\" style=\"vertical-align: inherit;\">Dimensions : 31,5 x 9 cm. <\/span><\/span><br \/>\n<span dir=\"auto\" style=\"vertical-align: inherit;\"><span dir=\"auto\" style=\"vertical-align: inherit;\">Couleur : gris matte\u00a0<\/span><\/span><br \/>\n<span dir=\"auto\" style=\"vertical-align: inherit;\"><span dir=\"auto\" style=\"vertical-align: inherit;\">Capacit\u00e9 de la batterie : 2000 mAh. <\/span><\/span><br \/>\n<span dir=\"auto\" style=\"vertical-align: inherit;\"><span dir=\"auto\" style=\"vertical-align: inherit;\">Temps de travail : 8 \u00e0 48 heures. <\/span><\/span><br \/>\n<span dir=\"auto\" style=\"vertical-align: inherit;\"><span dir=\"auto\" style=\"vertical-align: inherit;\">Puissance : 3 W <\/span><\/span><br \/>\n<span dir=\"auto\" style=\"vertical-align: inherit;\"><span dir=\"auto\" style=\"vertical-align: inherit;\">Tactile <\/span><\/span><br \/>\n<span dir=\"auto\" style=\"vertical-align: inherit;\"><span dir=\"auto\" style=\"vertical-align: inherit;\">Avec 3 modes de luminosit\u00e9<\/span><\/span><\/li>\n<\/ul>\n","protected":false},"featured_media":2330,"comment_status":"open","ping_status":"closed","template":"","meta":[],"product_brand":[],"product_cat":[45,197],"product_tag":[],"class_list":{"0":"post-202","1":"product","2":"type-product","3":"status-publish","4":"has-post-thumbnail","6":"product_cat-maison-deco","7":"product_cat-veilleuses","8":"product_shipping_class-livraison-7-tnd-fix","10":"first","11":"instock","12":"sale","13":"taxable","14":"shipping-taxable","15":"purchasable","16":"product-type-simple"},"jetpack_sharing_enabled":true,"_links":{"self":[{"href":"https:\/\/yallafid.com\/index.php?rest_route=\/wp\/v2\/product\/202","targetHints":{"allow":["GET"]}}],"collection":[{"href":"https:\/\/yallafid.com\/index.php?rest_route=\/wp\/v2\/product"}],"about":[{"href":"https:\/\/yallafid.com\/index.php?rest_route=\/wp\/v2\/types\/product"}],"replies":[{"embeddable":true,"href":"https:\/\/yallafid.com\/index.php?rest_route=%2Fwp%2Fv2%2Fcomments&post=202"}],"version-history":[{"count":3,"href":"https:\/\/yallafid.com\/index.php?rest_route=\/wp\/v2\/product\/202\/revisions"}],"predecessor-version":[{"id":2334,"href":"https:\/\/yallafid.com\/index.php?rest_route=\/wp\/v2\/product\/202\/revisions\/2334"}],"wp:featuredmedia":[{"embeddable":true,"href":"https:\/\/yallafid.com\/index.php?rest_route=\/wp\/v2\/media\/2330"}],"wp:attachment":[{"href":"https:\/\/yallafid.com\/index.php?rest_route=%2Fwp%2Fv2%2Fmedia&parent=202"}],"wp:term":[{"taxonomy":"product_brand","embeddable":true,"href":"https:\/\/yallafid.com\/index.php?rest_route=%2Fwp%2Fv2%2Fproduct_brand&post=202"},{"taxonomy":"product_cat","embeddable":true,"href":"https:\/\/yallafid.com\/index.php?rest_route=%2Fwp%2Fv2%2Fproduct_cat&post=202"},{"taxonomy":"product_tag","embeddable":true,"href":"https:\/\/yallafid.com\/index.php?rest_route=%2Fwp%2Fv2%2Fproduct_tag&post=202"}],"curies":[{"name":"wp","href":"https:\/\/api.w.org\/{rel}","templated":true}]}}