{"id":205,"date":"2025-01-14T14:40:25","date_gmt":"2025-01-14T14:40:25","guid":{"rendered":"https:\/\/dummy.xtemos.com\/woodmart2\/marketplace2-elementor\/?post_type=product&#038;p=205"},"modified":"2026-01-13T12:56:06","modified_gmt":"2026-01-13T12:56:06","slug":"lenovo-thinkbook-14","status":"publish","type":"product","link":"https:\/\/yallafid.com\/?product=lenovo-thinkbook-14","title":{"rendered":"Kit bandes de r\u00e9sistance"},"content":{"rendered":"<p style=\"text-align: center;\"><strong>Kit bandes de r\u00e9sistance \u2013 Resibands<\/strong><\/p>\n<ul>\n<li><strong>Polyvalence<\/strong> : Les bandes peuvent \u00eatre utilis\u00e9es pour renforcer diff\u00e9rents groupes musculaires, am\u00e9liorer la souplesse, l&rsquo;\u00e9quilibre et la mobilit\u00e9 articulaire.<\/li>\n<li><strong>R\u00e9sistance progressive<\/strong> : Le kit comprend g\u00e9n\u00e9ralement plusieurs bandes de couleurs diff\u00e9rentes, chacune offrant un niveau de r\u00e9sistance sp\u00e9cifique (par exemple, jaune pour tr\u00e8s l\u00e9ger, rouge pour l\u00e9ger, vert et bleu pour moyen, etc.), permettant d&rsquo;adapter l&rsquo;intensit\u00e9 de l&rsquo;exercice \u00e0 votre niveau.<\/li>\n<li><strong>Kit complet :<\/strong> L&rsquo;ensemble comprend des poign\u00e9es confortables pour une bonne prise en main, des sangles de cheville et un ancrage de porte pour une grande vari\u00e9t\u00e9 d&rsquo;exercices, transformant n&rsquo;importe quel endroit avec une structure solide en salle de sport personnelle.<\/li>\n<li><strong>Avantages :<\/strong> L&rsquo;entra\u00eenement avec des bandes de r\u00e9sistance est efficace pour br\u00fbler les graisses, d\u00e9velopper la masse musculaire et pr\u00e9sente un faible risque de blessure par rapport aux poids traditionnels, car il n&rsquo;implique pas de charges lourdes.<\/li>\n<\/ul>\n<p><img loading=\"lazy\" decoding=\"async\" class=\"aligncenter wp-image-2533 size-full\" src=\"https:\/\/yallafid.com\/wp-content\/uploads\/2025\/01\/Kit-bandes-resistanceResibands-sport-promotion-tunnipromo-yallafid-tunisie-1.jpg\" alt=\"\" width=\"727\" height=\"727\" srcset=\"https:\/\/yallafid.com\/wp-content\/uploads\/2025\/01\/Kit-bandes-resistanceResibands-sport-promotion-tunnipromo-yallafid-tunisie-1.jpg 727w, https:\/\/yallafid.com\/wp-content\/uploads\/2025\/01\/Kit-bandes-resistanceResibands-sport-promotion-tunnipromo-yallafid-tunisie-1-300x300.jpg 300w, https:\/\/yallafid.com\/wp-content\/uploads\/2025\/01\/Kit-bandes-resistanceResibands-sport-promotion-tunnipromo-yallafid-tunisie-1-150x150.jpg 150w, https:\/\/yallafid.com\/wp-content\/uploads\/2025\/01\/Kit-bandes-resistanceResibands-sport-promotion-tunnipromo-yallafid-tunisie-1-600x600.jpg 600w\" sizes=\"auto, (max-width: 727px) 100vw, 727px\" \/><\/p>\n<p>&nbsp;<\/p>\n<h4><\/h4>\n<p>&nbsp;<\/p>\n<p>&nbsp;<\/p>\n","protected":false},"excerpt":{"rendered":"<ul>\n<li>Bandes de r\u00e9sistance r\u00e9glable de haute qualit\u00e9<\/li>\n<li>\u00c9vitez de risquer des l\u00e9sions articulaires avec des poids lourds et libres<\/li>\n<li>Plus de 100 exercices diff\u00e9rents avec amplitude de mouvement lisse<\/li>\n<li>L\u00e9ger (0.5 Kg) et compact pour un espace de stockage minimal<\/li>\n<\/ul>\n","protected":false},"featured_media":2534,"comment_status":"open","ping_status":"closed","template":"","meta":[],"product_brand":[],"product_cat":[175,86],"product_tag":[],"class_list":{"0":"post-205","1":"product","2":"type-product","3":"status-publish","4":"has-post-thumbnail","6":"product_cat-bandes-resistance","7":"product_cat-sport","8":"product_shipping_class-livraison-7-tnd-fix","10":"first","11":"instock","12":"sale","13":"taxable","14":"shipping-taxable","15":"purchasable","16":"product-type-simple"},"jetpack_sharing_enabled":true,"_links":{"self":[{"href":"https:\/\/yallafid.com\/index.php?rest_route=\/wp\/v2\/product\/205","targetHints":{"allow":["GET"]}}],"collection":[{"href":"https:\/\/yallafid.com\/index.php?rest_route=\/wp\/v2\/product"}],"about":[{"href":"https:\/\/yallafid.com\/index.php?rest_route=\/wp\/v2\/types\/product"}],"replies":[{"embeddable":true,"href":"https:\/\/yallafid.com\/index.php?rest_route=%2Fwp%2Fv2%2Fcomments&post=205"}],"version-history":[{"count":3,"href":"https:\/\/yallafid.com\/index.php?rest_route=\/wp\/v2\/product\/205\/revisions"}],"predecessor-version":[{"id":2531,"href":"https:\/\/yallafid.com\/index.php?rest_route=\/wp\/v2\/product\/205\/revisions\/2531"}],"wp:featuredmedia":[{"embeddable":true,"href":"https:\/\/yallafid.com\/index.php?rest_route=\/wp\/v2\/media\/2534"}],"wp:attachment":[{"href":"https:\/\/yallafid.com\/index.php?rest_route=%2Fwp%2Fv2%2Fmedia&parent=205"}],"wp:term":[{"taxonomy":"product_brand","embeddable":true,"href":"https:\/\/yallafid.com\/index.php?rest_route=%2Fwp%2Fv2%2Fproduct_brand&post=205"},{"taxonomy":"product_cat","embeddable":true,"href":"https:\/\/yallafid.com\/index.php?rest_route=%2Fwp%2Fv2%2Fproduct_cat&post=205"},{"taxonomy":"product_tag","embeddable":true,"href":"https:\/\/yallafid.com\/index.php?rest_route=%2Fwp%2Fv2%2Fproduct_tag&post=205"}],"curies":[{"name":"wp","href":"https:\/\/api.w.org\/{rel}","templated":true}]}}