{"id":2229,"date":"2026-01-14T13:04:59","date_gmt":"2026-01-14T13:04:59","guid":{"rendered":"https:\/\/yallafid.com\/?post_type=product&#038;p=2229"},"modified":"2026-01-14T13:04:59","modified_gmt":"2026-01-14T13:04:59","slug":"lampe-solaire-intelligente-avec-suivi-de-mouvement","status":"publish","type":"product","link":"https:\/\/yallafid.com\/?product=lampe-solaire-intelligente-avec-suivi-de-mouvement","title":{"rendered":"Lampe Solaire intelligente avec Suivi de Mouvement"},"content":{"rendered":"<h2 style=\"text-align: center;\"><strong>lampe de s\u00e9curit\u00e9 solaire avec d\u00e9tecteur de mouvement -rotatif- s\u00e9curit\u00e9 de maison\u00a0<\/strong><\/h2>\n<ul>\n<li>Chargement par cycle solaire, aspect tr\u00e8s r\u00e9aliste<\/li>\n<li>Il y aura un voyant LED rouge [voyant de travail], qui clignote et clignote, de jour comme de nuit.<\/li>\n<li>Des cam\u00e9ras virtuelles tr\u00e8s r\u00e9alistes pour pr\u00e9venir les crimes autour de votre maison, magasin, entrep\u00f4t, etc.<\/li>\n<li>Installation facile et simple<\/li>\n<li>Bon march\u00e9 et pratique, une m\u00e9thode \u00e9conomique pour pr\u00e9venir efficacement le vol<\/li>\n<\/ul>\n<p><img loading=\"lazy\" decoding=\"async\" class=\"aligncenter wp-image-2699 size-full\" src=\"https:\/\/yallafid.com\/wp-content\/uploads\/2025\/10\/Lampe-Solaire-intelligente-Suivi-Mouvement-forme-Cameras-promotion-tunisie-.jpg\" alt=\"\" width=\"680\" height=\"680\" srcset=\"https:\/\/yallafid.com\/wp-content\/uploads\/2025\/10\/Lampe-Solaire-intelligente-Suivi-Mouvement-forme-Cameras-promotion-tunisie-.jpg 680w, https:\/\/yallafid.com\/wp-content\/uploads\/2025\/10\/Lampe-Solaire-intelligente-Suivi-Mouvement-forme-Cameras-promotion-tunisie--300x300.jpg 300w, https:\/\/yallafid.com\/wp-content\/uploads\/2025\/10\/Lampe-Solaire-intelligente-Suivi-Mouvement-forme-Cameras-promotion-tunisie--150x150.jpg 150w, https:\/\/yallafid.com\/wp-content\/uploads\/2025\/10\/Lampe-Solaire-intelligente-Suivi-Mouvement-forme-Cameras-promotion-tunisie--600x600.jpg 600w\" sizes=\"auto, (max-width: 680px) 100vw, 680px\" \/><\/p>\n<ul>\n<li><strong>Attention<\/strong> : il s\u2019agit d\u2019une fausse cam\u00e9ra, d\u2019une cam\u00e9ra de simulation\n<p>&nbsp;<\/li>\n<\/ul>\n","protected":false},"excerpt":{"rendered":"<ul>\n<li><strong>\u00c9nergie solaire<\/strong> : \u00c9quip\u00e9e d&rsquo;un panneau solaire int\u00e9gr\u00e9 pour une recharge autonome.<\/li>\n<li><strong>D\u00e9tecteur de mouvement<\/strong> : S&rsquo;active lorsque un mouvement est d\u00e9tect\u00e9.<\/li>\n<li><strong>\u00c9clairage LED<\/strong> : Comprend des lumi\u00e8res LED pour \u00e9clairer la zone.<\/li>\n<li><strong>Conception \u00e9tanche<\/strong> : Adapt\u00e9e pour une utilisation en ext\u00e9rieur.<\/li>\n<li><strong>Installation murale<\/strong> : Se fixe facilement \u00e0 un mur ou une surface verticale.<\/li>\n<\/ul>\n","protected":false},"featured_media":2697,"comment_status":"open","ping_status":"closed","template":"","meta":[],"product_brand":[],"product_cat":[149,89],"product_tag":[],"class_list":{"0":"post-2229","1":"product","2":"type-product","3":"status-publish","4":"has-post-thumbnail","6":"product_cat-camera-surveillance","7":"product_cat-securite","8":"product_shipping_class-livraison-7-tnd-fix","10":"first","11":"instock","12":"sale","13":"taxable","14":"shipping-taxable","15":"purchasable","16":"product-type-simple"},"jetpack_sharing_enabled":true,"_links":{"self":[{"href":"https:\/\/yallafid.com\/index.php?rest_route=\/wp\/v2\/product\/2229","targetHints":{"allow":["GET"]}}],"collection":[{"href":"https:\/\/yallafid.com\/index.php?rest_route=\/wp\/v2\/product"}],"about":[{"href":"https:\/\/yallafid.com\/index.php?rest_route=\/wp\/v2\/types\/product"}],"replies":[{"embeddable":true,"href":"https:\/\/yallafid.com\/index.php?rest_route=%2Fwp%2Fv2%2Fcomments&post=2229"}],"version-history":[{"count":2,"href":"https:\/\/yallafid.com\/index.php?rest_route=\/wp\/v2\/product\/2229\/revisions"}],"predecessor-version":[{"id":2695,"href":"https:\/\/yallafid.com\/index.php?rest_route=\/wp\/v2\/product\/2229\/revisions\/2695"}],"wp:featuredmedia":[{"embeddable":true,"href":"https:\/\/yallafid.com\/index.php?rest_route=\/wp\/v2\/media\/2697"}],"wp:attachment":[{"href":"https:\/\/yallafid.com\/index.php?rest_route=%2Fwp%2Fv2%2Fmedia&parent=2229"}],"wp:term":[{"taxonomy":"product_brand","embeddable":true,"href":"https:\/\/yallafid.com\/index.php?rest_route=%2Fwp%2Fv2%2Fproduct_brand&post=2229"},{"taxonomy":"product_cat","embeddable":true,"href":"https:\/\/yallafid.com\/index.php?rest_route=%2Fwp%2Fv2%2Fproduct_cat&post=2229"},{"taxonomy":"product_tag","embeddable":true,"href":"https:\/\/yallafid.com\/index.php?rest_route=%2Fwp%2Fv2%2Fproduct_tag&post=2229"}],"curies":[{"name":"wp","href":"https:\/\/api.w.org\/{rel}","templated":true}]}}