{"id":227,"date":"2025-01-14T14:40:25","date_gmt":"2025-01-14T14:40:25","guid":{"rendered":"https:\/\/dummy.xtemos.com\/woodmart2\/marketplace2-elementor\/?post_type=product&#038;p=227"},"modified":"2026-01-13T15:31:58","modified_gmt":"2026-01-13T15:31:58","slug":"playstation-5","status":"publish","type":"product","link":"https:\/\/yallafid.com\/?product=playstation-5","title":{"rendered":"Ceinture correctrice de posture unisexe"},"content":{"rendered":"<h2 style=\"text-align: center;\"><strong>Ceinture correctrice de posture en n\u00e9opr\u00e8ne pour hommes et femmes -Taille unique<\/strong><\/h2>\n<ul>\n<li><strong>Soulagement des douleurs dorsales, cervicales et des \u00e9paules<\/strong> : Con\u00e7ue pour r\u00e9duire les douleurs au dos, au cou et aux \u00e9paules, cette orth\u00e8se de correction posturale contribue \u00e0 am\u00e9liorer l&rsquo;alignement de la colonne vert\u00e9brale et favorise une posture saine.<\/li>\n<li><strong>Conception unisexe<\/strong> : La ceinture correctrice de posture\u00a0 est dot\u00e9e de sangles r\u00e9glables pour un ajustement parfait aux hommes et aux femmes, assurant confort et soutien personnalis\u00e9s.<\/li>\n<\/ul>\n<p>&nbsp;<\/p>\n<p><img loading=\"lazy\" decoding=\"async\" class=\"aligncenter wp-image-2576 size-full\" src=\"https:\/\/yallafid.com\/wp-content\/uploads\/2025\/01\/Redresse-Dos-Homme-Femme-promotion-sport-soulage-douleurs-YALLAFID-tunisie.png\" alt=\"\" width=\"748\" height=\"748\" srcset=\"https:\/\/yallafid.com\/wp-content\/uploads\/2025\/01\/Redresse-Dos-Homme-Femme-promotion-sport-soulage-douleurs-YALLAFID-tunisie.png 748w, https:\/\/yallafid.com\/wp-content\/uploads\/2025\/01\/Redresse-Dos-Homme-Femme-promotion-sport-soulage-douleurs-YALLAFID-tunisie-300x300.png 300w, https:\/\/yallafid.com\/wp-content\/uploads\/2025\/01\/Redresse-Dos-Homme-Femme-promotion-sport-soulage-douleurs-YALLAFID-tunisie-150x150.png 150w, https:\/\/yallafid.com\/wp-content\/uploads\/2025\/01\/Redresse-Dos-Homme-Femme-promotion-sport-soulage-douleurs-YALLAFID-tunisie-600x600.png 600w\" sizes=\"auto, (max-width: 748px) 100vw, 748px\" \/><\/p>\n<ul>\n<li><strong>Redresseur de dos pour un meilleur alignement de la colonne vert\u00e9brale :<\/strong> Que vous travailliez, \u00e9tudiiez ou fassiez de l\u2019exercice, cette ceinture de soutien lombaire aide \u00e0 redresser votre colonne vert\u00e9brale, \u00e0 pr\u00e9venir le dos vo\u00fbt\u00e9 et \u00e0 renforcer la confiance en soi.<\/li>\n<li>S<strong>outien claviculaire pour une meilleure posture<\/strong> : Con\u00e7ue pour une correction posturale \u00e0 long terme, cette ceinture offre un soutien \u00e0 la clavicule et au haut du dos, id\u00e9al pour les personnes souffrant d&rsquo;\u00e9paules arrondies ou de dos vo\u00fbt\u00e9.<\/li>\n<li><strong>\u00c0 porter partout et \u00e0 tout moment :<\/strong> ce correcteur de posture discret et l\u00e9ger peut \u00eatre port\u00e9 sous ou sur les v\u00eatements, ce qui le rend id\u00e9al pour une utilisation \u00e0 la maison, au bureau, \u00e0 la salle de sport ou m\u00eame en voyage<\/li>\n<li><strong>Confort et durabilit\u00e9 du n\u00e9opr\u00e8ne :<\/strong> Fabriqu\u00e9e en n\u00e9opr\u00e8ne de haute qualit\u00e9, cette ceinture correctrice de posture est l\u00e9g\u00e8re, respirante et douce pour la peau, assurant un confort optimal tout au long de la journ\u00e9e sans irritation.<\/li>\n<\/ul>\n<p><img loading=\"lazy\" decoding=\"async\" class=\"aligncenter wp-image-2575 size-full\" src=\"https:\/\/yallafid.com\/wp-content\/uploads\/2025\/01\/Redresse-Dos-Homme-Femme-promotion-sport-soulage-douleurs-YALLAFID-tunisie-cosmos.png\" alt=\"\" width=\"879\" height=\"879\" srcset=\"https:\/\/yallafid.com\/wp-content\/uploads\/2025\/01\/Redresse-Dos-Homme-Femme-promotion-sport-soulage-douleurs-YALLAFID-tunisie-cosmos.png 879w, https:\/\/yallafid.com\/wp-content\/uploads\/2025\/01\/Redresse-Dos-Homme-Femme-promotion-sport-soulage-douleurs-YALLAFID-tunisie-cosmos-300x300.png 300w, https:\/\/yallafid.com\/wp-content\/uploads\/2025\/01\/Redresse-Dos-Homme-Femme-promotion-sport-soulage-douleurs-YALLAFID-tunisie-cosmos-150x150.png 150w, https:\/\/yallafid.com\/wp-content\/uploads\/2025\/01\/Redresse-Dos-Homme-Femme-promotion-sport-soulage-douleurs-YALLAFID-tunisie-cosmos-768x768.png 768w, https:\/\/yallafid.com\/wp-content\/uploads\/2025\/01\/Redresse-Dos-Homme-Femme-promotion-sport-soulage-douleurs-YALLAFID-tunisie-cosmos-600x600.png 600w\" sizes=\"auto, (max-width: 879px) 100vw, 879px\" \/><\/p>\n<p>&nbsp;<\/p>\n<p>&nbsp;<\/p>\n<h4 class=\"info-box-title title box-title-style-default wd-fontsize-m\" data-elementor-setting-key=\"title\"><\/h4>\n","protected":false},"excerpt":{"rendered":"<ul>\n<li>Enlevez un poids de vos \u00e9paules<\/li>\n<li>\u00a0R\u00e9alignez vos vert\u00e8bres \u00e0 leur bonne position<\/li>\n<li>\u00a0Soulager les douleurs du haut et du bas du dos, les douleurs au cou<\/li>\n<li>R\u00e9cup\u00e9rer la mobilit\u00e9 et renforcer les muscles<\/li>\n<li>\u00a0R\u00e9duisez le stress et apportez plus de calme dans votre vie<\/li>\n<li>R\u00e9duisez l\u2019affaissement, le vo\u00fbtement et l\u2019affaissement en corrigeant votre posture<\/li>\n<li>\u00a0Ayez l\u2019air plus confiant et donnez une bonne impression aux gens<\/li>\n<\/ul>\n","protected":false},"featured_media":2573,"comment_status":"open","ping_status":"closed","template":"","meta":[],"product_brand":[],"product_cat":[96,86],"product_tag":[],"class_list":{"0":"post-227","1":"product","2":"type-product","3":"status-publish","4":"has-post-thumbnail","6":"product_cat-accessoires-sport","7":"product_cat-sport","8":"product_shipping_class-livraison-7-tnd-fix","10":"first","11":"instock","12":"sale","13":"taxable","14":"shipping-taxable","15":"purchasable","16":"product-type-simple"},"jetpack_sharing_enabled":true,"_links":{"self":[{"href":"https:\/\/yallafid.com\/index.php?rest_route=\/wp\/v2\/product\/227","targetHints":{"allow":["GET"]}}],"collection":[{"href":"https:\/\/yallafid.com\/index.php?rest_route=\/wp\/v2\/product"}],"about":[{"href":"https:\/\/yallafid.com\/index.php?rest_route=\/wp\/v2\/types\/product"}],"replies":[{"embeddable":true,"href":"https:\/\/yallafid.com\/index.php?rest_route=%2Fwp%2Fv2%2Fcomments&post=227"}],"version-history":[{"count":2,"href":"https:\/\/yallafid.com\/index.php?rest_route=\/wp\/v2\/product\/227\/revisions"}],"predecessor-version":[{"id":2572,"href":"https:\/\/yallafid.com\/index.php?rest_route=\/wp\/v2\/product\/227\/revisions\/2572"}],"wp:featuredmedia":[{"embeddable":true,"href":"https:\/\/yallafid.com\/index.php?rest_route=\/wp\/v2\/media\/2573"}],"wp:attachment":[{"href":"https:\/\/yallafid.com\/index.php?rest_route=%2Fwp%2Fv2%2Fmedia&parent=227"}],"wp:term":[{"taxonomy":"product_brand","embeddable":true,"href":"https:\/\/yallafid.com\/index.php?rest_route=%2Fwp%2Fv2%2Fproduct_brand&post=227"},{"taxonomy":"product_cat","embeddable":true,"href":"https:\/\/yallafid.com\/index.php?rest_route=%2Fwp%2Fv2%2Fproduct_cat&post=227"},{"taxonomy":"product_tag","embeddable":true,"href":"https:\/\/yallafid.com\/index.php?rest_route=%2Fwp%2Fv2%2Fproduct_tag&post=227"}],"curies":[{"name":"wp","href":"https:\/\/api.w.org\/{rel}","templated":true}]}}