{"id":228,"date":"2025-01-14T14:40:25","date_gmt":"2025-01-14T14:40:25","guid":{"rendered":"https:\/\/dummy.xtemos.com\/woodmart2\/marketplace2-elementor\/?post_type=product&#038;p=228"},"modified":"2026-01-13T14:56:05","modified_gmt":"2026-01-13T14:56:05","slug":"playstation-5-digital-edition","status":"publish","type":"product","link":"https:\/\/yallafid.com\/?product=playstation-5-digital-edition","title":{"rendered":"Pack 2 Poign\u00e9es de musculation \u2013 Hand Grips"},"content":{"rendered":"<h1 style=\"text-align: center;\"><strong>Exercice de poign\u00e9e en mousse souple<\/strong><\/h1>\n<ul>\n<li>L&rsquo;outil d&rsquo;exercice de pr\u00e9hension en mousse souple est con\u00e7u pour am\u00e9liorer la force de pr\u00e9hension, l&rsquo;endurance des mains et la tonicit\u00e9 musculaire des avant-bras.<\/li>\n<li>Fabriqu\u00e9 en mousse souple et r\u00e9sistante<\/li>\n<li>Il offre une prise en main confortable tout en assurant une r\u00e9sistance efficace lors des exercices de contraction.<\/li>\n<li>Id\u00e9al pour l&rsquo;entra\u00eenement physique, la r\u00e9\u00e9ducation, la gestion du stress et les exercices quotidiens des mains<\/li>\n<li>Cet outil convient \u00e0 tous les \u00e2ges et \u00e0 tous les niveaux de forme physique.<\/li>\n<li>L\u00e9ger et compact, il est facile \u00e0 utiliser \u00e0 la maison, au bureau ou en d\u00e9placement.&nbsp;<\/li>\n<\/ul>\n<p><img loading=\"lazy\" decoding=\"async\" class=\"aligncenter wp-image-2564 size-full\" src=\"https:\/\/yallafid.com\/wp-content\/uploads\/2025\/01\/Hand-grip-musculationsport-renforceur-poignee-promotion-tunnipromo-tunisie-1.jpg\" alt=\"\" width=\"673\" height=\"673\" srcset=\"https:\/\/yallafid.com\/wp-content\/uploads\/2025\/01\/Hand-grip-musculationsport-renforceur-poignee-promotion-tunnipromo-tunisie-1.jpg 673w, https:\/\/yallafid.com\/wp-content\/uploads\/2025\/01\/Hand-grip-musculationsport-renforceur-poignee-promotion-tunnipromo-tunisie-1-300x300.jpg 300w, https:\/\/yallafid.com\/wp-content\/uploads\/2025\/01\/Hand-grip-musculationsport-renforceur-poignee-promotion-tunnipromo-tunisie-1-150x150.jpg 150w, https:\/\/yallafid.com\/wp-content\/uploads\/2025\/01\/Hand-grip-musculationsport-renforceur-poignee-promotion-tunnipromo-tunisie-1-600x600.jpg 600w\" sizes=\"auto, (max-width: 673px) 100vw, 673px\" \/><\/p>\n<h4><\/h4>\n<p>&nbsp;<\/p>\n<p>&nbsp;<\/p>\n<p>&nbsp;<\/p>\n<p>&nbsp;<\/p>\n","protected":false},"excerpt":{"rendered":"<ul>\n<li><strong>Quantit\u00e9 :<\/strong> 2<\/li>\n<li>Construction en mousse souple pour une prise en main confortable<\/li>\n<li>Contribue \u00e0 renforcer les mains, les doigts et les avant-bras.<\/li>\n<li>Am\u00e9liore la force et l&rsquo;endurance de pr\u00e9hension<\/li>\n<li>Adapt\u00e9 \u00e0 l&rsquo;entra\u00eenement physique et \u00e0 la r\u00e9\u00e9ducation<\/li>\n<li>Id\u00e9al pour soulager le stress et faire travailler les mains<\/li>\n<li>L\u00e9ger, compact et facile \u00e0 transporter<\/li>\n<li>Convient \u00e0 tous les \u00e2ges et \u00e0 tous les niveaux de forme physique<\/li>\n<\/ul>\n","protected":false},"featured_media":2565,"comment_status":"open","ping_status":"closed","template":"","meta":[],"product_brand":[],"product_cat":[101,86],"product_tag":[],"class_list":{"0":"post-228","1":"product","2":"type-product","3":"status-publish","4":"has-post-thumbnail","6":"product_cat-renforcement-musculaire","7":"product_cat-sport","8":"product_shipping_class-livraison-7-tnd-fix","10":"first","11":"instock","12":"sale","13":"taxable","14":"shipping-taxable","15":"purchasable","16":"product-type-simple"},"jetpack_sharing_enabled":true,"_links":{"self":[{"href":"https:\/\/yallafid.com\/index.php?rest_route=\/wp\/v2\/product\/228","targetHints":{"allow":["GET"]}}],"collection":[{"href":"https:\/\/yallafid.com\/index.php?rest_route=\/wp\/v2\/product"}],"about":[{"href":"https:\/\/yallafid.com\/index.php?rest_route=\/wp\/v2\/types\/product"}],"replies":[{"embeddable":true,"href":"https:\/\/yallafid.com\/index.php?rest_route=%2Fwp%2Fv2%2Fcomments&post=228"}],"version-history":[{"count":3,"href":"https:\/\/yallafid.com\/index.php?rest_route=\/wp\/v2\/product\/228\/revisions"}],"predecessor-version":[{"id":2560,"href":"https:\/\/yallafid.com\/index.php?rest_route=\/wp\/v2\/product\/228\/revisions\/2560"}],"wp:featuredmedia":[{"embeddable":true,"href":"https:\/\/yallafid.com\/index.php?rest_route=\/wp\/v2\/media\/2565"}],"wp:attachment":[{"href":"https:\/\/yallafid.com\/index.php?rest_route=%2Fwp%2Fv2%2Fmedia&parent=228"}],"wp:term":[{"taxonomy":"product_brand","embeddable":true,"href":"https:\/\/yallafid.com\/index.php?rest_route=%2Fwp%2Fv2%2Fproduct_brand&post=228"},{"taxonomy":"product_cat","embeddable":true,"href":"https:\/\/yallafid.com\/index.php?rest_route=%2Fwp%2Fv2%2Fproduct_cat&post=228"},{"taxonomy":"product_tag","embeddable":true,"href":"https:\/\/yallafid.com\/index.php?rest_route=%2Fwp%2Fv2%2Fproduct_tag&post=228"}],"curies":[{"name":"wp","href":"https:\/\/api.w.org\/{rel}","templated":true}]}}